{"id":7107307,"date":"2026-05-13T06:43:48","date_gmt":"2026-05-13T06:43:48","guid":{"rendered":"https:\/\/gamesbestprices.com\/?post_type=product&#038;p=7107307"},"modified":"2026-05-13T16:57:13","modified_gmt":"2026-05-13T16:57:13","slug":"lego-batman-legacy-of-the-dark-knight-pc-steam-offline","status":"publish","type":"product","link":"https:\/\/gamesbestprices.com\/pl\/produkt\/lego-batman-legacy-of-the-dark-knight-pc-steam-offline\/","title":{"rendered":"LEGO Batman Legacy of the Dark Knight PC STEAM OFFLINE"},"content":{"rendered":"<p><!-- RESIDENT EVIL 9 REQUIEM - Clean HTML with CSS Classes --><\/p>\n<div class=\"lies-of-p-container\">\n<p><!-- Main Banner --><\/p>\n<div class=\"lies-of-p-banner\">\n<h1>LEGO BATMAN: LEGACY OF THE DARK KNIGHT PC STEAM OFFLINE<\/h1>\n<p>Horror trwa w nowej erze franczyzy.<\/p>\n<\/div>\n<p><!-- Purchase Alert --><\/p>\n<div class=\"lies-of-p-alerta\">\u26a0\ufe0f NOWA ERA TERRORU &#8211; DEFINITYWNY SURVIVAL HORROR! \u26a0\ufe0f<\/div>\n<p><!-- Offline Mode --><\/p>\n<div class=\"lies-of-p-offline\">\n<h3>\ud83c\udfae CIESZ SI\u0118 OFFLINE Z MAKSYMALNYMI OSZCZ\u0118DNO\u015aCIAMI! \ud83c\udfae<\/h3>\n<p>Ciesz si\u0119 trybem <strong>OFFLINE<\/strong> z absolutn\u0105 swobod\u0105!<\/p>\n<div class=\"lies-of-p-beneficios\">\n<p>\u2705 B\u0119dziesz u\u017cywa\u0107 <strong>DANYCH DOST\u0118POWYCH (POJEDYNCZE KONTO)<\/strong>, kt\u00f3re udost\u0119pnimy<\/p>\n<p>\u2705 <strong>GRAJ PRZEZ UDOST\u0118PNIONE KONTO<\/strong> bez przeszk\u00f3d<\/p>\n<p>\u2705 Pe\u0142ny dost\u0119p do tytu\u0142u i wszystkich aktualizacji<\/p>\n<\/div>\n<p class=\"lies-of-p-economia\">B\u0119dziesz m\u00f3g\u0142 gra\u0107 p\u0142ynnie, kiedy tylko zechcesz<\/p>\n<p class=\"lies-of-p-economia-destaque\">\ud83d\udcb0 DU\u017bO OSZCZ\u0118DZAJ\u0104C i \ud83c\udfaf \u015aWIETNIE SI\u0118 BAWI\u0104C!<\/p>\n<\/div>\n<p><!-- Promotional Video --><\/p>\n<div class=\"lies-of-p-video\">\n<h2>Obejrzyj Zwiastun LEGO Batman: Legacy of the Dark Knight<\/h2>\n<div class=\"lies-of-p-video-container\">\n<div class=\"lies-of-p-video-responsive\"><iframe title=\"Odtwarzacz wideo YouTube\" src=\"https:\/\/www.youtube-nocookie.com\/embed\/j5ha2VwHJCw\" frameborder=\"0\" allowfullscreen=\"allowfullscreen\"><\/iframe><\/div>\n<\/div>\n<\/div>\n<p><!-- System Requirements --><\/p>\n<div class=\"lies-of-p-requisitos\">\n<h2>Specyfikacje Systemowe<\/h2>\n<div class=\"lies-of-p-requisitos-grid\">\n<div class=\"lies-of-p-requisitos-box\">\n<h3>Minimalne<\/h3>\n<ul class=\"lies-of-p-requisitos-lista\">\n<li>\u25b9<strong>System Operacyjny:<\/strong> Windows 11<\/li>\n<li>\u25b9<strong>Procesor:<\/strong> Intel Core i5-10600K lub AMD Ryzen 5 1600<\/li>\n<li>\u25b9<strong>Pami\u0119\u0107 RAM:<\/strong> 16 GB RAM<\/li>\n<li>\u25b9<strong>Karta Graficzna:<\/strong> NVIDIA GeForce GTX 960, 4 GB lub AMD Radeon RX 6400, 4 GB lub Intel Arc A580, 8 GB<\/li>\n<li>\u25b9<strong>Miejsce na Dysku:<\/strong> 50 GB dost\u0119pnego miejsca<\/li>\n<li>\u25b9<strong>Dodatkowe Uwagi:<\/strong> Niskie 1080p @ 30 FPS z FSR lub XeSS Balanced &amp; w\u0142\u0105czonym Frame Gen, wymagany dysk SSD &amp; 50 GB dost\u0119pnego miejsca na dysku<\/li>\n<\/ul>\n<\/div>\n<div class=\"lies-of-p-requisitos-box\">\n<h3>Zalecane<\/h3>\n<ul class=\"lies-of-p-requisitos-lista\">\n<li>\u25b9<strong>System Operacyjny:<\/strong> Windows 11<\/li>\n<li>\u25b9<strong>Procesor:<\/strong> Intel Core i7-12700 lub AMD Ryzen 7 5800X<\/li>\n<li>\u25b9<strong>Pami\u0119\u0107 RAM:<\/strong> 16 GB RAM<\/li>\n<li>\u25b9<strong>Karta Graficzna:<\/strong> NVIDIA GeForce RTX 2070 SUPER, 8 GB lub AMD Radeon RX 6650 XT, 8 GB lub Intel Arc B580, 12 GB<\/li>\n<li>\u25b9<strong>Miejsce na Dysku:<\/strong> 50 GB dost\u0119pnego miejsca<\/li>\n<li>\u25b9<strong>Dodatkowe Uwagi:<\/strong> \u015arednie 1440p @ 60 FPS z DLSS, FSR lub XeSS Quality &amp; w\u0142\u0105czonym Frame Gen, wymagany dysk SSD &amp; 50 GB dost\u0119pnego miejsca na dysku<\/li>\n<\/ul>\n<\/div>\n<\/div>\n<\/div>\n<\/div>\n<p><!-- About the Game --><\/p>\n<div class=\"lies-of-p-sobre\">\n<h2>O grze LEGO Batman: Legacy of the Dark Knight<\/h2>\n<p>Wyrusz w epick\u0105 sag\u0119, kt\u00f3ra na nowo definiuje bohaterstwo w Gotham City. LEGO BATMAN: LEGACY OF THE DARK KNIGHT zanurza graczy w formative lata Bruce&#8217;a Wayne&#8217;a, b\u0119d\u0105c \u015bwiadkiem jego \u017cmudnego treningu z enigmatyczn\u0105 Lig\u0105 Cieni. Ta narracyjna przygoda mistrzowsko splata opowie\u015b\u0107 o transformacji, gdy m\u0142ody cz\u0142owiek zmaga si\u0119 z przeznaczeniem, tworz\u0105c nierozerwaln\u0105 wi\u0119\u017a z sojusznikami takimi jak Jim Gordon, enigmatyczna Kobieta-Kot oraz rozwijaj\u0105ca si\u0119 rodzina Robina, Nightwinga i Batgirl. Zanurz si\u0119 w bogatej, kinowej atmosferze, gdzie ka\u017cdy cie\u0144 kryje sekret, a ka\u017cdy sojusz jest skrupulatnie dopracowany, przygotowuj\u0105c grunt pod rozw\u00f3j legendy.<\/p>\n<p>Przygotuj si\u0119 na porywaj\u0105c\u0105 akcj\u0119, wcielaj\u0105c si\u0119 w posta\u0107 w pelerynie i masce, stawiaj\u0105c czo\u0142a najbardziej znanym i ikonicznym superz\u0142oczy\u0144com DC z Gotham City. Od chaotycznej przebieg\u0142o\u015bci Jokera po mro\u017c\u0105ce krew w \u017cy\u0142ach plany Pingwina i Mr. Freeze&#8217;a, ka\u017cde spotkanie to dynamiczny test sprytu i si\u0142y. Wci\u0105gaj\u0105cy \u015bwiat LEGO BATMAN: LEGACY OF THE DARK KNIGHT iskrzy nieustann\u0105 walk\u0105 mi\u0119dzy porz\u0105dkiem a anarchi\u0105, wci\u0105gaj\u0105c ci\u0119 g\u0142\u0119biej w nieust\u0119pliw\u0105 walk\u0119 Batmana o ochron\u0119 swojego miasta. Przemierzaj starannie zaprojektowane \u015brodowiska, anga\u017cuj\u0105c si\u0119 w ekscytuj\u0105ce walki i sprytne rozwi\u0105zywanie zagadek, zapewniaj\u0105c, \u017ce ka\u017cda chwila jest na\u0142adowana przygod\u0105 o wysok\u0105 stawk\u0119 i heroicznym oporem.<\/p>\n<p>Wznie\u015b swoj\u0105 heroiczn\u0105 podr\u00f3\u017c na wy\u017cszy poziom dzi\u0119ki Edycji Deluxe, rozszerzaj\u0105c uniwersum LEGO BATMAN: LEGACY OF THE DARK KNIGHT o arsena\u0142 nowego sprz\u0119tu, pojazd\u00f3w i opcji personalizacji. Zanurz si\u0119 w tematycznych pakietach Kolekcji Dziedzictwa, odblokowuj\u0105c ekskluzywne stroje i Batmobile, lub przygotuj si\u0119 na nadchodz\u0105c\u0105 Kolekcj\u0119 Chaosu. To ekscytuj\u0105ce rozszerzenie uwalnia Jokera i Harley Quinn w zupe\u0142nie nowej Misji Fabularnej, w kt\u00f3rej uciekasz z Arkham, oraz chaotyczny Tryb Chaosu w ca\u0142ym Gotham. Do\u015bwiadcz niezr\u00f3wnanej g\u0142\u0119bi zawarto\u015bci, zapewniaj\u0105c, \u017ce walka o dusz\u0119 Gotham trwa z nowymi wyzwaniami i z\u0142owrogimi eskapadami.<\/p>\n<\/div>\n<p><!-- Features in Cards --><\/p>\n<div class=\"lies-of-p-destaques\">\n<h2>Cechy Gry<\/h2>\n<div class=\"lies-of-p-cards-grid\">\n<div class=\"lies-of-p-card\">\n<img decoding=\"async\" title=\"Rozgrywka LEGO Batman: Legacy of the Dark Knight na PC\" src=\"https:\/\/shared.akamai.steamstatic.com\/store_item_assets\/steam\/apps\/2215200\/3c98a7a4d4624f8799d553a58fdb31d33ce1e494\/ss_3c98a7a4d4624f8799d553a58fdb31d33ce1e494.1920x1080.jpg?t=1778617453\" alt=\"LEGO Batman: Legacy of the Dark Knight PC Steam Offline - Epicka Przygoda Narracyjna\" \/><\/p>\n<div class=\"lies-of-p-card-content\">\n<h3>EPICKA PRZYGODA NARRACYJNA<\/h3>\n<p>Zanurz si\u0119 w ekscytuj\u0105cej, fabularnej przygodzie akcji od TT Games, uznanych tw\u00f3rc\u00f3w LEGO Star Wars: The Skywalker Saga. Odkryj najmroczniejsze sekrety Gotham.<\/p>\n<\/div>\n<\/div>\n<div class=\"lies-of-p-card\">\n<img decoding=\"async\" title=\"Rozgrywka LEGO Batman: Legacy of the Dark Knight na PC\" src=\"https:\/\/shared.akamai.steamstatic.com\/store_item_assets\/steam\/apps\/2215200\/fdbad71e14ed79de392e8d4b3915d2bec2895dbb\/ss_fdbad71e14ed79de392e8d4b3915d2bec2895dbb.1920x1080.jpg?t=1778617453\" alt=\"LEGO Batman: Legacy of the Dark Knight PC Steam Offline - Graj jako Joker Harley\" \/><\/p>\n<div class=\"lies-of-p-card-content\">\n<h3>GRAJ JAKO JOKER HARLEY<\/h3>\n<p>Ucieknij z Arkham Asylum w zupe\u0142nie nowej Misji Fabularnej. Rozp\u0119taj chaos jako Joker i Harley Quinn, a nast\u0119pnie siej zam\u0119t na ulicach Gotham.<\/p>\n<\/div>\n<\/div>\n<div class=\"lies-of-p-card\">\n<img decoding=\"async\" title=\"Rozgrywka LEGO Batman: Legacy of the Dark Knight na PC\" src=\"https:\/\/shared.akamai.steamstatic.com\/store_item_assets\/steam\/apps\/2215200\/ce6fbdc2574a3c8119d4b6200a9728f0b0d10573\/ss_ce6fbdc2574a3c8119d4b6200a9728f0b0d10573.1920x1080.jpg?t=1778617453\" alt=\"LEGO Batman: Legacy of the Dark Knight PC Steam Offline - Pakiety Zawarto\u015bci Edycji Deluxe\" \/><\/p>\n<div class=\"lies-of-p-card-content\">\n<h3>PAKIETY ZAWARTOSCI EDYCJI DELUXE<\/h3>\n<p>Rozszerz swoje do\u015bwiadczenie o ponad 30 element\u00f3w dost\u0119pnych w dniu premiery, w tym 21 unikalnych stroj\u00f3w, 3 Batmobile i rekwizyty z Batjaskini w ramach tematycznych pakiet\u00f3w. Dodatkowo, pakiet Sinister o tematyce z\u0142oczy\u0144c\u00f3w.<\/p>\n<\/div>\n<\/div>\n<\/div>\n<\/div>\n","protected":false},"excerpt":{"rendered":"<table class=\"info-table\">\n<thead>\n<tr class=\"header-row\">\n<th>Status<\/th>\n<th>INFORMACJE<\/th>\n<\/tr>\n<\/thead>\n<tbody>\n<tr>\n<td class=\"status-cell\">\n<div class=\"status-title\">\ud83d\ude80 NATYCHMIASTOWA DOSTAWA<\/div>\n<div class=\"status-subtitle\">Uzyskaj natychmiastowy dost\u0119p<\/div>\n<\/td>\n<td class=\"info-cell\">\n<div class=\"info-box\">\n<div class=\"info-title\">UWAGA<\/div>\n<div class=\"info-content\">PRZECZYTAJ OPIS<\/div>\n<\/div>\n<\/td>\n<\/tr>\n<tr>\n<td class=\"status-cell\">\n<div class=\"status-title\">\ud83d\udcb0 Czy ta strona jest godna zaufania?<\/div>\n<div class=\"status-subtitle\">+ 4 lata sprzeda\u017cy gier<\/div>\n<\/td>\n<td class=\"info-cell\">\n<div class=\"info-box\">\n<div class=\"info-title\">Dost\u0119p:<\/div>\n<div class=\"info-content\">[trustindex data-widget-id=7fd81be38eb695098c8683dcf1c]<\/div>\n<\/div>\n<\/td>\n<\/tr>\n<\/tbody>\n<\/table>\n","protected":false},"featured_media":7107281,"comment_status":"open","ping_status":"closed","template":"","meta":[],"product_brand":[],"product_cat":[746,650,861,651,889,747,754],"product_tag":[],"class_list":{"0":"post-7107307","1":"product","2":"type-product","3":"status-publish","4":"has-post-thumbnail","6":"product_cat-akcja","7":"product_cat-gry","8":"product_cat-nowosci","9":"product_cat-pc","10":"product_cat-przedsprzedaz","11":"product_cat-przygodowe","12":"product_cat-steam","14":"first","15":"instock","16":"downloadable","17":"virtual","18":"purchasable","19":"product-type-simple"},"exclude_global_add_ons":[],"addons":[],"_links":{"self":[{"href":"https:\/\/gamesbestprices.com\/pl\/wp-json\/wp\/v2\/product\/7107307","targetHints":{"allow":["GET"]}}],"collection":[{"href":"https:\/\/gamesbestprices.com\/pl\/wp-json\/wp\/v2\/product"}],"about":[{"href":"https:\/\/gamesbestprices.com\/pl\/wp-json\/wp\/v2\/types\/product"}],"replies":[{"embeddable":true,"href":"https:\/\/gamesbestprices.com\/pl\/wp-json\/wp\/v2\/comments?post=7107307"}],"wp:featuredmedia":[{"embeddable":true,"href":"https:\/\/gamesbestprices.com\/pl\/wp-json\/wp\/v2\/media\/7107281"}],"wp:attachment":[{"href":"https:\/\/gamesbestprices.com\/pl\/wp-json\/wp\/v2\/media?parent=7107307"}],"wp:term":[{"taxonomy":"product_brand","embeddable":true,"href":"https:\/\/gamesbestprices.com\/pl\/wp-json\/wp\/v2\/product_brand?post=7107307"},{"taxonomy":"product_cat","embeddable":true,"href":"https:\/\/gamesbestprices.com\/pl\/wp-json\/wp\/v2\/product_cat?post=7107307"},{"taxonomy":"product_tag","embeddable":true,"href":"https:\/\/gamesbestprices.com\/pl\/wp-json\/wp\/v2\/product_tag?post=7107307"}],"curies":[{"name":"wp","href":"https:\/\/api.w.org\/{rel}","templated":true}]}}