{"id":7107277,"date":"2026-05-13T06:42:45","date_gmt":"2026-05-13T06:42:45","guid":{"rendered":"https:\/\/gamesbestprices.com\/?post_type=product&#038;p=7107277"},"modified":"2026-05-13T16:56:51","modified_gmt":"2026-05-13T16:56:51","slug":"007-first-light-pc-steam-offline","status":"publish","type":"product","link":"https:\/\/gamesbestprices.com\/pl\/produkt\/007-first-light-pc-steam-offline\/","title":{"rendered":"007 FIRST LIGHT PC STEAM OFFLINE"},"content":{"rendered":"<p><!-- RESIDENT EVIL 9 REQUIEM - Clean HTML with CSS Classes --><\/p>\n<div class=\"lies-of-p-container\">\n<p><!-- Main Banner --><\/p>\n<div class=\"lies-of-p-banner\">\n<h1>007 FIRST LIGHT PC STEAM OFFLINE<\/h1>\n<p>Horror trwa w nowej erze franczyzy.<\/p>\n<\/div>\n<p><!-- Purchase Alert --><\/p>\n<div class=\"lies-of-p-alerta\">\u26a0\ufe0f NOWA ERA TERRORU &#8211; DEFINITYWNY SURVIVAL HORROR! \u26a0\ufe0f<\/div>\n<p><!-- Offline Mode --><\/p>\n<div class=\"lies-of-p-offline\">\n<h3>\ud83c\udfae CIESZ SI\u0118 OFFLINE Z MAKSYMALNYMI OSZCZ\u0118DNO\u015aCIAMI! \ud83c\udfae<\/h3>\n<p>Ciesz si\u0119 trybem <strong>OFFLINE<\/strong> z absolutn\u0105 swobod\u0105!<\/p>\n<div class=\"lies-of-p-beneficios\">\n<p>\u2705 B\u0119dziesz u\u017cywa\u0107 <strong>DANYCH DOST\u0118POWYCH (JEDNO KONTO)<\/strong>, kt\u00f3re udost\u0119pnimy<\/p>\n<p>\u2705 <strong>GRAJ PRZEZ UDOST\u0118PNIONE KONTO<\/strong> bez przeszk\u00f3d<\/p>\n<p>\u2705 Pe\u0142ny dost\u0119p do tytu\u0142u i wszystkich \u0142atek<\/p>\n<\/div>\n<p class=\"lies-of-p-economia\">B\u0119dziesz m\u00f3g\u0142 gra\u0107 p\u0142ynnie, kiedy tylko zechcesz<\/p>\n<p class=\"lies-of-p-economia-destaque\">\ud83d\udcb0 OSZCZ\u0118DZAJ\u0104C DU\u017bO i \ud83c\udfaf \u015aWIETNIE SI\u0118 BAWI\u0104C!<\/p>\n<\/div>\n<p><!-- Promotional Video --><\/p>\n<div class=\"lies-of-p-video\">\n<h2>Obejrzyj zwiastun 007 First Light<\/h2>\n<div class=\"lies-of-p-video-container\">\n<div class=\"lies-of-p-video-responsive\"><iframe title=\"Odtwarzacz wideo YouTube\" src=\"https:\/\/www.youtube-nocookie.com\/embed\/J4qY9DYE184\" frameborder=\"0\" allowfullscreen=\"allowfullscreen\"><\/iframe><\/div>\n<\/div>\n<\/div>\n<p><!-- System Requirements --><\/p>\n<div class=\"lies-of-p-requisitos\">\n<h2>Specyfikacje Systemowe<\/h2>\n<div class=\"lies-of-p-requisitos-grid\">\n<div class=\"lies-of-p-requisitos-box\">\n<h3>Minimalne<\/h3>\n<ul class=\"lies-of-p-requisitos-lista\">\n<li>\u25b9<strong>System operacyjny:<\/strong> MICROSOFT WINDOWS 10\/11, 64-BIT<\/li>\n<li>\u25b9<strong>Procesor:<\/strong> INTEL CORE i5 9500, AMD RYZEN 5 3500<\/li>\n<li>\u25b9<strong>Pami\u0119\u0107:<\/strong> 16 GB RAM<\/li>\n<li>\u25b9<strong>Karta graficzna:<\/strong> NVIDIA GFORCE GTX 1660, AMD RX 5700, INTEL DISCRETE GPU EQUIVALENT<\/li>\n<li>\u25b9<strong>Miejsce na dysku:<\/strong> 80 GB dost\u0119pne miejsce<\/li>\n<li>\u25b9<strong>Dodatkowe uwagi:<\/strong> Wymagany dysk SSD<\/li>\n<\/ul>\n<\/div>\n<div class=\"lies-of-p-requisitos-box\">\n<h3>Zalecane<\/h3>\n<ul class=\"lies-of-p-requisitos-lista\">\n<li>\u25b9<strong>System operacyjny:<\/strong> MICROSOFT WINDOWS 10\/11, 64-BIT<\/li>\n<li>\u25b9<strong>Procesor:<\/strong> INTEL CORE i5 13500, AMD RYZEN 5 7600<\/li>\n<li>\u25b9<strong>Pami\u0119\u0107:<\/strong> 16 GB RAM<\/li>\n<li>\u25b9<strong>Karta graficzna:<\/strong> NVIDIA GEFORCE RTX 3060 TI, AMD RX 6700 XT, INTEL DISCRETE GPU EQUIVALENT<\/li>\n<li>\u25b9<strong>Miejsce na dysku:<\/strong> 80 GB dost\u0119pne miejsce<\/li>\n<li>\u25b9<strong>Dodatkowe uwagi:<\/strong> Wymagany dysk SSD<\/li>\n<\/ul>\n<\/div>\n<\/div>\n<\/div>\n<\/div>\n<p><!-- About the Game --><\/p>\n<div class=\"lies-of-p-sobre\">\n<h2>O 007 First Light<\/h2>\n<p>Wyrusz w bezprecedensow\u0105 podr\u00f3\u017c w lata formacyjne najbardziej legendarnego szpiega \u015bwiata. 007 FIRST LIGHT zaprasza Ci\u0119 do poznania Jamesa Bonda jako surowego, zaradnego i niezaprzeczalnie lekkomy\u015blnego rekruta, wci\u0105gni\u0119tego w rygorystyczny program szkoleniowy MI6. To nieopowiedziana historia pocz\u0105tk\u00f3w, porywaj\u0105ca narracja, kt\u00f3ra odkrywa warstwy ikonicznego agenta, ujawniaj\u0105c kluczowe momenty i definiuj\u0105ce wyzwania, kt\u00f3re ukszta\u0142towa\u0142y cz\u0142owieka stoj\u0105cego za podw\u00f3jnym zerem. Od bohaterskiego czynu jako lotnik marynarki wojennej, \u015bled\u017a jego porywaj\u0105c\u0105 wspinaczk\u0119 w tajny \u015bwiat szpiegostwa, gdzie ka\u017cda decyzja kszta\u0142tuje jego przeznaczenie i przysz\u0142o\u015b\u0107 globalnego bezpiecze\u0144stwa.<\/p>\n<p>Przygotuj si\u0119 na pe\u0142n\u0105 adrenaliny przygod\u0119, gdzie ka\u017cda misja testuje Tw\u00f3j spryt i umiej\u0119tno\u015bci. To pe\u0142ne akcji do\u015bwiadczenie zanurza Ci\u0119 w \u015bwiat szpiegostwa o wysokiej stawce, \u0142\u0105cz\u0105c ekscytuj\u0105c\u0105 walk\u0119 z pomys\u0142owymi gad\u017cetami. Opanuj sztuk\u0119 skradania si\u0119, anga\u017cuj si\u0119 w intensywne strzelaniny i wykorzystuj najnowocze\u015bniejsze narz\u0119dzia, od B\u0142yszcz\u0105cej Zapalniczki po sk\u00f3rk\u0119 broni Agent&#8217;s Mark, aby przechytrzy\u0107 przeciwnik\u00f3w. Niezale\u017cnie od tego, czy poruszasz si\u0119 po zdradliwych \u015brodowiskach, czy odkrywasz g\u0142\u0119boko zakorzenione spiski, rozgrywka obiecuje dynamiczne i wci\u0105gaj\u0105ce do\u015bwiadczenie, stawiaj\u0105c Ci\u0119 bezpo\u015brednio w butach pocz\u0105tkuj\u0105cego tajnego agenta.<\/p>\n<p>Zanurz si\u0119 w wyrafinowanym i niebezpiecznym \u015bwiecie szpiegostwa, gdzie atmosfera jest r\u00f3wnie porywaj\u0105ca jak narracja. Kinowa wspania\u0142o\u015b\u0107 tego tytu\u0142u jest podniesiona przez nieograniczon\u0105 liczb\u0119 klatek na sekund\u0119 i osza\u0142amiaj\u0105c\u0105 grafik\u0119, z NVIDIA DLSS 4.5 zapewniaj\u0105c\u0105 zapieraj\u0105c\u0105 dech w piersiach jako\u015b\u0107 obrazu i p\u0142ynn\u0105 wydajno\u015b\u0107. Do\u015bwiadcz napi\u0119cia i uroku wczesnej kariery Bonda, podkre\u015blonego przez nawiedzaj\u0105co pi\u0119kn\u0105 oryginaln\u0105 piosenk\u0119 &#8222;First Light&#8221; Lany Del Rey. Z przysz\u0142ymi aktualizacjami obiecuj\u0105cymi \u015bledzenie \u015bcie\u017cek (path tracing) i DLSS Ray Reconstruction, ta na nowo wyobra\u017cona historia pocz\u0105tk\u00f3w ma dostarczy\u0107 niezr\u00f3wnany spektakl wizualny i d\u017awi\u0119kowy, prawdziwie definiuj\u0105c now\u0105 er\u0119 dla ikonicznego szpiega.<\/p>\n<\/div>\n<p><!-- Features in Cards --><\/p>\n<div class=\"lies-of-p-destaques\">\n<h2>Cechy Gry<\/h2>\n<div class=\"lies-of-p-cards-grid\">\n<div class=\"lies-of-p-card\">\n<img decoding=\"async\" title=\"Rozgrywka 007 First Light na PC\" src=\"https:\/\/shared.akamai.steamstatic.com\/store_item_assets\/steam\/apps\/3768760\/c5e19e3879ed6da308e952d1e8d7bdc4cd835b4c\/ss_c5e19e3879ed6da308e952d1e8d7bdc4cd835b4c.1920x1080.jpg?t=1778575127\" alt=\"007 First Light PC Steam Offline - Zosta\u0144 007 Historia Pocz\u0105tk\u00f3w\" \/><\/p>\n<div class=\"lies-of-p-card-content\">\n<h3>ZOSTA\u0143 007 HISTORIA POCZ\u0104TK\u00d3W<\/h3>\n<p>Prze\u017cyj na nowo wyobra\u017con\u0105 histori\u0119 pocz\u0105tk\u00f3w, zdobywaj\u0105c sw\u00f3j numer i staj\u0105c si\u0119 legendarnym Agentem 007. Zanurz si\u0119 w szpiegostwie o wysokiej stawce i ekscytuj\u0105cych misjach.<\/p>\n<\/div>\n<\/div>\n<div class=\"lies-of-p-card\">\n<img decoding=\"async\" title=\"Rozgrywka 007 First Light na PC\" src=\"https:\/\/shared.akamai.steamstatic.com\/store_item_assets\/steam\/apps\/3768760\/6ad4e419c1eb043e3a12b9cc37166cdf204725c1\/ss_6ad4e419c1eb043e3a12b9cc37166cdf204725c1.1920x1080.jpg?t=1778575127\" alt=\"007 First Light PC Steam Offline - Najnowocze\u015bniejsza Wydajno\u015b\u0107 na PC\" \/><\/p>\n<div class=\"lies-of-p-card-content\">\n<h3>NAJNOWOCZE\u015aNIEJSZA WYDAJNO\u015a\u0106 NA PC<\/h3>\n<p>Ciesz si\u0119 nieograniczon\u0105 liczb\u0105 klatek na sekund\u0119, NVIDIA DLSS 4.5 Super Resolution i Dynamic Multi Frame Generation dla osza\u0142amiaj\u0105cej grafiki i p\u0142ynnej rozgrywki. \u015aledzenie \u015bcie\u017cek (Path tracing) pojawi si\u0119 latem 2026.<\/p>\n<\/div>\n<\/div>\n<div class=\"lies-of-p-card\">\n<img decoding=\"async\" title=\"Rozgrywka 007 First Light na PC\" src=\"https:\/\/shared.akamai.steamstatic.com\/store_item_assets\/steam\/apps\/3768760\/2e3f04c42cca344dd3ca0be30c5078719bce23ed\/ss_2e3f04c42cca344dd3ca0be30c5078719bce23ed.1920x1080.jpg?t=1778575127\" alt=\"007 First Light PC Steam Offline - Dostosuj Swojego Agenta\" \/><\/p>\n<div class=\"lies-of-p-card-content\">\n<h3>DOSTOSUJ SWOJEGO AGENTA<\/h3>\n<p>Podnie\u015b sw\u00f3j styl szpiegowski dzi\u0119ki ekskluzywnym strojom i sk\u00f3rkom broni. Rozb\u0142y\u015bnij z\u0142otem z pakietem Gleaming Pack, zawieraj\u0105cym unikalne sk\u00f3rki gad\u017cet\u00f3w dla spersonalizowanego do\u015bwiadczenia szpiegowskiego.<\/p>\n<\/div>\n<\/div>\n<\/div>\n<\/div>\n","protected":false},"excerpt":{"rendered":"<table class=\"info-table\">\n<thead>\n<tr class=\"header-row\">\n<th>Status<\/th>\n<th>INFORMACJE<\/th>\n<\/tr>\n<\/thead>\n<tbody>\n<tr>\n<td class=\"status-cell\">\n<div class=\"status-title\">\ud83d\ude80 NATYCHMIASTOWA DOSTAWA<\/div>\n<div class=\"status-subtitle\">Uzyskaj natychmiastowy dost\u0119p<\/div>\n<\/td>\n<td class=\"info-cell\">\n<div class=\"info-box\">\n<div class=\"info-title\">UWAGA<\/div>\n<div class=\"info-content\">PRZECZYTAJ OPIS<\/div>\n<\/div>\n<\/td>\n<\/tr>\n<tr>\n<td class=\"status-cell\">\n<div class=\"status-title\">\ud83d\udcb0 Czy ta strona jest godna zaufania?<\/div>\n<div class=\"status-subtitle\">+ 4 lata sprzeda\u017cy gier<\/div>\n<\/td>\n<td class=\"info-cell\">\n<div class=\"info-box\">\n<div class=\"info-title\">Dost\u0119p:<\/div>\n<div class=\"info-content\">[trustindex data-widget-id=7fd81be38eb695098c8683dcf1c]<\/div>\n<\/div>\n<\/td>\n<\/tr>\n<\/tbody>\n<\/table>\n","protected":false},"featured_media":7107251,"comment_status":"open","ping_status":"closed","template":"","meta":[],"product_brand":[],"product_cat":[746,650,861,651,889,747,754],"product_tag":[],"class_list":{"0":"post-7107277","1":"product","2":"type-product","3":"status-publish","4":"has-post-thumbnail","6":"product_cat-akcja","7":"product_cat-gry","8":"product_cat-nowosci","9":"product_cat-pc","10":"product_cat-przedsprzedaz","11":"product_cat-przygodowe","12":"product_cat-steam","14":"first","15":"instock","16":"downloadable","17":"virtual","18":"purchasable","19":"product-type-simple"},"exclude_global_add_ons":[],"addons":[],"_links":{"self":[{"href":"https:\/\/gamesbestprices.com\/pl\/wp-json\/wp\/v2\/product\/7107277","targetHints":{"allow":["GET"]}}],"collection":[{"href":"https:\/\/gamesbestprices.com\/pl\/wp-json\/wp\/v2\/product"}],"about":[{"href":"https:\/\/gamesbestprices.com\/pl\/wp-json\/wp\/v2\/types\/product"}],"replies":[{"embeddable":true,"href":"https:\/\/gamesbestprices.com\/pl\/wp-json\/wp\/v2\/comments?post=7107277"}],"wp:featuredmedia":[{"embeddable":true,"href":"https:\/\/gamesbestprices.com\/pl\/wp-json\/wp\/v2\/media\/7107251"}],"wp:attachment":[{"href":"https:\/\/gamesbestprices.com\/pl\/wp-json\/wp\/v2\/media?parent=7107277"}],"wp:term":[{"taxonomy":"product_brand","embeddable":true,"href":"https:\/\/gamesbestprices.com\/pl\/wp-json\/wp\/v2\/product_brand?post=7107277"},{"taxonomy":"product_cat","embeddable":true,"href":"https:\/\/gamesbestprices.com\/pl\/wp-json\/wp\/v2\/product_cat?post=7107277"},{"taxonomy":"product_tag","embeddable":true,"href":"https:\/\/gamesbestprices.com\/pl\/wp-json\/wp\/v2\/product_tag?post=7107277"}],"curies":[{"name":"wp","href":"https:\/\/api.w.org\/{rel}","templated":true}]}}