{"id":7107246,"date":"2026-04-09T15:57:25","date_gmt":"2026-04-09T15:57:25","guid":{"rendered":""},"modified":"2026-04-09T15:58:40","modified_gmt":"2026-04-09T15:58:40","slug":"marvel-tokon-fighting-souls-ultimate-edition-pc-steam-offline-pl","status":"publish","type":"product","link":"https:\/\/gamesbestprices.com\/pl\/produkt\/marvel-tokon-fighting-souls-ultimate-edition-pc-steam-offline-pl\/","title":{"rendered":"Marvel Tokon Fighting Souls Ultimate Edition PC Steam Offline"},"content":{"rendered":"<p><!-- MARVEL TOKON FIGHTING SOULS ULTIMATE EDITION - Clean HTML with CSS Classes --><\/p>\n<div class=\"lies-of-p-container\">\n<p><!-- Main Banner --><\/p>\n<div class=\"lies-of-p-banner\">\n<h1>MARVEL TOKON FIGHTING SOULS ULTIMATE EDITION PC STEAM OFFLINE<\/h1>\n<p>Uwolnij swojego wewn\u0119trznego bohatera w ostatecznym starciu Marvela!<\/p>\n<\/div>\n<p><!-- Purchase Alert --><\/p>\n<div class=\"lies-of-p-alerta\">\u26a0\ufe0f OSTATECZNE STARCIE MARVELA &#8211; DUSZE WALKI UWOLNIONE! \u26a0\ufe0f<\/div>\n<p><!-- Offline Mode --><\/p>\n<div class=\"lies-of-p-offline\">\n<h3>\ud83c\udfae CIESZ SI\u0118 OFFLINE Z MAKSYMALNYMI OSZCZ\u0118DNO\u015aCIAMI! \ud83c\udfae<\/h3>\n<p>Ciesz si\u0119 trybem <strong>OFFLINE<\/strong> z absolutn\u0105 swobod\u0105!<\/p>\n<div class=\"lies-of-p-beneficios\">\n<p>\u2705 B\u0119dziesz u\u017cywa\u0107 <strong>DANYCH DOST\u0118POWYCH (JEDNO KONTO)<\/strong>, kt\u00f3re dostarczymy<\/p>\n<p>\u2705 <strong>GRAJ PRZEZ DOSTARCZONE KONTO<\/strong> bez przeszk\u00f3d<\/p>\n<p>\u2705 Pe\u0142ny dost\u0119p do tytu\u0142u i wszystkich \u0142atek<\/p>\n<\/div>\n<p class=\"lies-of-p-economia\">B\u0119dziesz m\u00f3g\u0142 gra\u0107 p\u0142ynnie, kiedy tylko zechcesz<\/p>\n<p class=\"lies-of-p-economia-destaque\">\ud83d\udcb0 OSZCZ\u0118DZAJ\u0104C DU\u017bO i \ud83c\udfaf BAWI\u0104C SI\u0118 \u015aWIETNIE!<\/p>\n<\/div>\n<p><!-- Promotional Video --><\/p>\n<div class=\"lies-of-p-video\">\n<h2>Obejrzyj zwiastun Marvel Tokon Fighting Souls<\/h2>\n<div class=\"lies-of-p-video-container\">\n<div class=\"lies-of-p-video-responsive\"><iframe title=\"Odtwarzacz wideo YouTube\" src=\"https:\/\/www.youtube-nocookie.com\/embed\/krh98HsMk5c\" frameborder=\"0\" allowfullscreen=\"allowfullscreen\"><\/iframe><\/div>\n<\/div>\n<\/div>\n<p><!-- System Requirements --><\/p>\n<div class=\"lies-of-p-requisitos\">\n<h2>Specyfikacje Systemowe<\/h2>\n<div class=\"lies-of-p-requisitos-grid\">\n<p><!-- Minimum Requirements --><\/p>\n<div class=\"lies-of-p-requisitos-box\">\n<h3>Minimalne<\/h3>\n<ul class=\"lies-of-p-requisitos-lista\">\n<li>\u25b9<strong>System Operacyjny:<\/strong> Do og\u0142oszenia<\/li>\n<li>\u25b9<strong>Procesor:<\/strong> Do og\u0142oszenia<\/li>\n<li>\u25b9<strong>Pami\u0119\u0107 RAM:<\/strong> Do og\u0142oszenia<\/li>\n<li>\u25b9<strong>Karta Graficzna:<\/strong> Do og\u0142oszenia<\/li>\n<li>\u25b9<strong>DirectX:<\/strong> Do og\u0142oszenia<\/li>\n<li>\u25b9<strong>Miejsce na Dysku:<\/strong> Do og\u0142oszenia<\/li>\n<\/ul>\n<\/div>\n<p><!-- Recommended Requirements --><\/p>\n<div class=\"lies-of-p-requisitos-box\">\n<h3>Zalecane<\/h3>\n<ul class=\"lies-of-p-requisitos-lista\">\n<li>\u25b9<strong>System Operacyjny:<\/strong> Do og\u0142oszenia<\/li>\n<li>\u25b9<strong>Procesor:<\/strong> Do og\u0142oszenia<\/li>\n<li>\u25b9<strong>Pami\u0119\u0107 RAM:<\/strong> Do og\u0142oszenia<\/li>\n<li>\u25b9<strong>Karta Graficzna:<\/strong> Do og\u0142oszenia<\/li>\n<li>\u25b9<strong>DirectX:<\/strong> Do og\u0142oszenia<\/li>\n<li>\u25b9<strong>Miejsce na Dysku:<\/strong> Do og\u0142oszenia<\/li>\n<\/ul>\n<\/div>\n<\/div>\n<\/div>\n<p><!-- About the Game --><\/p>\n<div class=\"lies-of-p-sobre\">\n<h2>O grze Marvel Tokon Fighting Souls Ultimate Edition<\/h2>\n<p><strong>Bohaterowie si\u0119 zderzaj\u0105. \u015awiaty si\u0119 \u0142\u0105cz\u0105. Twoja legenda si\u0119 zaczyna.<\/strong><\/p>\n<p>Zakup <strong>Marvel Tokon Fighting Souls Ultimate Edition PC<\/strong> oznacza wkroczenie do najbardziej ambitnej bijatyki Marvela, jaka kiedykolwiek powsta\u0142a. Przygotuj si\u0119 na epickie bitwy, osza\u0142amiaj\u0105ce kombinacje i list\u0119 kultowych bohater\u00f3w i z\u0142oczy\u0144c\u00f3w w <strong>Marvel Tokon Fighting Souls Ultimate Edition Steam<\/strong>.<\/p>\n<p>Do\u015bwiadcz nowej ery bijatyk dzi\u0119ki p\u0142ynnej mechanice walki, zapieraj\u0105cej dech w piersiach grafice i obszernej li\u015bcie postaci, kt\u00f3ra obejmuje ca\u0142y wszech\u015bwiat Marvela. <strong>Ultimate Edition<\/strong> zawiera ekskluzywne postacie, kostiumy i zawarto\u015b\u0107 fabularn\u0105, zapewniaj\u0105c Ci ostateczne wra\u017cenia z walki.<\/p>\n<p><strong>\u201eUwolnij swojego Tokon (ducha walki) i zdob\u0105d\u017a zwyci\u0119stwo!\u201d<\/strong><\/p>\n<\/div>\n<p><!-- Features in Cards --><\/p>\n<div class=\"lies-of-p-destaques\">\n<h2>Funkcje Ultimate Edition<\/h2>\n<div class=\"lies-of-p-cards-grid\">\n<p><!-- Card 1: Iconic Marvel Roster --><\/p>\n<div class=\"lies-of-p-card\">\n<p><img decoding=\"async\" title=\"Marvel Tokon Fighting Souls PC - Iconic Roster\" src=\"https:\/\/shared.fastly.steamstatic.com\/store_item_assets\/steam\/apps\/3764200\/extras\/marvel_feature_01.gif?t=1750810100\" alt=\"Marvel Tokon Fighting Souls Ultimate Edition PC Steam Offline - Iconic Roster\" \/><\/p>\n<div class=\"lies-of-p-card-content\">\n<h3>KULTOWA LISTA POSTACI MARVELA<\/h3>\n<p>Wybieraj spo\u015br\u00f3d niezr\u00f3wnanej listy legendarnych Superbohater\u00f3w i Superz\u0142oczy\u0144c\u00f3w Marvela, ka\u017cdy z unikalnymi zdolno\u015bciami i stylami walki.<\/p>\n<\/div>\n<\/div>\n<p><!-- Card 2: Dynamic Tag-Team Combat --><\/p>\n<div class=\"lies-of-p-card\">\n<p><img decoding=\"async\" title=\"Marvel Tokon Fighting Souls Steam - Tag-Team\" src=\"https:\/\/shared.fastly.steamstatic.com\/store_item_assets\/steam\/apps\/3764200\/extras\/marvel_feature_02.gif?t=1750810100\" alt=\"Buy Marvel Tokon Fighting Souls Ultimate Edition PC - Dynamic Combat\" \/><\/p>\n<div class=\"lies-of-p-card-content\">\n<h3>DYNAMICZNA WALKA DRU\u017bYNOWA<\/h3>\n<p>Opanuj innowacyjn\u0105 mechanik\u0119 walki dru\u017cynowej, wykonuj niszczycielskie hiperkombinacje i strategicznie zmieniaj postacie w trakcie bitwy, aby zdominowa\u0107 przeciwnik\u00f3w.<\/p>\n<\/div>\n<\/div>\n<p><!-- Card 3: Ultimate Edition Exclusives --><\/p>\n<div class=\"lies-of-p-card\">\n<p><img decoding=\"async\" title=\"Marvel Tokon Fighting Souls - Ultimate Exclusives\" src=\"https:\/\/shared.fastly.steamstatic.com\/store_item_assets\/steam\/apps\/3764200\/extras\/marvel_feature_03.gif?t=1750810100\" alt=\"Marvel Tokon Fighting Souls Ultimate Edition for PC - Exclusives\" \/><\/p>\n<div class=\"lies-of-p-card-content\">\n<h3>EKSKLUZYWNE ELEMENTY ULTIMATE EDITION<\/h3>\n<p>Odblokuj dodatkowe postacie, ekskluzywne alternatywne kostiumy, cyfrowy artbook i rozszerzony tryb fabularny dost\u0119pny tylko w tej ostatecznej edycji.<\/p>\n<\/div>\n<\/div>\n<\/div>\n<\/div>\n<\/div>\n","protected":false},"excerpt":{"rendered":"<table class=\"info-table\">\n<thead>\n<tr class=\"header-row\">\n<th>Status<\/th>\n<th>INFORMATION<\/th>\n<\/tr>\n<\/thead>\n<tbody>\n<tr>\n<td class=\"status-cell\">\n<div class=\"status-title\">\ud83d\ude80 IMMEDIATE DELIVERY<\/div>\n<div class=\"status-subtitle\">Get instant access<\/div>\n<\/td>\n<td class=\"info-cell\">\n<div class=\"info-box\">\n<div class=\"info-title\">ATTENTION<\/div>\n<div class=\"info-content\">READ THE DESCRIPTION<\/div>\n<\/div>\n<\/td>\n<\/tr>\n<tr>\n<td class=\"status-cell\">\n<div class=\"status-title\">\ud83d\udcb0 Is this site trustworthy?<\/div>\n<div class=\"status-subtitle\">+ 4 years selling games<\/div>\n<\/td>\n<td class=\"info-cell\">\n<div class=\"info-box\">\n<div class=\"info-title\">Acess:<\/div>\n<div class=\"info-content\">\n<div data-src=\"https:\/\/cdn.trustindex.io\/loader.js?7fd81be38eb695098c8683dcf1c\"><\/div>\n<\/div>\n<\/div>\n<\/td>\n<\/tr>\n<\/tbody>\n<\/table>\n","protected":false},"featured_media":7107240,"comment_status":"open","ping_status":"closed","template":"","meta":[],"product_brand":[],"product_cat":[650,889,808],"product_tag":[720],"class_list":{"0":"post-7107246","1":"product","2":"type-product","3":"status-publish","4":"has-post-thumbnail","6":"product_cat-gry","7":"product_cat-przedsprzedaz","8":"product_cat-walki","9":"product_tag-wieloosobowe","11":"first","12":"instock","13":"downloadable","14":"virtual","15":"purchasable","16":"product-type-simple"},"exclude_global_add_ons":[],"addons":[],"_links":{"self":[{"href":"https:\/\/gamesbestprices.com\/pl\/wp-json\/wp\/v2\/product\/7107246","targetHints":{"allow":["GET"]}}],"collection":[{"href":"https:\/\/gamesbestprices.com\/pl\/wp-json\/wp\/v2\/product"}],"about":[{"href":"https:\/\/gamesbestprices.com\/pl\/wp-json\/wp\/v2\/types\/product"}],"replies":[{"embeddable":true,"href":"https:\/\/gamesbestprices.com\/pl\/wp-json\/wp\/v2\/comments?post=7107246"}],"wp:featuredmedia":[{"embeddable":true,"href":"https:\/\/gamesbestprices.com\/pl\/wp-json\/wp\/v2\/media\/7107240"}],"wp:attachment":[{"href":"https:\/\/gamesbestprices.com\/pl\/wp-json\/wp\/v2\/media?parent=7107246"}],"wp:term":[{"taxonomy":"product_brand","embeddable":true,"href":"https:\/\/gamesbestprices.com\/pl\/wp-json\/wp\/v2\/product_brand?post=7107246"},{"taxonomy":"product_cat","embeddable":true,"href":"https:\/\/gamesbestprices.com\/pl\/wp-json\/wp\/v2\/product_cat?post=7107246"},{"taxonomy":"product_tag","embeddable":true,"href":"https:\/\/gamesbestprices.com\/pl\/wp-json\/wp\/v2\/product_tag?post=7107246"}],"curies":[{"name":"wp","href":"https:\/\/api.w.org\/{rel}","templated":true}]}}