{"id":7107236,"date":"2026-04-09T15:55:34","date_gmt":"2026-04-09T15:55:34","guid":{"rendered":""},"modified":"2026-04-09T15:56:43","modified_gmt":"2026-04-09T15:56:43","slug":"chronicles-medieval-pc-steam-offline-pl","status":"publish","type":"product","link":"https:\/\/gamesbestprices.com\/pl\/produkt\/chronicles-medieval-pc-steam-offline-pl\/","title":{"rendered":"Chronicles Medieval PC Steam Offline"},"content":{"rendered":"<p><!-- CHRONICLES MEDIEVAL - Czysty HTML z klasami CSS --><\/p>\n<div class=\"lies-of-p-container\">\n<p><!-- G\u0142\u00f3wny Baner --><\/p>\n<div class=\"lies-of-p-banner\">\n<h1>CHRONICLES MEDIEVAL PC STEAM OFFLINE<\/h1>\n<p>Wykuwaj swoj\u0105 legend\u0119 w epoce rycerzy i imperi\u00f3w.<\/p>\n<\/div>\n<p><!-- Alert Zakupu --><\/p>\n<div class=\"lies-of-p-alerta\">\u26a0\ufe0f ROZPOCZNIJ EPICK\u0104 PODR\u00d3\u017b &#8211; DEFINITYWNA STRATEGIA \u015aREDNIOWIECZNA! \u26a0\ufe0f<\/div>\n<p><!-- Tryb Offline --><\/p>\n<div class=\"lies-of-p-offline\">\n<h3>\ud83c\udfae CIESZ SI\u0118 OFFLINE Z MAKSYMALNYMI OSZCZ\u0118DNO\u015aCIAMI! \ud83c\udfae<\/h3>\n<p>Ciesz si\u0119 trybem <strong>OFFLINE<\/strong> z absolutn\u0105 swobod\u0105!<\/p>\n<div class=\"lies-of-p-beneficios\">\n<p>\u2705 B\u0119dziesz korzysta\u0107 z <strong>DANYCH DOST\u0118POWYCH (JEDNO KONTO)<\/strong>, kt\u00f3re dostarczymy<\/p>\n<p>\u2705 <strong>GRAJ PRZEZ DOSTARCZONE KONTO<\/strong> bez przeszk\u00f3d<\/p>\n<p>\u2705 Pe\u0142ny dost\u0119p do tytu\u0142u i wszystkich \u0142atek<\/p>\n<\/div>\n<p class=\"lies-of-p-economia\">B\u0119dziesz m\u00f3g\u0142 gra\u0107 p\u0142ynnie, kiedy tylko zechcesz<\/p>\n<p class=\"lies-of-p-economia-destaque\">\ud83d\udcb0 OSZCZ\u0118DZAJ\u0104C DU\u017bO i \ud83c\udfaf BAWI\u0104C SI\u0118 \u015aWIETNIE!<\/p>\n<\/div>\n<p><!-- Film Promocyjny --><\/p>\n<div class=\"lies-of-p-video\">\n<h2>Obejrzyj zwiastun Chronicles Medieval<\/h2>\n<div class=\"lies-of-p-video-container\">\n<div class=\"lies-of-p-video-responsive\"><iframe title=\"Odtwarzacz wideo YouTube\" src=\"https:\/\/www.youtube-nocookie.com\/embed\/219vW0b-1aY\" frameborder=\"0\" allowfullscreen=\"allowfullscreen\"><\/iframe><\/div>\n<\/div>\n<\/div>\n<p><!-- Wymagania Systemowe --><\/p>\n<div class=\"lies-of-p-requisitos\">\n<h2>Specyfikacje Systemowe<\/h2>\n<div class=\"lies-of-p-requisitos-grid\">\n<p><!-- Wymagania Minimalne --><\/p>\n<div class=\"lies-of-p-requisitos-box\">\n<h3>Minimalne<\/h3>\n<ul class=\"lies-of-p-requisitos-lista\">\n<li>\u25b9<strong>System Operacyjny:<\/strong> Do og\u0142oszenia<\/li>\n<li>\u25b9<strong>Procesor:<\/strong> Do og\u0142oszenia<\/li>\n<li>\u25b9<strong>Pami\u0119\u0107:<\/strong> Do og\u0142oszenia<\/li>\n<li>\u25b9<strong>Karta Graficzna:<\/strong> Do og\u0142oszenia<\/li>\n<li>\u25b9<strong>DirectX:<\/strong> Do og\u0142oszenia<\/li>\n<li>\u25b9<strong>Miejsce na Dysku:<\/strong> Do og\u0142oszenia<\/li>\n<\/ul>\n<\/div>\n<p><!-- Wymagania Zalecane --><\/p>\n<div class=\"lies-of-p-requisitos-box\">\n<h3>Zalecane<\/h3>\n<ul class=\"lies-of-p-requisitos-lista\">\n<li>\u25b9<strong>System Operacyjny:<\/strong> Do og\u0142oszenia<\/li>\n<li>\u25b9<strong>Procesor:<\/strong> Do og\u0142oszenia<\/li>\n<li>\u25b9<strong>Pami\u0119\u0107:<\/strong> Do og\u0142oszenia<\/li>\n<li>\u25b9<strong>Karta Graficzna:<\/strong> Do og\u0142oszenia<\/li>\n<li>\u25b9<strong>DirectX:<\/strong> Do og\u0142oszenia<\/li>\n<li>\u25b9<strong>Miejsce na Dysku:<\/strong> Do og\u0142oszenia<\/li>\n<\/ul>\n<\/div>\n<\/div>\n<\/div>\n<p><!-- O Grze --><\/p>\n<div class=\"lies-of-p-sobre\">\n<h2>O Chronicles Medieval<\/h2>\n<p><strong>Zbuduj swoje imperium. Podbij swoich wrog\u00f3w. Kszta\u0142tuj histori\u0119.<\/strong><\/p>\n<p>Kupno <strong>Chronicles Medieval PC<\/strong> oznacza zanurzenie si\u0119 w wci\u0105gaj\u0105ce do\u015bwiadczenie strategii \u015bredniowiecznej. Przygotuj si\u0119, aby wyku\u0107 swoje przeznaczenie w bogatym historycznym otoczeniu z <strong>Chronicles Medieval Steam<\/strong>.<\/p>\n<p>Dow\u00f3d\u017a ogromnymi armiami, zarz\u0105dzaj t\u0119tni\u0105cymi \u017cyciem miastami i poruszaj si\u0119 po z\u0142o\u017conych krajobrazach politycznych. Ewolucja technologiczna po\u0142\u0105czona z g\u0142\u0119bokimi badaniami historycznymi \u0142\u0105czy si\u0119 w grze z zawi\u0142ymi systemami i bardziej wci\u0105gaj\u0105c\u0105 rozgrywk\u0105 ni\u017c kiedykolwiek wcze\u015bniej w <strong>Chronicles Medieval na PC<\/strong>. Zanurz si\u0119 w t\u0119tni\u0105cym \u017cyciem \u015bredniowiecznym \u015bwiecie, od t\u0119tni\u0105cych \u017cyciem miast po rozleg\u0142e pola bitew.<\/p>\n<p><strong>&#8222;Do\u015bwiadcz wspania\u0142o\u015bci i surowo\u015bci \u015bredniowiecza.&#8221;<\/strong><\/p>\n<\/div>\n<p><!-- Funkcje w Kartach --><\/p>\n<div class=\"lies-of-p-destaques\">\n<h2>Cechy Gry<\/h2>\n<div class=\"lies-of-p-cards-grid\">\n<p><!-- Karta 1: Budowa Wielkiego Imperium --><\/p>\n<div class=\"lies-of-p-card\">\n<p><img decoding=\"async\" title=\"Chronicles Medieval PC - Empire Building\" src=\"https:\/\/shared.fastly.steamstatic.com\/store_item_assets\/steam\/apps\/CHRONICLES_MEDIEVAL\/extras\/Steam_GIF_01_CM.gif?t=1750810100\" alt=\"Chronicles Medieval PC Steam Offline - Grand Empire Building\" \/><\/p>\n<div class=\"lies-of-p-card-content\">\n<h3>BUDOWA WIELKIEGO IMPERIUM<\/h3>\n<p>Buduj i zarz\u0105dzaj swoim kr\u00f3lestwem, od skromnych wiosek po wspania\u0142e zamki, nadzoruj\u0105c zasoby, handel i wzrost populacji.<\/p>\n<\/div>\n<\/div>\n<p><!-- Karta 2: Epicka Wojna \u015aredniowieczna --><\/p>\n<div class=\"lies-of-p-card\">\n<p><img decoding=\"async\" title=\"Chronicles Medieval Steam - Epic Warfare\" src=\"https:\/\/shared.fastly.steamstatic.com\/store_item_assets\/steam\/apps\/CHRONICLES_MEDIEVAL\/extras\/Steam_GIF_02_CM.gif?t=1750810100\" alt=\"Buy Chronicles Medieval PC - Epic Medieval Warfare\" \/><\/p>\n<div class=\"lies-of-p-card-content\">\n<h3>EPICKA WOJNA \u015aREDNIOWIECZNA<\/h3>\n<p>Prowad\u017a swoje armie do masowych bitew w czasie rzeczywistym, wykorzystuj\u0105c strategiczne formacje, machiny obl\u0119\u017cnicze i zr\u00f3\u017cnicowane jednostki, aby osi\u0105gn\u0105\u0107 zwyci\u0119stwo.<\/p>\n<\/div>\n<\/div>\n<p><!-- Karta 3: Dynamiczna Dyplomacja --><\/p>\n<div class=\"lies-of-p-card\">\n<p><img decoding=\"async\" title=\"Chronicles Medieval - Dynamic Diplomacy\" src=\"https:\/\/shared.fastly.steamstatic.com\/store_item_assets\/steam\/apps\/CHRONICLES_MEDIEVAL\/extras\/Steam_GIF_03_CM.gif?t=1750810100\" alt=\"Chronicles Medieval for PC - Dynamic Diplomacy\" \/><\/p>\n<div class=\"lies-of-p-card-content\">\n<h3>DYNAMICZNA DYPLOMACJA I INTRYGI<\/h3>\n<p>Poruszaj si\u0119 po z\u0142o\u017conej sieci sojuszy, rywalizacji i zdrad. Wykorzystaj dyplomacj\u0119, szpiegostwo i polityczne manewry, aby rozszerzy\u0107 swoje wp\u0142ywy.<\/p>\n<\/div>\n<\/div>\n<\/div>\n<\/div>\n<\/div>\n","protected":false},"excerpt":{"rendered":"<table class=\"info-table\">\n<thead>\n<tr class=\"header-row\">\n<th>Status<\/th>\n<th>INFORMATION<\/th>\n<\/tr>\n<\/thead>\n<tbody>\n<tr>\n<td class=\"status-cell\">\n<div class=\"status-title\">\ud83d\ude80 IMMEDIATE DELIVERY<\/div>\n<div class=\"status-subtitle\">Get instant access<\/div>\n<\/td>\n<td class=\"info-cell\">\n<div class=\"info-box\">\n<div class=\"info-title\">ATTENTION<\/div>\n<div class=\"info-content\">READ THE DESCRIPTION<\/div>\n<\/div>\n<\/td>\n<\/tr>\n<tr>\n<td class=\"status-cell\">\n<div class=\"status-title\">\ud83d\udcb0 Is this site trustworthy?<\/div>\n<div class=\"status-subtitle\">+ 4 years selling games<\/div>\n<\/td>\n<td class=\"info-cell\">\n<div class=\"info-box\">\n<div class=\"info-title\">Acess:<\/div>\n<div class=\"info-content\">\n<div data-src=\"https:\/\/cdn.trustindex.io\/loader.js?7fd81be38eb695098c8683dcf1c\"><\/div>\n<\/div>\n<\/div>\n<\/td>\n<\/tr>\n<\/tbody>\n<\/table>\n","protected":false},"featured_media":7107230,"comment_status":"open","ping_status":"closed","template":"","meta":[],"product_brand":[],"product_cat":[746,650,889,770,805],"product_tag":[853],"class_list":{"0":"post-7107236","1":"product","2":"type-product","3":"status-publish","4":"has-post-thumbnail","6":"product_cat-akcja","7":"product_cat-gry","8":"product_cat-przedsprzedaz","9":"product_cat-rpg","10":"product_cat-strategiczne","11":"product_tag-sredniowiecze","13":"first","14":"instock","15":"downloadable","16":"virtual","17":"purchasable","18":"product-type-simple"},"exclude_global_add_ons":[],"addons":[],"_links":{"self":[{"href":"https:\/\/gamesbestprices.com\/pl\/wp-json\/wp\/v2\/product\/7107236","targetHints":{"allow":["GET"]}}],"collection":[{"href":"https:\/\/gamesbestprices.com\/pl\/wp-json\/wp\/v2\/product"}],"about":[{"href":"https:\/\/gamesbestprices.com\/pl\/wp-json\/wp\/v2\/types\/product"}],"replies":[{"embeddable":true,"href":"https:\/\/gamesbestprices.com\/pl\/wp-json\/wp\/v2\/comments?post=7107236"}],"wp:featuredmedia":[{"embeddable":true,"href":"https:\/\/gamesbestprices.com\/pl\/wp-json\/wp\/v2\/media\/7107230"}],"wp:attachment":[{"href":"https:\/\/gamesbestprices.com\/pl\/wp-json\/wp\/v2\/media?parent=7107236"}],"wp:term":[{"taxonomy":"product_brand","embeddable":true,"href":"https:\/\/gamesbestprices.com\/pl\/wp-json\/wp\/v2\/product_brand?post=7107236"},{"taxonomy":"product_cat","embeddable":true,"href":"https:\/\/gamesbestprices.com\/pl\/wp-json\/wp\/v2\/product_cat?post=7107236"},{"taxonomy":"product_tag","embeddable":true,"href":"https:\/\/gamesbestprices.com\/pl\/wp-json\/wp\/v2\/product_tag?post=7107236"}],"curies":[{"name":"wp","href":"https:\/\/api.w.org\/{rel}","templated":true}]}}