{"id":7107216,"date":"2026-04-09T10:18:28","date_gmt":"2026-04-09T10:18:28","guid":{"rendered":""},"modified":"2026-04-09T10:19:50","modified_gmt":"2026-04-09T10:19:50","slug":"the-cube-pc-steam-offline-pl","status":"publish","type":"product","link":"https:\/\/gamesbestprices.com\/pl\/produkt\/the-cube-pc-steam-offline-pl\/","title":{"rendered":"The Cube PC Steam Offline"},"content":{"rendered":"<p><!-- THE CUBE PC STEAM OFFLINE - Clean HTML with CSS Classes --><\/p>\n<div class=\"lies-of-p-container\">\n<p><!-- Main Banner --><\/p>\n<div class=\"lies-of-p-banner\">\n<h1>THE CUBE PC STEAM OFFLINE<\/h1>\n<p>Wejd\u017a do \u015bwiata, gdzie logika jest twoj\u0105 jedyn\u0105 broni\u0105. Czy zdo\u0142asz uciec z The Cube?<\/p>\n<\/div>\n<p><!-- Purchase Alert --><\/p>\n<div class=\"lies-of-p-alerta\">\u26a0\ufe0f WYZWIJ SW\u00d3J UMYS\u0141 &#8211; UCIEKNIJ Z THE CUBE! \u26a0\ufe0f<\/div>\n<p><!-- Offline Mode --><\/p>\n<div class=\"lies-of-p-offline\">\n<h3>\ud83c\udfae CIESZ SI\u0118 OFFLINE Z MAKSYMALNYMI OSZCZ\u0118DNO\u015aCIAMI! \ud83c\udfae<\/h3>\n<p>Ciesz si\u0119 trybem <strong>OFFLINE<\/strong> z absolutn\u0105 swobod\u0105!<\/p>\n<div class=\"lies-of-p-beneficios\">\n<p>\u2705 B\u0119dziesz korzysta\u0107 z <strong>DANYCH DOST\u0118POWYCH (JEDNO KONTO)<\/strong>, kt\u00f3re dostarczymy<\/p>\n<p>\u2705 <strong>GRAJ PRZEZ DOSTARCZONE KONTO<\/strong> bez przeszk\u00f3d<\/p>\n<p>\u2705 Pe\u0142ny dost\u0119p do tytu\u0142u i wszystkich \u0142atek<\/p>\n<\/div>\n<p class=\"lies-of-p-economia\">B\u0119dziesz m\u00f3g\u0142 gra\u0107 p\u0142ynnie, kiedy tylko zechcesz<\/p>\n<p class=\"lies-of-p-economia-destaque\">\ud83d\udcb0 OSZCZ\u0118DZAJ\u0104C DU\u017bO i \ud83c\udfaf BAWI\u0104C SI\u0118 \u015aWIETNIE!<\/p>\n<\/div>\n<p><!-- Promotional Video --><\/p>\n<div class=\"lies-of-p-video\">\n<h2>Obejrzyj zwiastun The Cube<\/h2>\n<div class=\"lies-of-p-video-container\">\n<div class=\"lies-of-p-video-responsive\"><iframe title=\"Odtwarzacz wideo YouTube\" src=\"https:\/\/www.youtube-nocookie.com\/embed\/YHHJM-KZfss\" frameborder=\"0\" allowfullscreen=\"allowfullscreen\"><\/iframe><\/div>\n<\/div>\n<\/div>\n<p><!-- System Requirements --><\/p>\n<div class=\"lies-of-p-requisitos\">\n<h2>Specyfikacje Systemowe<\/h2>\n<div class=\"lies-of-p-requisitos-grid\">\n<p><!-- Minimum Requirements --><\/p>\n<div class=\"lies-of-p-requisitos-box\">\n<h3>Minimalne<\/h3>\n<ul class=\"lies-of-p-requisitos-lista\">\n<li>\u25b9<strong>System Operacyjny:<\/strong> Do og\u0142oszenia<\/li>\n<li>\u25b9<strong>Procesor:<\/strong> Do og\u0142oszenia<\/li>\n<li>\u25b9<strong>Pami\u0119\u0107:<\/strong> Do og\u0142oszenia<\/li>\n<li>\u25b9<strong>Karta Graficzna:<\/strong> Do og\u0142oszenia<\/li>\n<li>\u25b9<strong>DirectX:<\/strong> Do og\u0142oszenia<\/li>\n<li>\u25b9<strong>Miejsce na Dysku:<\/strong> Do og\u0142oszenia<\/li>\n<\/ul>\n<\/div>\n<p><!-- Recommended Requirements --><\/p>\n<div class=\"lies-of-p-requisitos-box\">\n<h3>Zalecane<\/h3>\n<ul class=\"lies-of-p-requisitos-lista\">\n<li>\u25b9<strong>System Operacyjny:<\/strong> Do og\u0142oszenia<\/li>\n<li>\u25b9<strong>Procesor:<\/strong> Do og\u0142oszenia<\/li>\n<li>\u25b9<strong>Pami\u0119\u0107:<\/strong> Do og\u0142oszenia<\/li>\n<li>\u25b9<strong>Karta Graficzna:<\/strong> Do og\u0142oszenia<\/li>\n<li>\u25b9<strong>DirectX:<\/strong> Do og\u0142oszenia<\/li>\n<li>\u25b9<strong>Miejsce na Dysku:<\/strong> Do og\u0142oszenia<\/li>\n<\/ul>\n<\/div>\n<\/div>\n<\/div>\n<p><!-- About the Game --><\/p>\n<div class=\"lies-of-p-sobre\">\n<h2>O The Cube<\/h2>\n<p>Wejd\u017a do enigmatycznego \u015bwiata <strong>The Cube PC<\/strong>, wci\u0105gaj\u0105cej gry logicznej, kt\u00f3ra przetestuje Tw\u00f3j intelekt i rozumowanie przestrzenne jak nigdy dot\u0105d. W <strong>The Cube Steam<\/strong> jeste\u015b uwi\u0119ziony w z\u0142o\u017conej, ci\u0105gle zmieniaj\u0105cej si\u0119 strukturze, a Twoim jedynym celem jest znalezienie wyj\u015bcia.<\/p>\n<p>Ka\u017cda komnata przedstawia nowe wyzwanie, now\u0105 zagadk\u0119 do rozwi\u0105zania. Nawiguj po skomplikowanych mechanizmach, rozszyfrowuj zagadkowe wskaz\u00f3wki i manipuluj otoczeniem, aby odblokowa\u0107 drog\u0119 naprz\u00f3d w <strong>The Cube for PC<\/strong>. Z ka\u017cdym udanym krokiem zag\u0142\u0119biasz si\u0119 w tajemnice tego zagadkowego wi\u0119zienia.<\/p>\n<p><strong>\u201eLogika jest kluczem. Przetrwanie jest nagrod\u0105.\u201d<\/strong><\/p>\n<\/div>\n<p><!-- Features in Cards --><\/p>\n<div class=\"lies-of-p-destaques\">\n<h2>Cechy Gry<\/h2>\n<div class=\"lies-of-p-cards-grid\">\n<p><!-- Card 1: Mind-Bending Puzzles --><\/p>\n<div class=\"lies-of-p-card\">\n<p><img decoding=\"async\" title=\"The Cube PC - Wci\u0105gaj\u0105ce Zagadki\" src=\"https:\/\/via.placeholder.com\/300x150?text=Wci\u0105gaj\u0105ce+Zagadki\" alt=\"The Cube PC Steam Offline - Wci\u0105gaj\u0105ce Zagadki\" \/><\/p>\n<div class=\"lies-of-p-card-content\">\n<h3>WCI\u0104GAJ\u0104CE ZAGADKI<\/h3>\n<p>Zmierz si\u0119 z szerok\u0105 gam\u0105 unikalnych i wymagaj\u0105cych zagadek, kt\u00f3re wymagaj\u0105 kreatywno\u015bci i bystrych umiej\u0119tno\u015bci analitycznych.<\/p>\n<\/div>\n<\/div>\n<p><!-- Card 2: Dynamic Environment --><\/p>\n<div class=\"lies-of-p-card\">\n<p><img decoding=\"async\" title=\"The Cube Steam - Dynamiczne \u015arodowisko\" src=\"https:\/\/via.placeholder.com\/300x150?text=Dynamiczne+\u015arodowisko\" alt=\"Kup The Cube PC - Dynamiczne \u015arodowisko\" \/><\/p>\n<div class=\"lies-of-p-card-content\">\n<h3>DYNAMICZNE \u015aRODOWISKO<\/h3>\n<p>Odkrywaj ci\u0105gle ewoluuj\u0105c\u0105 struktur\u0119, gdzie pomieszczenia si\u0119 zmieniaj\u0105, \u015bciany przesuwaj\u0105, a nowe \u015bcie\u017cki pojawiaj\u0105 si\u0119 w miar\u0119 post\u0119p\u00f3w.<\/p>\n<\/div>\n<\/div>\n<p><!-- Card 3: Immersive Atmosphere --><\/p>\n<div class=\"lies-of-p-card\">\n<p><img decoding=\"async\" title=\"The Cube - Wci\u0105gaj\u0105ca Atmosfera\" src=\"https:\/\/via.placeholder.com\/300x150?text=Wci\u0105gaj\u0105ca+Atmosfera\" alt=\"The Cube na PC - Wci\u0105gaj\u0105ca Atmosfera\" \/><\/p>\n<div class=\"lies-of-p-card-content\">\n<h3>WCI\u0104GAJ\u0104CA ATMOSFERA<\/h3>\n<p>Zatra\u0107 si\u0119 w minimalistycznej, lecz urzekaj\u0105cej estetyce i ambientowym projekcie d\u017awi\u0119kowym tajemniczego wn\u0119trza The Cube.<\/p>\n<\/div>\n<\/div>\n<\/div>\n<\/div>\n<\/div>\n","protected":false},"excerpt":{"rendered":"<table class=\"info-table\">\n<thead>\n<tr class=\"header-row\">\n<th>Status<\/th>\n<th>INFORMATION<\/th>\n<\/tr>\n<\/thead>\n<tbody>\n<tr>\n<td class=\"status-cell\">\n<div class=\"status-title\">\ud83d\ude80 IMMEDIATE DELIVERY<\/div>\n<div class=\"status-subtitle\">Get instant access<\/div>\n<\/td>\n<td class=\"info-cell\">\n<div class=\"info-box\">\n<div class=\"info-title\">ATTENTION<\/div>\n<div class=\"info-content\">READ THE DESCRIPTION<\/div>\n<\/div>\n<\/td>\n<\/tr>\n<tr>\n<td class=\"status-cell\">\n<div class=\"status-title\">\ud83d\udcb0 Is this site trustworthy?<\/div>\n<div class=\"status-subtitle\">+ 4 years selling games<\/div>\n<\/td>\n<td class=\"info-cell\">\n<div class=\"info-box\">\n<div class=\"info-title\">Acess:<\/div>\n<div class=\"info-content\">\n<div data-src=\"https:\/\/cdn.trustindex.io\/loader.js?7fd81be38eb695098c8683dcf1c\"><\/div>\n<\/div>\n<\/div>\n<\/td>\n<\/tr>\n<\/tbody>\n<\/table>\n","protected":false},"featured_media":7107210,"comment_status":"open","ping_status":"closed","template":"","meta":[],"product_brand":[],"product_cat":[650,889,747],"product_tag":[869],"class_list":{"0":"post-7107216","1":"product","2":"type-product","3":"status-publish","4":"has-post-thumbnail","6":"product_cat-gry","7":"product_cat-przedsprzedaz","8":"product_cat-przygodowe","9":"product_tag-logiczne","11":"first","12":"instock","13":"downloadable","14":"virtual","15":"purchasable","16":"product-type-simple"},"exclude_global_add_ons":[],"addons":[],"_links":{"self":[{"href":"https:\/\/gamesbestprices.com\/pl\/wp-json\/wp\/v2\/product\/7107216","targetHints":{"allow":["GET"]}}],"collection":[{"href":"https:\/\/gamesbestprices.com\/pl\/wp-json\/wp\/v2\/product"}],"about":[{"href":"https:\/\/gamesbestprices.com\/pl\/wp-json\/wp\/v2\/types\/product"}],"replies":[{"embeddable":true,"href":"https:\/\/gamesbestprices.com\/pl\/wp-json\/wp\/v2\/comments?post=7107216"}],"wp:featuredmedia":[{"embeddable":true,"href":"https:\/\/gamesbestprices.com\/pl\/wp-json\/wp\/v2\/media\/7107210"}],"wp:attachment":[{"href":"https:\/\/gamesbestprices.com\/pl\/wp-json\/wp\/v2\/media?parent=7107216"}],"wp:term":[{"taxonomy":"product_brand","embeddable":true,"href":"https:\/\/gamesbestprices.com\/pl\/wp-json\/wp\/v2\/product_brand?post=7107216"},{"taxonomy":"product_cat","embeddable":true,"href":"https:\/\/gamesbestprices.com\/pl\/wp-json\/wp\/v2\/product_cat?post=7107216"},{"taxonomy":"product_tag","embeddable":true,"href":"https:\/\/gamesbestprices.com\/pl\/wp-json\/wp\/v2\/product_tag?post=7107216"}],"curies":[{"name":"wp","href":"https:\/\/api.w.org\/{rel}","templated":true}]}}