{"id":7107206,"date":"2026-04-09T10:16:56","date_gmt":"2026-04-09T10:16:56","guid":{"rendered":""},"modified":"2026-04-09T10:18:12","modified_gmt":"2026-04-09T10:18:12","slug":"subnautica-2-pc-steam-offline-pl","status":"publish","type":"product","link":"https:\/\/gamesbestprices.com\/pl\/produkt\/subnautica-2-pc-steam-offline-pl\/","title":{"rendered":"Subnautica 2 PC Steam Offline"},"content":{"rendered":"<p><!-- SUBNAUTICA 2 PC STEAM OFFLINE - Czysty HTML z klasami CSS --><\/p>\n<div class=\"lies-of-p-container\">\n<p><!-- G\u0142\u00f3wny baner --><\/p>\n<div class=\"lies-of-p-banner\">\n<h1>SUBNAUTICA 2 PC STEAM OFFLINE<\/h1>\n<p>Zanurkuj g\u0142\u0119biej w obcy ocean. Rozpoczyna si\u0119 kolejny rozdzia\u0142 podwodnego przetrwania.<\/p>\n<\/div>\n<p><!-- Alert zakupu --><\/p>\n<div class=\"lies-of-p-alerta\">\u26a0\ufe0f ODKRYJ NOWE G\u0141\u0118BINY &#8211; NAJLEPSZA PODWODNA PRZYGODA! \u26a0\ufe0f<\/div>\n<p><!-- Tryb offline --><\/p>\n<div class=\"lies-of-p-offline\">\n<h3>\ud83c\udfae CIESZ SI\u0118 OFFLINE Z MAKSYMALNYMI OSZCZ\u0118DNO\u015aCIAMI! \ud83c\udfae<\/h3>\n<p>Ciesz si\u0119 trybem <strong>OFFLINE<\/strong> z absolutn\u0105 swobod\u0105!<\/p>\n<div class=\"lies-of-p-beneficios\">\n<p>\u2705 U\u017cyjesz <strong>DANYCH DOST\u0118POWYCH (POJEDYNCZE KONTO)<\/strong>, kt\u00f3re udost\u0119pnimy<\/p>\n<p>\u2705 <strong>GRAJ PRZEZ UDOST\u0118PNIONE KONTO<\/strong> bez przeszk\u00f3d<\/p>\n<p>\u2705 Pe\u0142ny dost\u0119p do tytu\u0142u i wszystkich \u0142atek<\/p>\n<\/div>\n<p class=\"lies-of-p-economia\">B\u0119dziesz m\u00f3g\u0142 gra\u0107 p\u0142ynnie, kiedy tylko zechcesz<\/p>\n<p class=\"lies-of-p-economia-destaque\">\ud83d\udcb0 OSZCZ\u0118DZAJ\u0104C DU\u017bO i \ud83c\udfaf BAWI\u0104C SI\u0118 \u015aWIETNIE!<\/p>\n<\/div>\n<p><!-- Wideo promocyjne --><\/p>\n<div class=\"lies-of-p-video\">\n<h2>Obejrzyj zwiastun Subnautica 2<\/h2>\n<div class=\"lies-of-p-video-container\">\n<div class=\"lies-of-p-video-responsive\"><iframe title=\"YouTube video player\" src=\"https:\/\/www.youtube-nocookie.com\/embed\/MDO_VxUSOGI\" frameborder=\"0\" allowfullscreen=\"allowfullscreen\"><\/iframe><\/div>\n<\/div>\n<\/div>\n<p><!-- Wymagania systemowe --><\/p>\n<div class=\"lies-of-p-requisitos\">\n<h2>Specyfikacje systemowe<\/h2>\n<div class=\"lies-of-p-requisitos-grid\">\n<p><!-- Wymagania minimalne --><\/p>\n<div class=\"lies-of-p-requisitos-box\">\n<h3>Minimalne<\/h3>\n<ul class=\"lies-of-p-requisitos-lista\">\n<li>\u25b9<strong>OS:<\/strong> Do og\u0142oszenia<\/li>\n<li>\u25b9<strong>Processor:<\/strong> Do og\u0142oszenia<\/li>\n<li>\u25b9<strong>Memory:<\/strong> Do og\u0142oszenia<\/li>\n<li>\u25b9<strong>Graphics Card:<\/strong> Do og\u0142oszenia<\/li>\n<li>\u25b9<strong>DirectX:<\/strong> Do og\u0142oszenia<\/li>\n<li>\u25b9<strong>Storage:<\/strong> Do og\u0142oszenia<\/li>\n<\/ul>\n<\/div>\n<p><!-- Wymagania zalecane --><\/p>\n<div class=\"lies-of-p-requisitos-box\">\n<h3>Zalecane<\/h3>\n<ul class=\"lies-of-p-requisitos-lista\">\n<li>\u25b9<strong>OS:<\/strong> Do og\u0142oszenia<\/li>\n<li>\u25b9<strong>Processor:<\/strong> Do og\u0142oszenia<\/li>\n<li>\u25b9<strong>Memory:<\/strong> Do og\u0142oszenia<\/li>\n<li>\u25b9<strong>Graphics Card:<\/strong> Do og\u0142oszenia<\/li>\n<li>\u25b9<strong>DirectX:<\/strong> Do og\u0142oszenia<\/li>\n<li>\u25b9<strong>Storage:<\/strong> Do og\u0142oszenia<\/li>\n<\/ul>\n<\/div>\n<\/div>\n<\/div>\n<p><!-- O grze --><\/p>\n<div class=\"lies-of-p-sobre\">\n<h2>O Subnautica 2<\/h2>\n<p><strong>Ocean wzywa. Co odkryjesz?<\/strong><\/p>\n<p>Kupno <strong>Subnautica 2 PC<\/strong> oznacza wyruszenie w now\u0105 podr\u00f3\u017c w nieznane g\u0142\u0119biny obcego oceanu. Przygotuj si\u0119 na zapieraj\u0105ce dech w piersiach cuda i przera\u017caj\u0105ce niebezpiecze\u0144stwa w <strong>Subnautica 2 Steam<\/strong>.<\/p>\n<p>Opieraj\u0105c si\u0119 na uznanych podstawach, <strong>Subnautica 2 for PC<\/strong> obiecuje jeszcze bardziej rozleg\u0142y \u015bwiat, ulepszone budowanie baz i g\u0142\u0119bsz\u0105 fabu\u0142\u0119. Eksploruj t\u0119tni\u0105ce \u017cyciem biomy, spotykaj nowe gatunki i odkrywaj sekrety rozleg\u0142ej, niezbadanej wodnej planety.<\/p>\n<p><strong>\u201eRozpoczyna si\u0119 kolejny rozdzia\u0142 podwodnego przetrwania.\u201d<\/strong><\/p>\n<\/div>\n<p><!-- Funkcje w kartach --><\/p>\n<div class=\"lies-of-p-destaques\">\n<h2>Cechy gry<\/h2>\n<div class=\"lies-of-p-cards-grid\">\n<p><!-- Karta 1: Rozleg\u0142y obcy ocean --><\/p>\n<div class=\"lies-of-p-card\">\n<p><img decoding=\"async\" title=\"Subnautica 2 PC - Rozleg\u0142y Obcy Ocean\" src=\"https:\/\/shared.fastly.steamstatic.com\/store_item_assets\/steam\/apps\/3764200\/extras\/Steam_GIF_01_RE.gif?t=1750810100\" alt=\"Subnautica 2 PC Steam Offline - Rozleg\u0142y Obcy Ocean\" \/><\/p>\n<div class=\"lies-of-p-card-content\">\n<h3>ROZLEG\u0141Y OBCY OCEAN<\/h3>\n<p>Zanurkuj w rozleg\u0142ym, proceduralnie generowanym obcym oceanie, t\u0119tni\u0105cym \u017cyciem, od spokojnych raf koralowych po przera\u017caj\u0105ce rowy abisalne.<\/p>\n<\/div>\n<\/div>\n<p><!-- Karta 2: Ulepszone przetrwanie i rzemios\u0142o --><\/p>\n<div class=\"lies-of-p-card\">\n<p><img decoding=\"async\" title=\"Subnautica 2 Steam - Ulepszone Przetrwanie i Rzemios\u0142o\" src=\"https:\/\/shared.fastly.steamstatic.com\/store_item_assets\/steam\/apps\/3764200\/extras\/Steam_GIF_02.gif?t=1750810100\" alt=\"Kup Subnautica 2 PC - Ulepszone Przetrwanie i Rzemios\u0142o\" \/><\/p>\n<div class=\"lies-of-p-card-content\">\n<h3>ULEPSZONE PRZETRWANIE I RZEMIOS\u0141O<\/h3>\n<p>Zbieraj zasoby, wytwarzaj niezb\u0119dne narz\u0119dzia, buduj modu\u0142owe podwodne bazy i zarz\u0105dzaj tlenem, g\u0142odem i pragnieniem, aby przetrwa\u0107.<\/p>\n<\/div>\n<\/div>\n<p><!-- Karta 3: Rozwi\u0105\u017c zagadk\u0119 --><\/p>\n<div class=\"lies-of-p-card\">\n<p><img decoding=\"async\" title=\"Subnautica 2 - Rozwi\u0105\u017c Zagadk\u0119\" src=\"https:\/\/shared.fastly.steamstatic.com\/store_item_assets\/steam\/apps\/3764200\/extras\/Steam_GIF_04.gif?t=1750810100\" alt=\"Subnautica 2 for PC - Rozwi\u0105\u017c Zagadk\u0119\" \/><\/p>\n<div class=\"lies-of-p-card-content\">\n<h3>ROZWI\u0104\u017b ZAGADK\u0118<\/h3>\n<p>Odkryj wci\u0105gaj\u0105c\u0105 narracj\u0119, posk\u0142adaj wskaz\u00f3wki dotycz\u0105ce staro\u017cytnej obcej cywilizacji i zrozum swoje przeznaczenie na tym wodnym \u015bwiecie.<\/p>\n<\/div>\n<\/div>\n<\/div>\n<\/div>\n<\/div>\n","protected":false},"excerpt":{"rendered":"<table class=\"info-table\">\n<thead>\n<tr class=\"header-row\">\n<th>Status<\/th>\n<th>INFORMATION<\/th>\n<\/tr>\n<\/thead>\n<tbody>\n<tr>\n<td class=\"status-cell\">\n<div class=\"status-title\">\ud83d\ude80 IMMEDIATE DELIVERY<\/div>\n<div class=\"status-subtitle\">Get instant access<\/div>\n<\/td>\n<td class=\"info-cell\">\n<div class=\"info-box\">\n<div class=\"info-title\">ATTENTION<\/div>\n<div class=\"info-content\">READ THE DESCRIPTION<\/div>\n<\/div>\n<\/td>\n<\/tr>\n<tr>\n<td class=\"status-cell\">\n<div class=\"status-title\">\ud83d\udcb0 Is this site trustworthy?<\/div>\n<div class=\"status-subtitle\">+ 4 years selling games<\/div>\n<\/td>\n<td class=\"info-cell\">\n<div class=\"info-box\">\n<div class=\"info-title\">Acess:<\/div>\n<div class=\"info-content\">\n<div data-src=\"https:\/\/cdn.trustindex.io\/loader.js?7fd81be38eb695098c8683dcf1c\"><\/div>\n<\/div>\n<\/div>\n<\/td>\n<\/tr>\n<\/tbody>\n<\/table>\n","protected":false},"featured_media":7107200,"comment_status":"open","ping_status":"closed","template":"","meta":[],"product_brand":[],"product_cat":[650,889,747],"product_tag":[687,657],"class_list":{"0":"post-7107206","1":"product","2":"type-product","3":"status-publish","4":"has-post-thumbnail","6":"product_cat-gry","7":"product_cat-przedsprzedaz","8":"product_cat-przygodowe","9":"product_tag-otwarty-swiat","10":"product_tag-survivalowe","12":"first","13":"instock","14":"downloadable","15":"virtual","16":"purchasable","17":"product-type-simple"},"exclude_global_add_ons":[],"addons":[],"_links":{"self":[{"href":"https:\/\/gamesbestprices.com\/pl\/wp-json\/wp\/v2\/product\/7107206","targetHints":{"allow":["GET"]}}],"collection":[{"href":"https:\/\/gamesbestprices.com\/pl\/wp-json\/wp\/v2\/product"}],"about":[{"href":"https:\/\/gamesbestprices.com\/pl\/wp-json\/wp\/v2\/types\/product"}],"replies":[{"embeddable":true,"href":"https:\/\/gamesbestprices.com\/pl\/wp-json\/wp\/v2\/comments?post=7107206"}],"wp:featuredmedia":[{"embeddable":true,"href":"https:\/\/gamesbestprices.com\/pl\/wp-json\/wp\/v2\/media\/7107200"}],"wp:attachment":[{"href":"https:\/\/gamesbestprices.com\/pl\/wp-json\/wp\/v2\/media?parent=7107206"}],"wp:term":[{"taxonomy":"product_brand","embeddable":true,"href":"https:\/\/gamesbestprices.com\/pl\/wp-json\/wp\/v2\/product_brand?post=7107206"},{"taxonomy":"product_cat","embeddable":true,"href":"https:\/\/gamesbestprices.com\/pl\/wp-json\/wp\/v2\/product_cat?post=7107206"},{"taxonomy":"product_tag","embeddable":true,"href":"https:\/\/gamesbestprices.com\/pl\/wp-json\/wp\/v2\/product_tag?post=7107206"}],"curies":[{"name":"wp","href":"https:\/\/api.w.org\/{rel}","templated":true}]}}