{"id":7107196,"date":"2026-04-09T10:15:24","date_gmt":"2026-04-09T10:15:24","guid":{"rendered":""},"modified":"2026-04-09T10:16:38","modified_gmt":"2026-04-09T10:16:38","slug":"resonance-a-plague-tale-legacy-pc-steam-offline-pl","status":"publish","type":"product","link":"https:\/\/gamesbestprices.com\/pl\/produkt\/resonance-a-plague-tale-legacy-pc-steam-offline-pl\/","title":{"rendered":"Resonance A Plague Tale Legacy PC Steam Offline"},"content":{"rendered":"<div class=\"lies-of-p-container\">\n<p><!-- G\u0142\u00f3wny Baner --><\/p>\n<div class=\"lies-of-p-banner\">\n<h1>RESONANCE A PLAGUE TALE LEGACY PC STEAM OFFLINE<\/h1>\n<p>Nowy rozdzia\u0142 w wstrz\u0105saj\u0105cej opowie\u015bci o przetrwaniu, dziedzictwie i nadziei.<\/p>\n<\/div>\n<p><!-- Alert Zakupu --><\/p>\n<div class=\"lies-of-p-alerta\">\u26a0\ufe0f PRZYJMIJ DZIEDZICTWO &#8211; WCI\u0104GAJ\u0104CA NOWA PRZYGODA! \u26a0\ufe0f<\/div>\n<p><!-- Tryb Offline --><\/p>\n<div class=\"lies-of-p-offline\">\n<h3>\ud83c\udfae CIESZ SI\u0118 OFFLINE Z MAKSYMALNYMI OSZCZ\u0118DNO\u015aCIAMI! \ud83c\udfae<\/h3>\n<p>Ciesz si\u0119 trybem <strong>OFFLINE<\/strong> z absolutn\u0105 swobod\u0105!<\/p>\n<div class=\"lies-of-p-beneficios\">\n<p>\u2705 B\u0119dziesz korzysta\u0107 z <strong>DANYCH DOST\u0118POWYCH (JEDNO KONTO)<\/strong>, kt\u00f3re udost\u0119pnimy<\/p>\n<p>\u2705 <strong>GRAJ PRZEZ UDOST\u0118PNIONE KONTO<\/strong> bez przeszk\u00f3d<\/p>\n<p>\u2705 Pe\u0142ny dost\u0119p do tytu\u0142u i wszystkich \u0142atek<\/p>\n<\/div>\n<p class=\"lies-of-p-economia\">B\u0119dziesz m\u00f3g\u0142 gra\u0107 p\u0142ynnie, kiedy tylko zechcesz<\/p>\n<p class=\"lies-of-p-economia-destaque\">\ud83d\udcb0 OSZCZ\u0118DZAJ\u0104C DU\u017bO i \ud83c\udfaf BAWI\u0104C SI\u0118 \u015aWIETNIE!<\/p>\n<\/div>\n<p><!-- Film Promocyjny --><\/p>\n<div class=\"lies-of-p-video\">\n<h2>Obejrzyj zwiastun Resonance A Plague Tale Legacy<\/h2>\n<div class=\"lies-of-p-video-container\">\n<div class=\"lies-of-p-video-responsive\"><iframe title=\"Odtwarzacz wideo YouTube\" src=\"https:\/\/www.youtube-nocookie.com\/embed\/6lCzpRkoFjw\" frameborder=\"0\" allowfullscreen=\"allowfullscreen\"><\/iframe><\/div>\n<\/div>\n<\/div>\n<p><!-- Wymagania Systemowe --><\/p>\n<div class=\"lies-of-p-requisitos\">\n<h2>Specyfikacje Systemowe<\/h2>\n<div class=\"lies-of-p-requisitos-grid\">\n<p><!-- Wymagania Minimalne --><\/p>\n<div class=\"lies-of-p-requisitos-box\">\n<h3>Minimalne<\/h3>\n<ul class=\"lies-of-p-requisitos-lista\">\n<li>\u25b9<strong>System Operacyjny:<\/strong> Do og\u0142oszenia<\/li>\n<li>\u25b9<strong>Procesor:<\/strong> Do og\u0142oszenia<\/li>\n<li>\u25b9<strong>Pami\u0119\u0107:<\/strong> Do og\u0142oszenia<\/li>\n<li>\u25b9<strong>Karta Graficzna:<\/strong> Do og\u0142oszenia<\/li>\n<li>\u25b9<strong>DirectX:<\/strong> Do og\u0142oszenia<\/li>\n<li>\u25b9<strong>Miejsce na Dysku:<\/strong> Do og\u0142oszenia<\/li>\n<\/ul>\n<\/div>\n<p><!-- Wymagania Zalecane --><\/p>\n<div class=\"lies-of-p-requisitos-box\">\n<h3>Zalecane<\/h3>\n<ul class=\"lies-of-p-requisitos-lista\">\n<li>\u25b9<strong>System Operacyjny:<\/strong> Do og\u0142oszenia<\/li>\n<li>\u25b9<strong>Procesor:<\/strong> Do og\u0142oszenia<\/li>\n<li>\u25b9<strong>Pami\u0119\u0107:<\/strong> Do og\u0142oszenia<\/li>\n<li>\u25b9<strong>Karta Graficzna:<\/strong> Do og\u0142oszenia<\/li>\n<li>\u25b9<strong>DirectX:<\/strong> Do og\u0142oszenia<\/li>\n<li>\u25b9<strong>Miejsce na Dysku:<\/strong> Do og\u0142oszenia<\/li>\n<\/ul>\n<\/div>\n<\/div>\n<\/div>\n<p><!-- O Grze --><\/p>\n<div class=\"lies-of-p-sobre\">\n<h2>O Resonance A Plague Tale Legacy<\/h2>\n<p><strong>Plaga trwa. Dziedzictwo si\u0119 rozpoczyna.<\/strong><\/p>\n<p>Kupno <strong>Resonance A Plague Tale Legacy PC<\/strong> zanurza Ci\u0119 w nowy, emocjonalnie na\u0142adowany rozdzia\u0142 uznanej serii. Pod\u0105\u017caj za nowymi bohaterami lub ponownie spotkaj znajome twarze, gdy poruszaj\u0105 si\u0119 po brutalnym, opanowanym przez plag\u0119 \u015bredniowiecznym \u015bwiecie, walcz\u0105c o przetrwanie w obliczu przyt\u0142aczaj\u0105cych przeciwno\u015bci.<\/p>\n<p><strong>Resonance A Plague Tale Legacy Steam<\/strong> dostarcza zapieraj\u0105c\u0105 dech w piersiach narracj\u0119, \u0142\u0105cz\u0105c skradanie si\u0119, desperack\u0105 walk\u0119 i zagadki \u015brodowiskowe. Do\u015bwiadcz surowego pi\u0119kna i horroru \u015bwiata na kraw\u0119dzi, gdzie wi\u0119\u017a mi\u0119dzy postaciami jest Twoj\u0105 najwi\u0119ksz\u0105 si\u0142\u0105 przeciwko zagro\u017ceniom zar\u00f3wno ze strony ludzi, jak i szczur\u00f3w.<\/p>\n<p>Przygotuj si\u0119 na podr\u00f3\u017c, kt\u00f3ra przetestuje Twoj\u0105 odwag\u0119 i na nowo zdefiniuje, co to znaczy nie\u015b\u0107 dziedzictwo w <strong>Resonance A Plague Tale Legacy na PC<\/strong>.<\/p>\n<\/div>\n<p><!-- Cechy Gry w Kartach --><\/p>\n<div class=\"lies-of-p-destaques\">\n<h2>Cechy Gry<\/h2>\n<div class=\"lies-of-p-cards-grid\">\n<p><!-- Karta 1: Emocjonalna Narracja --><\/p>\n<div class=\"lies-of-p-card\">\n<p><img decoding=\"async\" title=\"Resonance A Plague Tale Legacy PC - Emocjonalna Historia\" src=\"https:\/\/shared.cloudflare.steamstatic.com\/store_item_assets\/steam\/apps\/1449670\/ss_49e8a71994b29215d2a912643a6d713361287955.1920x1080.jpg?t=1708611848\" alt=\"Resonance A Plague Tale Legacy PC Steam Offline - G\u0142\u0119boka Emocjonalna Narracja\" \/><\/p>\n<div class=\"lies-of-p-card-content\">\n<h3>G\u0141\u0118BOKA EMOCJONALNA NARRACJA<\/h3>\n<p>Wyrusz w wzruszaj\u0105c\u0105 podr\u00f3\u017c przez pi\u0119knie ponury \u015bwiat, nap\u0119dzan\u0105 pot\u0119\u017cn\u0105 histori\u0105 rodziny, po\u015bwi\u0119cenia i odporno\u015bci.<\/p>\n<\/div>\n<\/div>\n<p><!-- Karta 2: Skradanie i Przetrwanie --><\/p>\n<div class=\"lies-of-p-card\">\n<p><img decoding=\"async\" title=\"Resonance A Plague Tale Legacy Steam - Rozgrywka Skradankowa\" src=\"https:\/\/shared.cloudflare.steamstatic.com\/store_item_assets\/steam\/apps\/1449670\/ss_91152a5531b2505586618d36006f0e6c5517173e.1920x1080.jpg?t=1708611848\" alt=\"Kup Resonance A Plague Tale Legacy PC - Skradanie i Przetrwanie\" \/><\/p>\n<div class=\"lies-of-p-card-content\">\n<h3>OPANUJ SKRADANIE I PRZETRWANIE<\/h3>\n<p>Wykorzystaj spryt, manipulacj\u0119 \u015brodowiskiem i ograniczone zasoby, aby przechytrzy\u0107 wrog\u00f3w i porusza\u0107 si\u0119 w\u015br\u00f3d hord \u015bmierciono\u015bnych szczur\u00f3w.<\/p>\n<\/div>\n<\/div>\n<p><!-- Karta 3: \u015awiat Zniszczony przez Plag\u0119 --><\/p>\n<div class=\"lies-of-p-card\">\n<p><img decoding=\"async\" title=\"Resonance A Plague Tale Legacy - \u015awiat Opanowany przez Plag\u0119\" src=\"https:\/\/shared.cloudflare.steamstatic.com\/store_item_assets\/steam\/apps\/1449670\/ss_868512592518e3295964894676644f2e519c286e.1920x1080.jpg?t=1708611848\" alt=\"Resonance A Plague Tale Legacy na PC - Ponura \u015aredniowieczna Sceneria\" \/><\/p>\n<div class=\"lies-of-p-card-content\">\n<h3>PONURA \u015aREDNIOWIECZNA SCENERIA<\/h3>\n<p>Odkrywaj osza\u0142amiaj\u0105ce, lecz przera\u017caj\u0105ce krajobrazy, od zrujnowanych wiosek po wspania\u0142e katedry, wszystko w cieniu Czarnej \u015amierci.<\/p>\n<\/div>\n<\/div>\n<\/div>\n<\/div>\n<\/div>\n","protected":false},"excerpt":{"rendered":"<table class=\"info-table\">\n<thead>\n<tr class=\"header-row\">\n<th>Status<\/th>\n<th>INFORMATION<\/th>\n<\/tr>\n<\/thead>\n<tbody>\n<tr>\n<td class=\"status-cell\">\n<div class=\"status-title\">\ud83d\ude80 IMMEDIATE DELIVERY<\/div>\n<div class=\"status-subtitle\">Get instant access<\/div>\n<\/td>\n<td class=\"info-cell\">\n<div class=\"info-box\">\n<div class=\"info-title\">ATTENTION<\/div>\n<div class=\"info-content\">READ THE DESCRIPTION<\/div>\n<\/div>\n<\/td>\n<\/tr>\n<tr>\n<td class=\"status-cell\">\n<div class=\"status-title\">\ud83d\udcb0 Is this site trustworthy?<\/div>\n<div class=\"status-subtitle\">+ 4 years selling games<\/div>\n<\/td>\n<td class=\"info-cell\">\n<div class=\"info-box\">\n<div class=\"info-title\">Acess:<\/div>\n<div class=\"info-content\">\n<div data-src=\"https:\/\/cdn.trustindex.io\/loader.js?7fd81be38eb695098c8683dcf1c\"><\/div>\n<\/div>\n<\/div>\n<\/td>\n<\/tr>\n<\/tbody>\n<\/table>\n","protected":false},"featured_media":7107190,"comment_status":"open","ping_status":"closed","template":"","meta":[],"product_brand":[],"product_cat":[746,650,889,747],"product_tag":[],"class_list":{"0":"post-7107196","1":"product","2":"type-product","3":"status-publish","4":"has-post-thumbnail","6":"product_cat-akcja","7":"product_cat-gry","8":"product_cat-przedsprzedaz","9":"product_cat-przygodowe","11":"first","12":"instock","13":"downloadable","14":"virtual","15":"purchasable","16":"product-type-simple"},"exclude_global_add_ons":[],"addons":[],"_links":{"self":[{"href":"https:\/\/gamesbestprices.com\/pl\/wp-json\/wp\/v2\/product\/7107196","targetHints":{"allow":["GET"]}}],"collection":[{"href":"https:\/\/gamesbestprices.com\/pl\/wp-json\/wp\/v2\/product"}],"about":[{"href":"https:\/\/gamesbestprices.com\/pl\/wp-json\/wp\/v2\/types\/product"}],"replies":[{"embeddable":true,"href":"https:\/\/gamesbestprices.com\/pl\/wp-json\/wp\/v2\/comments?post=7107196"}],"wp:featuredmedia":[{"embeddable":true,"href":"https:\/\/gamesbestprices.com\/pl\/wp-json\/wp\/v2\/media\/7107190"}],"wp:attachment":[{"href":"https:\/\/gamesbestprices.com\/pl\/wp-json\/wp\/v2\/media?parent=7107196"}],"wp:term":[{"taxonomy":"product_brand","embeddable":true,"href":"https:\/\/gamesbestprices.com\/pl\/wp-json\/wp\/v2\/product_brand?post=7107196"},{"taxonomy":"product_cat","embeddable":true,"href":"https:\/\/gamesbestprices.com\/pl\/wp-json\/wp\/v2\/product_cat?post=7107196"},{"taxonomy":"product_tag","embeddable":true,"href":"https:\/\/gamesbestprices.com\/pl\/wp-json\/wp\/v2\/product_tag?post=7107196"}],"curies":[{"name":"wp","href":"https:\/\/api.w.org\/{rel}","templated":true}]}}