{"id":7107186,"date":"2026-04-09T10:13:48","date_gmt":"2026-04-09T10:13:48","guid":{"rendered":""},"modified":"2026-04-09T10:15:03","modified_gmt":"2026-04-09T10:15:03","slug":"onimusha-way-of-the-sword-pc-steam-offline-pl","status":"publish","type":"product","link":"https:\/\/gamesbestprices.com\/pl\/produkt\/onimusha-way-of-the-sword-pc-steam-offline-pl\/","title":{"rendered":"Onimusha Way of the Sword PC Steam Offline"},"content":{"rendered":"<p><!-- ONIMUSHA WAY OF THE SWORD PC Steam Offline - Clean HTML with CSS Classes --><\/p>\n<div class=\"lies-of-p-container\">\n<p><!-- Main Banner --><\/p>\n<div class=\"lies-of-p-banner\">\n<h1>ONIMUSHA WAY OF THE SWORD PC STEAM OFFLINE<\/h1>\n<p>Uwolnij moc Oni i wytycz swoj\u0105 \u015bcie\u017ck\u0119 przez opanowan\u0105 przez demony Japoni\u0119.<\/p>\n<\/div>\n<p><!-- Purchase Alert --><\/p>\n<div class=\"lies-of-p-alerta\">\u2694\ufe0f OPANUJ MIECZ &#8211; POKONAJ DEMONY! \u2694\ufe0f<\/div>\n<p><!-- Offline Mode --><\/p>\n<div class=\"lies-of-p-offline\">\n<h3>\ud83c\udfae CIESZ SI\u0118 OFFLINE Z MAKSYMALNYMI OSZCZ\u0118DNO\u015aCIAMI! \ud83c\udfae<\/h3>\n<p>Ciesz si\u0119 trybem <strong>OFFLINE<\/strong> z absolutn\u0105 swobod\u0105!<\/p>\n<div class=\"lies-of-p-beneficios\">\n<p>\u2705 B\u0119dziesz korzysta\u0107 z <strong>DANYCH DOST\u0118POWYCH (JEDNO KONTO)<\/strong>, kt\u00f3re udost\u0119pnimy<\/p>\n<p>\u2705 <strong>GRAJ PRZEZ UDOST\u0118PNIONE KONTO<\/strong> bez przeszk\u00f3d<\/p>\n<p>\u2705 Pe\u0142ny dost\u0119p do tytu\u0142u i wszystkich \u0142atek<\/p>\n<\/div>\n<p class=\"lies-of-p-economia\">B\u0119dziesz m\u00f3g\u0142 gra\u0107 p\u0142ynnie, kiedy tylko zechcesz<\/p>\n<p class=\"lies-of-p-economia-destaque\">\ud83d\udcb0 OSZCZ\u0118DZAJ\u0104C WIELE i \ud83c\udfaf BAWI\u0104C SI\u0118 WSPANIALE!<\/p>\n<\/div>\n<p><!-- Promotional Video --><\/p>\n<div class=\"lies-of-p-video\">\n<h2>Obejrzyj zwiastun Onimusha Way of the Sword<\/h2>\n<div class=\"lies-of-p-video-container\">\n<div class=\"lies-of-p-video-responsive\"><iframe title=\"Odtwarzacz wideo YouTube\" src=\"https:\/\/www.youtube-nocookie.com\/embed\/foOtNKru5_0\" frameborder=\"0\" allowfullscreen=\"allowfullscreen\"><\/iframe><\/div>\n<\/div>\n<\/div>\n<p><!-- System Requirements --><\/p>\n<div class=\"lies-of-p-requisitos\">\n<h2>Specyfikacje Systemowe<\/h2>\n<div class=\"lies-of-p-requisitos-grid\">\n<p><!-- Minimum Requirements --><\/p>\n<div class=\"lies-of-p-requisitos-box\">\n<h3>Minimalne<\/h3>\n<ul class=\"lies-of-p-requisitos-lista\">\n<li>\u25b9<strong>System operacyjny:<\/strong> Do og\u0142oszenia<\/li>\n<li>\u25b9<strong>Procesor:<\/strong> Do og\u0142oszenia<\/li>\n<li>\u25b9<strong>Pami\u0119\u0107 RAM:<\/strong> Do og\u0142oszenia<\/li>\n<li>\u25b9<strong>Karta graficzna:<\/strong> Do og\u0142oszenia<\/li>\n<li>\u25b9<strong>DirectX:<\/strong> Do og\u0142oszenia<\/li>\n<li>\u25b9<strong>Miejsce na dysku:<\/strong> Do og\u0142oszenia<\/li>\n<\/ul>\n<\/div>\n<p><!-- Recommended Requirements --><\/p>\n<div class=\"lies-of-p-requisitos-box\">\n<h3>Zalecane<\/h3>\n<ul class=\"lies-of-p-requisitos-lista\">\n<li>\u25b9<strong>System operacyjny:<\/strong> Do og\u0142oszenia<\/li>\n<li>\u25b9<strong>Procesor:<\/strong> Do og\u0142oszenia<\/li>\n<li>\u25b9<strong>Pami\u0119\u0107 RAM:<\/strong> Do og\u0142oszenia<\/li>\n<li>\u25b9<strong>Karta graficzna:<\/strong> Do og\u0142oszenia<\/li>\n<li>\u25b9<strong>DirectX:<\/strong> Do og\u0142oszenia<\/li>\n<li>\u25b9<strong>Miejsce na dysku:<\/strong> Do og\u0142oszenia<\/li>\n<\/ul>\n<\/div>\n<\/div>\n<\/div>\n<p><!-- About the Game --><\/p>\n<div class=\"lies-of-p-sobre\">\n<h2>O grze Onimusha Way of the Sword<\/h2>\n<p><strong>\u015awit nowej legendy samuraj\u00f3w. Rozpoczyna si\u0119 ostateczna bitwa przeciwko Genma.<\/strong><\/p>\n<p>Kupuj\u0105c <strong>Onimusha Way of the Sword PC<\/strong>, wkraczasz do brutalnej feudalnej Japonii, opanowanej przez demoniczne Genma. Przygotuj si\u0119 na dzier\u017cenie legendarnych ostrzy i uwolnij moc Oni w ekscytuj\u0105cej przygodzie typu hack-and-slash w <strong>Onimusha Way of the Sword Steam<\/strong>.<\/p>\n<p>Do\u015bwiadcz intensywnej walki mieczem, wymagaj\u0105cych bitew z bossami i bogatej narracji osadzonej w japo\u0144skiej mitologii. Opanuj r\u00f3\u017cne typy broni i magi\u0119 \u017cywio\u0142\u00f3w, aby pokona\u0107 nieust\u0119pliwe hordy z\u0142a w <strong>Onimusha Way of the Sword na PC<\/strong>. Wykuj swoje przeznaczenie jako wojownik wybrany do ochrony ludzko\u015bci przed nadci\u0105gaj\u0105c\u0105 ciemno\u015bci\u0105.<\/p>\n<p><strong>&#8222;\u015acie\u017cka miecza to \u015bcie\u017cka Oni.&#8221;<\/strong><\/p>\n<\/div>\n<p><!-- Features in Cards --><\/p>\n<div class=\"lies-of-p-destaques\">\n<h2>Cechy gry<\/h2>\n<div class=\"lies-of-p-cards-grid\">\n<p><!-- Card 1: Master the Blade --><\/p>\n<div class=\"lies-of-p-card\">\n<p><img decoding=\"async\" title=\"Onimusha Way of the Sword PC - Opanuj Ostrze\" src=\"https:\/\/shared.fastly.steamstatic.com\/store_item_assets\/steam\/apps\/3764200\/extras\/Steam_GIF_01_RE.gif?t=1750810100\" alt=\"Onimusha Way of the Sword PC Steam Offline - Opanuj Ostrze\" \/><\/p>\n<div class=\"lies-of-p-card-content\">\n<h3>OPANUJ OSTRZE<\/h3>\n<p>We\u017a udzia\u0142 w instynktownej, szybkiej walce mieczem, opanowuj\u0105c r\u00f3\u017cnorodne bronie i style walki przeciwko demonicznym wrogom.<\/p>\n<\/div>\n<\/div>\n<p><!-- Card 2: Unleash Oni Power --><\/p>\n<div class=\"lies-of-p-card\">\n<p><img decoding=\"async\" title=\"Onimusha Way of the Sword Steam - Uwolnij Moc Oni\" src=\"https:\/\/shared.fastly.steamstatic.com\/store_item_assets\/steam\/apps\/3764200\/extras\/Steam_GIF_02.gif?t=1750810100\" alt=\"Kup Onimusha Way of the Sword PC - Uwolnij Moc Oni\" \/><\/p>\n<div class=\"lies-of-p-card-content\">\n<h3>UWOLNIJ MOC ONI<\/h3>\n<p>Poch\u0142aniaj dusze poleg\u0142ych wrog\u00f3w, aby wzmocni\u0107 swoje zdolno\u015bci, ulepszy\u0107 bro\u0144 i wyzwoli\u0107 niszczycielskie ataki magiczne Oni.<\/p>\n<\/div>\n<\/div>\n<p><!-- Card 3: Feudal Japan Setting --><\/p>\n<div class=\"lies-of-p-card\">\n<p><img decoding=\"async\" title=\"Onimusha Way of the Sword - Sceneria Feudalnej Japonii\" src=\"https:\/\/shared.fastly.steamstatic.com\/store_item_assets\/steam\/apps\/3764200\/extras\/Steam_GIF_04.gif?t=1750810100\" alt=\"Onimusha Way of the Sword na PC - Sceneria Feudalnej Japonii\" \/><\/p>\n<div class=\"lies-of-p-card-content\">\n<h3>SCENERIA FEUDALNEJ JAPONII<\/h3>\n<p>Odkrywaj pi\u0119knie odwzorowane \u015brodowiska staro\u017cytnej Japonii, od majestatycznych zamk\u00f3w po upiorne kr\u00f3lestwa demon\u00f3w, wszystko przesi\u0105kni\u0119te mitologi\u0105.<\/p>\n<\/div>\n<\/div>\n<\/div>\n<\/div>\n<\/div>\n","protected":false},"excerpt":{"rendered":"<table class=\"info-table\">\n<thead>\n<tr class=\"header-row\">\n<th>Status<\/th>\n<th>INFORMATION<\/th>\n<\/tr>\n<\/thead>\n<tbody>\n<tr>\n<td class=\"status-cell\">\n<div class=\"status-title\">\ud83d\ude80 IMMEDIATE DELIVERY<\/div>\n<div class=\"status-subtitle\">Get instant access<\/div>\n<\/td>\n<td class=\"info-cell\">\n<div class=\"info-box\">\n<div class=\"info-title\">ATTENTION<\/div>\n<div class=\"info-content\">READ THE DESCRIPTION<\/div>\n<\/div>\n<\/td>\n<\/tr>\n<tr>\n<td class=\"status-cell\">\n<div class=\"status-title\">\ud83d\udcb0 Is this site trustworthy?<\/div>\n<div class=\"status-subtitle\">+ 4 years selling games<\/div>\n<\/td>\n<td class=\"info-cell\">\n<div class=\"info-box\">\n<div class=\"info-title\">Acess:<\/div>\n<div class=\"info-content\">\n<div data-src=\"https:\/\/cdn.trustindex.io\/loader.js?7fd81be38eb695098c8683dcf1c\"><\/div>\n<\/div>\n<\/div>\n<\/td>\n<\/tr>\n<\/tbody>\n<\/table>\n","protected":false},"featured_media":7107180,"comment_status":"open","ping_status":"closed","template":"","meta":[],"product_brand":[],"product_cat":[746,650,889],"product_tag":[836],"class_list":{"0":"post-7107186","1":"product","2":"type-product","3":"status-publish","4":"has-post-thumbnail","6":"product_cat-akcja","7":"product_cat-gry","8":"product_cat-przedsprzedaz","9":"product_tag-samurai","11":"first","12":"instock","13":"downloadable","14":"virtual","15":"purchasable","16":"product-type-simple"},"exclude_global_add_ons":[],"addons":[],"_links":{"self":[{"href":"https:\/\/gamesbestprices.com\/pl\/wp-json\/wp\/v2\/product\/7107186","targetHints":{"allow":["GET"]}}],"collection":[{"href":"https:\/\/gamesbestprices.com\/pl\/wp-json\/wp\/v2\/product"}],"about":[{"href":"https:\/\/gamesbestprices.com\/pl\/wp-json\/wp\/v2\/types\/product"}],"replies":[{"embeddable":true,"href":"https:\/\/gamesbestprices.com\/pl\/wp-json\/wp\/v2\/comments?post=7107186"}],"wp:featuredmedia":[{"embeddable":true,"href":"https:\/\/gamesbestprices.com\/pl\/wp-json\/wp\/v2\/media\/7107180"}],"wp:attachment":[{"href":"https:\/\/gamesbestprices.com\/pl\/wp-json\/wp\/v2\/media?parent=7107186"}],"wp:term":[{"taxonomy":"product_brand","embeddable":true,"href":"https:\/\/gamesbestprices.com\/pl\/wp-json\/wp\/v2\/product_brand?post=7107186"},{"taxonomy":"product_cat","embeddable":true,"href":"https:\/\/gamesbestprices.com\/pl\/wp-json\/wp\/v2\/product_cat?post=7107186"},{"taxonomy":"product_tag","embeddable":true,"href":"https:\/\/gamesbestprices.com\/pl\/wp-json\/wp\/v2\/product_tag?post=7107186"}],"curies":[{"name":"wp","href":"https:\/\/api.w.org\/{rel}","templated":true}]}}