{"id":7107176,"date":"2026-04-09T10:12:20","date_gmt":"2026-04-09T10:12:20","guid":{"rendered":""},"modified":"2026-04-09T10:13:28","modified_gmt":"2026-04-09T10:13:28","slug":"ill-pc-steam-offline-pl","status":"publish","type":"product","link":"https:\/\/gamesbestprices.com\/pl\/produkt\/ill-pc-steam-offline-pl\/","title":{"rendered":"ILL PC Steam Offline"},"content":{"rendered":"<p><!-- ILL PC Steam Offline - Clean HTML with CSS Classes --><\/p>\n<div class=\"lies-of-p-container\">\n<p><!-- Main Banner --><\/p>\n<div class=\"lies-of-p-banner\">\n<h1>ILL PC STEAM OFFLINE<\/h1>\n<p>Zanurz si\u0119 w wyj\u0105tkowe cyfrowe do\u015bwiadczenie.<\/p>\n<\/div>\n<p><!-- Purchase Alert --><\/p>\n<div class=\"lies-of-p-alerta\">\u26a0\ufe0f ODBLOKUJ NOW\u0104 RZECZYWISTO\u015a\u0106 GAMINGOW\u0104 &#8211; DO\u015aWIADCZ 'ILL&#8217; TERAZ! \u26a0\ufe0f<\/div>\n<p><!-- Offline Mode --><\/p>\n<div class=\"lies-of-p-offline\">\n<h3>\ud83c\udfae CIESZ SI\u0118 OFFLINE Z MAKSYMALNYMI OSZCZ\u0118DNO\u015aCIAMI! \ud83c\udfae<\/h3>\n<p>Ciesz si\u0119 trybem <strong>OFFLINE<\/strong> z absolutn\u0105 swobod\u0105!<\/p>\n<div class=\"lies-of-p-beneficios\">\n<p>\u2705 B\u0119dziesz korzysta\u0107 z <strong>DANYCH DOST\u0118POWYCH (JEDNO KONTO)<\/strong>, kt\u00f3re udost\u0119pnimy<\/p>\n<p>\u2705 <strong>GRAJ PRZEZ UDOST\u0118PNIONE KONTO<\/strong> bez przeszk\u00f3d<\/p>\n<p>\u2705 Pe\u0142ny dost\u0119p do tytu\u0142u i wszystkich \u0142atek<\/p>\n<\/div>\n<p class=\"lies-of-p-economia\">B\u0119dziesz m\u00f3g\u0142 gra\u0107 p\u0142ynnie, kiedy tylko zechcesz<\/p>\n<p class=\"lies-of-p-economia-destaque\">\ud83d\udcb0 OSZCZ\u0118DZAJ\u0104C DU\u017bO i \ud83c\udfaf BAWI\u0104C SI\u0118 \u015aWIETNIE!<\/p>\n<\/div>\n<p><!-- Promotional Video --><\/p>\n<div class=\"lies-of-p-video\">\n<h2>Obejrzyj zwiastun ILL<\/h2>\n<div class=\"lies-of-p-video-container\">\n<div class=\"lies-of-p-video-responsive\"><iframe title=\"Odtwarzacz wideo YouTube\" src=\"https:\/\/www.youtube-nocookie.com\/embed\/Ldb4yfUZXF4\" frameborder=\"0\" allowfullscreen=\"allowfullscreen\"><\/iframe><\/div>\n<\/div>\n<\/div>\n<p><!-- System Requirements --><\/p>\n<div class=\"lies-of-p-requisitos\">\n<h2>Specyfikacje Systemowe<\/h2>\n<div class=\"lies-of-p-requisitos-grid\">\n<p><!-- Minimum Requirements --><\/p>\n<div class=\"lies-of-p-requisitos-box\">\n<h3>Minimalne<\/h3>\n<ul class=\"lies-of-p-requisitos-lista\">\n<li>\u25b9<strong>System operacyjny:<\/strong> Do og\u0142oszenia<\/li>\n<li>\u25b9<strong>Procesor:<\/strong> Do og\u0142oszenia<\/li>\n<li>\u25b9<strong>Pami\u0119\u0107:<\/strong> Do og\u0142oszenia<\/li>\n<li>\u25b9<strong>Karta graficzna:<\/strong> Do og\u0142oszenia<\/li>\n<li>\u25b9<strong>DirectX:<\/strong> Do og\u0142oszenia<\/li>\n<li>\u25b9<strong>Miejsce na dysku:<\/strong> Do og\u0142oszenia<\/li>\n<\/ul>\n<\/div>\n<p><!-- Recommended Requirements --><\/p>\n<div class=\"lies-of-p-requisitos-box\">\n<h3>Zalecane<\/h3>\n<ul class=\"lies-of-p-requisitos-lista\">\n<li>\u25b9<strong>System operacyjny:<\/strong> Do og\u0142oszenia<\/li>\n<li>\u25b9<strong>Procesor:<\/strong> Do og\u0142oszenia<\/li>\n<li>\u25b9<strong>Pami\u0119\u0107:<\/strong> Do og\u0142oszenia<\/li>\n<li>\u25b9<strong>Karta graficzna:<\/strong> Do og\u0142oszenia<\/li>\n<li>\u25b9<strong>DirectX:<\/strong> Do og\u0142oszenia<\/li>\n<li>\u25b9<strong>Miejsce na dysku:<\/strong> Do og\u0142oszenia<\/li>\n<\/ul>\n<\/div>\n<\/div>\n<\/div>\n<p><!-- About the Game --><\/p>\n<div class=\"lies-of-p-sobre\">\n<h2>O ILL<\/h2>\n<p><strong>ILL<\/strong> oferuje niezr\u00f3wnan\u0105 podr\u00f3\u017c do \u015bwiata stworzonego dla maksymalnego zanurzenia. Przygotuj si\u0119 na do\u015bwiadczenie gamingowe, kt\u00f3re rzuci wyzwanie Twoim umiej\u0119tno\u015bciom i urzeknie Twoje zmys\u0142y. Z <strong>ILL PC<\/strong> nie tylko grasz w gr\u0119; wkraczasz w nowy wymiar cyfrowej rozrywki.<\/p>\n<p>Do\u015bwiadcz najnowocze\u015bniejszej grafiki i innowacyjnych mechanik rozgrywki, kt\u00f3re przesuwaj\u0105 granice tego, co mo\u017cliwe w grze wideo. <strong>ILL Steam Offline<\/strong> zapewnia ekscytuj\u0105c\u0105 przygod\u0119, niezale\u017cnie od tego, czy eksplorujesz rozleg\u0142e krajobrazy, czy anga\u017cujesz si\u0119 w intensywn\u0105 walk\u0119.<\/p>\n<p><strong>&#8222;Nowa era cyfrowej rozrywki nadesz\u0142a.&#8221;<\/strong><\/p>\n<\/div>\n<p><!-- Features in Cards --><\/p>\n<div class=\"lies-of-p-destaques\">\n<h2>Cechy Gry<\/h2>\n<div class=\"lies-of-p-cards-grid\">\n<p><!-- Card 1: Immersive Worlds --><\/p>\n<div class=\"lies-of-p-card\">\n<p><img decoding=\"async\" title=\"ILL PC - Wci\u0105gaj\u0105ce \u015awiaty\" src=\"https:\/\/via.placeholder.com\/300x150?text=Immersive+World\" alt=\"ILL PC Steam Offline - Wci\u0105gaj\u0105ce \u015awiaty\" \/><\/p>\n<div class=\"lies-of-p-card-content\">\n<h3>WCI\u0104GAJ\u0104CE \u015aWIATY<\/h3>\n<p>Odkrywaj bogato szczeg\u00f3\u0142owe \u015brodowiska i odkrywaj ukryte sekrety w rozleg\u0142ym, urzekaj\u0105cym wszech\u015bwiecie.<\/p>\n<\/div>\n<\/div>\n<p><!-- Card 2: Dynamic Gameplay --><\/p>\n<div class=\"lies-of-p-card\">\n<p><img decoding=\"async\" title=\"ILL Steam - Dynamiczna Rozgrywka\" src=\"https:\/\/via.placeholder.com\/300x150?text=Dynamic+Gameplay\" alt=\"Kup ILL PC - Dynamiczna Rozgrywka\" \/><\/p>\n<div class=\"lies-of-p-card-content\">\n<h3>DYNAMICZNA ROZGRYWKA<\/h3>\n<p>Anga\u017cuj si\u0119 w ekscytuj\u0105ce wyzwania dzi\u0119ki innowacyjnym mechanikom i responsywnym kontrolom.<\/p>\n<\/div>\n<\/div>\n<p><!-- Card 3: Engaging Storyline --><\/p>\n<div class=\"lies-of-p-card\">\n<p><img decoding=\"async\" title=\"ILL - Wci\u0105gaj\u0105ca Fabu\u0142a\" src=\"https:\/\/via.placeholder.com\/300x150?text=Engaging+Story\" alt=\"ILL na PC - Fabu\u0142a\" \/><\/p>\n<div class=\"lies-of-p-card-content\">\n<h3>WCI\u0104GAJ\u0104CA FABU\u0141A<\/h3>\n<p>Rozwik\u0142aj porywaj\u0105c\u0105 narracj\u0119 pe\u0142n\u0105 niezapomnianych postaci i nieoczekiwanych zwrot\u00f3w akcji.<\/p>\n<\/div>\n<\/div>\n<\/div>\n<\/div>\n<\/div>\n","protected":false},"excerpt":{"rendered":"<table class=\"info-table\">\n<thead>\n<tr class=\"header-row\">\n<th>Status<\/th>\n<th>INFORMATION<\/th>\n<\/tr>\n<\/thead>\n<tbody>\n<tr>\n<td class=\"status-cell\">\n<div class=\"status-title\">\ud83d\ude80 IMMEDIATE DELIVERY<\/div>\n<div class=\"status-subtitle\">Get instant access<\/div>\n<\/td>\n<td class=\"info-cell\">\n<div class=\"info-box\">\n<div class=\"info-title\">ATTENTION<\/div>\n<div class=\"info-content\">READ THE DESCRIPTION<\/div>\n<\/div>\n<\/td>\n<\/tr>\n<tr>\n<td class=\"status-cell\">\n<div class=\"status-title\">\ud83d\udcb0 Is this site trustworthy?<\/div>\n<div class=\"status-subtitle\">+ 4 years selling games<\/div>\n<\/td>\n<td class=\"info-cell\">\n<div class=\"info-box\">\n<div class=\"info-title\">Acess:<\/div>\n<div class=\"info-content\">\n<div data-src=\"https:\/\/cdn.trustindex.io\/loader.js?7fd81be38eb695098c8683dcf1c\"><\/div>\n<\/div>\n<\/div>\n<\/td>\n<\/tr>\n<\/tbody>\n<\/table>\n","protected":false},"featured_media":7107170,"comment_status":"open","ping_status":"closed","template":"","meta":[],"product_brand":[],"product_cat":[746,650,778,889],"product_tag":[654],"class_list":{"0":"post-7107176","1":"product","2":"type-product","3":"status-publish","4":"has-post-thumbnail","6":"product_cat-akcja","7":"product_cat-gry","8":"product_cat-horror","9":"product_cat-przedsprzedaz","10":"product_tag-horror","12":"first","13":"instock","14":"downloadable","15":"virtual","16":"purchasable","17":"product-type-simple"},"exclude_global_add_ons":[],"addons":[],"_links":{"self":[{"href":"https:\/\/gamesbestprices.com\/pl\/wp-json\/wp\/v2\/product\/7107176","targetHints":{"allow":["GET"]}}],"collection":[{"href":"https:\/\/gamesbestprices.com\/pl\/wp-json\/wp\/v2\/product"}],"about":[{"href":"https:\/\/gamesbestprices.com\/pl\/wp-json\/wp\/v2\/types\/product"}],"replies":[{"embeddable":true,"href":"https:\/\/gamesbestprices.com\/pl\/wp-json\/wp\/v2\/comments?post=7107176"}],"wp:featuredmedia":[{"embeddable":true,"href":"https:\/\/gamesbestprices.com\/pl\/wp-json\/wp\/v2\/media\/7107170"}],"wp:attachment":[{"href":"https:\/\/gamesbestprices.com\/pl\/wp-json\/wp\/v2\/media?parent=7107176"}],"wp:term":[{"taxonomy":"product_brand","embeddable":true,"href":"https:\/\/gamesbestprices.com\/pl\/wp-json\/wp\/v2\/product_brand?post=7107176"},{"taxonomy":"product_cat","embeddable":true,"href":"https:\/\/gamesbestprices.com\/pl\/wp-json\/wp\/v2\/product_cat?post=7107176"},{"taxonomy":"product_tag","embeddable":true,"href":"https:\/\/gamesbestprices.com\/pl\/wp-json\/wp\/v2\/product_tag?post=7107176"}],"curies":[{"name":"wp","href":"https:\/\/api.w.org\/{rel}","templated":true}]}}