{"id":7107166,"date":"2026-04-09T10:10:49","date_gmt":"2026-04-09T10:10:49","guid":{"rendered":""},"modified":"2026-04-09T10:12:03","modified_gmt":"2026-04-09T10:12:03","slug":"game-of-thrones-a-war-for-westeros-pc-steam-offline-pl","status":"publish","type":"product","link":"https:\/\/gamesbestprices.com\/pl\/produkt\/game-of-thrones-a-war-for-westeros-pc-steam-offline-pl\/","title":{"rendered":"Game of Thrones A War for Westeros PC Steam Offline"},"content":{"rendered":"<p><!-- GAME OF THRONES A WAR FOR WESTEROS - Clean HTML with CSS Classes --><\/p>\n<div class=\"lies-of-p-container\">\n<p><!-- Main Banner --><\/p>\n<div class=\"lies-of-p-banner\">\n<h1>GAME OF THRONES A WAR FOR WESTEROS PC STEAM OFFLINE<\/h1>\n<p>Bitwa o \u017belazny Tron rozpoczyna si\u0119 na nowo.<\/p>\n<\/div>\n<p><!-- Purchase Alert --><\/p>\n<div class=\"lies-of-p-alerta\">\u2694\ufe0f PODBIJ WESTEROS &#8211; STRATEGIA I WOJNA! \u2694\ufe0f<\/div>\n<p><!-- Offline Mode --><\/p>\n<div class=\"lies-of-p-offline\">\n<h3>\ud83c\udfae CIESZ SI\u0118 OFFLINE Z MAKSYMALNYMI OSZCZ\u0118DNO\u015aCIAMI! \ud83c\udfae<\/h3>\n<p>Ciesz si\u0119 trybem <strong>OFFLINE<\/strong> z absolutn\u0105 swobod\u0105!<\/p>\n<div class=\"lies-of-p-beneficios\">\n<p>\u2705 U\u017cyjesz <strong>DANYCH DOST\u0118POWYCH (JEDNO KONTO)<\/strong>, kt\u00f3re udost\u0119pnimy<\/p>\n<p>\u2705 <strong>GRAJ PRZEZ UDOST\u0118PNIONE KONTO<\/strong> bez przeszk\u00f3d<\/p>\n<p>\u2705 Pe\u0142ny dost\u0119p do tytu\u0142u i wszystkich \u0142atek<\/p>\n<\/div>\n<p class=\"lies-of-p-economia\">B\u0119dziesz m\u00f3g\u0142 gra\u0107 p\u0142ynnie, kiedy tylko zechcesz<\/p>\n<p class=\"lies-of-p-economia-destaque\">\ud83d\udcb0 OSZCZ\u0118DZAJ\u0104C DU\u017bO i \ud83c\udfaf BAWI\u0104C SI\u0118 \u015aWIETNIE!<\/p>\n<\/div>\n<p><!-- Promotional Video --><\/p>\n<div class=\"lies-of-p-video\">\n<h2>Obejrzyj zwiastun Game of Thrones: A War for Westeros<\/h2>\n<div class=\"lies-of-p-video-container\">\n<div class=\"lies-of-p-video-responsive\"><iframe title=\"Odtwarzacz wideo YouTube\" src=\"https:\/\/www.youtube-nocookie.com\/embed\/KPLWWIOCOOQ\" frameborder=\"0\" allowfullscreen=\"allowfullscreen\"><\/iframe><\/div>\n<\/div>\n<\/div>\n<p><!-- System Requirements --><\/p>\n<div class=\"lies-of-p-requisitos\">\n<h2>Specyfikacje Systemowe<\/h2>\n<div class=\"lies-of-p-requisitos-grid\">\n<p><!-- Minimum Requirements --><\/p>\n<div class=\"lies-of-p-requisitos-box\">\n<h3>Minimalne<\/h3>\n<ul class=\"lies-of-p-requisitos-lista\">\n<li>\u25b9<strong>System Operacyjny:<\/strong> Do og\u0142oszenia<\/li>\n<li>\u25b9<strong>Procesor:<\/strong> Do og\u0142oszenia<\/li>\n<li>\u25b9<strong>Pami\u0119\u0107:<\/strong> Do og\u0142oszenia<\/li>\n<li>\u25b9<strong>Karta Graficzna:<\/strong> Do og\u0142oszenia<\/li>\n<li>\u25b9<strong>DirectX:<\/strong> Do og\u0142oszenia<\/li>\n<li>\u25b9<strong>Miejsce na Dysku:<\/strong> Do og\u0142oszenia<\/li>\n<\/ul>\n<\/div>\n<p><!-- Recommended Requirements --><\/p>\n<div class=\"lies-of-p-requisitos-box\">\n<h3>Zalecane<\/h3>\n<ul class=\"lies-of-p-requisitos-lista\">\n<li>\u25b9<strong>System Operacyjny:<\/strong> Do og\u0142oszenia<\/li>\n<li>\u25b9<strong>Procesor:<\/strong> Do og\u0142oszenia<\/li>\n<li>\u25b9<strong>Pami\u0119\u0107:<\/strong> Do og\u0142oszenia<\/li>\n<li>\u25b9<strong>Karta Graficzna:<\/strong> Do og\u0142oszenia<\/li>\n<li>\u25b9<strong>DirectX:<\/strong> Do og\u0142oszenia<\/li>\n<li>\u25b9<strong>Miejsce na Dysku:<\/strong> Do og\u0142oszenia<\/li>\n<\/ul>\n<\/div>\n<\/div>\n<\/div>\n<p><!-- About the Game --><\/p>\n<div class=\"lies-of-p-sobre\">\n<h2>O grze Game of Thrones: A War for Westeros<\/h2>\n<p><strong>Westeros krwawi. Kto zdob\u0119dzie \u017belazny Tron?<\/strong><\/p>\n<p>Kupuj\u0105c <strong>Game of Thrones: A War for Westeros PC<\/strong>, zanurzasz si\u0119 w brutalnej walce o w\u0142adz\u0119 w Siedmiu Kr\u00f3lestwach. Przygotuj si\u0119, by poprowadzi\u0107 sw\u00f3j wybrany r\u00f3d do zwyci\u0119stwa lub ruiny w tej epickiej grze strategicznej.<\/p>\n<p>Do\u015bwiadcz ikonicznego \u015bwiata George&#8217;a R.R. Martina jak nigdy dot\u0105d, dowodz\u0105c armiami, zawieraj\u0105c sojusze i zdradzaj\u0105c rywali. Ka\u017cda decyzja kszta\u0142tuje los Westeros w <strong>Game of Thrones: A War for Westeros Steam<\/strong>.<\/p>\n<p>Od lodowatej P\u00f3\u0142nocy po s\u0142oneczne Po\u0142udnie, wojna trwa. Czy b\u0119dziesz Lannisterem, Starkiem, Targaryenem, czy innym rodem przeznaczonym do wielko\u015bci? \u017belazny Tron czeka w <strong>Game of Thrones: A War for Westeros for PC<\/strong>.<\/p>\n<\/div>\n<p><!-- Features in Cards --><\/p>\n<div class=\"lies-of-p-destaques\">\n<h2>Cechy Gry<\/h2>\n<div class=\"lies-of-p-cards-grid\">\n<p><!-- Card 1: Epic Strategy --><\/p>\n<div class=\"lies-of-p-card\">\n<p><img decoding=\"async\" title=\"Game of Thrones A War for Westeros PC - Strategia\" src=\"https:\/\/via.placeholder.com\/300x150?text=Epic+Strategy\" alt=\"Game of Thrones A War for Westeros PC Steam Offline - Epicka Strategia\" \/><\/p>\n<div class=\"lies-of-p-card-content\">\n<h3>EPICKA STRATEGIA I TAKTYKA<\/h3>\n<p>Dow\u00f3d\u017a ogromnymi armiami, zarz\u0105dzaj zasobami i przechytrzaj wrog\u00f3w na wielkiej strategicznej mapie Westeros.<\/p>\n<\/div>\n<\/div>\n<p><!-- Card 2: Iconic Houses --><\/p>\n<div class=\"lies-of-p-card\">\n<p><img decoding=\"async\" title=\"Game of Thrones A War for Westeros Steam - Ikoniczne Rody\" src=\"https:\/\/via.placeholder.com\/300x150?text=Iconic+Houses\" alt=\"Kup Game of Thrones A War for Westeros PC - Ikoniczne Rody\" \/><\/p>\n<div class=\"lies-of-p-card-content\">\n<h3>PROWAD\u0179 IKONICZNE RODY<\/h3>\n<p>Wybierz swoj\u0105 wierno\u015b\u0107 spo\u015br\u00f3d wielkich rod\u00f3w Westeros \u2013 Stark\u00f3w, Lannister\u00f3w, Targaryen\u00f3w i innych \u2013 ka\u017cdy z unikalnymi mocnymi stronami i jednostkami.<\/p>\n<\/div>\n<\/div>\n<p><!-- Card 3: Political Intrigue --><\/p>\n<div class=\"lies-of-p-card\">\n<p><img decoding=\"async\" title=\"Game of Thrones A War for Westeros - Intrygi Polityczne\" src=\"https:\/\/via.placeholder.com\/300x150?text=Political+Intrigue\" alt=\"Game of Thrones A War for Westeros na PC - Intrygi\" \/><\/p>\n<div class=\"lies-of-p-card-content\">\n<h3>INTRYGI POLITYCZNE I DYPLOMACJA<\/h3>\n<p>Zawieraj sojusze, anga\u017cuj si\u0119 w szpiegostwo i podejmuj trudne decyzje, kt\u00f3re zadecyduj\u0105 o twoim wzro\u015bcie lub upadku w bezwzgl\u0119dnym \u015bwiecie Westeros.<\/p>\n<\/div>\n<\/div>\n<\/div>\n<\/div>\n<\/div>\n","protected":false},"excerpt":{"rendered":"<table class=\"info-table\">\n<thead>\n<tr class=\"header-row\">\n<th>Status<\/th>\n<th>INFORMATION<\/th>\n<\/tr>\n<\/thead>\n<tbody>\n<tr>\n<td class=\"status-cell\">\n<div class=\"status-title\">\ud83d\ude80 IMMEDIATE DELIVERY<\/div>\n<div class=\"status-subtitle\">Get instant access<\/div>\n<\/td>\n<td class=\"info-cell\">\n<div class=\"info-box\">\n<div class=\"info-title\">ATTENTION<\/div>\n<div class=\"info-content\">READ THE DESCRIPTION<\/div>\n<\/div>\n<\/td>\n<\/tr>\n<tr>\n<td class=\"status-cell\">\n<div class=\"status-title\">\ud83d\udcb0 Is this site trustworthy?<\/div>\n<div class=\"status-subtitle\">+ 4 years selling games<\/div>\n<\/td>\n<td class=\"info-cell\">\n<div class=\"info-box\">\n<div class=\"info-title\">Acess:<\/div>\n<div class=\"info-content\">\n<div data-src=\"https:\/\/cdn.trustindex.io\/loader.js?7fd81be38eb695098c8683dcf1c\"><\/div>\n<\/div>\n<\/div>\n<\/td>\n<\/tr>\n<\/tbody>\n<\/table>\n","protected":false},"featured_media":7107160,"comment_status":"open","ping_status":"closed","template":"","meta":[],"product_brand":[],"product_cat":[746,650,889,805],"product_tag":[],"class_list":{"0":"post-7107166","1":"product","2":"type-product","3":"status-publish","4":"has-post-thumbnail","6":"product_cat-akcja","7":"product_cat-gry","8":"product_cat-przedsprzedaz","9":"product_cat-strategiczne","11":"first","12":"instock","13":"downloadable","14":"virtual","15":"purchasable","16":"product-type-simple"},"exclude_global_add_ons":[],"addons":[],"_links":{"self":[{"href":"https:\/\/gamesbestprices.com\/pl\/wp-json\/wp\/v2\/product\/7107166","targetHints":{"allow":["GET"]}}],"collection":[{"href":"https:\/\/gamesbestprices.com\/pl\/wp-json\/wp\/v2\/product"}],"about":[{"href":"https:\/\/gamesbestprices.com\/pl\/wp-json\/wp\/v2\/types\/product"}],"replies":[{"embeddable":true,"href":"https:\/\/gamesbestprices.com\/pl\/wp-json\/wp\/v2\/comments?post=7107166"}],"wp:featuredmedia":[{"embeddable":true,"href":"https:\/\/gamesbestprices.com\/pl\/wp-json\/wp\/v2\/media\/7107160"}],"wp:attachment":[{"href":"https:\/\/gamesbestprices.com\/pl\/wp-json\/wp\/v2\/media?parent=7107166"}],"wp:term":[{"taxonomy":"product_brand","embeddable":true,"href":"https:\/\/gamesbestprices.com\/pl\/wp-json\/wp\/v2\/product_brand?post=7107166"},{"taxonomy":"product_cat","embeddable":true,"href":"https:\/\/gamesbestprices.com\/pl\/wp-json\/wp\/v2\/product_cat?post=7107166"},{"taxonomy":"product_tag","embeddable":true,"href":"https:\/\/gamesbestprices.com\/pl\/wp-json\/wp\/v2\/product_tag?post=7107166"}],"curies":[{"name":"wp","href":"https:\/\/api.w.org\/{rel}","templated":true}]}}