{"id":7107156,"date":"2026-04-09T10:09:28","date_gmt":"2026-04-09T10:09:28","guid":{"rendered":""},"modified":"2026-04-09T10:10:32","modified_gmt":"2026-04-09T10:10:32","slug":"turok-origins-pc-steam-offline-pl","status":"publish","type":"product","link":"https:\/\/gamesbestprices.com\/pl\/produkt\/turok-origins-pc-steam-offline-pl\/","title":{"rendered":"Turok Origins PC Steam Offline"},"content":{"rendered":"<p><!-- TUROK ORIGINS PC STEAM OFFLINE - Clean HTML with CSS Classes --><\/p>\n<div class=\"lies-of-p-container\">\n<p><!-- Main Banner --><\/p>\n<div class=\"lies-of-p-banner\">\n<h1>TUROK ORIGINS PC STEAM OFFLINE<\/h1>\n<p>Wyrusz na pierwotne \u0142owy w \u015bwiecie, gdzie rz\u0105dz\u0105 dinozaury.<\/p>\n<\/div>\n<p><!-- Purchase Alert --><\/p>\n<div class=\"lies-of-p-alerta\">\u26a0\ufe0f ROZPOCZYNAJ\u0104 SI\u0118 PIERWOTNE \u0141OWY &#8211; UWOLNIJ POGROMC\u0118 DINOZAUR\u00d3W! \u26a0\ufe0f<\/div>\n<p><!-- Offline Mode --><\/p>\n<div class=\"lies-of-p-offline\">\n<h3>\ud83c\udfae CIESZ SI\u0118 OFFLINE Z MAKSYMALNYMI OSZCZ\u0118DNO\u015aCIAMI! \ud83c\udfae<\/h3>\n<p>Ciesz si\u0119 trybem <strong>OFFLINE<\/strong> z absolutn\u0105 swobod\u0105!<\/p>\n<div class=\"lies-of-p-beneficios\">\n<p>\u2705 B\u0119dziesz korzysta\u0107 z <strong>DANYCH DOST\u0118POWYCH (JEDNO KONTO)<\/strong>, kt\u00f3re udost\u0119pnimy<\/p>\n<p>\u2705 <strong>GRAJ ZA PO\u015aREDNICTWEM UDOST\u0118PNIONEGO KONTA<\/strong> bez przeszk\u00f3d<\/p>\n<p>\u2705 Pe\u0142ny dost\u0119p do tytu\u0142u i wszystkich \u0142atek<\/p>\n<\/div>\n<p class=\"lies-of-p-economia\">B\u0119dziesz m\u00f3g\u0142 gra\u0107 p\u0142ynnie, kiedy tylko zechcesz<\/p>\n<p class=\"lies-of-p-economia-destaque\">\ud83d\udcb0 OSZCZ\u0118DZAJ\u0104C DU\u017bO i \ud83c\udfaf BAWI\u0104C SI\u0118 \u015aWIETNIE!<\/p>\n<\/div>\n<p><!-- Promotional Video --><\/p>\n<div class=\"lies-of-p-video\">\n<h2>Obejrzyj zwiastun Turok Origins<\/h2>\n<div class=\"lies-of-p-video-container\">\n<div class=\"lies-of-p-video-responsive\"><iframe title=\"Odtwarzacz wideo YouTube - Zwiastun Turok Origins\" src=\"https:\/\/www.youtube-nocookie.com\/embed\/PD_2mkaVAEE\" frameborder=\"0\" allowfullscreen=\"allowfullscreen\"><\/iframe><\/div>\n<\/div>\n<\/div>\n<p><!-- System Requirements --><\/p>\n<div class=\"lies-of-p-requisitos\">\n<h2>Specyfikacja Systemowa<\/h2>\n<div class=\"lies-of-p-requisitos-grid\">\n<p><!-- Minimum Requirements --><\/p>\n<div class=\"lies-of-p-requisitos-box\">\n<h3>Minimalne<\/h3>\n<ul class=\"lies-of-p-requisitos-lista\">\n<li>\u25b9<strong>System Operacyjny:<\/strong> Do og\u0142oszenia<\/li>\n<li>\u25b9<strong>Procesor:<\/strong> Do og\u0142oszenia<\/li>\n<li>\u25b9<strong>Pami\u0119\u0107:<\/strong> Do og\u0142oszenia<\/li>\n<li>\u25b9<strong>Karta Graficzna:<\/strong> Do og\u0142oszenia<\/li>\n<li>\u25b9<strong>DirectX:<\/strong> Do og\u0142oszenia<\/li>\n<li>\u25b9<strong>Miejsce na Dysku:<\/strong> Do og\u0142oszenia<\/li>\n<\/ul>\n<\/div>\n<p><!-- Recommended Requirements --><\/p>\n<div class=\"lies-of-p-requisitos-box\">\n<h3>Zalecane<\/h3>\n<ul class=\"lies-of-p-requisitos-lista\">\n<li>\u25b9<strong>System Operacyjny:<\/strong> Do og\u0142oszenia<\/li>\n<li>\u25b9<strong>Procesor:<\/strong> Do og\u0142oszenia<\/li>\n<li>\u25b9<strong>Pami\u0119\u0107:<\/strong> Do og\u0142oszenia<\/li>\n<li>\u25b9<strong>Karta Graficzna:<\/strong> Do og\u0142oszenia<\/li>\n<li>\u25b9<strong>DirectX:<\/strong> Do og\u0142oszenia<\/li>\n<li>\u25b9<strong>Miejsce na Dysku:<\/strong> Do og\u0142oszenia<\/li>\n<\/ul>\n<\/div>\n<\/div>\n<\/div>\n<p><!-- About the Game --><\/p>\n<div class=\"lies-of-p-sobre\">\n<h2>O grze Turok Origins<\/h2>\n<p><strong>Polowanie zaczyna si\u0119 na nowo. Legenda odrodzona.<\/strong><\/p>\n<p>Kupno <strong>Turok Origins PC<\/strong> oznacza wcielenie si\u0119 w legendarnego wojownika w brutalnym, prehistorycznym \u015bwiecie. Przygotuj si\u0119 na starcie z kolosalnymi dinozaurami i wrogimi stworzeniami w ekscytuj\u0105cej strzelance pierwszoosobowej z <strong>Turok Origins Steam<\/strong>.<\/p>\n<p>Do\u015bwiadcz definitywnego powrotu ikonicznego \u0142owcy dinozaur\u00f3w, \u0142\u0105cz\u0105cego klasyczn\u0105 akcj\u0119 Turok z nowoczesnymi mechanikami rozgrywki i osza\u0142amiaj\u0105c\u0105 grafik\u0105. Eksploruj rozleg\u0142e, niebezpieczne \u015brodowiska, opanuj arsena\u0142 unikalnych broni i odkryj tajemnice zaginionego \u015bwiata w <strong>Turok Origins na PC<\/strong>.<\/p>\n<p><strong>&#8222;Ostateczna pierwotna przygoda czeka.&#8221;<\/strong><\/p>\n<\/div>\n<p><!-- Features in Cards --><\/p>\n<div class=\"lies-of-p-destaques\">\n<h2>Cechy Gry<\/h2>\n<div class=\"lies-of-p-cards-grid\">\n<p><!-- Card 1: Dinosaur Hunting --><\/p>\n<div class=\"lies-of-p-card\">\n<p><img decoding=\"async\" title=\"Turok Origins PC Steam Offline - Polowanie na Dinozaury\" src=\"#\" alt=\"Turok Origins PC Steam Offline - Polowanie na Dinozaury\" \/><\/p>\n<div class=\"lies-of-p-card-content\">\n<h3>EPICKIE POLOWANIA NA DINOZAURY<\/h3>\n<p>\u015aled\u017a, trop i pokonuj ogromne prehistoryczne bestie za pomoc\u0105 szeregu pot\u0119\u017cnych broni i taktycznej sprawno\u015bci.<\/p>\n<\/div>\n<\/div>\n<p><!-- Card 2: Primal Arsenal --><\/p>\n<div class=\"lies-of-p-card\">\n<p><img decoding=\"async\" title=\"Turok Origins Steam - Pierwotny Arsena\u0142\" src=\"#\" alt=\"Kup Turok Origins PC - Pierwotny Arsena\u0142\" \/><\/p>\n<div class=\"lies-of-p-card-content\">\n<h3>IKONICZNE UZBROJENIE<\/h3>\n<p>W\u0142adaj legendarnym arsena\u0142em, od ikonicznego Wiert\u0142a M\u00f3zgowego po pot\u0119\u017cny Karabin Plazmowy, ka\u017cdy zaprojektowany dla maksymalnej rzezi.<\/p>\n<\/div>\n<\/div>\n<p><!-- Card 3: Dangerous Worlds --><\/p>\n<div class=\"lies-of-p-card\">\n<p><img decoding=\"async\" title=\"Turok Origins - Niebezpieczne \u015awiaty\" src=\"#\" alt=\"Turok Origins na PC - Niebezpieczne \u015awiaty\" \/><\/p>\n<div class=\"lies-of-p-card-content\">\n<h3>ODKRYWAJ NIEBEZPIECZNE \u015aWIATY<\/h3>\n<p>Podr\u00f3\u017cuj przez rozleg\u0142e d\u017cungle, staro\u017cytne ruiny i zdradzieckie jaskinie, z kt\u00f3rych ka\u017cda roi si\u0119 od zagro\u017ce\u0144 i tajemnic.<\/p>\n<\/div>\n<\/div>\n<\/div>\n<\/div>\n<\/div>\n","protected":false},"excerpt":{"rendered":"<table class=\"info-table\">\n<thead>\n<tr class=\"header-row\">\n<th>Status<\/th>\n<th>INFORMATION<\/th>\n<\/tr>\n<\/thead>\n<tbody>\n<tr>\n<td class=\"status-cell\">\n<div class=\"status-title\">\ud83d\ude80 IMMEDIATE DELIVERY<\/div>\n<div class=\"status-subtitle\">Get instant access<\/div>\n<\/td>\n<td class=\"info-cell\">\n<div class=\"info-box\">\n<div class=\"info-title\">ATTENTION<\/div>\n<div class=\"info-content\">READ THE DESCRIPTION<\/div>\n<\/div>\n<\/td>\n<\/tr>\n<tr>\n<td class=\"status-cell\">\n<div class=\"status-title\">\ud83d\udcb0 Is this site trustworthy?<\/div>\n<div class=\"status-subtitle\">+ 4 years selling games<\/div>\n<\/td>\n<td class=\"info-cell\">\n<div class=\"info-box\">\n<div class=\"info-title\">Acess:<\/div>\n<div class=\"info-content\">\n<div data-src=\"https:\/\/cdn.trustindex.io\/loader.js?7fd81be38eb695098c8683dcf1c\"><\/div>\n<\/div>\n<\/div>\n<\/td>\n<\/tr>\n<\/tbody>\n<\/table>\n","protected":false},"featured_media":7107150,"comment_status":"open","ping_status":"closed","template":"","meta":[],"product_brand":[],"product_cat":[746,650,889,747],"product_tag":[],"class_list":{"0":"post-7107156","1":"product","2":"type-product","3":"status-publish","4":"has-post-thumbnail","6":"product_cat-akcja","7":"product_cat-gry","8":"product_cat-przedsprzedaz","9":"product_cat-przygodowe","11":"first","12":"instock","13":"downloadable","14":"virtual","15":"purchasable","16":"product-type-simple"},"exclude_global_add_ons":[],"addons":[],"_links":{"self":[{"href":"https:\/\/gamesbestprices.com\/pl\/wp-json\/wp\/v2\/product\/7107156","targetHints":{"allow":["GET"]}}],"collection":[{"href":"https:\/\/gamesbestprices.com\/pl\/wp-json\/wp\/v2\/product"}],"about":[{"href":"https:\/\/gamesbestprices.com\/pl\/wp-json\/wp\/v2\/types\/product"}],"replies":[{"embeddable":true,"href":"https:\/\/gamesbestprices.com\/pl\/wp-json\/wp\/v2\/comments?post=7107156"}],"wp:featuredmedia":[{"embeddable":true,"href":"https:\/\/gamesbestprices.com\/pl\/wp-json\/wp\/v2\/media\/7107150"}],"wp:attachment":[{"href":"https:\/\/gamesbestprices.com\/pl\/wp-json\/wp\/v2\/media?parent=7107156"}],"wp:term":[{"taxonomy":"product_brand","embeddable":true,"href":"https:\/\/gamesbestprices.com\/pl\/wp-json\/wp\/v2\/product_brand?post=7107156"},{"taxonomy":"product_cat","embeddable":true,"href":"https:\/\/gamesbestprices.com\/pl\/wp-json\/wp\/v2\/product_cat?post=7107156"},{"taxonomy":"product_tag","embeddable":true,"href":"https:\/\/gamesbestprices.com\/pl\/wp-json\/wp\/v2\/product_tag?post=7107156"}],"curies":[{"name":"wp","href":"https:\/\/api.w.org\/{rel}","templated":true}]}}