{"id":7107146,"date":"2026-04-09T10:07:48","date_gmt":"2026-04-09T10:07:48","guid":{"rendered":""},"modified":"2026-04-09T10:09:10","modified_gmt":"2026-04-09T10:09:10","slug":"gothic-1-remake-pc-steam-offline-pl","status":"publish","type":"product","link":"https:\/\/gamesbestprices.com\/pl\/produkt\/gothic-1-remake-pc-steam-offline-pl\/","title":{"rendered":"Gothic 1 Remake PC Steam Offline"},"content":{"rendered":"<div class=\"lies-of-p-container\">\n<p><!-- Main Banner --><\/p>\n<div class=\"lies-of-p-banner\">\n<h1>GOTHIC 1 REMAKE PC STEAM OFFLINE<\/h1>\n<p>Legendarna gra RPG powraca, od\u015bwie\u017cona dla nowego pokolenia.<\/p>\n<\/div>\n<p><!-- Purchase Alert --><\/p>\n<div class=\"lies-of-p-alerta\">\u26a0\ufe0f LEGENDA POWRACA &#8211; PRZE\u017bYJ KLASYCZN\u0104 GR\u0118 RPG NA NOWO! \u26a0\ufe0f<\/div>\n<p><!-- Offline Mode --><\/p>\n<div class=\"lies-of-p-offline\">\n<h3>\ud83c\udfae CIESZ SI\u0118 OFFLINE Z MAKSYMALNYMI OSZCZ\u0118DNO\u015aCIAMI! \ud83c\udfae<\/h3>\n<p>Ciesz si\u0119 trybem <strong>OFFLINE<\/strong> z absolutn\u0105 swobod\u0105!<\/p>\n<div class=\"lies-of-p-beneficios\">\n<p>\u2705 B\u0119dziesz u\u017cywa\u0107 <strong>DANYCH DOST\u0118POWYCH (JEDNO KONTO)<\/strong>, kt\u00f3re dostarczymy<\/p>\n<p>\u2705 <strong>GRAJ PRZEZ DOSTARCZONE KONTO<\/strong> bez przeszk\u00f3d<\/p>\n<p>\u2705 Pe\u0142ny dost\u0119p do tytu\u0142u i wszystkich \u0142atek<\/p>\n<\/div>\n<p class=\"lies-of-p-economia\">B\u0119dziesz m\u00f3g\u0142 gra\u0107 p\u0142ynnie, kiedy tylko zechcesz<\/p>\n<p class=\"lies-of-p-economia-destaque\">\ud83d\udcb0 OSZCZ\u0118DZAJ\u0104C DU\u017bO i \ud83c\udfaf BAWI\u0104C SI\u0118 \u015aWIETNIE!<\/p>\n<\/div>\n<p><!-- Promotional Video --><\/p>\n<div class=\"lies-of-p-video\">\n<h2>Obejrzyj zwiastun Gothic 1 Remake<\/h2>\n<div class=\"lies-of-p-video-container\">\n<div class=\"lies-of-p-video-responsive\"><iframe title=\"YouTube video player\" src=\"https:\/\/www.youtube-nocookie.com\/embed\/aE2p-piXpoM\" frameborder=\"0\" allowfullscreen=\"allowfullscreen\"><\/iframe><\/div>\n<\/div>\n<\/div>\n<p><!-- System Requirements --><\/p>\n<div class=\"lies-of-p-requisitos\">\n<h2>Wymagania Systemowe<\/h2>\n<div class=\"lies-of-p-requisitos-grid\">\n<p><!-- Minimum Requirements --><\/p>\n<div class=\"lies-of-p-requisitos-box\">\n<h3>Minimalne<\/h3>\n<ul class=\"lies-of-p-requisitos-lista\">\n<li>\u25b9<strong>System Operacyjny:<\/strong> Do og\u0142oszenia<\/li>\n<li>\u25b9<strong>Procesor:<\/strong> Do og\u0142oszenia<\/li>\n<li>\u25b9<strong>Pami\u0119\u0107:<\/strong> Do og\u0142oszenia<\/li>\n<li>\u25b9<strong>Karta Graficzna:<\/strong> Do og\u0142oszenia<\/li>\n<li>\u25b9<strong>DirectX:<\/strong> Do og\u0142oszenia<\/li>\n<li>\u25b9<strong>Miejsce na Dysku:<\/strong> Do og\u0142oszenia<\/li>\n<\/ul>\n<\/div>\n<p><!-- Recommended Requirements --><\/p>\n<div class=\"lies-of-p-requisitos-box\">\n<h3>Zalecane<\/h3>\n<ul class=\"lies-of-p-requisitos-lista\">\n<li>\u25b9<strong>System Operacyjny:<\/strong> Do og\u0142oszenia<\/li>\n<li>\u25b9<strong>Procesor:<\/strong> Do og\u0142oszenia<\/li>\n<li>\u25b9<strong>Pami\u0119\u0107:<\/strong> Do og\u0142oszenia<\/li>\n<li>\u25b9<strong>Karta Graficzna:<\/strong> Do og\u0142oszenia<\/li>\n<li>\u25b9<strong>DirectX:<\/strong> Do og\u0142oszenia<\/li>\n<li>\u25b9<strong>Miejsce na Dysku:<\/strong> Do og\u0142oszenia<\/li>\n<\/ul>\n<\/div>\n<\/div>\n<\/div>\n<p><!-- About the Game --><\/p>\n<div class=\"lies-of-p-sobre\">\n<h2>O Gothic 1 Remake<\/h2>\n<p><strong>Powr\u00f3t do Kolonii. Bariera czeka.<\/strong><\/p>\n<p>Zakup <strong>Gothic 1 Remake PC<\/strong> oznacza powr\u00f3t do kultowego \u015bwiata Myrtany, od\u015bwie\u017conego dzi\u0119ki osza\u0142amiaj\u0105cej nowoczesnej grafice i dopracowanej rozgrywce. Przygotuj si\u0119, by wyku\u0107 w\u0142asne przeznaczenie w surowym, bezlitosnym \u015bwiecie w <strong>Gothic 1 Remake Steam<\/strong>.<\/p>\n<p>Prze\u017cyj ukochany klasyk z kompletn\u0105 przebudow\u0105, o\u017cywiaj\u0105c legendarn\u0105 gr\u0119 RPG jak nigdy dot\u0105d. Dzi\u0119ki ulepszonej grafice, zaktualizowanemu systemowi walki i wiernemu odtworzeniu atmosfery orygina\u0142u, <strong>Gothic 1 Remake for PC<\/strong> zaprasza Ci\u0119 do eksploracji kolonii g\u00f3rniczej, wyboru frakcji i odkrycia tajemnic bariery.<\/p>\n<p><strong>\u201eLegendarna saga RPG zaczyna si\u0119 na nowo.\u201d<\/strong><\/p>\n<\/div>\n<p><!-- Features in Cards --><\/p>\n<div class=\"lies-of-p-destaques\">\n<h2>Cechy Gry<\/h2>\n<div class=\"lies-of-p-cards-grid\">\n<p><!-- Card 1: Reimagined World --><\/p>\n<div class=\"lies-of-p-card\">\n<p><img decoding=\"async\" title=\"Gothic 1 Remake PC - Stunning Visuals\" src=\"https:\/\/shared.fastly.steamstatic.com\/store_item_assets\/steam\/apps\/1294100\/extras\/Gothic_Remake_GIF_01.gif?t=1700000000\" alt=\"Gothic 1 Remake PC Steam Offline - Reimagined World\" \/><\/p>\n<div class=\"lies-of-p-card-content\">\n<h3>OSZA\u0141AMIAJ\u0104CA PRZEBUDOWA WIZUALNA<\/h3>\n<p>Odkryj ca\u0142kowicie od\u015bwie\u017cone Khorinis i koloni\u0119 g\u00f3rnicz\u0105 z zapieraj\u0105c\u0105 dech w piersiach nowoczesn\u0105 grafik\u0105 i ulepszonymi \u015brodowiskami.<\/p>\n<\/div>\n<\/div>\n<p><!-- Card 2: Faithful Recreation --><\/p>\n<div class=\"lies-of-p-card\">\n<p><img decoding=\"async\" title=\"Gothic 1 Remake Steam - True to Original\" src=\"https:\/\/shared.fastly.steamstatic.com\/store_item_assets\/steam\/apps\/1294100\/extras\/Gothic_Remake_GIF_02.gif?t=1700000000\" alt=\"Buy Gothic 1 Remake PC - Faithful Recreation\" \/><\/p>\n<div class=\"lies-of-p-card-content\">\n<h3>WIERNY ORYGINA\u0141OWI<\/h3>\n<p>Prze\u017cyj ponownie klasyczn\u0105 histori\u0119, z\u0142o\u017cone postacie i unikaln\u0105 atmosfer\u0119, kt\u00f3re uczyni\u0142y Gothic ukochan\u0105 gr\u0105 RPG, wiernie odtworzon\u0105.<\/p>\n<\/div>\n<\/div>\n<p><!-- Card 3: Refined Combat & Exploration --><\/p>\n<div class=\"lies-of-p-card\">\n<p><img decoding=\"async\" title=\"Gothic 1 Remake - Modernized Gameplay\" src=\"https:\/\/shared.fastly.steamstatic.com\/store_item_assets\/steam\/apps\/1294100\/extras\/Gothic_Remake_GIF_03.gif?t=1700000000\" alt=\"Gothic 1 Remake for PC - Gameplay\" \/><\/p>\n<div class=\"lies-of-p-card-content\">\n<h3>ZMODERNIZOWANA ROZGRYWKA<\/h3>\n<p>Ciesz si\u0119 zaktualizowanymi mechanikami walki i p\u0142ynn\u0105 eksploracj\u0105, oferuj\u0105c \u015bwie\u017ce, a jednocze\u015bnie znajome do\u015bwiadczenie zar\u00f3wno weteranom, jak i nowicjuszom.<\/p>\n<\/div>\n<\/div>\n<\/div>\n<\/div>\n<\/div>\n","protected":false},"excerpt":{"rendered":"<table class=\"info-table\">\n<thead>\n<tr class=\"header-row\">\n<th>Status<\/th>\n<th>INFORMATION<\/th>\n<\/tr>\n<\/thead>\n<tbody>\n<tr>\n<td class=\"status-cell\">\n<div class=\"status-title\">\ud83d\ude80 IMMEDIATE DELIVERY<\/div>\n<div class=\"status-subtitle\">Get instant access<\/div>\n<\/td>\n<td class=\"info-cell\">\n<div class=\"info-box\">\n<div class=\"info-title\">ATTENTION<\/div>\n<div class=\"info-content\">READ THE DESCRIPTION<\/div>\n<\/div>\n<\/td>\n<\/tr>\n<tr>\n<td class=\"status-cell\">\n<div class=\"status-title\">\ud83d\udcb0 Is this site trustworthy?<\/div>\n<div class=\"status-subtitle\">+ 4 years selling games<\/div>\n<\/td>\n<td class=\"info-cell\">\n<div class=\"info-box\">\n<div class=\"info-title\">Acess:<\/div>\n<div class=\"info-content\">\n<div data-src=\"https:\/\/cdn.trustindex.io\/loader.js?7fd81be38eb695098c8683dcf1c\"><\/div>\n<\/div>\n<\/div>\n<\/td>\n<\/tr>\n<\/tbody>\n<\/table>\n","protected":false},"featured_media":7107140,"comment_status":"open","ping_status":"closed","template":"","meta":[],"product_brand":[],"product_cat":[746,650,889,770],"product_tag":[687],"class_list":{"0":"post-7107146","1":"product","2":"type-product","3":"status-publish","4":"has-post-thumbnail","6":"product_cat-akcja","7":"product_cat-gry","8":"product_cat-przedsprzedaz","9":"product_cat-rpg","10":"product_tag-otwarty-swiat","12":"first","13":"instock","14":"downloadable","15":"virtual","16":"purchasable","17":"product-type-simple"},"exclude_global_add_ons":[],"addons":[],"_links":{"self":[{"href":"https:\/\/gamesbestprices.com\/pl\/wp-json\/wp\/v2\/product\/7107146","targetHints":{"allow":["GET"]}}],"collection":[{"href":"https:\/\/gamesbestprices.com\/pl\/wp-json\/wp\/v2\/product"}],"about":[{"href":"https:\/\/gamesbestprices.com\/pl\/wp-json\/wp\/v2\/types\/product"}],"replies":[{"embeddable":true,"href":"https:\/\/gamesbestprices.com\/pl\/wp-json\/wp\/v2\/comments?post=7107146"}],"wp:featuredmedia":[{"embeddable":true,"href":"https:\/\/gamesbestprices.com\/pl\/wp-json\/wp\/v2\/media\/7107140"}],"wp:attachment":[{"href":"https:\/\/gamesbestprices.com\/pl\/wp-json\/wp\/v2\/media?parent=7107146"}],"wp:term":[{"taxonomy":"product_brand","embeddable":true,"href":"https:\/\/gamesbestprices.com\/pl\/wp-json\/wp\/v2\/product_brand?post=7107146"},{"taxonomy":"product_cat","embeddable":true,"href":"https:\/\/gamesbestprices.com\/pl\/wp-json\/wp\/v2\/product_cat?post=7107146"},{"taxonomy":"product_tag","embeddable":true,"href":"https:\/\/gamesbestprices.com\/pl\/wp-json\/wp\/v2\/product_tag?post=7107146"}],"curies":[{"name":"wp","href":"https:\/\/api.w.org\/{rel}","templated":true}]}}