{"id":7107136,"date":"2026-04-09T10:06:10","date_gmt":"2026-04-09T10:06:10","guid":{"rendered":""},"modified":"2026-04-09T10:07:31","modified_gmt":"2026-04-09T10:07:31","slug":"control-resonant-pc-steam-offline-pl","status":"publish","type":"product","link":"https:\/\/gamesbestprices.com\/pl\/produkt\/control-resonant-pc-steam-offline-pl\/","title":{"rendered":"Control Resonant PC Steam Offline"},"content":{"rendered":"<p><!-- CONTROL RESONANT PC STEAM OFFLINE - Clean HTML with CSS Classes --><\/p>\n<div class=\"lies-of-p-container\">\n<p><!-- Main Banner --><\/p>\n<div class=\"lies-of-p-banner\">\n<h1>CONTROL RESONANT PC STEAM OFFLINE<\/h1>\n<p>Uwolnij swoje nadprzyrodzone moce w \u015bwiecie poza rzeczywisto\u015bci\u0105.<\/p>\n<\/div>\n<p><!-- Purchase Alert --><\/p>\n<div class=\"lies-of-p-alerta\">\u26a0\ufe0f OPANUJ SWOJE ZDOLNO\u015aCI &#8211; ODKRYJ NIEZNANE! \u26a0\ufe0f<\/div>\n<p><!-- Offline Mode --><\/p>\n<div class=\"lies-of-p-offline\">\n<h3>\ud83c\udfae CIESZ SI\u0118 OFFLINE Z MAKSYMALNYMI OSZCZ\u0118DNO\u015aCIAMI! \ud83c\udfae<\/h3>\n<p>Ciesz si\u0119 trybem <strong>OFFLINE<\/strong> z absolutn\u0105 swobod\u0105!<\/p>\n<div class=\"lies-of-p-beneficios\">\n<p>\u2705 B\u0119dziesz korzysta\u0107 z dostarczonych przez nas <strong>DANYCH DOST\u0118POWYCH (JEDNO KONTO)<\/strong><\/p>\n<p>\u2705 <strong>GRAJ ZA PO\u015aREDNICTWEM DOSTARCZONEGO KONTA<\/strong> bez przeszk\u00f3d<\/p>\n<p>\u2705 Pe\u0142ny dost\u0119p do tytu\u0142u i wszystkich \u0142atek<\/p>\n<\/div>\n<p class=\"lies-of-p-economia\">B\u0119dziesz m\u00f3g\u0142 gra\u0107 p\u0142ynnie, kiedy tylko zechcesz<\/p>\n<p class=\"lies-of-p-economia-destaque\">\ud83d\udcb0 OSZCZ\u0118DZAJ\u0104C DU\u017bO i \ud83c\udfaf BAWI\u0104C SI\u0118 \u015aWIETNIE!<\/p>\n<\/div>\n<p><!-- Promotional Video --><\/p>\n<div class=\"lies-of-p-video\">\n<h2>Obejrzyj zwiastun Control Resonant<\/h2>\n<div class=\"lies-of-p-video-container\">\n<div class=\"lies-of-p-video-responsive\"><iframe title=\"YouTube video player\" src=\"https:\/\/www.youtube-nocookie.com\/embed\/WhQm-ExRz60\" frameborder=\"0\" allowfullscreen=\"allowfullscreen\"><\/iframe><\/div>\n<\/div>\n<\/div>\n<p><!-- System Requirements --><\/p>\n<div class=\"lies-of-p-requisitos\">\n<h2>Specyfikacje Systemowe<\/h2>\n<div class=\"lies-of-p-requisitos-grid\">\n<p><!-- Minimum Requirements --><\/p>\n<div class=\"lies-of-p-requisitos-box\">\n<h3>Minimalne<\/h3>\n<ul class=\"lies-of-p-requisitos-lista\">\n<li>\u25b9<strong>System operacyjny:<\/strong> Do og\u0142oszenia<\/li>\n<li>\u25b9<strong>Procesor:<\/strong> Do og\u0142oszenia<\/li>\n<li>\u25b9<strong>Pami\u0119\u0107:<\/strong> Do og\u0142oszenia<\/li>\n<li>\u25b9<strong>Karta graficzna:<\/strong> Do og\u0142oszenia<\/li>\n<li>\u25b9<strong>DirectX:<\/strong> Do og\u0142oszenia<\/li>\n<li>\u25b9<strong>Miejsce na dysku:<\/strong> Do og\u0142oszenia<\/li>\n<\/ul>\n<\/div>\n<p><!-- Recommended Requirements --><\/p>\n<div class=\"lies-of-p-requisitos-box\">\n<h3>Zalecane<\/h3>\n<ul class=\"lies-of-p-requisitos-lista\">\n<li>\u25b9<strong>System operacyjny:<\/strong> Do og\u0142oszenia<\/li>\n<li>\u25b9<strong>Procesor:<\/strong> Do og\u0142oszenia<\/li>\n<li>\u25b9<strong>Pami\u0119\u0107:<\/strong> Do og\u0142oszenia<\/li>\n<li>\u25b9<strong>Karta graficzna:<\/strong> Do og\u0142oszenia<\/li>\n<li>\u25b9<strong>DirectX:<\/strong> Do og\u0142oszenia<\/li>\n<li>\u25b9<strong>Miejsce na dysku:<\/strong> Do og\u0142oszenia<\/li>\n<\/ul>\n<\/div>\n<\/div>\n<\/div>\n<p><!-- About the Game --><\/p>\n<div class=\"lies-of-p-sobre\">\n<h2>O grze Control Resonant<\/h2>\n<p><strong>Rzeczywisto\u015b\u0107 jest broni\u0105.<\/strong><\/p>\n<p>Kupuj\u0105c <strong>Control Resonant PC<\/strong>, wcielasz si\u0119 w Jesse Faden, now\u0105 Dyrektor Federalnego Biura Kontroli, kt\u00f3ra szuka odpowiedzi w tajemniczym Najstarszym Domu. Przygotuj si\u0119 na pos\u0142ugiwanie si\u0119 niezwyk\u0142ymi mocami i stawienie czo\u0142a pozaziemskiemu zagro\u017ceniu w <strong>Control Resonant Steam<\/strong>.<\/p>\n<p>Po tym, jak tajna agencja w Nowym Jorku zostaje zaatakowana przez pozaziemskie zagro\u017cenie, stajesz si\u0119 nowym Dyrektorem walcz\u0105cym o odzyskanie Kontroli. Od tw\u00f3rc\u00f3w Alan Wake i Max Payne, ta nadprzyrodzona przygodowa gra akcji z perspektywy trzeciej osoby rzuca Ci wyzwanie, aby\u015b opanowa\u0142 kombinacj\u0119 nadprzyrodzonych zdolno\u015bci, modyfikowalnych ekwipunk\u00f3w i reaktywnych \u015brodowisk, walcz\u0105c w g\u0142\u0119bokim i nieprzewidywalnym \u015bwiecie.<\/p>\n<p><strong>&#8222;\u015awiat tajemnic czeka na Twoje rozkazy.&#8221;<\/strong><\/p>\n<\/div>\n<p><!-- Features in Cards --><\/p>\n<div class=\"lies-of-p-destaques\">\n<h2>Cechy gry<\/h2>\n<div class=\"lies-of-p-cards-grid\">\n<p><!-- Card 1: Supernatural Powers --><\/p>\n<div class=\"lies-of-p-card\">\n<p><img decoding=\"async\" title=\"Control Resonant PC - Supernatural Powers\" src=\"https:\/\/shared.fastly.steamstatic.com\/store_item_assets\/steam\/apps\/870780\/extras\/Control_GIF_01.gif?t=1700683050\" alt=\"Control Resonant PC Steam Offline - Supernatural Powers\" \/><\/p>\n<div class=\"lies-of-p-card-content\">\n<h3>OPANUJ NADPRZYRODZONE MOCE<\/h3>\n<p>Uwolnij unikalne zdolno\u015bci, takie jak telekineza, lewitacja i kontrola umys\u0142u, aby walczy\u0107 z Hiss, pozaziemskim wrogiem.<\/p>\n<\/div>\n<\/div>\n<p><!-- Card 2: Shifting World --><\/p>\n<div class=\"lies-of-p-card\">\n<p><img decoding=\"async\" title=\"Control Resonant Steam - Oldest House\" src=\"https:\/\/shared.fastly.steamstatic.com\/store_item_assets\/steam\/apps\/870780\/extras\/Control_GIF_02.gif?t=1700683050\" alt=\"Buy Control Resonant PC - Oldest House\" \/><\/p>\n<div class=\"lies-of-p-card-content\">\n<h3>ODKRYJ NAJSTARSZY DOM<\/h3>\n<p>Nawiguj po rozleg\u0142ym, ci\u0105gle zmieniaj\u0105cym si\u0119 brutalistycznym drapaczu chmur, miejscu, gdzie rzeczywisto\u015b\u0107 si\u0119 nagina, a sekrety ukrywaj\u0105 si\u0119 w jego \u015bcianach.<\/p>\n<\/div>\n<\/div>\n<p><!-- Card 3: Intense Combat --><\/p>\n<div class=\"lies-of-p-card\">\n<p><img decoding=\"async\" title=\"Control Resonant - Dynamic Combat\" src=\"https:\/\/shared.fastly.steamstatic.com\/store_item_assets\/steam\/apps\/870780\/extras\/Control_GIF_03.gif?t=1700683050\" alt=\"Control Resonant for PC - Dynamic Combat\" \/><\/p>\n<div class=\"lies-of-p-card-content\">\n<h3>INTENSYWNA, DYNAMICZNA WALKA<\/h3>\n<p>We\u017a udzia\u0142 w ekscytuj\u0105cych, destrukcyjnych bitwach, u\u017cywaj\u0105c swojej Broni S\u0142u\u017cbowej i nadprzyrodzonych zdolno\u015bci przeciwko bezlitosnemu wrokowi.<\/p>\n<\/div>\n<\/div>\n<\/div>\n<\/div>\n<\/div>\n","protected":false},"excerpt":{"rendered":"<table class=\"info-table\">\n<thead>\n<tr class=\"header-row\">\n<th>Status<\/th>\n<th>INFORMATION<\/th>\n<\/tr>\n<\/thead>\n<tbody>\n<tr>\n<td class=\"status-cell\">\n<div class=\"status-title\">\ud83d\ude80 IMMEDIATE DELIVERY<\/div>\n<div class=\"status-subtitle\">Get instant access<\/div>\n<\/td>\n<td class=\"info-cell\">\n<div class=\"info-box\">\n<div class=\"info-title\">ATTENTION<\/div>\n<div class=\"info-content\">READ THE DESCRIPTION<\/div>\n<\/div>\n<\/td>\n<\/tr>\n<tr>\n<td class=\"status-cell\">\n<div class=\"status-title\">\ud83d\udcb0 Is this site trustworthy?<\/div>\n<div class=\"status-subtitle\">+ 4 years selling games<\/div>\n<\/td>\n<td class=\"info-cell\">\n<div class=\"info-box\">\n<div class=\"info-title\">Acess:<\/div>\n<div class=\"info-content\">\n<div data-src=\"https:\/\/cdn.trustindex.io\/loader.js?7fd81be38eb695098c8683dcf1c\"><\/div>\n<\/div>\n<\/div>\n<\/td>\n<\/tr>\n<\/tbody>\n<\/table>\n","protected":false},"featured_media":7107130,"comment_status":"open","ping_status":"closed","template":"","meta":[],"product_brand":[],"product_cat":[746,650,889,747,770],"product_tag":[],"class_list":{"0":"post-7107136","1":"product","2":"type-product","3":"status-publish","4":"has-post-thumbnail","6":"product_cat-akcja","7":"product_cat-gry","8":"product_cat-przedsprzedaz","9":"product_cat-przygodowe","10":"product_cat-rpg","12":"first","13":"instock","14":"downloadable","15":"virtual","16":"purchasable","17":"product-type-simple"},"exclude_global_add_ons":[],"addons":[],"_links":{"self":[{"href":"https:\/\/gamesbestprices.com\/pl\/wp-json\/wp\/v2\/product\/7107136","targetHints":{"allow":["GET"]}}],"collection":[{"href":"https:\/\/gamesbestprices.com\/pl\/wp-json\/wp\/v2\/product"}],"about":[{"href":"https:\/\/gamesbestprices.com\/pl\/wp-json\/wp\/v2\/types\/product"}],"replies":[{"embeddable":true,"href":"https:\/\/gamesbestprices.com\/pl\/wp-json\/wp\/v2\/comments?post=7107136"}],"wp:featuredmedia":[{"embeddable":true,"href":"https:\/\/gamesbestprices.com\/pl\/wp-json\/wp\/v2\/media\/7107130"}],"wp:attachment":[{"href":"https:\/\/gamesbestprices.com\/pl\/wp-json\/wp\/v2\/media?parent=7107136"}],"wp:term":[{"taxonomy":"product_brand","embeddable":true,"href":"https:\/\/gamesbestprices.com\/pl\/wp-json\/wp\/v2\/product_brand?post=7107136"},{"taxonomy":"product_cat","embeddable":true,"href":"https:\/\/gamesbestprices.com\/pl\/wp-json\/wp\/v2\/product_cat?post=7107136"},{"taxonomy":"product_tag","embeddable":true,"href":"https:\/\/gamesbestprices.com\/pl\/wp-json\/wp\/v2\/product_tag?post=7107136"}],"curies":[{"name":"wp","href":"https:\/\/api.w.org\/{rel}","templated":true}]}}