{"id":7107126,"date":"2026-04-09T09:58:16","date_gmt":"2026-04-09T09:58:16","guid":{"rendered":""},"modified":"2026-04-09T09:59:31","modified_gmt":"2026-04-09T09:59:31","slug":"jurassic-park-survival-pc-steam-offline-pl","status":"publish","type":"product","link":"https:\/\/gamesbestprices.com\/pl\/produkt\/jurassic-park-survival-pc-steam-offline-pl\/","title":{"rendered":"Jurassic Park Survival PC Steam Offline"},"content":{"rendered":"<p><!-- JURASSIC PARK SURVIVAL - Clean HTML with CSS Classes --><\/p>\n<div class=\"lies-of-p-container\">\n<p><!-- Main Banner --><\/p>\n<div class=\"lies-of-p-banner\">\n<h1>JURASSIC PARK SURVIVAL PC STEAM OFFLINE<\/h1>\n<p>Prehistoryczny terror powraca w nowej erze przetrwania.<\/p>\n<\/div>\n<p><!-- Purchase Alert --><\/p>\n<div class=\"lies-of-p-alerta\">\u26a0\ufe0f PREHISTORYCZNY TERROR &#8211; NAJLEPSZA PRZYGODA SURVIVALOWA! \u26a0\ufe0f<\/div>\n<p><!-- Offline Mode --><\/p>\n<div class=\"lies-of-p-offline\">\n<h3>\ud83c\udfae CIESZ SI\u0118 OFFLINE Z MAKSYMALNYMI OSZCZ\u0118DNO\u015aCIAMI! \ud83c\udfae<\/h3>\n<p>Ciesz si\u0119 trybem <strong>OFFLINE<\/strong> z absolutn\u0105 swobod\u0105!<\/p>\n<div class=\"lies-of-p-beneficios\">\n<p>\u2705 B\u0119dziesz korzysta\u0107 z <strong>DANYCH DOST\u0118POWYCH (POJEDYNCZE KONTO)<\/strong>, kt\u00f3re udost\u0119pnimy<\/p>\n<p>\u2705 <strong>GRAJ PRZEZ UDOST\u0118PNIONE KONTO<\/strong> bez przeszk\u00f3d<\/p>\n<p>\u2705 Pe\u0142ny dost\u0119p do tytu\u0142u i wszystkich \u0142atek<\/p>\n<\/div>\n<p class=\"lies-of-p-economia\">B\u0119dziesz m\u00f3g\u0142 gra\u0107 p\u0142ynnie, kiedy tylko zechcesz<\/p>\n<p class=\"lies-of-p-economia-destaque\">\ud83d\udcb0 DU\u017bO OSZCZ\u0118DZASZ i \ud83c\udfaf \u015aWIETNIE SI\u0118 BAWISZ!<\/p>\n<\/div>\n<p><!-- Promotional Video --><\/p>\n<div class=\"lies-of-p-video\">\n<h2>Obejrzyj zwiastun Jurassic Park Survival<\/h2>\n<div class=\"lies-of-p-video-container\">\n<div class=\"lies-of-p-video-responsive\"><iframe title=\"YouTube video player\" src=\"https:\/\/www.youtube-nocookie.com\/embed\/UinsNBOTNyU\" frameborder=\"0\" allowfullscreen=\"allowfullscreen\"><\/iframe><\/div>\n<\/div>\n<\/div>\n<p><!-- System Requirements --><\/p>\n<div class=\"lies-of-p-requisitos\">\n<h2>Specyfikacje Systemowe<\/h2>\n<div class=\"lies-of-p-requisitos-grid\">\n<p><!-- Minimum Requirements --><\/p>\n<div class=\"lies-of-p-requisitos-box\">\n<h3>Minimalne<\/h3>\n<ul class=\"lies-of-p-requisitos-lista\">\n<li>\u25b9<strong>OS:<\/strong> Do og\u0142oszenia<\/li>\n<li>\u25b9<strong>Processor:<\/strong> Do og\u0142oszenia<\/li>\n<li>\u25b9<strong>Memory:<\/strong> Do og\u0142oszenia<\/li>\n<li>\u25b9<strong>Graphics Card:<\/strong> Do og\u0142oszenia<\/li>\n<li>\u25b9<strong>DirectX:<\/strong> Do og\u0142oszenia<\/li>\n<li>\u25b9<strong>Storage:<\/strong> Do og\u0142oszenia<\/li>\n<\/ul>\n<\/div>\n<p><!-- Recommended Requirements --><\/p>\n<div class=\"lies-of-p-requisitos-box\">\n<h3>Zalecane<\/h3>\n<ul class=\"lies-of-p-requisitos-lista\">\n<li>\u25b9<strong>OS:<\/strong> Do og\u0142oszenia<\/li>\n<li>\u25b9<strong>Processor:<\/strong> Do og\u0142oszenia<\/li>\n<li>\u25b9<strong>Memory:<\/strong> Do og\u0142oszenia<\/li>\n<li>\u25b9<strong>Graphics Card:<\/strong> Do og\u0142oszenia<\/li>\n<li>\u25b9<strong>DirectX:<\/strong> Do og\u0142oszenia<\/li>\n<li>\u25b9<strong>Storage:<\/strong> Do og\u0142oszenia<\/li>\n<\/ul>\n<\/div>\n<\/div>\n<\/div>\n<p><!-- About the Game --><\/p>\n<div class=\"lies-of-p-sobre\">\n<h2>O Jurassic Park Survival<\/h2>\n<p><strong>Park jest otwarty. Przetrwanie nie jest gwarantowane.<\/strong><\/p>\n<p>Kupno <strong>Jurassic Park Survival PC<\/strong> oznacza prze\u017cycie nowej, oryginalnej jednoosobowej gry akcji-przygodowej, kt\u00f3ra rozgrywa si\u0119 po wydarzeniach z kultowego filmu z 1993 roku. Przygotuj si\u0119 na porywaj\u0105ce do\u015bwiadczenie, kt\u00f3re przetestuje Tw\u00f3j spryt i odwag\u0119 w <strong>Jurassic Park Survival Steam<\/strong>.<\/p>\n<p>Ewolucja technologiczna po\u0142\u0105czona z rozleg\u0142ym do\u015bwiadczeniem tw\u00f3rc\u00f3w \u0142\u0105czy si\u0119 w historii z z\u0142o\u017conymi postaciami i bardziej wci\u0105gaj\u0105c\u0105 rozgrywk\u0105 ni\u017c kiedykolwiek wcze\u015bniej w <strong>Jurassic Park Survival for PC<\/strong>. Powr\u00f3\u0107 ponownie na Isla Nublar, kultow\u0105 wysp\u0119, gdzie rozpocz\u0105\u0142 si\u0119 prehistoryczny terror.<\/p>\n<p><strong>\u201eRozpoczyna si\u0119 nowy rozdzia\u0142 w dziedzictwie Jurassic Park.\u201d<\/strong><\/p>\n<\/div>\n<p><!-- Features in Cards --><\/p>\n<div class=\"lies-of-p-destaques\">\n<h2>Cechy Gry<\/h2>\n<div class=\"lies-of-p-cards-grid\">\n<p><!-- Card 1: Thrilling Prehistoric Survival --><\/p>\n<div class=\"lies-of-p-card\">\n<p><img decoding=\"async\" title=\"Jurassic Park Survival PC - Porywaj\u0105ce Przetrwanie\" src=\"https:\/\/via.placeholder.com\/300x150?text=Jurassic+Park+Survival+Image+1\" alt=\"Jurassic Park Survival PC Steam Offline - Prehistoryczne Przetrwanie\" \/><\/p>\n<div class=\"lies-of-p-card-content\">\n<h3>PORYWAJ\u0104CE PREHISTORYCZNE PRZETRWANIE<\/h3>\n<p>Prze\u017cyj now\u0105, oryginaln\u0105 jednoosobow\u0105 gr\u0119 akcji-przygodow\u0105, kt\u00f3ra rozgrywa si\u0119 po wydarzeniach z kultowego filmu z 1993 roku, wcielaj\u0105c si\u0119 w posta\u0107 Dr. Mayi Joshi.<\/p>\n<\/div>\n<\/div>\n<p><!-- Card 2: Explore Isla Nublar --><\/p>\n<div class=\"lies-of-p-card\">\n<p><img decoding=\"async\" title=\"Jurassic Park Survival Steam - Isla Nublar\" src=\"https:\/\/via.placeholder.com\/300x150?text=Jurassic+Park+Survival+Image+2\" alt=\"Kup Jurassic Park Survival PC - Isla Nublar\" \/><\/p>\n<div class=\"lies-of-p-card-content\">\n<h3>ODKRYJ ISLA NUBLAR<\/h3>\n<p>Powr\u00f3\u0107 na kultow\u0105 Isla Nublar, niebezpieczn\u0105 wysp\u0119 t\u0119tni\u0105c\u0105 prehistorycznym \u017cyciem i niezliczonymi tajemnicami, gdzie ka\u017cdy cie\u0144 kryje zagro\u017cenie.<\/p>\n<\/div>\n<\/div>\n<p><!-- Card 3: Unforgettable Dinosaur Encounters --><\/p>\n<div class=\"lies-of-p-card\">\n<p><img decoding=\"async\" title=\"Jurassic Park Survival - Spotkania z Dinozaurami\" src=\"https:\/\/via.placeholder.com\/300x150?text=Jurassic+Park+Survival+Image+3\" alt=\"Jurassic Park Survival for PC - Dinozaury\" \/><\/p>\n<div class=\"lies-of-p-card-content\">\n<h3>NIEZAPOMNIANE SPOTKANIA Z DINOZAURAMI<\/h3>\n<p>Przechytrz, unikaj i wchod\u017a w interakcje z r\u00f3\u017cnorodnymi dinozaurami, z kt\u00f3rych ka\u017cdy ma unikalne zachowania i zagro\u017cenia, poruszaj\u0105c si\u0119 po niebezpiecznym \u015brodowisku.<\/p>\n<\/div>\n<\/div>\n<\/div>\n<\/div>\n<\/div>\n","protected":false},"excerpt":{"rendered":"<table class=\"info-table\">\n<thead>\n<tr class=\"header-row\">\n<th>Status<\/th>\n<th>INFORMATION<\/th>\n<\/tr>\n<\/thead>\n<tbody>\n<tr>\n<td class=\"status-cell\">\n<div class=\"status-title\">\ud83d\ude80 IMMEDIATE DELIVERY<\/div>\n<div class=\"status-subtitle\">Get instant access<\/div>\n<\/td>\n<td class=\"info-cell\">\n<div class=\"info-box\">\n<div class=\"info-title\">ATTENTION<\/div>\n<div class=\"info-content\">READ THE DESCRIPTION<\/div>\n<\/div>\n<\/td>\n<\/tr>\n<tr>\n<td class=\"status-cell\">\n<div class=\"status-title\">\ud83d\udcb0 Is this site trustworthy?<\/div>\n<div class=\"status-subtitle\">+ 4 years selling games<\/div>\n<\/td>\n<td class=\"info-cell\">\n<div class=\"info-box\">\n<div class=\"info-title\">Acess:<\/div>\n<div class=\"info-content\">\n<div data-src=\"https:\/\/cdn.trustindex.io\/loader.js?7fd81be38eb695098c8683dcf1c\"><\/div>\n<\/div>\n<\/div>\n<\/td>\n<\/tr>\n<\/tbody>\n<\/table>\n","protected":false},"featured_media":7107120,"comment_status":"open","ping_status":"closed","template":"","meta":[],"product_brand":[],"product_cat":[746,650,889,747],"product_tag":[654],"class_list":{"0":"post-7107126","1":"product","2":"type-product","3":"status-publish","4":"has-post-thumbnail","6":"product_cat-akcja","7":"product_cat-gry","8":"product_cat-przedsprzedaz","9":"product_cat-przygodowe","10":"product_tag-horror","12":"first","13":"instock","14":"downloadable","15":"virtual","16":"purchasable","17":"product-type-simple"},"exclude_global_add_ons":[],"addons":[],"_links":{"self":[{"href":"https:\/\/gamesbestprices.com\/pl\/wp-json\/wp\/v2\/product\/7107126","targetHints":{"allow":["GET"]}}],"collection":[{"href":"https:\/\/gamesbestprices.com\/pl\/wp-json\/wp\/v2\/product"}],"about":[{"href":"https:\/\/gamesbestprices.com\/pl\/wp-json\/wp\/v2\/types\/product"}],"replies":[{"embeddable":true,"href":"https:\/\/gamesbestprices.com\/pl\/wp-json\/wp\/v2\/comments?post=7107126"}],"wp:featuredmedia":[{"embeddable":true,"href":"https:\/\/gamesbestprices.com\/pl\/wp-json\/wp\/v2\/media\/7107120"}],"wp:attachment":[{"href":"https:\/\/gamesbestprices.com\/pl\/wp-json\/wp\/v2\/media?parent=7107126"}],"wp:term":[{"taxonomy":"product_brand","embeddable":true,"href":"https:\/\/gamesbestprices.com\/pl\/wp-json\/wp\/v2\/product_brand?post=7107126"},{"taxonomy":"product_cat","embeddable":true,"href":"https:\/\/gamesbestprices.com\/pl\/wp-json\/wp\/v2\/product_cat?post=7107126"},{"taxonomy":"product_tag","embeddable":true,"href":"https:\/\/gamesbestprices.com\/pl\/wp-json\/wp\/v2\/product_tag?post=7107126"}],"curies":[{"name":"wp","href":"https:\/\/api.w.org\/{rel}","templated":true}]}}