{"id":7107106,"date":"2026-04-09T09:54:57","date_gmt":"2026-04-09T09:54:57","guid":{"rendered":""},"modified":"2026-04-09T09:56:13","modified_gmt":"2026-04-09T09:56:13","slug":"pragmata-deluxe-edition-pc-steam-offline-pl","status":"publish","type":"product","link":"https:\/\/gamesbestprices.com\/pl\/produkt\/pragmata-deluxe-edition-pc-steam-offline-pl\/","title":{"rendered":"Pragmata Deluxe Edition PC Steam Offline"},"content":{"rendered":"<p><!-- PRAGMATA - Clean HTML with CSS Classes --><\/p>\n<div class=\"lies-of-p-container\">\n<p><!-- Main Banner --><\/p>\n<div class=\"lies-of-p-banner\">\n<h1>PRAGMATA DELUXE PC STEAM OFFLINE<\/h1>\n<p>Nowa era akcji science-fiction i tajemnicy czeka.<\/p>\n<\/div>\n<p><!-- Purchase Alert --><\/p>\n<div class=\"lies-of-p-alerta\">\u26a0\ufe0f NOWA ERA SCI-FI &#8211; EPICKA PRZYGODA KSI\u0118\u017bYCOWA! \u26a0\ufe0f<\/div>\n<p><!-- Offline Mode --><\/p>\n<div class=\"lies-of-p-offline\">\n<h3>\ud83c\udfae CIESZ SI\u0118 OFFLINE Z MAKSYMALNYMI OSZCZ\u0118DNO\u015aCIAMI! \ud83c\udfae<\/h3>\n<p>Ciesz si\u0119 trybem <strong>OFFLINE<\/strong> z absolutn\u0105 swobod\u0105!<\/p>\n<div class=\"lies-of-p-beneficios\">\n<p>\u2705 B\u0119dziesz u\u017cywa\u0107 <strong>DANYCH DOST\u0118POWYCH (JEDNO KONTO)<\/strong>, kt\u00f3re dostarczymy<\/p>\n<p>\u2705 <strong>GRAJ ZA PO\u015aREDNICTWEM DOSTARCZONEGO KONTA<\/strong> bez przeszk\u00f3d<\/p>\n<p>\u2705 Pe\u0142ny dost\u0119p do tytu\u0142u i wszystkich \u0142atek<\/p>\n<\/div>\n<p class=\"lies-of-p-economia\">B\u0119dziesz m\u00f3g\u0142 gra\u0107 p\u0142ynnie, kiedy tylko zechcesz<\/p>\n<p class=\"lies-of-p-economia-destaque\">\ud83d\udcb0 OSZCZ\u0118DZAJ\u0104C DU\u017bO i \ud83c\udfaf BAWI\u0104C SI\u0118 \u015aWIETNIE!<\/p>\n<\/div>\n<p><!-- Promotional Video --><\/p>\n<div class=\"lies-of-p-video\">\n<h2>Obejrzyj zwiastun Pragmata<\/h2>\n<div class=\"lies-of-p-video-container\">\n<div class=\"lies-of-p-video-responsive\"><iframe title=\"Odtwarzacz wideo YouTube\" src=\"https:\/\/www.youtube-nocookie.com\/embed\/oncaa_fMsyw\" frameborder=\"0\" allowfullscreen=\"allowfullscreen\"><\/iframe><\/div>\n<\/div>\n<\/div>\n<p><!-- System Requirements --><\/p>\n<div class=\"lies-of-p-requisitos\">\n<h2>Wymagania Systemowe<\/h2>\n<div class=\"lies-of-p-requisitos-grid\">\n<p><!-- Minimum Requirements --><\/p>\n<div class=\"lies-of-p-requisitos-box\">\n<h3>Minimalne<\/h3>\n<ul class=\"lies-of-p-requisitos-lista\">\n<li>\u25b9<strong>System Operacyjny:<\/strong> Do og\u0142oszenia<\/li>\n<li>\u25b9<strong>Procesor:<\/strong> Do og\u0142oszenia<\/li>\n<li>\u25b9<strong>Pami\u0119\u0107:<\/strong> Do og\u0142oszenia<\/li>\n<li>\u25b9<strong>Karta Graficzna:<\/strong> Do og\u0142oszenia<\/li>\n<li>\u25b9<strong>DirectX:<\/strong> Do og\u0142oszenia<\/li>\n<li>\u25b9<strong>Miejsce na Dysku:<\/strong> Do og\u0142oszenia<\/li>\n<\/ul>\n<\/div>\n<p><!-- Recommended Requirements --><\/p>\n<div class=\"lies-of-p-requisitos-box\">\n<h3>Zalecane<\/h3>\n<ul class=\"lies-of-p-requisitos-lista\">\n<li>\u25b9<strong>System Operacyjny:<\/strong> Do og\u0142oszenia<\/li>\n<li>\u25b9<strong>Procesor:<\/strong> Do og\u0142oszenia<\/li>\n<li>\u25b9<strong>Pami\u0119\u0107:<\/strong> Do og\u0142oszenia<\/li>\n<li>\u25b9<strong>Karta Graficzna:<\/strong> Do og\u0142oszenia<\/li>\n<li>\u25b9<strong>DirectX:<\/strong> Do og\u0142oszenia<\/li>\n<li>\u25b9<strong>Miejsce na Dysku:<\/strong> Do og\u0142oszenia<\/li>\n<\/ul>\n<\/div>\n<\/div>\n<\/div>\n<p><!-- About the Game --><\/p>\n<div class=\"lies-of-p-sobre\">\n<h2>O grze Pragmata<\/h2>\n<p><strong>Podr\u00f3\u017c poza Ziemi\u0119. Odkryj prawd\u0119.<\/strong><\/p>\n<p>Kupuj\u0105c <strong>Pragmata PC<\/strong>, wyruszasz w prze\u0142omow\u0105, now\u0105 w\u0142asno\u015b\u0107 intelektualn\u0105 od Capcom. Przygotuj si\u0119 na niezapomnian\u0105 przygod\u0119 osadzon\u0105 na dystopijnym ksi\u0119\u017cycu w <strong>Pragmata Steam<\/strong>.<\/p>\n<p>Wykorzystuj\u0105c najnowocze\u015bniejsz\u0105 technologi\u0119 i rozleg\u0142e do\u015bwiadczenie tw\u00f3rc\u00f3w, Pragmata zapewnia g\u0142\u0119boko wci\u0105gaj\u0105ce do\u015bwiadczenie z z\u0142o\u017conymi postaciami i zapieraj\u0105cymi dech w piersiach \u015brodowiskami w <strong>Pragmata na PC<\/strong>. Odkryj opustosza\u0142y ksi\u0119\u017cycowy krajobraz pe\u0142en tajemnic i niebezpiecze\u0144stw.<\/p>\n<p><strong>\u201eRozpoczyna si\u0119 nowa era akcji science-fiction.\u201d<\/strong><\/p>\n<\/div>\n<p><!-- Features in Cards --><\/p>\n<div class=\"lies-of-p-destaques\">\n<h2>Cechy Gry<\/h2>\n<div class=\"lies-of-p-cards-grid\">\n<p><!-- Card 1: Lunar Setting --><\/p>\n<div class=\"lies-of-p-card\">\n<p><img decoding=\"async\" title=\"Pragmata PC - \u015awiat Ksi\u0119\u017cycowy\" src=\"https:\/\/shared.fastly.steamstatic.com\/store_item_assets\/steam\/apps\/3764200\/extras\/Steam_GIF_01_RE.gif?t=1750810100\" alt=\"Pragmata PC Steam Offline - Odkryj Ksi\u0119\u017cyc\" \/><\/p>\n<div class=\"lies-of-p-card-content\">\n<h3>ODKRYJ DYSTOPIJNY KSI\u0118\u017bYC<\/h3>\n<p>Wyrusz w podr\u00f3\u017c do opustosza\u0142ego ksi\u0119\u017cycowego krajobrazu, pi\u0119knie odwzorowanego za pomoc\u0105 grafiki nowej generacji i pe\u0142nego nieopowiedzianych tajemnic.<\/p>\n<\/div>\n<\/div>\n<p><!-- Card 2: Mysterious Narrative --><\/p>\n<div class=\"lies-of-p-card\">\n<p><img decoding=\"async\" title=\"Pragmata Steam - Enigmatyczna Historia\" src=\"https:\/\/shared.fastly.steamstatic.com\/store_item_assets\/steam\/apps\/3764200\/extras\/Steam_GIF_02.gif?t=1750810100\" alt=\"Kup Pragmata PC - G\u0142\u0119boka Narracja\" \/><\/p>\n<div class=\"lies-of-p-card-content\">\n<h3>ROZWI\u0104\u017b ENIGMATYCZN\u0104 HISTORI\u0118<\/h3>\n<p>Zanurz si\u0119 w g\u0142\u0119bokiej narracji, zawieraj\u0105cej z\u0142o\u017cone postacie i porywaj\u0105c\u0105 tajemnic\u0119 w jej sercu.<\/p>\n<\/div>\n<\/div>\n<p><!-- Card 3: Cutting-Edge Graphics --><\/p>\n<div class=\"lies-of-p-card\">\n<p><img decoding=\"async\" title=\"Pragmata - Wizualizacje Nowej Generacji\" src=\"https:\/\/shared.fastly.steamstatic.com\/store_item_assets\/steam\/apps\/3764200\/extras\/Steam_GIF_04.gif?t=1750810100\" alt=\"Pragmata na PC - Zaawansowana Grafika\" \/><\/p>\n<div class=\"lies-of-p-card-content\">\n<h3>WIZUALIZACJE NOWEJ GENERACJI<\/h3>\n<p>Do\u015bwiadcz zapieraj\u0105cego dech w piersiach realizmu i szczeg\u00f3\u0142\u00f3w \u015brodowiskowych, nap\u0119dzanych przez zaawansowany silnik RE Engine firmy Capcom.<\/p>\n<\/div>\n<\/div>\n<\/div>\n<\/div>\n<\/div>\n","protected":false},"excerpt":{"rendered":"<table class=\"info-table\">\n<thead>\n<tr class=\"header-row\">\n<th>Status<\/th>\n<th>INFORMATION<\/th>\n<\/tr>\n<\/thead>\n<tbody>\n<tr>\n<td class=\"status-cell\">\n<div class=\"status-title\">\ud83d\ude80 IMMEDIATE DELIVERY<\/div>\n<div class=\"status-subtitle\">Get instant access<\/div>\n<\/td>\n<td class=\"info-cell\">\n<div class=\"info-box\">\n<div class=\"info-title\">ATTENTION<\/div>\n<div class=\"info-content\">READ THE DESCRIPTION<\/div>\n<\/div>\n<\/td>\n<\/tr>\n<tr>\n<td class=\"status-cell\">\n<div class=\"status-title\">\ud83d\udcb0 Is this site trustworthy?<\/div>\n<div class=\"status-subtitle\">+ 4 years selling games<\/div>\n<\/td>\n<td class=\"info-cell\">\n<div class=\"info-box\">\n<div class=\"info-title\">Acess:<\/div>\n<div class=\"info-content\">\n<div data-src=\"https:\/\/cdn.trustindex.io\/loader.js?7fd81be38eb695098c8683dcf1c\"><\/div>\n<\/div>\n<\/div>\n<\/td>\n<\/tr>\n<\/tbody>\n<\/table>\n","protected":false},"featured_media":7107100,"comment_status":"open","ping_status":"closed","template":"","meta":[],"product_brand":[],"product_cat":[746,650,889,747],"product_tag":[764],"class_list":{"0":"post-7107106","1":"product","2":"type-product","3":"status-publish","4":"has-post-thumbnail","6":"product_cat-akcja","7":"product_cat-gry","8":"product_cat-przedsprzedaz","9":"product_cat-przygodowe","10":"product_tag-sci-fi","12":"first","13":"instock","14":"downloadable","15":"virtual","16":"purchasable","17":"product-type-simple"},"exclude_global_add_ons":[],"addons":[],"_links":{"self":[{"href":"https:\/\/gamesbestprices.com\/pl\/wp-json\/wp\/v2\/product\/7107106","targetHints":{"allow":["GET"]}}],"collection":[{"href":"https:\/\/gamesbestprices.com\/pl\/wp-json\/wp\/v2\/product"}],"about":[{"href":"https:\/\/gamesbestprices.com\/pl\/wp-json\/wp\/v2\/types\/product"}],"replies":[{"embeddable":true,"href":"https:\/\/gamesbestprices.com\/pl\/wp-json\/wp\/v2\/comments?post=7107106"}],"wp:featuredmedia":[{"embeddable":true,"href":"https:\/\/gamesbestprices.com\/pl\/wp-json\/wp\/v2\/media\/7107100"}],"wp:attachment":[{"href":"https:\/\/gamesbestprices.com\/pl\/wp-json\/wp\/v2\/media?parent=7107106"}],"wp:term":[{"taxonomy":"product_brand","embeddable":true,"href":"https:\/\/gamesbestprices.com\/pl\/wp-json\/wp\/v2\/product_brand?post=7107106"},{"taxonomy":"product_cat","embeddable":true,"href":"https:\/\/gamesbestprices.com\/pl\/wp-json\/wp\/v2\/product_cat?post=7107106"},{"taxonomy":"product_tag","embeddable":true,"href":"https:\/\/gamesbestprices.com\/pl\/wp-json\/wp\/v2\/product_tag?post=7107106"}],"curies":[{"name":"wp","href":"https:\/\/api.w.org\/{rel}","templated":true}]}}