{"id":7107086,"date":"2026-04-09T09:51:33","date_gmt":"2026-04-09T09:51:33","guid":{"rendered":""},"modified":"2026-04-09T09:52:57","modified_gmt":"2026-04-09T09:52:57","slug":"castlevania-belmonts-curse-pc-steam-offline-pl","status":"publish","type":"product","link":"https:\/\/gamesbestprices.com\/pl\/produkt\/castlevania-belmonts-curse-pc-steam-offline-pl\/","title":{"rendered":"Castlevania Belmont&#8217;s Curse PC Steam Offline"},"content":{"rendered":"<p><!-- CASTLEVANIA BELMONT'S CURSE - Clean HTML with CSS Classes --><\/p>\n<div class=\"lies-of-p-container\">\n<p><!-- Main Banner --><\/p>\n<div class=\"lies-of-p-banner\">\n<h1>CASTLEVANIA BELMONT&#8217;S CURSE PC STEAM OFFLINE<\/h1>\n<p>Wieczna walka z ciemno\u015bci\u0105 trwa.<\/p>\n<\/div>\n<p><!-- Purchase Alert --><\/p>\n<div class=\"lies-of-p-alerta\">\u26a0\ufe0f LEGENDA POWRACA &#8211; NOWA ERA POLOWANIA NA WAMPIRY! \u26a0\ufe0f<\/div>\n<p><!-- Offline Mode --><\/p>\n<div class=\"lies-of-p-offline\">\n<h3>\ud83c\udfae CIESZ SI\u0118 OFFLINE Z MAKSYMALNYMI OSZCZ\u0118DNO\u015aCIAMI! \ud83c\udfae<\/h3>\n<p>Ciesz si\u0119 trybem <strong>OFFLINE<\/strong> z absolutn\u0105 swobod\u0105!<\/p>\n<div class=\"lies-of-p-beneficios\">\n<p>\u2705 B\u0119dziesz korzysta\u0107 z <strong>DANYCH DOST\u0118POWYCH (JEDNO KONTO)<\/strong>, kt\u00f3re udost\u0119pnimy<\/p>\n<p>\u2705 <strong>GRAJ PRZEZ UDOST\u0118PNIONE KONTO<\/strong> bez przeszk\u00f3d<\/p>\n<p>\u2705 Pe\u0142ny dost\u0119p do tytu\u0142u i wszystkich \u0142atek<\/p>\n<\/div>\n<p class=\"lies-of-p-economia\">B\u0119dziesz m\u00f3g\u0142 gra\u0107 p\u0142ynnie, kiedy tylko zechcesz<\/p>\n<p class=\"lies-of-p-economia-destaque\">\ud83d\udcb0 OSZCZ\u0118DZAJ\u0104C DU\u017bO i \ud83c\udfaf BAWI\u0104C SI\u0118 \u015aWIETNIE!<\/p>\n<\/div>\n<p><!-- Promotional Video --><\/p>\n<div class=\"lies-of-p-video\">\n<h2>Obejrzyj zwiastun Castlevania Belmont&#8217;s Curse<\/h2>\n<div class=\"lies-of-p-video-container\">\n<div class=\"lies-of-p-video-responsive\"><iframe title=\"YouTube video player\" src=\"https:\/\/www.youtube-nocookie.com\/embed\/ltJkLoAoJw8\" frameborder=\"0\" allowfullscreen=\"allowfullscreen\"><\/iframe><\/div>\n<\/div>\n<\/div>\n<p><!-- System Requirements --><\/p>\n<div class=\"lies-of-p-requisitos\">\n<h2>Specyfikacje Systemowe<\/h2>\n<div class=\"lies-of-p-requisitos-grid\">\n<p><!-- Minimum Requirements --><\/p>\n<div class=\"lies-of-p-requisitos-box\">\n<h3>Minimalne<\/h3>\n<ul class=\"lies-of-p-requisitos-lista\">\n<li>\u25b9<strong>OS:<\/strong> Do og\u0142oszenia<\/li>\n<li>\u25b9<strong>Processor:<\/strong> Do og\u0142oszenia<\/li>\n<li>\u25b9<strong>Memory:<\/strong> Do og\u0142oszenia<\/li>\n<li>\u25b9<strong>Graphics Card:<\/strong> Do og\u0142oszenia<\/li>\n<li>\u25b9<strong>DirectX:<\/strong> Do og\u0142oszenia<\/li>\n<li>\u25b9<strong>Storage:<\/strong> Do og\u0142oszenia<\/li>\n<\/ul>\n<\/div>\n<p><!-- Recommended Requirements --><\/p>\n<div class=\"lies-of-p-requisitos-box\">\n<h3>Zalecane<\/h3>\n<ul class=\"lies-of-p-requisitos-lista\">\n<li>\u25b9<strong>OS:<\/strong> Do og\u0142oszenia<\/li>\n<li>\u25b9<strong>Processor:<\/strong> Do og\u0142oszenia<\/li>\n<li>\u25b9<strong>Memory:<\/strong> Do og\u0142oszenia<\/li>\n<li>\u25b9<strong>Graphics Card:<\/strong> Do og\u0142oszenia<\/li>\n<li>\u25b9<strong>DirectX:<\/strong> Do og\u0142oszenia<\/li>\n<li>\u25b9<strong>Storage:<\/strong> Do og\u0142oszenia<\/li>\n<\/ul>\n<\/div>\n<\/div>\n<\/div>\n<p><!-- About the Game --><\/p>\n<div class=\"lies-of-p-sobre\">\n<h2>O grze Castlevania Belmont&#8217;s Curse<\/h2>\n<p><strong>Bicz ponownie smaga. Z\u0142o budzi si\u0119.<\/strong><\/p>\n<p>Kupno <strong>Castlevania Belmont&#8217;s Curse PC<\/strong> oznacza wcielenie si\u0119 w nowego bohatera z legendarnego rodu Belmont\u00f3w. Przygotuj si\u0119 na starcie z hordami stworze\u0144 nocy w gotyckiej przygodzie, kt\u00f3ra przetestuje Twoj\u0105 odwag\u0119 w <strong>Castlevania Belmont&#8217;s Curse Steam<\/strong>.<\/p>\n<p>\u015awie\u017ce spojrzenie na klasyczn\u0105 akcj\u0119-platform\u00f3wk\u0119, po\u0142\u0105czone z g\u0142\u0119bok\u0105 fabu\u0142\u0105 i osza\u0142amiaj\u0105c\u0105 grafik\u0105, tworzy histori\u0119, kt\u00f3ra bada mroczne pocz\u0105tki trwa\u0142ej kl\u0105twy rodziny Belmont\u00f3w w <strong>Castlevania Belmont&#8217;s Curse na PC<\/strong>. Podr\u00f3\u017cuj przez nawiedzone zamki, upiorne lasy i przekl\u0119te wioski.<\/p>\n<p><strong>&#8222;Przeznaczenie rodu jest kute w ogniu i wierze.&#8221;<\/strong><\/p>\n<\/div>\n<p><!-- Features in Cards --><\/p>\n<div class=\"lies-of-p-destaques\">\n<h2>Cechy Gry<\/h2>\n<div class=\"lies-of-p-cards-grid\">\n<p><!-- Card 1: Gothic Exploration --><\/p>\n<div class=\"lies-of-p-card\">\n<p><img decoding=\"async\" title=\"Castlevania Belmont's Curse PC - Gotycka Eksploracja\" src=\"https:\/\/shared.fastly.steamstatic.com\/store_item_assets\/steam\/apps\/3764200\/extras\/Steam_GIF_01_RE.gif?t=1750810100\" alt=\"Castlevania Belmont's Curse PC Steam Offline - Gotycka Eksploracja\" \/><\/p>\n<div class=\"lies-of-p-card-content\">\n<h3>GOTYCKA EKSPLORACJA<\/h3>\n<p>Eksploruj rozleg\u0142e, po\u0142\u0105czone ze sob\u0105 zamki i przekl\u0119te ziemie, odkrywaj\u0105c sekrety i walcz\u0105c z potwornymi wrogami.<\/p>\n<\/div>\n<\/div>\n<p><!-- Card 2: Classic Action-Platforming --><\/p>\n<div class=\"lies-of-p-card\">\n<p><img decoding=\"async\" title=\"Castlevania Belmont's Curse Steam - Klasyczna Walka\" src=\"https:\/\/shared.fastly.steamstatic.com\/store_item_assets\/steam\/apps\/3764200\/extras\/Steam_GIF_02.gif?t=1750810100\" alt=\"Kup Castlevania Belmont's Curse PC - Akcja-Platform\u00f3wka\" \/><\/p>\n<div class=\"lies-of-p-card-content\">\n<h3>KLASYCZNA AKCJA-PLATFORM\u00d3WKA<\/h3>\n<p>Opanuj ikoniczny bicz Pogromca Wampir\u00f3w i arsena\u0142 broni pomocniczych w p\u0142ynnych, wymagaj\u0105cych starciach bojowych.<\/p>\n<\/div>\n<\/div>\n<p><!-- Card 3: Deep Lore & New Story --><\/p>\n<div class=\"lies-of-p-card\">\n<p><img decoding=\"async\" title=\"Castlevania Belmont's Curse - Nowa Fabu\u0142a\" src=\"https:\/\/shared.fastly.steamstatic.com\/store_item_assets\/steam\/apps\/3764200\/extras\/Steam_GIF_04.gif?t=1750810100\" alt=\"Castlevania Belmont's Curse na PC - Historia\" \/><\/p>\n<div class=\"lies-of-p-card-content\">\n<h3>G\u0141\u0118BOKA FABU\u0141A I NOWA HISTORIA<\/h3>\n<p>Rozwik\u0142aj wci\u0105gaj\u0105c\u0105 now\u0105 narracj\u0119, kt\u00f3ra zag\u0142\u0119bia si\u0119 w pocz\u0105tki kl\u0105twy rodziny Belmont\u00f3w i ich wiecznej bitwy.<\/p>\n<\/div>\n<\/div>\n<\/div>\n<\/div>\n<\/div>\n","protected":false},"excerpt":{"rendered":"<table class=\"info-table\">\n<thead>\n<tr class=\"header-row\">\n<th>Status<\/th>\n<th>INFORMATION<\/th>\n<\/tr>\n<\/thead>\n<tbody>\n<tr>\n<td class=\"status-cell\">\n<div class=\"status-title\">\ud83d\ude80 IMMEDIATE DELIVERY<\/div>\n<div class=\"status-subtitle\">Get instant access<\/div>\n<\/td>\n<td class=\"info-cell\">\n<div class=\"info-box\">\n<div class=\"info-title\">ATTENTION<\/div>\n<div class=\"info-content\">READ THE DESCRIPTION<\/div>\n<\/div>\n<\/td>\n<\/tr>\n<tr>\n<td class=\"status-cell\">\n<div class=\"status-title\">\ud83d\udcb0 Is this site trustworthy?<\/div>\n<div class=\"status-subtitle\">+ 4 years selling games<\/div>\n<\/td>\n<td class=\"info-cell\">\n<div class=\"info-box\">\n<div class=\"info-title\">Acess:<\/div>\n<div class=\"info-content\">\n<div data-src=\"https:\/\/cdn.trustindex.io\/loader.js?7fd81be38eb695098c8683dcf1c\"><\/div>\n<\/div>\n<\/div>\n<\/td>\n<\/tr>\n<\/tbody>\n<\/table>\n","protected":false},"featured_media":7107080,"comment_status":"open","ping_status":"closed","template":"","meta":[],"product_brand":[],"product_cat":[746,650,889,747],"product_tag":[],"class_list":{"0":"post-7107086","1":"product","2":"type-product","3":"status-publish","4":"has-post-thumbnail","6":"product_cat-akcja","7":"product_cat-gry","8":"product_cat-przedsprzedaz","9":"product_cat-przygodowe","11":"first","12":"instock","13":"downloadable","14":"virtual","15":"purchasable","16":"product-type-simple"},"exclude_global_add_ons":[],"addons":[],"_links":{"self":[{"href":"https:\/\/gamesbestprices.com\/pl\/wp-json\/wp\/v2\/product\/7107086","targetHints":{"allow":["GET"]}}],"collection":[{"href":"https:\/\/gamesbestprices.com\/pl\/wp-json\/wp\/v2\/product"}],"about":[{"href":"https:\/\/gamesbestprices.com\/pl\/wp-json\/wp\/v2\/types\/product"}],"replies":[{"embeddable":true,"href":"https:\/\/gamesbestprices.com\/pl\/wp-json\/wp\/v2\/comments?post=7107086"}],"wp:featuredmedia":[{"embeddable":true,"href":"https:\/\/gamesbestprices.com\/pl\/wp-json\/wp\/v2\/media\/7107080"}],"wp:attachment":[{"href":"https:\/\/gamesbestprices.com\/pl\/wp-json\/wp\/v2\/media?parent=7107086"}],"wp:term":[{"taxonomy":"product_brand","embeddable":true,"href":"https:\/\/gamesbestprices.com\/pl\/wp-json\/wp\/v2\/product_brand?post=7107086"},{"taxonomy":"product_cat","embeddable":true,"href":"https:\/\/gamesbestprices.com\/pl\/wp-json\/wp\/v2\/product_cat?post=7107086"},{"taxonomy":"product_tag","embeddable":true,"href":"https:\/\/gamesbestprices.com\/pl\/wp-json\/wp\/v2\/product_tag?post=7107086"}],"curies":[{"name":"wp","href":"https:\/\/api.w.org\/{rel}","templated":true}]}}