{"id":7107066,"date":"2026-04-09T09:44:09","date_gmt":"2026-04-09T09:44:09","guid":{"rendered":""},"modified":"2026-04-09T09:45:37","modified_gmt":"2026-04-09T09:45:37","slug":"hollow-knight-silksong-pc-steam-offline-pl","status":"publish","type":"product","link":"https:\/\/gamesbestprices.com\/pl\/produkt\/hollow-knight-silksong-pc-steam-offline-pl\/","title":{"rendered":"Hollow Knight Silksong PC Steam Offline"},"content":{"rendered":"<p><!-- HOLLOW KNIGHT SILKSONG PC STEAM OFFLINE - Czysty HTML z klasami CSS --><\/p>\n<div class=\"lies-of-p-container\">\n<p><!-- G\u0142\u00f3wny Baner --><\/p>\n<div class=\"lies-of-p-banner\">\n<h1>HOLLOW KNIGHT SILKSONG PC STEAM OFFLINE<\/h1>\n<p>Wyrusz na now\u0105 przygod\u0119 w rozleg\u0142ym, nawiedzonym kr\u00f3lestwie Pharloom.<\/p>\n<\/div>\n<p><!-- Alert Zakupu --><\/p>\n<div class=\"lies-of-p-alerta\">\u2728 NOWA EPICKA PRZYGODA &#8211; ODKRYJ ROZLEG\u0141E NOWE KR\u00d3LESTWO! \u2728<\/div>\n<p><!-- Tryb Offline --><\/p>\n<div class=\"lies-of-p-offline\">\n<h3>\ud83c\udfae CIESZ SI\u0118 TRYBEM OFFLINE Z MAKSYMALNYMI OSZCZ\u0118DNO\u015aCIAMI! \ud83c\udfae<\/h3>\n<p>Ciesz si\u0119 trybem <strong>OFFLINE<\/strong> z absolutn\u0105 swobod\u0105!<\/p>\n<div class=\"lies-of-p-beneficios\">\n<p>\u2705 B\u0119dziesz u\u017cywa\u0107 <strong>DANYCH DOST\u0118POWYCH (JEDNO KONTO)<\/strong>, kt\u00f3re udost\u0119pnimy<\/p>\n<p>\u2705 <strong>GRAJ PRZEZ UDOST\u0118PNIONE KONTO<\/strong> bez przeszk\u00f3d<\/p>\n<p>\u2705 Pe\u0142ny dost\u0119p do tytu\u0142u i wszystkich aktualizacji<\/p>\n<\/div>\n<p class=\"lies-of-p-economia\">B\u0119dziesz m\u00f3g\u0142 gra\u0107 p\u0142ynnie, kiedy tylko zechcesz<\/p>\n<p class=\"lies-of-p-economia-destaque\">\ud83d\udcb0 OSZCZ\u0118DZAJ\u0104C DU\u017bO i \ud83c\udfaf BAWI\u0104C SI\u0118 \u015aWIETNIE!<\/p>\n<\/div>\n<p><!-- Film Promocyjny --><\/p>\n<div class=\"lies-of-p-video\">\n<h2>Obejrzyj zwiastun Hollow Knight Silksong<\/h2>\n<div class=\"lies-of-p-video-container\">\n<div class=\"lies-of-p-video-responsive\"><iframe title=\"YouTube video player\" src=\"https:\/\/www.youtube-nocookie.com\/embed\/6XGeJwsUP9c\" frameborder=\"0\" allowfullscreen=\"allowfullscreen\"><\/iframe><\/div>\n<\/div>\n<\/div>\n<p><!-- Wymagania Systemowe --><\/p>\n<div class=\"lies-of-p-requisitos\">\n<h2>Specyfikacje Systemowe<\/h2>\n<div class=\"lies-of-p-requisitos-grid\">\n<p><!-- Wymagania Minimalne --><\/p>\n<div class=\"lies-of-p-requisitos-box\">\n<h3>Minimalne<\/h3>\n<ul class=\"lies-of-p-requisitos-lista\">\n<li>\u25b9<strong>System Operacyjny:<\/strong> Do og\u0142oszenia<\/li>\n<li>\u25b9<strong>Procesor:<\/strong> Do og\u0142oszenia<\/li>\n<li>\u25b9<strong>Pami\u0119\u0107:<\/strong> Do og\u0142oszenia<\/li>\n<li>\u25b9<strong>Karta Graficzna:<\/strong> Do og\u0142oszenia<\/li>\n<li>\u25b9<strong>DirectX:<\/strong> Do og\u0142oszenia<\/li>\n<li>\u25b9<strong>Miejsce na Dysku:<\/strong> Do og\u0142oszenia<\/li>\n<\/ul>\n<\/div>\n<p><!-- Wymagania Zalecane --><\/p>\n<div class=\"lies-of-p-requisitos-box\">\n<h3>Zalecane<\/h3>\n<ul class=\"lies-of-p-requisitos-lista\">\n<li>\u25b9<strong>System Operacyjny:<\/strong> Do og\u0142oszenia<\/li>\n<li>\u25b9<strong>Procesor:<\/strong> Do og\u0142oszenia<\/li>\n<li>\u25b9<strong>Pami\u0119\u0107:<\/strong> Do og\u0142oszenia<\/li>\n<li>\u25b9<strong>Karta Graficzna:<\/strong> Do og\u0142oszenia<\/li>\n<li>\u25b9<strong>DirectX:<\/strong> Do og\u0142oszenia<\/li>\n<li>\u25b9<strong>Miejsce na Dysku:<\/strong> Do og\u0142oszenia<\/li>\n<\/ul>\n<\/div>\n<\/div>\n<\/div>\n<p><!-- O Grze --><\/p>\n<div class=\"lies-of-p-sobre\">\n<h2>O Hollow Knight Silksong<\/h2>\n<p><strong>Wznie\u015b si\u0119 ku przygodzie. Odkryj nowe kr\u00f3lestwo.<\/strong><\/p>\n<p>Zakup <strong>Hollow Knight Silksong PC<\/strong> oznacza wyruszenie w zupe\u0142nie now\u0105 przygod\u0119 jako Hornet, ksi\u0119\u017cniczka-obro\u0144czyni Hallownest, w rozleg\u0142ym, nawiedzonym kr\u00f3lestwie rz\u0105dzonym przez jedwab i pie\u015b\u0144. Przygotuj si\u0119 na eksploracj\u0119, walk\u0119 i odkrywanie w ekscytuj\u0105cym do\u015bwiadczeniu, kt\u00f3re rozszerza ukochane uniwersum Hollow Knight w <strong>Hollow Knight Silksong Steam<\/strong>.<\/p>\n<p>Od wielokrotnie nagradzanych tw\u00f3rc\u00f3w Hollow Knight, Team Cherry przedstawia now\u0105 epick\u0105 przygod\u0119 z wymagaj\u0105c\u0105 walk\u0105, skomplikowanym platformowaniem i wci\u0105gaj\u0105c\u0105 histori\u0105. Podr\u00f3\u017cuj przez l\u015bni\u0105ce miasta, koralowe lasy i rozleg\u0142e, omsza\u0142e groty, odkrywaj\u0105c sekrety Pharloom w <strong>Hollow Knight Silksong na PC<\/strong>.<\/p>\n<p><strong>&#8222;W Pharloom czeka wielka nowa przygoda.&#8221;<\/strong><\/p>\n<\/div>\n<p><!-- Funkcje w Kartach --><\/p>\n<div class=\"lies-of-p-destaques\">\n<h2>Cechy Gry<\/h2>\n<div class=\"lies-of-p-cards-grid\">\n<p><!-- Karta 1: Opanuj Nowe Zdolno\u015bci --><\/p>\n<div class=\"lies-of-p-card\">\n<p><img decoding=\"async\" title=\"Hollow Knight Silksong na PC - Opanuj Nowe Zdolno\u015bci\" src=\"https:\/\/shared.fastly.steamstatic.com\/store_item_assets\/steam\/apps\/1030300\/extras\/Silksong_GIF_HornetCombat.gif?t=1676600000\" alt=\"Hollow Knight Silksong PC Steam Offline - Opanuj Nowe Zdolno\u015bci\" \/><\/p>\n<div class=\"lies-of-p-card-content\">\n<h3>OPANUJ NOWE ZDOLNO\u015aCI<\/h3>\n<p>Wykorzystaj nowy arsena\u0142 ruch\u00f3w, narz\u0119dzi i jedwabi, aby pokona\u0107 pot\u0119\u017cnych wrog\u00f3w i przemierzy\u0107 rozleg\u0142e kr\u00f3lestwo Pharloom.<\/p>\n<\/div>\n<\/div>\n<p><!-- Karta 2: Odkryj Nowe Kr\u00f3lestwo --><\/p>\n<div class=\"lies-of-p-card\">\n<p><img decoding=\"async\" title=\"Hollow Knight Silksong Steam - Odkryj Nowe Kr\u00f3lestwo\" src=\"https:\/\/shared.fastly.steamstatic.com\/store_item_assets\/steam\/apps\/1030300\/extras\/Silksong_GIF_PharloomExplore.gif?t=1676600000\" alt=\"Kup Hollow Knight Silksong PC - Odkryj Nowe Kr\u00f3lestwo\" \/><\/p>\n<div class=\"lies-of-p-card-content\">\n<h3>ODKRYJ NOWE KR\u00d3LESTWO<\/h3>\n<p>Podr\u00f3\u017cuj przez l\u015bni\u0105ce miasta, koralowe lasy i rozleg\u0142e, omsza\u0142e groty, odkrywaj\u0105c sekrety Pharloom.<\/p>\n<\/div>\n<\/div>\n<p><!-- Karta 3: Staw Czo\u0142a \u015amiertelnym Wrogom --><\/p>\n<div class=\"lies-of-p-card\">\n<p><img decoding=\"async\" title=\"Hollow Knight Silksong - Staw Czo\u0142a \u015amiertelnym Wrogom\" src=\"https:\/\/shared.fastly.steamstatic.com\/store_item_assets\/steam\/apps\/1030300\/extras\/Silksong_GIF_NewEnemies.gif?t=1676600000\" alt=\"Hollow Knight Silksong na PC - Staw Czo\u0142a \u015amiertelnym Wrogom\" \/><\/p>\n<div class=\"lies-of-p-card-content\">\n<h3>STAW CZO\u0141A \u015aMIERTELNYM WROGOM<\/h3>\n<p>Spotkaj ponad 150 nowych wrog\u00f3w i epickich boss\u00f3w, ka\u017cdy z unikalnymi wyzwaniami i tajemnicami do odkrycia.<\/p>\n<\/div>\n<\/div>\n<\/div>\n<\/div>\n<\/div>\n","protected":false},"excerpt":{"rendered":"<table class=\"info-table\">\n<thead>\n<tr class=\"header-row\">\n<th>Status<\/th>\n<th>INFORMATION<\/th>\n<\/tr>\n<\/thead>\n<tbody>\n<tr>\n<td class=\"status-cell\">\n<div class=\"status-title\">\ud83d\ude80 IMMEDIATE DELIVERY<\/div>\n<div class=\"status-subtitle\">Get instant access<\/div>\n<\/td>\n<td class=\"info-cell\">\n<div class=\"info-box\">\n<div class=\"info-title\">ATTENTION<\/div>\n<div class=\"info-content\">READ THE DESCRIPTION<\/div>\n<\/div>\n<\/td>\n<\/tr>\n<tr>\n<td class=\"status-cell\">\n<div class=\"status-title\">\ud83d\udcb0 Is this site trustworthy?<\/div>\n<div class=\"status-subtitle\">+ 4 years selling games<\/div>\n<\/td>\n<td class=\"info-cell\">\n<div class=\"info-box\">\n<div class=\"info-title\">Acess:<\/div>\n<div class=\"info-content\">\n<div data-src=\"https:\/\/cdn.trustindex.io\/loader.js?7fd81be38eb695098c8683dcf1c\"><\/div>\n<\/div>\n<\/div>\n<\/td>\n<\/tr>\n<\/tbody>\n<\/table>\n","protected":false},"featured_media":7107060,"comment_status":"open","ping_status":"closed","template":"","meta":[],"product_brand":[],"product_cat":[746,650,861,747],"product_tag":[792],"class_list":{"0":"post-7107066","1":"product","2":"type-product","3":"status-publish","4":"has-post-thumbnail","6":"product_cat-akcja","7":"product_cat-gry","8":"product_cat-nowosci","9":"product_cat-przygodowe","10":"product_tag-trudne","12":"first","13":"instock","14":"downloadable","15":"virtual","16":"purchasable","17":"product-type-simple"},"exclude_global_add_ons":[],"addons":[],"_links":{"self":[{"href":"https:\/\/gamesbestprices.com\/pl\/wp-json\/wp\/v2\/product\/7107066","targetHints":{"allow":["GET"]}}],"collection":[{"href":"https:\/\/gamesbestprices.com\/pl\/wp-json\/wp\/v2\/product"}],"about":[{"href":"https:\/\/gamesbestprices.com\/pl\/wp-json\/wp\/v2\/types\/product"}],"replies":[{"embeddable":true,"href":"https:\/\/gamesbestprices.com\/pl\/wp-json\/wp\/v2\/comments?post=7107066"}],"wp:featuredmedia":[{"embeddable":true,"href":"https:\/\/gamesbestprices.com\/pl\/wp-json\/wp\/v2\/media\/7107060"}],"wp:attachment":[{"href":"https:\/\/gamesbestprices.com\/pl\/wp-json\/wp\/v2\/media?parent=7107066"}],"wp:term":[{"taxonomy":"product_brand","embeddable":true,"href":"https:\/\/gamesbestprices.com\/pl\/wp-json\/wp\/v2\/product_brand?post=7107066"},{"taxonomy":"product_cat","embeddable":true,"href":"https:\/\/gamesbestprices.com\/pl\/wp-json\/wp\/v2\/product_cat?post=7107066"},{"taxonomy":"product_tag","embeddable":true,"href":"https:\/\/gamesbestprices.com\/pl\/wp-json\/wp\/v2\/product_tag?post=7107066"}],"curies":[{"name":"wp","href":"https:\/\/api.w.org\/{rel}","templated":true}]}}