{"id":7107056,"date":"2026-04-09T09:42:24","date_gmt":"2026-04-09T09:42:24","guid":{"rendered":""},"modified":"2026-04-09T09:43:51","modified_gmt":"2026-04-09T09:43:51","slug":"the-outer-worlds-2-pc-steam-offline-pl","status":"publish","type":"product","link":"https:\/\/gamesbestprices.com\/pl\/produkt\/the-outer-worlds-2-pc-steam-offline-pl\/","title":{"rendered":"The Outer Worlds 2 PC Steam Offline"},"content":{"rendered":"<p><!-- THE OUTER WORLDS 2 PC STEAM OFFLINE - Clean HTML with CSS Classes --><\/p>\n<div class=\"lies-of-p-container\">\n<p><!-- Main Banner --><\/p>\n<div class=\"lies-of-p-banner\">\n<h1>THE OUTER WORLDS 2 PC STEAM OFFLINE<\/h1>\n<p>Odkryj nowe granice w nieoczekiwanej kontynuacji.<\/p>\n<\/div>\n<p><!-- Purchase Alert --><\/p>\n<div class=\"lies-of-p-alerta\">\u26a0\ufe0f NOWE GRANICE CZEKAJ\u0104 &#8211; NIEOCZEKIWANA PRZYGODA! \u26a0\ufe0f<\/div>\n<p><!-- Offline Mode --><\/p>\n<div class=\"lies-of-p-offline\">\n<h3>\ud83c\udfae CIESZ SI\u0118 OFFLINE Z MAKSYMALNYMI OSZCZ\u0118DNO\u015aCIAMI! \ud83c\udfae<\/h3>\n<p>Ciesz si\u0119 trybem <strong>OFFLINE<\/strong> z absolutn\u0105 swobod\u0105!<\/p>\n<div class=\"lies-of-p-beneficios\">\n<p>\u2705 U\u017cyjesz <strong>DANYCH DOST\u0118POWYCH (JEDNO KONTO)<\/strong>, kt\u00f3re udost\u0119pnimy<\/p>\n<p>\u2705 <strong>GRAJ PRZEZ UDOST\u0118PNIONE KONTO<\/strong> bez przeszk\u00f3d<\/p>\n<p>\u2705 Pe\u0142ny dost\u0119p do tytu\u0142u i wszystkich \u0142atek<\/p>\n<\/div>\n<p class=\"lies-of-p-economia\">B\u0119dziesz m\u00f3g\u0142 gra\u0107 p\u0142ynnie, kiedy tylko zechcesz<\/p>\n<p class=\"lies-of-p-economia-destaque\">\ud83d\udcb0 OSZCZ\u0118DZAJ\u0104C DU\u017bO i \ud83c\udfaf BAWI\u0104C SI\u0118 \u015aWIETNIE!<\/p>\n<\/div>\n<p><!-- Promotional Video --><\/p>\n<div class=\"lies-of-p-video\">\n<h2>Obejrzyj zwiastun The Outer Worlds 2<\/h2>\n<div class=\"lies-of-p-video-container\">\n<div class=\"lies-of-p-video-responsive\"><iframe title=\"YouTube video player\" src=\"https:\/\/www.youtube-nocookie.com\/embed\/yUI-EIS0nnw\" frameborder=\"0\" allowfullscreen=\"allowfullscreen\"><\/iframe><\/div>\n<\/div>\n<\/div>\n<p><!-- System Requirements --><\/p>\n<div class=\"lies-of-p-requisitos\">\n<h2>Specyfikacje Systemowe<\/h2>\n<div class=\"lies-of-p-requisitos-grid\">\n<p><!-- Minimum Requirements --><\/p>\n<div class=\"lies-of-p-requisitos-box\">\n<h3>Minimalne<\/h3>\n<ul class=\"lies-of-p-requisitos-lista\">\n<li>\u25b9<strong>System Operacyjny:<\/strong> Do og\u0142oszenia<\/li>\n<li>\u25b9<strong>Procesor:<\/strong> Do og\u0142oszenia<\/li>\n<li>\u25b9<strong>Pami\u0119\u0107:<\/strong> Do og\u0142oszenia<\/li>\n<li>\u25b9<strong>Karta Graficzna:<\/strong> Do og\u0142oszenia<\/li>\n<li>\u25b9<strong>DirectX:<\/strong> Do og\u0142oszenia<\/li>\n<li>\u25b9<strong>Miejsce na Dysku:<\/strong> Do og\u0142oszenia<\/li>\n<\/ul>\n<\/div>\n<p><!-- Recommended Requirements --><\/p>\n<div class=\"lies-of-p-requisitos-box\">\n<h3>Zalecane<\/h3>\n<ul class=\"lies-of-p-requisitos-lista\">\n<li>\u25b9<strong>System Operacyjny:<\/strong> Do og\u0142oszenia<\/li>\n<li>\u25b9<strong>Procesor:<\/strong> Do og\u0142oszenia<\/li>\n<li>\u25b9<strong>Pami\u0119\u0107:<\/strong> Do og\u0142oszenia<\/li>\n<li>\u25b9<strong>Karta Graficzna:<\/strong> Do og\u0142oszenia<\/li>\n<li>\u25b9<strong>DirectX:<\/strong> Do og\u0142oszenia<\/li>\n<li>\u25b9<strong>Miejsce na Dysku:<\/strong> Do og\u0142oszenia<\/li>\n<\/ul>\n<\/div>\n<\/div>\n<\/div>\n<p><!-- About the Game --><\/p>\n<div class=\"lies-of-p-sobre\">\n<h2>O grze The Outer Worlds 2<\/h2>\n<p><strong>Wszech\u015bwiat wci\u0105\u017c jest dziki. I nadal jeste\u015b jedynym, kt\u00f3ry mo\u017ce go uratowa\u0107. Albo zrujnowa\u0107.<\/strong><\/p>\n<p>Zakup <strong>The Outer Worlds 2 PC<\/strong> oznacza wyruszenie w zupe\u0142nie now\u0105, przezabawn\u0105 i moralnie dwuznaczn\u0105 przygod\u0119 w kolonii Halcyon i poza ni\u0105. Przygotuj si\u0119 na wi\u0119cej korporacyjnej satyry, wci\u0105gaj\u0105cych towarzyszy i trudnych wybor\u00f3w w <strong>The Outer Worlds 2 Steam<\/strong>.<\/p>\n<p>Charakterystyczny humor Obsidian Entertainment i g\u0142\u0119boka mechanika RPG powracaj\u0105, obiecuj\u0105c jeszcze bardziej rozleg\u0142e \u015bwiaty, ekscentryczne postacie i swobod\u0119 gry na sw\u00f3j spos\u00f3b w <strong>The Outer Worlds 2 for PC<\/strong>. Odkryj nowe planety i zmierz si\u0119 z nowymi, r\u00f3wnie niekompetentnymi korporacjami.<\/p>\n<p><strong>\u201eWi\u0119cej korporacyjnych intryg. Wi\u0119cej kosmosu. Wi\u0119cej Ciebie.\u201d<\/strong><\/p>\n<\/div>\n<p><!-- Features in Cards --><\/p>\n<div class=\"lies-of-p-destaques\">\n<h2>Cechy Gry<\/h2>\n<div class=\"lies-of-p-cards-grid\">\n<p><!-- Card 1: Explore New Worlds --><\/p>\n<div class=\"lies-of-p-card\">\n<p><img decoding=\"async\" title=\"The Outer Worlds 2 for PC - Eksploracja\" src=\"https:\/\/shared.fastly.steamstatic.com\/store_item_assets\/steam\/apps\/760800\/extras\/TOW_GIF_01.gif?t=1639593121\" alt=\"The Outer Worlds 2 PC Steam Offline - Odkrywaj Nowe \u015awiaty\" \/><\/p>\n<div class=\"lies-of-p-card-content\">\n<h3>ODKRYWAJ NOWE \u015aWIATY<\/h3>\n<p>Wyrusz w podr\u00f3\u017c do niezbadanych system\u00f3w gwiezdnych, napotykaj\u0105c dziwaczne obce formy \u017cycia i jeszcze dziwniejsze ludzkie frakcje.<\/p>\n<\/div>\n<\/div>\n<p><!-- Card 2: More Corporate Satire --><\/p>\n<div class=\"lies-of-p-card\">\n<p><img decoding=\"async\" title=\"The Outer Worlds 2 Steam - Satyra Korporacyjna\" src=\"https:\/\/shared.fastly.steamstatic.com\/store_item_assets\/steam\/apps\/760800\/extras\/TOW_GIF_02.gif?t=1639593121\" alt=\"Kup The Outer Worlds 2 PC - Satyra Korporacyjna\" \/><\/p>\n<div class=\"lies-of-p-card-content\">\n<h3>WI\u0118CEJ SATYRY KORPORACYJNEJ<\/h3>\n<p>\u015amiej si\u0119 i wzdrygaj na absurdalno\u015b\u0107 przestrzeni kontrolowanej przez korporacje, gdzie zysk zawsze jest wa\u017cniejszy ni\u017c ludzie.<\/p>\n<\/div>\n<\/div>\n<p><!-- Card 3: Engaging Companions --><\/p>\n<div class=\"lies-of-p-card\">\n<p><img decoding=\"async\" title=\"The Outer Worlds 2 - System Towarzyszy\" src=\"https:\/\/shared.fastly.steamstatic.com\/store_item_assets\/steam\/apps\/760800\/extras\/TOW_GIF_03.gif?t=1639593121\" alt=\"The Outer Worlds 2 for PC - Wci\u0105gaj\u0105cy Towarzysze\" \/><\/p>\n<div class=\"lies-of-p-card-content\">\n<h3>WCI\u0104GAJ\u0104CY TOWARZYSZE<\/h3>\n<p>Zrekrutuj zr\u00f3\u017cnicowan\u0105 za\u0142og\u0119 niezapomnianych towarzyszy, z kt\u00f3rych ka\u017cdy ma w\u0142asne historie, umiej\u0119tno\u015bci i przezabawne dziwactwa.<\/p>\n<\/div>\n<\/div>\n<\/div>\n<\/div>\n<\/div>\n","protected":false},"excerpt":{"rendered":"<table class=\"info-table\">\n<thead>\n<tr class=\"header-row\">\n<th>Status<\/th>\n<th>INFORMATION<\/th>\n<\/tr>\n<\/thead>\n<tbody>\n<tr>\n<td class=\"status-cell\">\n<div class=\"status-title\">\ud83d\ude80 IMMEDIATE DELIVERY<\/div>\n<div class=\"status-subtitle\">Get instant access<\/div>\n<\/td>\n<td class=\"info-cell\">\n<div class=\"info-box\">\n<div class=\"info-title\">ATTENTION<\/div>\n<div class=\"info-content\">READ THE DESCRIPTION<\/div>\n<\/div>\n<\/td>\n<\/tr>\n<tr>\n<td class=\"status-cell\">\n<div class=\"status-title\">\ud83d\udcb0 Is this site trustworthy?<\/div>\n<div class=\"status-subtitle\">+ 4 years selling games<\/div>\n<\/td>\n<td class=\"info-cell\">\n<div class=\"info-box\">\n<div class=\"info-title\">Acess:<\/div>\n<div class=\"info-content\">\n<div data-src=\"https:\/\/cdn.trustindex.io\/loader.js?7fd81be38eb695098c8683dcf1c\"><\/div>\n<\/div>\n<\/div>\n<\/td>\n<\/tr>\n<\/tbody>\n<\/table>\n","protected":false},"featured_media":7107050,"comment_status":"open","ping_status":"closed","template":"","meta":[],"product_brand":[],"product_cat":[746,650,861,747,770],"product_tag":[764],"class_list":{"0":"post-7107056","1":"product","2":"type-product","3":"status-publish","4":"has-post-thumbnail","6":"product_cat-akcja","7":"product_cat-gry","8":"product_cat-nowosci","9":"product_cat-przygodowe","10":"product_cat-rpg","11":"product_tag-sci-fi","13":"first","14":"instock","15":"downloadable","16":"virtual","17":"purchasable","18":"product-type-simple"},"exclude_global_add_ons":[],"addons":[],"_links":{"self":[{"href":"https:\/\/gamesbestprices.com\/pl\/wp-json\/wp\/v2\/product\/7107056","targetHints":{"allow":["GET"]}}],"collection":[{"href":"https:\/\/gamesbestprices.com\/pl\/wp-json\/wp\/v2\/product"}],"about":[{"href":"https:\/\/gamesbestprices.com\/pl\/wp-json\/wp\/v2\/types\/product"}],"replies":[{"embeddable":true,"href":"https:\/\/gamesbestprices.com\/pl\/wp-json\/wp\/v2\/comments?post=7107056"}],"wp:featuredmedia":[{"embeddable":true,"href":"https:\/\/gamesbestprices.com\/pl\/wp-json\/wp\/v2\/media\/7107050"}],"wp:attachment":[{"href":"https:\/\/gamesbestprices.com\/pl\/wp-json\/wp\/v2\/media?parent=7107056"}],"wp:term":[{"taxonomy":"product_brand","embeddable":true,"href":"https:\/\/gamesbestprices.com\/pl\/wp-json\/wp\/v2\/product_brand?post=7107056"},{"taxonomy":"product_cat","embeddable":true,"href":"https:\/\/gamesbestprices.com\/pl\/wp-json\/wp\/v2\/product_cat?post=7107056"},{"taxonomy":"product_tag","embeddable":true,"href":"https:\/\/gamesbestprices.com\/pl\/wp-json\/wp\/v2\/product_tag?post=7107056"}],"curies":[{"name":"wp","href":"https:\/\/api.w.org\/{rel}","templated":true}]}}