{"id":7107046,"date":"2026-04-09T09:40:52","date_gmt":"2026-04-09T09:40:52","guid":{"rendered":""},"modified":"2026-04-09T09:42:00","modified_gmt":"2026-04-09T09:42:00","slug":"code-vein-ii-ultimate-edition-pc-steam-offline-pl","status":"publish","type":"product","link":"https:\/\/gamesbestprices.com\/pl\/produkt\/code-vein-ii-ultimate-edition-pc-steam-offline-pl\/","title":{"rendered":"Code Vein II Ultimate Edition PC Steam Offline"},"content":{"rendered":"<p><!-- CODE VEIN II ULTIMATE EDITION - Clean HTML with CSS Classes --><\/p>\n<div class=\"lies-of-p-container\">\n<p><!-- Main Banner --><\/p>\n<div class=\"lies-of-p-banner\">\n<h1>CODE VEIN II ULTIMATE EDITION PC STEAM OFFLINE<\/h1>\n<p>Walka o przysz\u0142o\u015b\u0107 ludzko\u015bci trwa w nowej erze uznanej gry akcji RPG.<\/p>\n<\/div>\n<p><!-- Purchase Alert --><\/p>\n<div class=\"lies-of-p-alerta\">\u26a0\ufe0f NOWE PRZEBUDZENIE &#8211; NAJLEPSZA GRA AKCJI RPG! \u26a0\ufe0f<\/div>\n<p><!-- Offline Mode --><\/p>\n<div class=\"lies-of-p-offline\">\n<h3>\ud83c\udfae CIESZ SI\u0118 OFFLINE Z MAKSYMALNYMI OSZCZ\u0118DNO\u015aCIAMI! \ud83c\udfae<\/h3>\n<p>Ciesz si\u0119 trybem <strong>OFFLINE<\/strong> z absolutn\u0105 swobod\u0105!<\/p>\n<div class=\"lies-of-p-beneficios\">\n<p>\u2705 B\u0119dziesz korzysta\u0107 z <strong>DANYCH DOST\u0118POWYCH (JEDNO KONTO)<\/strong>, kt\u00f3re udost\u0119pnimy<\/p>\n<p>\u2705 <strong>GRAJ PRZEZ UDOST\u0118PNIONE KONTO<\/strong> bez przeszk\u00f3d<\/p>\n<p>\u2705 Pe\u0142ny dost\u0119p do tytu\u0142u i wszystkich \u0142atek<\/p>\n<\/div>\n<p class=\"lies-of-p-economia\">B\u0119dziesz m\u00f3g\u0142 gra\u0107 p\u0142ynnie, kiedy tylko zechcesz<\/p>\n<p class=\"lies-of-p-economia-destaque\">\ud83d\udcb0 OSZCZ\u0118DZAJ\u0104C DU\u017bO i \ud83c\udfaf BAWI\u0104C SI\u0118 \u015aWIETNIE!<\/p>\n<\/div>\n<p><!-- Promotional Video --><\/p>\n<div class=\"lies-of-p-video\">\n<h2>Obejrzyj zwiastun Code Vein II Ultimate Edition<\/h2>\n<div class=\"lies-of-p-video-container\">\n<div class=\"lies-of-p-video-responsive\"><iframe title=\"Odtwarzacz wideo YouTube\" src=\"https:\/\/www.youtube-nocookie.com\/embed\/YnbM5YCJSlo\" frameborder=\"0\" allowfullscreen=\"allowfullscreen\"><\/iframe><\/div>\n<\/div>\n<\/div>\n<p><!-- System Requirements --><\/p>\n<div class=\"lies-of-p-requisitos\">\n<h2>Specyfikacje Systemowe<\/h2>\n<div class=\"lies-of-p-requisitos-grid\">\n<p><!-- Minimum Requirements --><\/p>\n<div class=\"lies-of-p-requisitos-box\">\n<h3>Minimalne<\/h3>\n<ul class=\"lies-of-p-requisitos-lista\">\n<li>\u25b9<strong>System Operacyjny:<\/strong> Do og\u0142oszenia<\/li>\n<li>\u25b9<strong>Procesor:<\/strong> Do og\u0142oszenia<\/li>\n<li>\u25b9<strong>Pami\u0119\u0107:<\/strong> Do og\u0142oszenia<\/li>\n<li>\u25b9<strong>Karta Graficzna:<\/strong> Do og\u0142oszenia<\/li>\n<li>\u25b9<strong>DirectX:<\/strong> Do og\u0142oszenia<\/li>\n<li>\u25b9<strong>Miejsce na Dysku:<\/strong> Do og\u0142oszenia<\/li>\n<\/ul>\n<\/div>\n<p><!-- Recommended Requirements --><\/p>\n<div class=\"lies-of-p-requisitos-box\">\n<h3>Zalecane<\/h3>\n<ul class=\"lies-of-p-requisitos-lista\">\n<li>\u25b9<strong>System Operacyjny:<\/strong> Do og\u0142oszenia<\/li>\n<li>\u25b9<strong>Procesor:<\/strong> Do og\u0142oszenia<\/li>\n<li>\u25b9<strong>Pami\u0119\u0107:<\/strong> Do og\u0142oszenia<\/li>\n<li>\u25b9<strong>Karta Graficzna:<\/strong> Do og\u0142oszenia<\/li>\n<li>\u25b9<strong>DirectX:<\/strong> Do og\u0142oszenia<\/li>\n<li>\u25b9<strong>Miejsce na Dysku:<\/strong> Do og\u0142oszenia<\/li>\n<\/ul>\n<\/div>\n<\/div>\n<\/div>\n<p><!-- About the Game --><\/p>\n<div class=\"lies-of-p-sobre\">\n<h2>O Code Vein II Ultimate Edition<\/h2>\n<p><strong>Obud\u017a swoj\u0105 moc. Wykuj swoje przeznaczenie.<\/strong><\/p>\n<p>Zakup <strong>Code Vein II Ultimate Edition PC<\/strong> oznacza zanurzenie si\u0119 w d\u0142ugo wyczekiwanej kontynuacji uznanej gry akcji RPG. Przygotuj si\u0119 na nowe koszmary, obud\u017a nowe moce i odkryj g\u0142\u0119bsze tajemnice w <strong>Code Vein II Ultimate Edition Steam<\/strong>.<\/p>\n<p>Dzi\u0119ki ulepszonej walce, g\u0142\u0119bszej personalizacji i wci\u0105gaj\u0105cej narracji, <strong>Code Vein II Ultimate Edition na PC<\/strong> przesuwa granice gatunku. Powr\u00f3\u0107 do opustosza\u0142ego \u015bwiata Vein, walcz z Zagubionymi i odzyskaj przysz\u0142o\u015b\u0107 ludzko\u015bci dzi\u0119ki nowym Krwawym Zas\u0142onom i Darom do twojej dyspozycji.<\/p>\n<p><strong>&#8222;Edycja ostateczna dla ostatecznego wyzwania.&#8221;<\/strong><\/p>\n<\/div>\n<p><!-- Features in Cards --><\/p>\n<div class=\"lies-of-p-destaques\">\n<h2>Cechy Gry<\/h2>\n<div class=\"lies-of-p-cards-grid\">\n<p><!-- Card 1: Intense Action RPG Combat --><\/p>\n<div class=\"lies-of-p-card\">\n<p><img decoding=\"async\" title=\"Code Vein II Ultimate Edition PC - Walka Akcji\" src=\"https:\/\/shared.fastly.steamstatic.com\/store_item_assets\/steam\/apps\/3764200\/extras\/Steam_GIF_01_RE.gif?t=1750810100\" alt=\"Code Vein II Ultimate Edition PC Steam Offline - Intensywna Walka Akcji RPG\" \/><\/p>\n<div class=\"lies-of-p-card-content\">\n<h3>INTENSYWNA WALKA AKCJI RPG<\/h3>\n<p>We\u017a udzia\u0142 w ekscytuj\u0105cej, szybkiej walce z pot\u0119\u017cnymi wrogami, opanowuj\u0105c nowe Krwawe Zas\u0142ony i Dary, aby pokona\u0107 wyzwania.<\/p>\n<\/div>\n<\/div>\n<p><!-- Card 2: Deep Character Customization --><\/p>\n<div class=\"lies-of-p-card\">\n<p><img decoding=\"async\" title=\"Code Vein II Ultimate Edition Steam - Personalizacja\" src=\"https:\/\/shared.fastly.steamstatic.com\/store_item_assets\/steam\/apps\/3764200\/extras\/Steam_GIF_02.gif?t=1750810100\" alt=\"Kup Code Vein II Ultimate Edition PC - G\u0142\u0119boka Personalizacja Postaci\" \/><\/p>\n<div class=\"lies-of-p-card-content\">\n<h3>G\u0141\u0118BOKA PERSONALIZACJA POSTACI<\/h3>\n<p>Stw\u00f3rz swojego unikalnego Revenanta dzi\u0119ki rozbudowanym opcjom tworzenia postaci, Kodu Krwi i Dar\u00f3w, aby dopasowa\u0107 go do swojego stylu gry.<\/p>\n<\/div>\n<\/div>\n<p><!-- Card 3: Gripping Post-Apocalyptic World --><\/p>\n<div class=\"lies-of-p-card\">\n<p><img decoding=\"async\" title=\"Code Vein II Ultimate Edition - Postapokaliptyczny \u015awiat\" src=\"https:\/\/shared.fastly.steamstatic.com\/store_item_assets\/steam\/apps\/3764200\/extras\/Steam_GIF_04.gif?t=1750810100\" alt=\"Code Vein II Ultimate Edition na PC - Postapokaliptyczny \u015awiat\" \/><\/p>\n<div class=\"lies-of-p-card-content\">\n<h3>WCI\u0104GAJ\u0104CY POSTAPOKALIPTYCZNY \u015aWIAT<\/h3>\n<p>Odkrywaj opustosza\u0142y, lecz pi\u0119kny \u015bwiat, rozwik\u0142aj jego tajemnice i walcz o przetrwanie ludzko\u015bci przeciwko nacieraj\u0105cym Zagubionym.<\/p>\n<\/div>\n<\/div>\n<\/div>\n<\/div>\n<\/div>\n","protected":false},"excerpt":{"rendered":"<table class=\"info-table\">\n<thead>\n<tr class=\"header-row\">\n<th>Status<\/th>\n<th>INFORMATION<\/th>\n<\/tr>\n<\/thead>\n<tbody>\n<tr>\n<td class=\"status-cell\">\n<div class=\"status-title\">\ud83d\ude80 IMMEDIATE DELIVERY<\/div>\n<div class=\"status-subtitle\">Get instant access<\/div>\n<\/td>\n<td class=\"info-cell\">\n<div class=\"info-box\">\n<div class=\"info-title\">ATTENTION<\/div>\n<div class=\"info-content\">READ THE DESCRIPTION<\/div>\n<\/div>\n<\/td>\n<\/tr>\n<tr>\n<td class=\"status-cell\">\n<div class=\"status-title\">\ud83d\udcb0 Is this site trustworthy?<\/div>\n<div class=\"status-subtitle\">+ 4 years selling games<\/div>\n<\/td>\n<td class=\"info-cell\">\n<div class=\"info-box\">\n<div class=\"info-title\">Acess:<\/div>\n<div class=\"info-content\">\n<div data-src=\"https:\/\/cdn.trustindex.io\/loader.js?7fd81be38eb695098c8683dcf1c\"><\/div>\n<\/div>\n<\/div>\n<\/td>\n<\/tr>\n<\/tbody>\n<\/table>\n","protected":false},"featured_media":7107040,"comment_status":"open","ping_status":"closed","template":"","meta":[],"product_brand":[],"product_cat":[746,650,861,770],"product_tag":[718,793],"class_list":{"0":"post-7107046","1":"product","2":"type-product","3":"status-publish","4":"has-post-thumbnail","6":"product_cat-akcja","7":"product_cat-gry","8":"product_cat-nowosci","9":"product_cat-rpg","10":"product_tag-anime","11":"product_tag-souls-like","13":"first","14":"instock","15":"downloadable","16":"virtual","17":"purchasable","18":"product-type-simple"},"exclude_global_add_ons":[],"addons":[],"_links":{"self":[{"href":"https:\/\/gamesbestprices.com\/pl\/wp-json\/wp\/v2\/product\/7107046","targetHints":{"allow":["GET"]}}],"collection":[{"href":"https:\/\/gamesbestprices.com\/pl\/wp-json\/wp\/v2\/product"}],"about":[{"href":"https:\/\/gamesbestprices.com\/pl\/wp-json\/wp\/v2\/types\/product"}],"replies":[{"embeddable":true,"href":"https:\/\/gamesbestprices.com\/pl\/wp-json\/wp\/v2\/comments?post=7107046"}],"wp:featuredmedia":[{"embeddable":true,"href":"https:\/\/gamesbestprices.com\/pl\/wp-json\/wp\/v2\/media\/7107040"}],"wp:attachment":[{"href":"https:\/\/gamesbestprices.com\/pl\/wp-json\/wp\/v2\/media?parent=7107046"}],"wp:term":[{"taxonomy":"product_brand","embeddable":true,"href":"https:\/\/gamesbestprices.com\/pl\/wp-json\/wp\/v2\/product_brand?post=7107046"},{"taxonomy":"product_cat","embeddable":true,"href":"https:\/\/gamesbestprices.com\/pl\/wp-json\/wp\/v2\/product_cat?post=7107046"},{"taxonomy":"product_tag","embeddable":true,"href":"https:\/\/gamesbestprices.com\/pl\/wp-json\/wp\/v2\/product_tag?post=7107046"}],"curies":[{"name":"wp","href":"https:\/\/api.w.org\/{rel}","templated":true}]}}