{"id":7107026,"date":"2026-04-09T09:31:07","date_gmt":"2026-04-09T09:31:07","guid":{"rendered":""},"modified":"2026-04-09T09:32:25","modified_gmt":"2026-04-09T09:32:25","slug":"dragon-quest-vii-reimagined-pc-steam-offline-pl","status":"publish","type":"product","link":"https:\/\/gamesbestprices.com\/pl\/produkt\/dragon-quest-vii-reimagined-pc-steam-offline-pl\/","title":{"rendered":"Dragon Quest VII Reimagined PC Steam Offline"},"content":{"rendered":"<p><!-- DRAGON QUEST VII REIMAGINED PC STEAM OFFLINE - Clean HTML with CSS Classes --><\/p>\n<div class=\"lies-of-p-container\">\n<p><!-- Main Banner --><\/p>\n<div class=\"lies-of-p-banner\">\n<h1>DRAGON QUEST VII REIMAGINED PC STEAM OFFLINE<\/h1>\n<p>Wyrusz w epick\u0105 podr\u00f3\u017c, aby przywr\u00f3ci\u0107 utracony \u015bwiat.<\/p>\n<\/div>\n<p><!-- Purchase Alert --><\/p>\n<div class=\"lies-of-p-alerta\">\u2728 PRZE\u017bYJ PONOWNIE PONADCZASOW\u0104 PRZYGOD\u0118 &#8211; PRZYWR\u00d3\u0106 \u015aWIAT! \u2728<\/div>\n<p><!-- Offline Mode --><\/p>\n<div class=\"lies-of-p-offline\">\n<h3>\ud83c\udfae CIESZ SI\u0118 TRYBEM OFFLINE Z MAKSYMALNYMI OSZCZ\u0118DNO\u015aCIAMI! \ud83c\udfae<\/h3>\n<p>Ciesz si\u0119 trybem <strong>OFFLINE<\/strong> z absolutn\u0105 swobod\u0105!<\/p>\n<div class=\"lies-of-p-beneficios\">\n<p>\u2705 B\u0119dziesz korzysta\u0107 z dostarczonych przez nas <strong>DANYCH DOST\u0118POWYCH (JEDNO KONTO)<\/strong><\/p>\n<p>\u2705 <strong>GRAJ ZA PO\u015aREDNICTWEM DOSTARCZONEGO KONTA<\/strong> bez przeszk\u00f3d<\/p>\n<p>\u2705 Pe\u0142ny dost\u0119p do tytu\u0142u i wszystkich \u0142atek<\/p>\n<\/div>\n<p class=\"lies-of-p-economia\">B\u0119dziesz m\u00f3g\u0142 gra\u0107 p\u0142ynnie, kiedy tylko zechcesz<\/p>\n<p class=\"lies-of-p-economia-destaque\">\ud83d\udcb0 OSZCZ\u0118DZAJ\u0104C WIELE i \ud83c\udfaf \u015aWIETNIE SI\u0118 BAWI\u0104C!<\/p>\n<\/div>\n<p><!-- Promotional Video --><\/p>\n<div class=\"lies-of-p-video\">\n<h2>Obejrzyj zwiastun Dragon Quest VII Reimagined<\/h2>\n<div class=\"lies-of-p-video-container\">\n<div class=\"lies-of-p-video-responsive\"><iframe title=\"Odtwarzacz wideo YouTube\" src=\"https:\/\/www.youtube-nocookie.com\/embed\/KGkHQsvMmWc\" frameborder=\"0\" allowfullscreen=\"allowfullscreen\"><\/iframe><\/div>\n<\/div>\n<\/div>\n<p><!-- System Requirements --><\/p>\n<div class=\"lies-of-p-requisitos\">\n<h2>Specyfikacje Systemowe<\/h2>\n<div class=\"lies-of-p-requisitos-grid\">\n<p><!-- Minimum Requirements --><\/p>\n<div class=\"lies-of-p-requisitos-box\">\n<h3>Minimalne<\/h3>\n<ul class=\"lies-of-p-requisitos-lista\">\n<li>\u25b9<strong>System Operacyjny:<\/strong> Do og\u0142oszenia<\/li>\n<li>\u25b9<strong>Procesor:<\/strong> Do og\u0142oszenia<\/li>\n<li>\u25b9<strong>Pami\u0119\u0107:<\/strong> Do og\u0142oszenia<\/li>\n<li>\u25b9<strong>Karta Graficzna:<\/strong> Do og\u0142oszenia<\/li>\n<li>\u25b9<strong>DirectX:<\/strong> Do og\u0142oszenia<\/li>\n<li>\u25b9<strong>Miejsce na Dysku:<\/strong> Do og\u0142oszenia<\/li>\n<\/ul>\n<\/div>\n<p><!-- Recommended Requirements --><\/p>\n<div class=\"lies-of-p-requisitos-box\">\n<h3>Zalecane<\/h3>\n<ul class=\"lies-of-p-requisitos-lista\">\n<li>\u25b9<strong>System Operacyjny:<\/strong> Do og\u0142oszenia<\/li>\n<li>\u25b9<strong>Procesor:<\/strong> Do og\u0142oszenia<\/li>\n<li>\u25b9<strong>Pami\u0119\u0107:<\/strong> Do og\u0142oszenia<\/li>\n<li>\u25b9<strong>Karta Graficzna:<\/strong> Do og\u0142oszenia<\/li>\n<li>\u25b9<strong>DirectX:<\/strong> Do og\u0142oszenia<\/li>\n<li>\u25b9<strong>Miejsce na Dysku:<\/strong> Do og\u0142oszenia<\/li>\n<\/ul>\n<\/div>\n<\/div>\n<\/div>\n<p><!-- About the Game --><\/p>\n<div class=\"lies-of-p-sobre\">\n<h2>O Dragon Quest VII Reimagined<\/h2>\n<p><strong>Odkryj przesz\u0142o\u015b\u0107. Kuj przysz\u0142o\u015b\u0107.<\/strong><\/p>\n<p>Zakup <strong>Dragon Quest VII Reimagined PC<\/strong> oznacza wyruszenie w wielk\u0105 przygod\u0119, aby przywr\u00f3ci\u0107 rozbity \u015bwiat. Przygotuj si\u0119 na podr\u00f3\u017c przez czas i wymiary, spotykaj\u0105c niezapomniane postacie i walcz\u0105c z pot\u0119\u017cnymi wrogami w <strong>Dragon Quest VII Reimagined Steam<\/strong>.<\/p>\n<p>Dzi\u0119ki osza\u0142amiaj\u0105cej nowej oprawie wizualnej i ulepszonemu do\u015bwiadczeniu, ten ukochany klasyk o\u017cywa jak nigdy dot\u0105d w <strong>Dragon Quest VII Reimagined for PC<\/strong>. Podr\u00f3\u017cuj na zapomniane wyspy i posk\u0142adaj histori\u0119 \u015bwiata zagubionego w czasie.<\/p>\n<p><strong>&#8222;Ponadczasowa epicka gra RPG, od\u015bwie\u017cona dla nowego pokolenia.&#8221;<\/strong><\/p>\n<\/div>\n<p><!-- Features in Cards --><\/p>\n<div class=\"lies-of-p-destaques\">\n<h2>Cechy Gry<\/h2>\n<div class=\"lies-of-p-cards-grid\">\n<p><!-- Card 1: Epic JRPG Adventure --><\/p>\n<div class=\"lies-of-p-card\">\n<p><img decoding=\"async\" title=\"Dragon Quest VII Reimagined na PC - Przygoda\" src=\"https:\/\/shared.fastly.steamstatic.com\/store_item_assets\/steam\/apps\/3764200\/extras\/Steam_GIF_01_RE.gif?t=1750810100\" alt=\"Dragon Quest VII Reimagined PC Steam Offline - Epicka Przygoda\" \/><\/p>\n<div class=\"lies-of-p-card-content\">\n<h3>EPICKA PRZYGODA JRPG<\/h3>\n<p>Wyrusz w rozleg\u0142\u0105 podr\u00f3\u017c przez czas i wymiary, aby przywr\u00f3ci\u0107 \u015bwiat zagubiony w mrokach historii.<\/p>\n<\/div>\n<\/div>\n<p><!-- Card 2: Restore Lost Islands --><\/p>\n<div class=\"lies-of-p-card\">\n<p><img decoding=\"async\" title=\"Dragon Quest VII Reimagined Steam - Zaginione Wyspy\" src=\"https:\/\/shared.fastly.steamstatic.com\/store_item_assets\/steam\/apps\/3764200\/extras\/Steam_GIF_02.gif?t=1750810100\" alt=\"Kup Dragon Quest VII Reimagined PC - Przywr\u00f3\u0107 Zaginione Wyspy\" \/><\/p>\n<div class=\"lies-of-p-card-content\">\n<h3>PRZYWR\u00d3\u0106 ZAGINIONE WYSPY<\/h3>\n<p>Odkrywaj zapomniane krainy, rozwi\u0105zuj staro\u017cytne tajemnice i przywracaj kontynenty, kt\u00f3re znikn\u0119\u0142y z mapy.<\/p>\n<\/div>\n<\/div>\n<p><!-- Card 3: Classic Turn-Based Combat --><\/p>\n<div class=\"lies-of-p-card\">\n<p><img decoding=\"async\" title=\"Dragon Quest VII Reimagined - Turowa Walka\" src=\"https:\/\/shared.fastly.steamstatic.com\/store_item_assets\/steam\/apps\/3764200\/extras\/Steam_GIF_04.gif?t=1750810100\" alt=\"Dragon Quest VII Reimagined na PC - Walka\" \/><\/p>\n<div class=\"lies-of-p-card-content\">\n<h3>KLASYCZNA WALKA TUROWA<\/h3>\n<p>We\u017a udzia\u0142 w strategicznych turowych bitwach przeciwko wielu ikonicznym potworom, opanowuj\u0105c pot\u0119\u017cne zakl\u0119cia i zdolno\u015bci.<\/p>\n<\/div>\n<\/div>\n<\/div>\n<\/div>\n<\/div>\n","protected":false},"excerpt":{"rendered":"<table class=\"info-table\">\n<thead>\n<tr class=\"header-row\">\n<th>Status<\/th>\n<th>INFORMATION<\/th>\n<\/tr>\n<\/thead>\n<tbody>\n<tr>\n<td class=\"status-cell\">\n<div class=\"status-title\">\ud83d\ude80 IMMEDIATE DELIVERY<\/div>\n<div class=\"status-subtitle\">Get instant access<\/div>\n<\/td>\n<td class=\"info-cell\">\n<div class=\"info-box\">\n<div class=\"info-title\">ATTENTION<\/div>\n<div class=\"info-content\">READ THE DESCRIPTION<\/div>\n<\/div>\n<\/td>\n<\/tr>\n<tr>\n<td class=\"status-cell\">\n<div class=\"status-title\">\ud83d\udcb0 Is this site trustworthy?<\/div>\n<div class=\"status-subtitle\">+ 4 years selling games<\/div>\n<\/td>\n<td class=\"info-cell\">\n<div class=\"info-box\">\n<div class=\"info-title\">Acess:<\/div>\n<div class=\"info-content\">\n<div data-src=\"https:\/\/cdn.trustindex.io\/loader.js?7fd81be38eb695098c8683dcf1c\"><\/div>\n<\/div>\n<\/div>\n<\/td>\n<\/tr>\n<\/tbody>\n<\/table>\n","protected":false},"featured_media":7107020,"comment_status":"open","ping_status":"closed","template":"","meta":[],"product_brand":[],"product_cat":[650,861,747,770],"product_tag":[],"class_list":{"0":"post-7107026","1":"product","2":"type-product","3":"status-publish","4":"has-post-thumbnail","6":"product_cat-gry","7":"product_cat-nowosci","8":"product_cat-przygodowe","9":"product_cat-rpg","11":"first","12":"instock","13":"downloadable","14":"virtual","15":"purchasable","16":"product-type-simple"},"exclude_global_add_ons":[],"addons":[],"_links":{"self":[{"href":"https:\/\/gamesbestprices.com\/pl\/wp-json\/wp\/v2\/product\/7107026","targetHints":{"allow":["GET"]}}],"collection":[{"href":"https:\/\/gamesbestprices.com\/pl\/wp-json\/wp\/v2\/product"}],"about":[{"href":"https:\/\/gamesbestprices.com\/pl\/wp-json\/wp\/v2\/types\/product"}],"replies":[{"embeddable":true,"href":"https:\/\/gamesbestprices.com\/pl\/wp-json\/wp\/v2\/comments?post=7107026"}],"wp:featuredmedia":[{"embeddable":true,"href":"https:\/\/gamesbestprices.com\/pl\/wp-json\/wp\/v2\/media\/7107020"}],"wp:attachment":[{"href":"https:\/\/gamesbestprices.com\/pl\/wp-json\/wp\/v2\/media?parent=7107026"}],"wp:term":[{"taxonomy":"product_brand","embeddable":true,"href":"https:\/\/gamesbestprices.com\/pl\/wp-json\/wp\/v2\/product_brand?post=7107026"},{"taxonomy":"product_cat","embeddable":true,"href":"https:\/\/gamesbestprices.com\/pl\/wp-json\/wp\/v2\/product_cat?post=7107026"},{"taxonomy":"product_tag","embeddable":true,"href":"https:\/\/gamesbestprices.com\/pl\/wp-json\/wp\/v2\/product_tag?post=7107026"}],"curies":[{"name":"wp","href":"https:\/\/api.w.org\/{rel}","templated":true}]}}