{"id":7107016,"date":"2026-04-09T09:29:28","date_gmt":"2026-04-09T09:29:28","guid":{"rendered":""},"modified":"2026-04-09T09:30:50","modified_gmt":"2026-04-09T09:30:50","slug":"reanimal-deluxe-pc-steam-offline-pl","status":"publish","type":"product","link":"https:\/\/gamesbestprices.com\/pl\/produkt\/reanimal-deluxe-pc-steam-offline-pl\/","title":{"rendered":"Reanimal Deluxe PC Steam Offline"},"content":{"rendered":"<p><!-- REANIMAL DELUXE PC STEAM OFFLINE - Clean HTML with CSS Classes --><\/p>\n<div class=\"lies-of-p-container\">\n<p><!-- Main Banner --><\/p>\n<div class=\"lies-of-p-banner\">\n<h1>REANIMAL DELUXE PC STEAM OFFLINE<\/h1>\n<p>Puszcza wzywa. Odpowiedz na to.<\/p>\n<\/div>\n<p><!-- Purchase Alert --><\/p>\n<div class=\"lies-of-p-alerta\">\u26a0\ufe0f UWOLNIJ BESTI\u0118 &#8211; OSTATECZNE PRZETRWANIE ZWIERZ\u0104T! \u26a0\ufe0f<\/div>\n<p><!-- Offline Mode --><\/p>\n<div class=\"lies-of-p-offline\">\n<h3>\ud83c\udfae CIESZ SI\u0118 OFFLINE Z MAKSYMALNYMI OSZCZ\u0118DNO\u015aCIAMI! \ud83c\udfae<\/h3>\n<p>Ciesz si\u0119 trybem <strong>OFFLINE<\/strong> z absolutn\u0105 swobod\u0105!<\/p>\n<div class=\"lies-of-p-beneficios\">\n<p>\u2705 B\u0119dziesz u\u017cywa\u0107 <strong>DANYCH DOST\u0118POWYCH (POJEDYNCZE KONTO)<\/strong>, kt\u00f3re dostarczymy<\/p>\n<p>\u2705 <strong>GRAJ PRZEZ DOSTARCZONE KONTO<\/strong> bez przeszk\u00f3d<\/p>\n<p>\u2705 Pe\u0142ny dost\u0119p do tytu\u0142u i wszystkich \u0142atek<\/p>\n<\/div>\n<p class=\"lies-of-p-economia\">B\u0119dziesz m\u00f3g\u0142 gra\u0107 p\u0142ynnie, kiedy tylko zechcesz<\/p>\n<p class=\"lies-of-p-economia-destaque\">\ud83d\udcb0 OSZCZ\u0118DZAJ\u0104C DU\u017bO i \ud83c\udfaf BAWI\u0104C SI\u0118 \u015aWIETNIE!<\/p>\n<\/div>\n<p><!-- Promotional Video --><\/p>\n<div class=\"lies-of-p-video\">\n<h2>Obejrzyj zwiastun Reanimal<\/h2>\n<div class=\"lies-of-p-video-container\">\n<div class=\"lies-of-p-video-responsive\"><iframe title=\"YouTube video player\" src=\"https:\/\/www.youtube-nocookie.com\/embed\/V6NhwZpqo3Q\" frameborder=\"0\" allowfullscreen=\"allowfullscreen\"><\/iframe><\/div>\n<\/div>\n<\/div>\n<p><!-- System Requirements --><\/p>\n<div class=\"lies-of-p-requisitos\">\n<h2>Specyfikacje Systemowe<\/h2>\n<div class=\"lies-of-p-requisitos-grid\">\n<p><!-- Minimum Requirements --><\/p>\n<div class=\"lies-of-p-requisitos-box\">\n<h3>Minimalne<\/h3>\n<ul class=\"lies-of-p-requisitos-lista\">\n<li>\u25b9<strong>System Operacyjny:<\/strong> Do og\u0142oszenia<\/li>\n<li>\u25b9<strong>Procesor:<\/strong> Do og\u0142oszenia<\/li>\n<li>\u25b9<strong>Pami\u0119\u0107:<\/strong> Do og\u0142oszenia<\/li>\n<li>\u25b9<strong>Karta Graficzna:<\/strong> Do og\u0142oszenia<\/li>\n<li>\u25b9<strong>DirectX:<\/strong> Do og\u0142oszenia<\/li>\n<li>\u25b9<strong>Miejsce na Dysku:<\/strong> Do og\u0142oszenia<\/li>\n<\/ul>\n<\/div>\n<p><!-- Recommended Requirements --><\/p>\n<div class=\"lies-of-p-requisitos-box\">\n<h3>Zalecane<\/h3>\n<ul class=\"lies-of-p-requisitos-lista\">\n<li>\u25b9<strong>System Operacyjny:<\/strong> Do og\u0142oszenia<\/li>\n<li>\u25b9<strong>Procesor:<\/strong> Do og\u0142oszenia<\/li>\n<li>\u25b9<strong>Pami\u0119\u0107:<\/strong> Do og\u0142oszenia<\/li>\n<li>\u25b9<strong>Karta Graficzna:<\/strong> Do og\u0142oszenia<\/li>\n<li>\u25b9<strong>DirectX:<\/strong> Do og\u0142oszenia<\/li>\n<li>\u25b9<strong>Miejsce na Dysku:<\/strong> Do og\u0142oszenia<\/li>\n<\/ul>\n<\/div>\n<\/div>\n<\/div>\n<p><!-- About the Game --><\/p>\n<div class=\"lies-of-p-sobre\">\n<h2>O grze Reanimal<\/h2>\n<p><strong>Przetrwanie najsilniejszych. Ewolucja dzikiego \u015bwiata.<\/strong><\/p>\n<p>Zakup <strong>Reanimal PC<\/strong> oznacza wyruszenie w epick\u0105 podr\u00f3\u017c, podczas kt\u00f3rej transformujesz si\u0119 i adaptujesz, aby przetrwa\u0107. Przygotuj si\u0119 na uwolnienie swoich pierwotnych instynkt\u00f3w w ekscytuj\u0105cym do\u015bwiadczeniu, kt\u00f3re przetestuje Twoje granice w <strong>Reanimal Steam<\/strong>.<\/p>\n<p>Nowoczesny design po\u0142\u0105czony z g\u0142\u0119bokim zrozumieniem kr\u00f3lestwa zwierz\u0105t tworzy \u015bwiat z\u0142o\u017conych ekosystem\u00f3w i bardziej wci\u0105gaj\u0105c\u0105 rozgrywk\u0119 ni\u017c kiedykolwiek wcze\u015bniej w <strong>Reanimal for PC<\/strong>. Odkrywaj nieokie\u0142znane terytoria i opanuj sztuk\u0119 transformacji.<\/p>\n<p><strong>&#8222;Nowa era pierwotnego przetrwania zaczyna si\u0119 teraz.&#8221;<\/strong><\/p>\n<\/div>\n<p><!-- Features in Cards --><\/p>\n<div class=\"lies-of-p-destaques\">\n<h2>Cechy Gry<\/h2>\n<div class=\"lies-of-p-cards-grid\">\n<p><!-- Card 1: Primal Instincts --><\/p>\n<div class=\"lies-of-p-card\">\n<p><img decoding=\"async\" title=\"Reanimal PC - Pierwotne Instynkty\" src=\"https:\/\/shared.fastly.steamstatic.com\/store_item_assets\/steam\/apps\/3764200\/extras\/Steam_GIF_01_RE.gif?t=1750810100\" alt=\"Reanimal PC Steam Offline - Obudzone Pierwotne Instynkty\" \/><\/p>\n<div class=\"lies-of-p-card-content\">\n<h3>OBUDZONE PIERWOTNE INSTYNKTY<\/h3>\n<p>Do\u015bwiadcz surowego, nieokie\u0142znanego przetrwania, przyjmuj\u0105c swoj\u0105 wewn\u0119trzn\u0105 besti\u0119, poruszaj\u0105c si\u0119 po brutalnym \u015bwiecie drapie\u017cnik\u00f3w i ofiar.<\/p>\n<\/div>\n<\/div>\n<p><!-- Card 2: Explore Wilderness --><\/p>\n<div class=\"lies-of-p-card\">\n<p><img decoding=\"async\" title=\"Reanimal Steam - Nieokie\u0142znana Dzicz\" src=\"https:\/\/shared.fastly.steamstatic.com\/store_item_assets\/steam\/apps\/3764200\/extras\/Steam_GIF_02.gif?t=1750810100\" alt=\"Kup Reanimal PC - Odkrywaj Rozleg\u0142\u0105 Dzicz\" \/><\/p>\n<div class=\"lies-of-p-card-content\">\n<h3>ODKRYWAJ ROZLEG\u0141\u0104 DZICZ<\/h3>\n<p>Podr\u00f3\u017cuj przez rozleg\u0142e, nieokie\u0142znane krajobrazy, od g\u0119stych las\u00f3w po ja\u0142owe pustynie, z kt\u00f3rych ka\u017cdy ma swoje unikalne wyzwania i ukryte sekrety.<\/p>\n<\/div>\n<\/div>\n<p><!-- Card 3: Master Animal Forms --><\/p>\n<div class=\"lies-of-p-card\">\n<p><img decoding=\"async\" title=\"Reanimal - Opanuj Formy Zwierz\u0119ce\" src=\"https:\/\/shared.fastly.steamstatic.com\/store_item_assets\/steam\/apps\/3764200\/extras\/Steam_GIF_04.gif?t=1750810100\" alt=\"Reanimal na PC - Transformuj i Adaptuj si\u0119\" \/><\/p>\n<div class=\"lies-of-p-card-content\">\n<h3>OPANUJ FORMY ZWIERZ\u0118CE<\/h3>\n<p>Transformuj si\u0119 w r\u00f3\u017cne stworzenia, ka\u017cde z unikalnymi zdolno\u015bciami i stylami gry, co pozwala na zr\u00f3\u017cnicowan\u0105 rozgrywk\u0119 i strategiczne przetrwanie.<\/p>\n<\/div>\n<\/div>\n<\/div>\n<\/div>\n<\/div>\n","protected":false},"excerpt":{"rendered":"<table class=\"info-table\">\n<thead>\n<tr class=\"header-row\">\n<th>Status<\/th>\n<th>INFORMATION<\/th>\n<\/tr>\n<\/thead>\n<tbody>\n<tr>\n<td class=\"status-cell\">\n<div class=\"status-title\">\ud83d\ude80 IMMEDIATE DELIVERY<\/div>\n<div class=\"status-subtitle\">Get instant access<\/div>\n<\/td>\n<td class=\"info-cell\">\n<div class=\"info-box\">\n<div class=\"info-title\">ATTENTION<\/div>\n<div class=\"info-content\">READ THE DESCRIPTION<\/div>\n<\/div>\n<\/td>\n<\/tr>\n<tr>\n<td class=\"status-cell\">\n<div class=\"status-title\">\ud83d\udcb0 Is this site trustworthy?<\/div>\n<div class=\"status-subtitle\">+ 4 years selling games<\/div>\n<\/td>\n<td class=\"info-cell\">\n<div class=\"info-box\">\n<div class=\"info-title\">Acess:<\/div>\n<div class=\"info-content\">\n<div data-src=\"https:\/\/cdn.trustindex.io\/loader.js?7fd81be38eb695098c8683dcf1c\"><\/div>\n<\/div>\n<\/div>\n<\/td>\n<\/tr>\n<\/tbody>\n<\/table>\n","protected":false},"featured_media":7107010,"comment_status":"open","ping_status":"closed","template":"","meta":[],"product_brand":[],"product_cat":[650,861,747],"product_tag":[],"class_list":{"0":"post-7107016","1":"product","2":"type-product","3":"status-publish","4":"has-post-thumbnail","6":"product_cat-gry","7":"product_cat-nowosci","8":"product_cat-przygodowe","10":"first","11":"instock","12":"downloadable","13":"virtual","14":"purchasable","15":"product-type-simple"},"exclude_global_add_ons":[],"addons":[],"_links":{"self":[{"href":"https:\/\/gamesbestprices.com\/pl\/wp-json\/wp\/v2\/product\/7107016","targetHints":{"allow":["GET"]}}],"collection":[{"href":"https:\/\/gamesbestprices.com\/pl\/wp-json\/wp\/v2\/product"}],"about":[{"href":"https:\/\/gamesbestprices.com\/pl\/wp-json\/wp\/v2\/types\/product"}],"replies":[{"embeddable":true,"href":"https:\/\/gamesbestprices.com\/pl\/wp-json\/wp\/v2\/comments?post=7107016"}],"wp:featuredmedia":[{"embeddable":true,"href":"https:\/\/gamesbestprices.com\/pl\/wp-json\/wp\/v2\/media\/7107010"}],"wp:attachment":[{"href":"https:\/\/gamesbestprices.com\/pl\/wp-json\/wp\/v2\/media?parent=7107016"}],"wp:term":[{"taxonomy":"product_brand","embeddable":true,"href":"https:\/\/gamesbestprices.com\/pl\/wp-json\/wp\/v2\/product_brand?post=7107016"},{"taxonomy":"product_cat","embeddable":true,"href":"https:\/\/gamesbestprices.com\/pl\/wp-json\/wp\/v2\/product_cat?post=7107016"},{"taxonomy":"product_tag","embeddable":true,"href":"https:\/\/gamesbestprices.com\/pl\/wp-json\/wp\/v2\/product_tag?post=7107016"}],"curies":[{"name":"wp","href":"https:\/\/api.w.org\/{rel}","templated":true}]}}