{"id":7107006,"date":"2026-04-09T09:27:42","date_gmt":"2026-04-09T09:27:42","guid":{"rendered":""},"modified":"2026-04-09T09:29:06","modified_gmt":"2026-04-09T09:29:06","slug":"fatal-frame-ii-crimson-butterfly-remake-deluxe-edition-pc-steam-offline-pl","status":"publish","type":"product","link":"https:\/\/gamesbestprices.com\/pl\/produkt\/fatal-frame-ii-crimson-butterfly-remake-deluxe-edition-pc-steam-offline-pl\/","title":{"rendered":"Fatal Frame II Crimson Butterfly Remake Deluxe Edition PC Steam Offline"},"content":{"rendered":"<p><!-- FATAL FRAME II CRIMSON BUTTERFLY REMAKE - Clean HTML with CSS Classes --><\/p>\n<div class=\"lies-of-p-container\">\n<p><!-- Main Banner --><\/p>\n<div class=\"lies-of-p-banner\">\n<h1>FATAL FRAME II CRIMSON BUTTERFLY REMAKE DELUXE PC STEAM OFFLINE<\/h1>\n<p>Mro\u017c\u0105ca krew w \u017cy\u0142ach opowie\u015b\u0107 o siostrach bli\u017aniaczkach rozwija si\u0119 w przera\u017caj\u0105cej nowej wizji.<\/p>\n<\/div>\n<p><!-- Purchase Alert --><\/p>\n<div class=\"lies-of-p-alerta\">\u26a0\ufe0f ROZWI\u0104\u017b KL\u0104TW\u0118 &#8211; DEFINITYWNY SURVIVAL HORROR! \u26a0\ufe0f<\/div>\n<p><!-- Offline Mode --><\/p>\n<div class=\"lies-of-p-offline\">\n<h3>\ud83c\udfae CIESZ SI\u0118 OFFLINE Z MAKSYMALNYMI OSZCZ\u0118DNO\u015aCIAMI! \ud83c\udfae<\/h3>\n<p>Ciesz si\u0119 trybem <strong>OFFLINE<\/strong> z absolutn\u0105 swobod\u0105!<\/p>\n<div class=\"lies-of-p-beneficios\">\n<p>\u2705 B\u0119dziesz korzysta\u0107 z dostarczonych przez nas <strong>DANYCH DOST\u0118POWYCH (JEDNO KONTO)<\/strong><\/p>\n<p>\u2705 <strong>GRAJ ZA PO\u015aREDNICTWEM DOSTARCZONEGO KONTA<\/strong> bez przeszk\u00f3d<\/p>\n<p>\u2705 Pe\u0142ny dost\u0119p do tytu\u0142u i wszystkich \u0142atek<\/p>\n<\/div>\n<p class=\"lies-of-p-economia\">B\u0119dziesz m\u00f3g\u0142 gra\u0107 p\u0142ynnie, kiedy tylko zechcesz<\/p>\n<p class=\"lies-of-p-economia-destaque\">\ud83d\udcb0 OSZCZ\u0118DZAJ\u0104C WIELE i \ud83c\udfaf BAWI\u0104C SI\u0118 \u015aWIETNIE!<\/p>\n<\/div>\n<p><!-- Promotional Video --><\/p>\n<div class=\"lies-of-p-video\">\n<h2>Obejrzyj zwiastun Fatal Frame II Crimson Butterfly Remake<\/h2>\n<div class=\"lies-of-p-video-container\">\n<div class=\"lies-of-p-video-responsive\"><iframe title=\"Odtwarzacz wideo YouTube\" src=\"https:\/\/www.youtube-nocookie.com\/embed\/D93fpaZQ-7w\" frameborder=\"0\" allowfullscreen=\"allowfullscreen\"><\/iframe><\/div>\n<\/div>\n<\/div>\n<p><!-- System Requirements --><\/p>\n<div class=\"lies-of-p-requisitos\">\n<h2>Specyfikacje Systemowe<\/h2>\n<div class=\"lies-of-p-requisitos-grid\">\n<p><!-- Minimum Requirements --><\/p>\n<div class=\"lies-of-p-requisitos-box\">\n<h3>Minimalne<\/h3>\n<ul class=\"lies-of-p-requisitos-lista\">\n<li>\u25b9<strong>OS:<\/strong> Do og\u0142oszenia<\/li>\n<li>\u25b9<strong>Processor:<\/strong> Do og\u0142oszenia<\/li>\n<li>\u25b9<strong>Memory:<\/strong> Do og\u0142oszenia<\/li>\n<li>\u25b9<strong>Graphics Card:<\/strong> Do og\u0142oszenia<\/li>\n<li>\u25b9<strong>DirectX:<\/strong> Do og\u0142oszenia<\/li>\n<li>\u25b9<strong>Storage:<\/strong> Do og\u0142oszenia<\/li>\n<\/ul>\n<\/div>\n<p><!-- Recommended Requirements --><\/p>\n<div class=\"lies-of-p-requisitos-box\">\n<h3>Zalecane<\/h3>\n<ul class=\"lies-of-p-requisitos-lista\">\n<li>\u25b9<strong>OS:<\/strong> Do og\u0142oszenia<\/li>\n<li>\u25b9<strong>Processor:<\/strong> Do og\u0142oszenia<\/li>\n<li>\u25b9<strong>Memory:<\/strong> Do og\u0142oszenia<\/li>\n<li>\u25b9<strong>Graphics Card:<\/strong> Do og\u0142oszenia<\/li>\n<li>\u25b9<strong>DirectX:<\/strong> Do og\u0142oszenia<\/li>\n<li>\u25b9<strong>Storage:<\/strong> Do og\u0142oszenia<\/li>\n<\/ul>\n<\/div>\n<\/div>\n<\/div>\n<p><!-- About the Game --><\/p>\n<div class=\"lies-of-p-sobre\">\n<h2>O Fatal Frame II Crimson Butterfly Remake<\/h2>\n<p><strong>Wioska wzywa. Duchy czekaj\u0105.<\/strong><\/p>\n<p>Kupuj\u0105c <strong>Fatal Frame II Crimson Butterfly Remake PC<\/strong>, ponownie prze\u017cyjesz ukochany klasyk z nowoczesnymi ulepszeniami. Przygotuj si\u0119 na ucieczk\u0119 ze szpon\u00f3w m\u015bciwych duch\u00f3w w przera\u017caj\u0105cym do\u015bwiadczeniu, kt\u00f3re wy\u015ble dreszcze wzd\u0142u\u017c kr\u0119gos\u0142upa w <strong>Fatal Frame II Crimson Butterfly Remake Steam<\/strong>.<\/p>\n<p>Ewolucja technologiczna w po\u0142\u0105czeniu z rozleg\u0142\u0105 wiedz\u0105 tw\u00f3rc\u00f3w \u0142\u0105czy si\u0119 w historii ze z\u0142o\u017conymi postaciami i bardziej wci\u0105gaj\u0105c\u0105 rozgrywk\u0105 ni\u017c kiedykolwiek wcze\u015bniej w <strong>Fatal Frame II Crimson Butterfly Remake na PC<\/strong>. Powr\u00f3\u0107 ponownie do przekl\u0119tej wioski Minakami, gdzie czeka rytua\u0142 Szkar\u0142atnej Ofiary.<\/p>\n<p><strong>\u201eCzeka nowa wizja klasycznego horroru.\u201d<\/strong><\/p>\n<\/div>\n<p><!-- Features in Cards --><\/p>\n<div class=\"lies-of-p-destaques\">\n<h2>Cechy Gry<\/h2>\n<div class=\"lies-of-p-cards-grid\">\n<p><!-- Card 1: Psychological Horror --><\/p>\n<div class=\"lies-of-p-card\">\n<p><img decoding=\"async\" title=\"Fatal Frame II Crimson Butterfly Remake na PC - Horror\" src=\"https:\/\/shared.fastly.steamstatic.com\/store_item_assets\/steam\/apps\/3764200\/extras\/Steam_GIF_01_RE.gif?t=1750810100\" alt=\"Fatal Frame II Crimson Butterfly Remake PC Steam Offline - Horror Psychologiczny\" \/><\/p>\n<div class=\"lies-of-p-card-content\">\n<h3>INTENSYWNY HORROR PSYCHOLOGICZNY<\/h3>\n<p>Prze\u017cyj klasyczny survival horror serii poprzez walk\u0119 z Camera Obscura, \u015bledztwo, \u0142amig\u0142\u00f3wki i zarz\u0105dzanie zasobami.<\/p>\n<\/div>\n<\/div>\n<p><!-- Card 2: Cursed Village --><\/p>\n<div class=\"lies-of-p-card\">\n<p><img decoding=\"async\" title=\"Fatal Frame II Crimson Butterfly Remake Steam - Przekl\u0119ta Wioska\" src=\"https:\/\/shared.fastly.steamstatic.com\/store_item_assets\/steam\/apps\/3764200\/extras\/Steam_GIF_02.gif?t=1750810100\" alt=\"Kup Fatal Frame II Crimson Butterfly Remake PC - Wioska Minakami\" \/><\/p>\n<div class=\"lies-of-p-card-content\">\n<h3>POWR\u00d3T DO WIOSKI MINAKAMI<\/h3>\n<p>Powr\u00f3\u0107 ponownie do przekl\u0119tej wioski Minakami, gdzie rozgrywa si\u0119 mro\u017c\u0105cy krew w \u017cy\u0142ach rytua\u0142 Szkar\u0142atnej Ofiary.<\/p>\n<\/div>\n<\/div>\n<p><!-- Card 3: Enhanced Gameplay --><\/p>\n<div class=\"lies-of-p-card\">\n<p><img decoding=\"async\" title=\"Fatal Frame II Crimson Butterfly Remake - Zmodernizowane Do\u015bwiadczenie\" src=\"https:\/\/shared.fastly.steamstatic.com\/store_item_assets\/steam\/apps\/3764200\/extras\/Steam_GIF_04.gif?t=1750810100\" alt=\"Fatal Frame II Crimson Butterfly Remake na PC - Rozgrywka\" \/><\/p>\n<div class=\"lies-of-p-card-content\">\n<h3>ZMODERNIZOWANA ROZGRYWKA I GRAFIKA<\/h3>\n<p>Prze\u017cyj przera\u017caj\u0105c\u0105 opowie\u015b\u0107 z osza\u0142amiaj\u0105c\u0105 nowoczesn\u0105 grafik\u0105, ulepszonym sterowaniem i wci\u0105gaj\u0105cym projektem d\u017awi\u0119kowym dla nowej generacji horroru.<\/p>\n<\/div>\n<\/div>\n<\/div>\n<\/div>\n","protected":false},"excerpt":{"rendered":"<table class=\"info-table\">\n<thead>\n<tr class=\"header-row\">\n<th>Status<\/th>\n<th>INFORMATION<\/th>\n<\/tr>\n<\/thead>\n<tbody>\n<tr>\n<td class=\"status-cell\">\n<div class=\"status-title\">\ud83d\ude80 IMMEDIATE DELIVERY<\/div>\n<div class=\"status-subtitle\">Get instant access<\/div>\n<\/td>\n<td class=\"info-cell\">\n<div class=\"info-box\">\n<div class=\"info-title\">ATTENTION<\/div>\n<div class=\"info-content\">READ THE DESCRIPTION<\/div>\n<\/div>\n<\/td>\n<\/tr>\n<tr>\n<td class=\"status-cell\">\n<div class=\"status-title\">\ud83d\udcb0 Is this site trustworthy?<\/div>\n<div class=\"status-subtitle\">+ 4 years selling games<\/div>\n<\/td>\n<td class=\"info-cell\">\n<div class=\"info-box\">\n<div class=\"info-title\">Acess:<\/div>\n<div class=\"info-content\">\n<div data-src=\"https:\/\/cdn.trustindex.io\/loader.js?7fd81be38eb695098c8683dcf1c\"><\/div>\n<\/div>\n<\/div>\n<\/td>\n<\/tr>\n<\/tbody>\n<\/table>\n","protected":false},"featured_media":7107000,"comment_status":"open","ping_status":"closed","template":"","meta":[],"product_brand":[],"product_cat":[746,650,778,889],"product_tag":[654,673],"class_list":{"0":"post-7107006","1":"product","2":"type-product","3":"status-publish","4":"has-post-thumbnail","6":"product_cat-akcja","7":"product_cat-gry","8":"product_cat-horror","9":"product_cat-przedsprzedaz","10":"product_tag-horror","11":"product_tag-klimatyczne","13":"first","14":"instock","15":"downloadable","16":"virtual","17":"purchasable","18":"product-type-simple"},"exclude_global_add_ons":[],"addons":[],"_links":{"self":[{"href":"https:\/\/gamesbestprices.com\/pl\/wp-json\/wp\/v2\/product\/7107006","targetHints":{"allow":["GET"]}}],"collection":[{"href":"https:\/\/gamesbestprices.com\/pl\/wp-json\/wp\/v2\/product"}],"about":[{"href":"https:\/\/gamesbestprices.com\/pl\/wp-json\/wp\/v2\/types\/product"}],"replies":[{"embeddable":true,"href":"https:\/\/gamesbestprices.com\/pl\/wp-json\/wp\/v2\/comments?post=7107006"}],"wp:featuredmedia":[{"embeddable":true,"href":"https:\/\/gamesbestprices.com\/pl\/wp-json\/wp\/v2\/media\/7107000"}],"wp:attachment":[{"href":"https:\/\/gamesbestprices.com\/pl\/wp-json\/wp\/v2\/media?parent=7107006"}],"wp:term":[{"taxonomy":"product_brand","embeddable":true,"href":"https:\/\/gamesbestprices.com\/pl\/wp-json\/wp\/v2\/product_brand?post=7107006"},{"taxonomy":"product_cat","embeddable":true,"href":"https:\/\/gamesbestprices.com\/pl\/wp-json\/wp\/v2\/product_cat?post=7107006"},{"taxonomy":"product_tag","embeddable":true,"href":"https:\/\/gamesbestprices.com\/pl\/wp-json\/wp\/v2\/product_tag?post=7107006"}],"curies":[{"name":"wp","href":"https:\/\/api.w.org\/{rel}","templated":true}]}}