{"id":7106996,"date":"2026-04-09T09:24:19","date_gmt":"2026-04-09T09:24:19","guid":{"rendered":""},"modified":"2026-04-09T09:27:22","modified_gmt":"2026-04-09T09:27:22","slug":"death-stranding-2-on-the-beach-pc-steam-offline-2-pl","status":"publish","type":"product","link":"https:\/\/gamesbestprices.com\/pl\/produkt\/death-stranding-2-on-the-beach-pc-steam-offline-2-pl\/","title":{"rendered":"Death Stranding 2 On the Beach PC Steam Offline"},"content":{"rendered":"<p><!-- DEATH STRANDING 2 ON THE BEACH - Clean HTML with CSS Classes --><\/p>\n<div class=\"lies-of-p-container\">\n<p><!-- Main Banner --><\/p>\n<div class=\"lies-of-p-banner\">\n<h1>DEATH STRANDING 2 ON THE BEACH PC STEAM OFFLINE<\/h1>\n<p>Podr\u00f3\u017c trwa na nowym brzegu.<\/p>\n<\/div>\n<p><!-- Purchase Alert --><\/p>\n<div class=\"lies-of-p-alerta\">\u26a0\ufe0f NOWA PODR\u00d3\u017b SI\u0118 ZACZYNA &#8211; PO\u0141\u0104CZ \u015aWIAT! \u26a0\ufe0f<\/div>\n<p><!-- Offline Mode --><\/p>\n<div class=\"lies-of-p-offline\">\n<h3>\ud83c\udfae CIESZ SI\u0118 OFFLINE Z MAKSYMALNYMI OSZCZ\u0118DNO\u015aCIAMI! \ud83c\udfae<\/h3>\n<p>Ciesz si\u0119 trybem <strong>OFFLINE<\/strong> z absolutn\u0105 swobod\u0105!<\/p>\n<div class=\"lies-of-p-beneficios\">\n<p>\u2705 U\u017cyjesz <strong>DANYCH DOST\u0118POWYCH (JEDNO KONTO)<\/strong>, kt\u00f3re udost\u0119pnimy<\/p>\n<p>\u2705 <strong>GRAJ PRZEZ UDOST\u0118PNIONE KONTO<\/strong> bez przeszk\u00f3d<\/p>\n<p>\u2705 Pe\u0142ny dost\u0119p do tytu\u0142u i wszystkich \u0142atek<\/p>\n<\/div>\n<p class=\"lies-of-p-economia\">B\u0119dziesz m\u00f3g\u0142 gra\u0107 p\u0142ynnie, kiedy tylko zechcesz<\/p>\n<p class=\"lies-of-p-economia-destaque\">\ud83d\udcb0 OSZCZ\u0118DZAJ\u0104C DU\u017bO i \ud83c\udfaf BAWI\u0104C SI\u0118 \u015aWIETNIE!<\/p>\n<\/div>\n<p><!-- Promotional Video --><\/p>\n<div class=\"lies-of-p-video\">\n<h2>Obejrzyj zwiastun Death Stranding 2 On the Beach<\/h2>\n<div class=\"lies-of-p-video-container\">\n<div class=\"lies-of-p-video-responsive\"><iframe title=\"Odtwarzacz wideo YouTube\" src=\"https:\/\/www.youtube-nocookie.com\/embed\/F79oEkMXElU\" frameborder=\"0\" allowfullscreen=\"allowfullscreen\"><\/iframe><\/div>\n<\/div>\n<\/div>\n<p><!-- System Requirements --><\/p>\n<div class=\"lies-of-p-requisitos\">\n<h2>Specyfikacje Systemowe<\/h2>\n<div class=\"lies-of-p-requisitos-grid\">\n<p><!-- Minimum Requirements --><\/p>\n<div class=\"lies-of-p-requisitos-box\">\n<h3>Minimalne<\/h3>\n<ul class=\"lies-of-p-requisitos-lista\">\n<li>\u25b9<strong>System Operacyjny:<\/strong> Do og\u0142oszenia<\/li>\n<li>\u25b9<strong>Procesor:<\/strong> Do og\u0142oszenia<\/li>\n<li>\u25b9<strong>Pami\u0119\u0107:<\/strong> Do og\u0142oszenia<\/li>\n<li>\u25b9<strong>Karta Graficzna:<\/strong> Do og\u0142oszenia<\/li>\n<li>\u25b9<strong>DirectX:<\/strong> Do og\u0142oszenia<\/li>\n<li>\u25b9<strong>Miejsce na Dysku:<\/strong> Do og\u0142oszenia<\/li>\n<\/ul>\n<\/div>\n<p><!-- Recommended Requirements --><\/p>\n<div class=\"lies-of-p-requisitos-box\">\n<h3>Zalecane<\/h3>\n<ul class=\"lies-of-p-requisitos-lista\">\n<li>\u25b9<strong>System Operacyjny:<\/strong> Do og\u0142oszenia<\/li>\n<li>\u25b9<strong>Procesor:<\/strong> Do og\u0142oszenia<\/li>\n<li>\u25b9<strong>Pami\u0119\u0107:<\/strong> Do og\u0142oszenia<\/li>\n<li>\u25b9<strong>Karta Graficzna:<\/strong> Do og\u0142oszenia<\/li>\n<li>\u25b9<strong>DirectX:<\/strong> Do og\u0142oszenia<\/li>\n<li>\u25b9<strong>Miejsce na Dysku:<\/strong> Do og\u0142oszenia<\/li>\n<\/ul>\n<\/div>\n<\/div>\n<\/div>\n<p><!-- About the Game --><\/p>\n<div class=\"lies-of-p-sobre\">\n<h2>O Death Stranding 2 On the Beach<\/h2>\n<p><strong>Podr\u00f3\u017c trwa. Po\u0142\u0105czenia ewoluuj\u0105.<\/strong><\/p>\n<p>Zakup <strong>Death Stranding 2 On the Beach PC<\/strong> oznacza wyruszenie w d\u0142ugo oczekiwan\u0105 kontynuacj\u0119 prze\u0142omowego tytu\u0142u Hideo Kojimy. Przygotuj si\u0119 na ponowne po\u0142\u0105czenie rozbitego \u015bwiata i stawienie czo\u0142a nowym zagro\u017ceniom w osza\u0142amiaj\u0105cym wizualnie i emocjonalnie rezonuj\u0105cym do\u015bwiadczeniu w <strong>Death Stranding 2 On the Beach Steam<\/strong>.<\/p>\n<p>Opieraj\u0105c si\u0119 na unikalnej mechanice rozgrywki i g\u0142\u0119bokiej narracji swojego poprzednika, <strong>Death Stranding 2 On the Beach na PC<\/strong> obiecuje rozszerzony \u015bwiat, nowe narz\u0119dzia i g\u0142\u0119bsze spojrzenie na tajemnice \u017cycia, \u015bmierci i po\u0142\u0105cze\u0144. Sam Porter Bridges powraca, aby stawi\u0107 czo\u0142a opustosza\u0142ym krajobrazom i nawi\u0105za\u0107 nowe wi\u0119zi.<\/p>\n<p><strong>&#8222;Czeka nowy splot po\u0142\u0105cze\u0144.&#8221;<\/strong><\/p>\n<\/div>\n<p><!-- Features in Cards --><\/p>\n<div class=\"lies-of-p-destaques\">\n<h2>Cechy Gry<\/h2>\n<div class=\"lies-of-p-cards-grid\">\n<p><!-- Card 1: Evolving Connections --><\/p>\n<div class=\"lies-of-p-card\">\n<p><img decoding=\"async\" title=\"Death Stranding 2 On the Beach PC - Ewoluuj\u0105ce Po\u0142\u0105czenia\" src=\"https:\/\/shared.fastly.steamstatic.com\/store_item_assets\/steam\/apps\/3764200\/extras\/Steam_GIF_01_DS2.gif?t=1750810100\" alt=\"Death Stranding 2 On the Beach PC Steam Offline - Ewoluuj\u0105ce Po\u0142\u0105czenia\" \/><\/p>\n<div class=\"lies-of-p-card-content\">\n<h3>EWOLUUJ\u0104CE PO\u0141\u0104CZENIA<\/h3>\n<p>Tw\u00f3rz nowe i g\u0142\u0119bsze po\u0142\u0105czenia w rozbitym \u015bwiecie, wykorzystuj\u0105c zaawansowane narz\u0119dzia i strategie.<\/p>\n<\/div>\n<\/div>\n<p><!-- Card 2: Vast New Landscapes --><\/p>\n<div class=\"lies-of-p-card\">\n<p><img decoding=\"async\" title=\"Death Stranding 2 On the Beach Steam - Rozleg\u0142e Nowe Krajobrazy\" src=\"https:\/\/shared.fastly.steamstatic.com\/store_item_assets\/steam\/apps\/3764200\/extras\/Steam_GIF_02_DS2.gif?t=1750810100\" alt=\"Kup Death Stranding 2 On the Beach PC - Rozleg\u0142e Nowe Krajobrazy\" \/><\/p>\n<div class=\"lies-of-p-card-content\">\n<h3>ROZLEG\u0141E NOWE KRAJOBRAZY<\/h3>\n<p>Eksploruj zapieraj\u0105ce dech w piersiach i niebezpieczne nowe \u015brodowiska, dostarczaj\u0105c kluczowy \u0142adunek i rozszerzaj\u0105c Sie\u0107 Chiraln\u0105.<\/p>\n<\/div>\n<\/div>\n<p><!-- Card 3: Unraveling Mysteries --><\/p>\n<div class=\"lies-of-p-card\">\n<p><img decoding=\"async\" title=\"Death Stranding 2 On the Beach - Rozwik\u0142anie Tajemnic\" src=\"https:\/\/shared.fastly.steamstatic.com\/store_item_assets\/steam\/apps\/3764200\/extras\/Steam_GIF_04_DS2.gif?t=1750810100\" alt=\"Death Stranding 2 On the Beach na PC - Rozwik\u0142anie Tajemnic\" \/><\/p>\n<div class=\"lies-of-p-card-content\">\n<h3>ROZWI\u0104ZYWANIE TAJEMNIC<\/h3>\n<p>Zanurz si\u0119 w z\u0142o\u017conej i sk\u0142aniaj\u0105cej do refleksji narracji, odkrywaj\u0105c sekrety Death Stranding i jego przysz\u0142o\u015bci.<\/p>\n<\/div>\n<\/div>\n<\/div>\n<\/div>\n<\/div>\n","protected":false},"excerpt":{"rendered":"<table class=\"info-table\">\n<thead>\n<tr class=\"header-row\">\n<th>Status<\/th>\n<th>INFORMATION<\/th>\n<\/tr>\n<\/thead>\n<tbody>\n<tr>\n<td class=\"status-cell\">\n<div class=\"status-title\">\ud83d\ude80 IMMEDIATE DELIVERY<\/div>\n<div class=\"status-subtitle\">Get instant access<\/div>\n<\/td>\n<td class=\"info-cell\">\n<div class=\"info-box\">\n<div class=\"info-title\">ATTENTION<\/div>\n<div class=\"info-content\">READ THE DESCRIPTION<\/div>\n<\/div>\n<\/td>\n<\/tr>\n<tr>\n<td class=\"status-cell\">\n<div class=\"status-title\">\ud83d\udcb0 Is this site trustworthy?<\/div>\n<div class=\"status-subtitle\">+ 4 years selling games<\/div>\n<\/td>\n<td class=\"info-cell\">\n<div class=\"info-box\">\n<div class=\"info-title\">Acess:<\/div>\n<div class=\"info-content\">\n<div data-src=\"https:\/\/cdn.trustindex.io\/loader.js?7fd81be38eb695098c8683dcf1c\"><\/div>\n<\/div>\n<\/div>\n<\/td>\n<\/tr>\n<\/tbody>\n<\/table>\n","protected":false},"featured_media":7106990,"comment_status":"open","ping_status":"closed","template":"","meta":[],"product_brand":[],"product_cat":[746,650,861,747],"product_tag":[687],"class_list":{"0":"post-7106996","1":"product","2":"type-product","3":"status-publish","4":"has-post-thumbnail","6":"product_cat-akcja","7":"product_cat-gry","8":"product_cat-nowosci","9":"product_cat-przygodowe","10":"product_tag-otwarty-swiat","12":"first","13":"instock","14":"downloadable","15":"virtual","16":"purchasable","17":"product-type-simple"},"exclude_global_add_ons":[],"addons":[],"_links":{"self":[{"href":"https:\/\/gamesbestprices.com\/pl\/wp-json\/wp\/v2\/product\/7106996","targetHints":{"allow":["GET"]}}],"collection":[{"href":"https:\/\/gamesbestprices.com\/pl\/wp-json\/wp\/v2\/product"}],"about":[{"href":"https:\/\/gamesbestprices.com\/pl\/wp-json\/wp\/v2\/types\/product"}],"replies":[{"embeddable":true,"href":"https:\/\/gamesbestprices.com\/pl\/wp-json\/wp\/v2\/comments?post=7106996"}],"wp:featuredmedia":[{"embeddable":true,"href":"https:\/\/gamesbestprices.com\/pl\/wp-json\/wp\/v2\/media\/7106990"}],"wp:attachment":[{"href":"https:\/\/gamesbestprices.com\/pl\/wp-json\/wp\/v2\/media?parent=7106996"}],"wp:term":[{"taxonomy":"product_brand","embeddable":true,"href":"https:\/\/gamesbestprices.com\/pl\/wp-json\/wp\/v2\/product_brand?post=7106996"},{"taxonomy":"product_cat","embeddable":true,"href":"https:\/\/gamesbestprices.com\/pl\/wp-json\/wp\/v2\/product_cat?post=7106996"},{"taxonomy":"product_tag","embeddable":true,"href":"https:\/\/gamesbestprices.com\/pl\/wp-json\/wp\/v2\/product_tag?post=7106996"}],"curies":[{"name":"wp","href":"https:\/\/api.w.org\/{rel}","templated":true}]}}