{"id":7106720,"date":"2026-04-09T07:09:42","date_gmt":"2026-04-09T07:09:42","guid":{"rendered":""},"modified":"2026-04-09T07:11:39","modified_gmt":"2026-04-09T07:11:39","slug":"crimson-desert-deluxe-edition-pc-steam-offline-pl","status":"publish","type":"product","link":"https:\/\/gamesbestprices.com\/pl\/produkt\/crimson-desert-deluxe-edition-pc-steam-offline-pl\/","title":{"rendered":"Crimson Desert Deluxe Edition PC Steam Offline"},"content":{"rendered":"<div class=\"lies-of-p-container\">\n<p><!-- Main Banner --><\/p>\n<div class=\"lies-of-p-banner\">\n<h1>CRIMSON DESERT DELUXE EDITION PC STEAM OFFLINE<\/h1>\n<p>Czeka nowa saga epickiej fantazji i akcji.<\/p>\n<\/div>\n<p><!-- Purchase Alert --><\/p>\n<div class=\"lies-of-p-alerta\">\u2694\ufe0f WYRUSZ W EPICK\u0104 PODR\u00d3\u017b &#8211; OSTATECZNE RPG Z OTWARTYM \u015aWIATEM! \u2694\ufe0f<\/div>\n<p><!-- Offline Mode --><\/p>\n<div class=\"lies-of-p-offline\">\n<h3>\ud83c\udfae CIESZ SI\u0118 OFFLINE Z MAKSYMALNYMI OSZCZ\u0118DNO\u015aCIAMI! \ud83c\udfae<\/h3>\n<p>Ciesz si\u0119 trybem <strong>OFFLINE<\/strong> z absolutn\u0105 swobod\u0105!<\/p>\n<div class=\"lies-of-p-beneficios\">\n<p>\u2705 B\u0119dziesz korzysta\u0107 z <strong>DANYCH DOST\u0118POWYCH (JEDNO KONTO)<\/strong>, kt\u00f3re udost\u0119pnimy<\/p>\n<p>\u2705 <strong>GRAJ ZA PO\u015aREDNICTWEM UDOST\u0118PNIONEGO KONTA<\/strong> bez przeszk\u00f3d<\/p>\n<p>\u2705 Pe\u0142ny dost\u0119p do tytu\u0142u i wszystkich \u0142atek<\/p>\n<\/div>\n<p class=\"lies-of-p-economia\">B\u0119dziesz m\u00f3g\u0142 gra\u0107 p\u0142ynnie, kiedy tylko zechcesz<\/p>\n<p class=\"lies-of-p-economia-destaque\">\ud83d\udcb0 OSZCZ\u0118DZAJ\u0104C DU\u017bO i \ud83c\udfaf BAWI\u0104C SI\u0118 \u015aWIETNIE!<\/p>\n<\/div>\n<p><!-- Promotional Video --><\/p>\n<div class=\"lies-of-p-video\">\n<h2>Obejrzyj zwiastun Crimson Desert<\/h2>\n<div class=\"lies-of-p-video-container\">\n<div class=\"lies-of-p-video-responsive\"><iframe title=\"Odtwarzacz wideo YouTube\" src=\"https:\/\/www.youtube-nocookie.com\/embed\/R6_9U6yTfAc\" frameborder=\"0\" allowfullscreen=\"allowfullscreen\"><\/iframe><\/div>\n<\/div>\n<\/div>\n<p><!-- System Requirements --><\/p>\n<div class=\"lies-of-p-requisitos\">\n<h2>Specyfikacje Systemowe<\/h2>\n<div class=\"lies-of-p-requisitos-grid\">\n<p><!-- Minimum Requirements --><\/p>\n<div class=\"lies-of-p-requisitos-box\">\n<h3>Minimalne<\/h3>\n<ul class=\"lies-of-p-requisitos-lista\">\n<li>\u25b9<strong>System Operacyjny:<\/strong> Windows 10 64-bit<\/li>\n<li>\u25b9<strong>Procesor:<\/strong> Ryzen 5 2600X \/ i5-8500<\/li>\n<li>\u25b9<strong>Pami\u0119\u0107:<\/strong> 16 GB RAM<\/li>\n<li>\u25b9<strong>Karta Graficzna:<\/strong> RX 5500 XT \/ GTX 1060<\/li>\n<li>\u25b9<strong>DirectX:<\/strong> Wersja 12<\/li>\n<li>\u25b9<strong>Pami\u0119\u0107 Masowa:<\/strong> Do og\u0142oszenia<\/li>\n<\/ul>\n<\/div>\n<p><!-- Recommended Requirements --><\/p>\n<div class=\"lies-of-p-requisitos-box\">\n<h3>Zalecane<\/h3>\n<ul class=\"lies-of-p-requisitos-lista\">\n<li>\u25b9<strong>System Operacyjny:<\/strong> Do og\u0142oszenia<\/li>\n<li>\u25b9<strong>Procesor:<\/strong> Do og\u0142oszenia<\/li>\n<li>\u25b9<strong>Pami\u0119\u0107:<\/strong> Do og\u0142oszenia<\/li>\n<li>\u25b9<strong>Karta Graficzna:<\/strong> Do og\u0142oszenia<\/li>\n<li>\u25b9<strong>DirectX:<\/strong> Do og\u0142oszenia<\/li>\n<li>\u25b9<strong>Pami\u0119\u0107 Masowa:<\/strong> Do og\u0142oszenia<\/li>\n<\/ul>\n<\/div>\n<\/div>\n<\/div>\n<p><!-- About the Game --><\/p>\n<div class=\"lies-of-p-sobre\">\n<h2>O Crimson Desert<\/h2>\n<p><strong>Wykuwaj swoje przeznaczenie w \u015bwiecie nieokie\u0142znanego pi\u0119kna i brutalnego konfliktu.<\/strong><\/p>\n<p>Kupno <strong>Crimson Desert Deluxe Edition PC<\/strong> oznacza zanurzenie si\u0119 w rozleg\u0142ym, otwartym \u015bwiecie RPG akcji od Pearl Abyss. Przygotuj si\u0119 na eksploracj\u0119 rozleg\u0142ego \u015bredniowiecznego kr\u00f3lestwa fantasy, we\u017a udzia\u0142 w ekscytuj\u0105cej, pe\u0142nej akcji walce i odkryj g\u0142\u0119bok\u0105, porywaj\u0105c\u0105 narracj\u0119 w <strong>Crimson Desert Steam<\/strong>. Dzi\u0119ki osza\u0142amiaj\u0105cej grafice i innowacyjnej rozgrywce, <strong>Crimson Desert na PC<\/strong> zaprasza Ci\u0119, aby\u015b zosta\u0142 najemnikiem, walczy\u0142 o przetrwanie i kszta\u0142towa\u0142 przysz\u0142o\u015b\u0107 rozdartego wojn\u0105 kontynentu.<\/p>\n<p><strong>&#8222;Rozpoczyna si\u0119 nowa generacja przyg\u00f3d w otwartym \u015bwiecie.&#8221;<\/strong><\/p>\n<\/div>\n<p><!-- Features in Cards --><\/p>\n<div class=\"lies-of-p-destaques\">\n<h2>Cechy Gry<\/h2>\n<div class=\"lies-of-p-cards-grid\">\n<p><!-- Card 1: Epic Open World --><\/p>\n<div class=\"lies-of-p-card\">\n<p><img decoding=\"async\" title=\"Crimson Desert PC - Eksploracja Otwartego \u015awiata\" src=\"https:\/\/shared.akamai.steamstatic.com\/store_item_assets\/steam\/apps\/3321460\/669119c3747653f41a46c59f213168448d094e04\/ss_669119c3747653f41a46c59f213168448d094e04.1920x1080.jpg?t=1775206852\" alt=\"Crimson Desert Deluxe Edition PC Steam Offline - Rozleg\u0142y Otwarty \u015awiat\" \/><\/p>\n<div class=\"lies-of-p-card-content\">\n<h3>ROZLEG\u0141A EKSPLORACJA OTWARTEGO \u015aWIATA<\/h3>\n<p>Podr\u00f3\u017cuj przez rozleg\u0142y kontynent Pywel, krain\u0119 pe\u0142n\u0105 r\u00f3\u017cnorodnych region\u00f3w, ukrytych sekret\u00f3w i pot\u0119\u017cnych wrog\u00f3w.<\/p>\n<\/div>\n<\/div>\n<p><!-- Card 2: Dynamic Combat --><\/p>\n<div class=\"lies-of-p-card\">\n<p><img decoding=\"async\" title=\"Crimson Desert Steam - Walka Akcji\" src=\"https:\/\/shared.akamai.steamstatic.com\/store_item_assets\/steam\/apps\/3321460\/4b178bdd24ed576458116d8d3383b5352dad0fae\/ss_4b178bdd24ed576458116d8d3383b5352dad0fae.1920x1080.jpg?t=1775206852\" alt=\"Kup Crimson Desert PC - Ekscytuj\u0105ca Walka\" \/><\/p>\n<div class=\"lies-of-p-card-content\">\n<h3>EKSCYTUJ\u0104CA WALKA AKCJI<\/h3>\n<p>Opanuj g\u0142\u0119boki i p\u0142ynny system walki, \u0142\u0105cz\u0105c umiej\u0119tno\u015bci walki wr\u0119cz, dystansowej i magicznej, aby pokona\u0107 wymagaj\u0105cych wrog\u00f3w i epickich boss\u00f3w.<\/p>\n<\/div>\n<\/div>\n<p><!-- Card 3: Deep RPG Mechanics --><\/p>\n<div class=\"lies-of-p-card\">\n<p><img decoding=\"async\" title=\"Crimson Desert - Bogata Narracja\" src=\"https:\/\/shared.akamai.steamstatic.com\/store_item_assets\/steam\/apps\/3321460\/55e514af688f459364b3d0ffb288faf73580c8e5\/ss_55e514af688f459364b3d0ffb288faf73580c8e5.1920x1080.jpg?t=1775206852\" alt=\"Crimson Desert na PC - Personalizacja RPG\" \/><\/p>\n<div class=\"lies-of-p-card-content\">\n<h3>BOGATA NARRACJA I PERSONALIZACJA<\/h3>\n<p>Zanurz si\u0119 w porywaj\u0105cej historii, dostosuj swoj\u0105 posta\u0107 i podejmuj decyzje, kt\u00f3re wp\u0142yn\u0105 na losy Pywel.<\/p>\n<\/div>\n<\/div>\n<\/div>\n<\/div>\n<\/div>\n","protected":false},"excerpt":{"rendered":"<div class=\"acasa-produto-container\">\n<table class=\"acasa-produto-tabela\">\n<thead>\n<tr>\n<th>\ud83d\ude80 STATUS<\/th>\n<th>\u26a0\ufe0f IMPORTANT<\/th>\n<\/tr>\n<\/thead>\n<tbody>\n<tr>\n<td class=\"acasa-celula-esquerda\">\n<div class=\"acasa-titulo-principal\">\u26a1 INSTANT DELIVERY<\/div>\n<div class=\"acasa-subtitulo\">Log in, purchase and receive immediately<\/div>\n<\/td>\n<td class=\"acasa-celula-direita\">\n<div class=\"acasa-info-box\">\n<div class=\"acasa-titulo-info\">\ud83d\udccb READ THE DESCRIPTION<\/div>\n<div class=\"acasa-subtitulo\">Important Information<\/div>\n<\/div>\n<\/td>\n<\/tr>\n<\/tbody>\n<\/table>\n<div class=\"acasa-secao-inferior\">\n<div class=\"acasa-coluna\">\n<h3 class=\"acasa-titulo-secao\">\ud83d\uded2 Why buy from us?<\/h3>\n<div class=\"acasa-lista\">\n<div class=\"acasa-item\"><span class=\"acasa-check\">\u2713<\/span> Over 3 years in the market<\/div>\n<div class=\"acasa-item\"><span class=\"acasa-check\">\u2713<\/span> Fast delivery<\/div>\n<div class=\"acasa-item\"><span class=\"acasa-check\">\u2713<\/span> Benefits, promotions and subscription plans<\/div>\n<div class=\"acasa-item\"><span class=\"acasa-check\">\u2713<\/span> Competitive prices<\/div>\n<\/div>\n<\/div>\n<div class=\"acasa-coluna\">\n<div class=\"acasa-widget\">[trustindex data-widget-id=7fd81be38eb695098c8683dcf1c]<\/div>\n<\/div>\n<\/div>\n<\/div>\n","protected":false},"featured_media":7106739,"comment_status":"open","ping_status":"closed","template":"","meta":[],"product_brand":[],"product_cat":[746,650,861,747,770],"product_tag":[699,687],"class_list":{"0":"post-7106720","1":"product","2":"type-product","3":"status-publish","4":"has-post-thumbnail","6":"product_cat-akcja","7":"product_cat-gry","8":"product_cat-nowosci","9":"product_cat-przygodowe","10":"product_cat-rpg","11":"product_tag-fantasy","12":"product_tag-otwarty-swiat","14":"first","15":"instock","16":"downloadable","17":"virtual","18":"purchasable","19":"product-type-simple"},"exclude_global_add_ons":[],"addons":[],"_links":{"self":[{"href":"https:\/\/gamesbestprices.com\/pl\/wp-json\/wp\/v2\/product\/7106720","targetHints":{"allow":["GET"]}}],"collection":[{"href":"https:\/\/gamesbestprices.com\/pl\/wp-json\/wp\/v2\/product"}],"about":[{"href":"https:\/\/gamesbestprices.com\/pl\/wp-json\/wp\/v2\/types\/product"}],"replies":[{"embeddable":true,"href":"https:\/\/gamesbestprices.com\/pl\/wp-json\/wp\/v2\/comments?post=7106720"}],"wp:featuredmedia":[{"embeddable":true,"href":"https:\/\/gamesbestprices.com\/pl\/wp-json\/wp\/v2\/media\/7106739"}],"wp:attachment":[{"href":"https:\/\/gamesbestprices.com\/pl\/wp-json\/wp\/v2\/media?parent=7106720"}],"wp:term":[{"taxonomy":"product_brand","embeddable":true,"href":"https:\/\/gamesbestprices.com\/pl\/wp-json\/wp\/v2\/product_brand?post=7106720"},{"taxonomy":"product_cat","embeddable":true,"href":"https:\/\/gamesbestprices.com\/pl\/wp-json\/wp\/v2\/product_cat?post=7106720"},{"taxonomy":"product_tag","embeddable":true,"href":"https:\/\/gamesbestprices.com\/pl\/wp-json\/wp\/v2\/product_tag?post=7106720"}],"curies":[{"name":"wp","href":"https:\/\/api.w.org\/{rel}","templated":true}]}}