{"id":7106622,"date":"2026-04-09T06:21:44","date_gmt":"2026-04-09T06:21:44","guid":{"rendered":""},"modified":"2026-04-09T06:23:25","modified_gmt":"2026-04-09T06:23:25","slug":"life-is-strange-reunion-pc-steam-offline-pl","status":"publish","type":"product","link":"https:\/\/gamesbestprices.com\/pl\/produkt\/life-is-strange-reunion-pc-steam-offline-pl\/","title":{"rendered":"Life is Strange Reunion PC Steam Offline"},"content":{"rendered":"<p><!-- Life is Strange Reunion PC Steam Offline --><\/p>\n<div class=\"lies-of-p-container\">\n<p><!-- Main Banner --><\/p>\n<div class=\"lies-of-p-banner\">\n<h1>LIFE IS STRANGE REUNION PC STEAM OFFLINE<\/h1>\n<p>Saga Max i Chloe trwa, a los Caledon le\u017cy w Twoich r\u0119kach!<\/p>\n<\/div>\n<p><!-- Purchase Alert --><\/p>\n<div class=\"lies-of-p-alerta\">\u26a0\ufe0f MAX I CHLOE POWRACAJ\u0104 &#8211; TWOJE WYBORY KSZTA\u0141TUJ\u0104 PRZEZNACZENIE! \u26a0\ufe0f<\/div>\n<p><!-- Offline Mode --><\/p>\n<div class=\"lies-of-p-offline\">\n<h3>\ud83c\udfae CIESZ SI\u0118 OFFLINE Z MAKSYMALNYMI OSZCZ\u0118DNO\u015aCIAMI! \ud83c\udfae<\/h3>\n<p>Ciesz si\u0119 trybem <strong>OFFLINE<\/strong> z absolutn\u0105 swobod\u0105!<\/p>\n<div class=\"lies-of-p-beneficios\">\n<p>\u2705 B\u0119dziesz korzysta\u0107 z <strong>DANYCH DOST\u0118POWYCH (JEDNO KONTO)<\/strong>, kt\u00f3re udost\u0119pnimy<\/p>\n<p>\u2705 <strong>GRAJ PRZEZ UDOST\u0118PNIONE KONTO<\/strong> bez przeszk\u00f3d<\/p>\n<p>\u2705 Pe\u0142ny dost\u0119p do tytu\u0142u i wszystkich \u0142atek<\/p>\n<\/div>\n<p class=\"lies-of-p-economia\">B\u0119dziesz m\u00f3g\u0142 gra\u0107 p\u0142ynnie, kiedy tylko zechcesz<\/p>\n<p class=\"lies-of-p-economia-destaque\">\ud83d\udcb0 DU\u017bO OSZCZ\u0118DZAJ\u0104C i \ud83c\udfaf \u015aWIETNIE SI\u0118 BAWI\u0104C!<\/p>\n<\/div>\n<p><!-- Promotional Video --><\/p>\n<div class=\"lies-of-p-video\">\n<h2>Obejrzyj zwiastun Life is Strange: Reunion<\/h2>\n<div class=\"lies-of-p-video-container\">\n<div class=\"lies-of-p-video-responsive\"><iframe title=\"Odtwarzacz wideo YouTube\" src=\"https:\/\/www.youtube-nocookie.com\/embed\/rrxm00_0jPE\" frameborder=\"0\" allowfullscreen=\"allowfullscreen\"><\/iframe><\/div>\n<\/div>\n<\/div>\n<p><!-- System Requirements --><\/p>\n<div class=\"lies-of-p-requisitos\">\n<h2>Specyfikacje Systemowe<\/h2>\n<div class=\"lies-of-p-requisitos-grid\">\n<p><!-- Minimum Requirements --><\/p>\n<div class=\"lies-of-p-requisitos-box\">\n<h3>Minimalne<\/h3>\n<ul class=\"lies-of-p-requisitos-lista\">\n<li>\u25b9<strong>System Operacyjny:<\/strong> Windows 10<\/li>\n<li>\u25b9<strong>Procesor:<\/strong> AMD Ryzen 5 1400 \/ Intel Core i5-4670K<\/li>\n<li>\u25b9<strong>Pami\u0119\u0107:<\/strong> 12 GB RAM<\/li>\n<li>\u25b9<strong>Karta Graficzna:<\/strong> AMD Radeon RX 480, 8 GB \/ NVIDIA GeForce GTX 1660, 6 GB \/ Intel Arc A750, 8GB<\/li>\n<li>\u25b9<strong>DirectX:<\/strong> Wersja 12<\/li>\n<li>\u25b9<strong>Miejsce na Dysku:<\/strong> 30 GB dost\u0119pnego miejsca<\/li>\n<\/ul>\n<\/div>\n<p><!-- Recommended Requirements --><\/p>\n<div class=\"lies-of-p-requisitos-box\">\n<h3>Zalecane<\/h3>\n<ul class=\"lies-of-p-requisitos-lista\">\n<li>\u25b9<strong>System Operacyjny:<\/strong> Do og\u0142oszenia<\/li>\n<li>\u25b9<strong>Procesor:<\/strong> Do og\u0142oszenia<\/li>\n<li>\u25b9<strong>Pami\u0119\u0107:<\/strong> Do og\u0142oszenia<\/li>\n<li>\u25b9<strong>Karta Graficzna:<\/strong> Do og\u0142oszenia<\/li>\n<li>\u25b9<strong>DirectX:<\/strong> Do og\u0142oszenia<\/li>\n<li>\u25b9<strong>Miejsce na Dysku:<\/strong> Do og\u0142oszenia<\/li>\n<\/ul>\n<\/div>\n<\/div>\n<\/div>\n<p><!-- About the Game --><\/p>\n<div class=\"lies-of-p-sobre\">\n<h2>O grze Life is Strange: Reunion<\/h2>\n<p><strong>Max i Chloe powracaj\u0105. Ich przysz\u0142o\u015b\u0107 i los Caledon zale\u017c\u0105 od Twoich wybor\u00f3w.<\/strong><\/p>\n<p>Kupno <strong>Life is Strange: Reunion PC<\/strong> oznacza zanurzenie si\u0119 w zupe\u0142nie now\u0105 narracyjn\u0105 przygod\u0119 z ukochanymi postaciami. Graj jako Max i Chloe, gdy epicka historia zmierza ku punktowi kulminacyjnemu, zmuszaj\u0105c je do podejmowania niszczycielskich decyzji. Czy znajd\u0105 wsp\u00f3ln\u0105 przysz\u0142o\u015b\u0107\u2026 Zanim wszystko sp\u0142onie? Do\u015bwiadcz emocjonalnej g\u0142\u0119bi i nadprzyrodzonych zwrot\u00f3w akcji, kt\u00f3re definiuj\u0105 seri\u0119 w <strong>Life is Strange: Reunion Steam<\/strong>. Twoje wybory naprawd\u0119 maj\u0105 znaczenie w tej jednoosobowej, offline&#8217;owej przygodzie, kszta\u0142tuj\u0105c los Caledon i jego mieszka\u0144c\u00f3w. Przygotuj si\u0119 na pot\u0119\u017cn\u0105 podr\u00f3\u017c z <strong>Life is Strange: Reunion na PC<\/strong>.<\/p>\n<\/div>\n<p><!-- Features in Cards --><\/p>\n<div class=\"lies-of-p-destaques\">\n<h2>Cechy Gry<\/h2>\n<div class=\"lies-of-p-cards-grid\">\n<p><!-- Card 1: Narrative Adventure --><\/p>\n<div class=\"lies-of-p-card\">\n<p><img decoding=\"async\" title=\"Life is Strange Reunion PC - Przygoda Narracyjna\" src=\"https:\/\/shared.akamai.steamstatic.com\/store_item_assets\/steam\/apps\/2624870\/199b89bfa0ad61293e0a059c4a1e8259c5d23438\/ss_199b89bfa0ad61293e0a059c4a1e8259c5d23438.1920x1080.jpg?t=1775578910\" alt=\"Life is Strange Reunion PC Steam Offline rozgrywka\" \/><\/p>\n<div class=\"lies-of-p-card-content\">\n<h3>WCI\u0104GAJ\u0104CA PRZYGODA NARRACYJNA<\/h3>\n<p>Zanurz si\u0119 w porywaj\u0105cej historii, gdzie ka\u017cdy Tw\u00f3j wyb\u00f3r ma g\u0142\u0119bokie konsekwencje dla Max, Chloe i Caledon.<\/p>\n<\/div>\n<\/div>\n<p><!-- Card 2: Supernatural Powers --><\/p>\n<div class=\"lies-of-p-card\">\n<p><img decoding=\"async\" title=\"Life is Strange Reunion Steam - Moce Nadprzyrodzone\" src=\"https:\/\/shared.akamai.steamstatic.com\/store_item_assets\/steam\/apps\/2624870\/e2703ae262dac46f703a5d2bcafe0aa0d0a90736\/ss_e2703ae262dac46f703a5d2bcafe0aa0d0a90736.1920x1080.jpg?t=1775578910\" alt=\"Kup Life is Strange Reunion PC moce nadprzyrodzone\" \/><\/p>\n<div class=\"lies-of-p-card-content\">\n<h3>IKONICZNE MOCE NADPRZYRODZONE<\/h3>\n<p>Wykorzystaj ikoniczne zdolno\u015bci Max do manipulacji czasem, aby wp\u0142ywa\u0107 na wydarzenia, odkrywa\u0107 ukryte prawdy i zmienia\u0107 bieg przeznaczenia.<\/p>\n<\/div>\n<\/div>\n<p><!-- Card 3: Emotional Story & Choices --><\/p>\n<div class=\"lies-of-p-card\">\n<p><img decoding=\"async\" title=\"Life is Strange Reunion na PC - Emocjonalna Historia\" src=\"https:\/\/shared.akamai.steamstatic.com\/store_item_assets\/steam\/apps\/2624870\/2802cb7dd327b136709742f164d8a82d31be68f5\/ss_2802cb7dd327b136709742f164d8a82d31be68f5.1920x1080.jpg?t=1775578910\" alt=\"Life is Strange Reunion wybory fabularne\" \/><\/p>\n<div class=\"lies-of-p-card-content\">\n<h3>NISZCZYCIELSKIE WYBORY<\/h3>\n<p>Graj jako Max i Chloe, podejmuj\u0105c niszczycielskie decyzje, kt\u00f3re kszta\u0142tuj\u0105 ich przysz\u0142o\u015b\u0107 i sam los Caledon.<\/p>\n<\/div>\n<\/div>\n<\/div>\n<\/div>\n<\/div>\n","protected":false},"excerpt":{"rendered":"<div class=\"acasa-produto-container\">\n<table class=\"acasa-produto-tabela\">\n<thead>\n<tr>\n<th>\ud83d\ude80 STATUS<\/th>\n<th>\u26a0\ufe0f IMPORTANT<\/th>\n<\/tr>\n<\/thead>\n<tbody>\n<tr>\n<td class=\"acasa-celula-esquerda\">\n<div class=\"acasa-titulo-principal\">\u26a1 INSTANT DELIVERY<\/div>\n<div class=\"acasa-subtitulo\">Log in, purchase and receive immediately<\/div>\n<\/td>\n<td class=\"acasa-celula-direita\">\n<div class=\"acasa-info-box\">\n<div class=\"acasa-titulo-info\">\ud83d\udccb READ THE DESCRIPTION<\/div>\n<div class=\"acasa-subtitulo\">Important Information<\/div>\n<\/div>\n<\/td>\n<\/tr>\n<\/tbody>\n<\/table>\n<div class=\"acasa-secao-inferior\">\n<div class=\"acasa-coluna\">\n<h3 class=\"acasa-titulo-secao\">\ud83d\uded2 Why buy from us?<\/h3>\n<div class=\"acasa-lista\">\n<div class=\"acasa-item\"><span class=\"acasa-check\">\u2713<\/span> Over 3 years in the market<\/div>\n<div class=\"acasa-item\"><span class=\"acasa-check\">\u2713<\/span> Fast delivery<\/div>\n<div class=\"acasa-item\"><span class=\"acasa-check\">\u2713<\/span> Benefits, promotions and subscription plans<\/div>\n<div class=\"acasa-item\"><span class=\"acasa-check\">\u2713<\/span> Competitive prices<\/div>\n<\/div>\n<\/div>\n<div class=\"acasa-coluna\">\n<div class=\"acasa-widget\">[trustindex data-widget-id=7fd81be38eb695098c8683dcf1c]<\/div>\n<\/div>\n<\/div>\n<\/div>\n","protected":false},"featured_media":7106626,"comment_status":"open","ping_status":"closed","template":"","meta":[],"product_brand":[],"product_cat":[650,861,747],"product_tag":[728],"class_list":{"0":"post-7106622","1":"product","2":"type-product","3":"status-publish","4":"has-post-thumbnail","6":"product_cat-gry","7":"product_cat-nowosci","8":"product_cat-przygodowe","9":"product_tag-decyzje-maja-znaczenie","11":"first","12":"instock","13":"downloadable","14":"virtual","15":"purchasable","16":"product-type-simple"},"exclude_global_add_ons":[],"addons":[],"_links":{"self":[{"href":"https:\/\/gamesbestprices.com\/pl\/wp-json\/wp\/v2\/product\/7106622","targetHints":{"allow":["GET"]}}],"collection":[{"href":"https:\/\/gamesbestprices.com\/pl\/wp-json\/wp\/v2\/product"}],"about":[{"href":"https:\/\/gamesbestprices.com\/pl\/wp-json\/wp\/v2\/types\/product"}],"replies":[{"embeddable":true,"href":"https:\/\/gamesbestprices.com\/pl\/wp-json\/wp\/v2\/comments?post=7106622"}],"wp:featuredmedia":[{"embeddable":true,"href":"https:\/\/gamesbestprices.com\/pl\/wp-json\/wp\/v2\/media\/7106626"}],"wp:attachment":[{"href":"https:\/\/gamesbestprices.com\/pl\/wp-json\/wp\/v2\/media?parent=7106622"}],"wp:term":[{"taxonomy":"product_brand","embeddable":true,"href":"https:\/\/gamesbestprices.com\/pl\/wp-json\/wp\/v2\/product_brand?post=7106622"},{"taxonomy":"product_cat","embeddable":true,"href":"https:\/\/gamesbestprices.com\/pl\/wp-json\/wp\/v2\/product_cat?post=7106622"},{"taxonomy":"product_tag","embeddable":true,"href":"https:\/\/gamesbestprices.com\/pl\/wp-json\/wp\/v2\/product_tag?post=7106622"}],"curies":[{"name":"wp","href":"https:\/\/api.w.org\/{rel}","templated":true}]}}