{"id":7106187,"date":"2025-03-20T22:24:33","date_gmt":"2025-03-20T22:24:33","guid":{"rendered":"https:\/\/gamesbestprices.com\/product\/wartales-steam-pc\/"},"modified":"2025-03-20T22:24:33","modified_gmt":"2025-03-20T22:24:33","slug":"wartales-steam-pc","status":"publish","type":"product","link":"https:\/\/gamesbestprices.com\/pl\/produkt\/wartales-steam-pc\/","title":{"rendered":"Wartales Steam PC"},"content":{"rendered":"<p>\u26a0\ufe0f <strong>JAK TO DZIA\u0141A<\/strong> \u26a0\ufe0f<\/p>\n<p>Kupujesz od nas oryginaln\u0105 gr\u0119 Steam! Tryb gry to <strong>OFFLINE<\/strong>, czyli kampania. WY\u015aLEMY CI LOGIN I HAS\u0141O (JEDNO KONTO) wraz z UPROSZCZONYM samouczkiem instalacji. Mo\u017cesz gra\u0107 bez problem\u00f3w i kiedy chcesz, OSZCZ\u0118DZAJ\u0104C DU\u017bO i BAWI\u0104C SI\u0118 \u015aWIETNIE.<\/p>\n<p><strong>\ud83c\udfae\ud83e\uddd9\u200d\u2642\ufe0f<\/strong><strong> O GRZE: <\/strong><\/p>\n<p>Min\u0119\u0142o stulecie od upadku Imperium Edora\u0144skiego, spowodowanego bezprecedensow\u0105 zaraz\u0105, kt\u00f3ra nawiedzi\u0142a kraj. Teraz kraina obfituje w prac\u0119 dla najemnik\u00f3w, bandytyzm i z\u0142odziejstwo, gdzie honor jest cnot\u0105 praktycznie martw\u0105 i zapomnian\u0105.<\/p>\n<p>Przygotuj si\u0119 na prowadzenie grupy pozbawionych skrupu\u0142\u00f3w postaci w rozleg\u0142ym otwartym \u015bwiecie, gdzie walka, \u015bmier\u0107 i pragnienie bogactwa kontroluj\u0105 Twoje codzienne \u017cycie. Nie jeste\u015b bohaterem tej historii, przeznaczonym do utorowania drogi ku nowej erze pokoju. Twoim celem jest jedynie przetrwanie i rozw\u00f3j w tym okrutnym i wrogim \u015bwiecie, bez wzgl\u0119du na koszty&#8230;<\/p>\n<p><strong>\ud83d\udcbb\ud83d\udd27 WYMAGANIA MINIMALNE:<\/strong><\/p>\n<ul class=\"bb_ul\">\n<li><strong>System *:<\/strong> Windows 7 64bit<\/li>\n<li><strong>Procesor:<\/strong> Intel Core i5 2.5 GHz \/ AMD Ryzen 5<\/li>\n<li><strong>Pami\u0119\u0107:<\/strong> 8 GB RAM<\/li>\n<li><strong>Karta graficzna:<\/strong> NVidia GTX 1050 \/ AMD RX550<\/li>\n<li><strong>DirectX:<\/strong> Version 10<\/li>\n<li><strong>Miejsce na dysku:<\/strong> 30 GB wolnego miejsca<\/li>\n<\/ul>\n<p>&nbsp;<\/p>\n<p><strong><em>\ud83e\udd1d\ud83c\udfae DO\u0141\u0104CZ DO NAS:<\/em><\/strong><\/p>\n<p>Witaj w Domu Graczy! Tutaj znajdziesz dom dla swojej pasji do gier. Do\u0142\u0105cz do naszej spo\u0142eczno\u015bci i odkrywaj \u015bwiat gier w wyj\u0105tkowy spos\u00f3b. Przyjd\u017a gra\u0107 z nami! W Domu Graczy nie jeste\u015bmy tylko spo\u0142eczno\u015bci\u0105 graczy, jeste\u015bmy rodzin\u0105. Tutaj mo\u017cesz nam zaufa\u0107 i cieszy\u0107 si\u0119 swoj\u0105 pasj\u0105 do gier w bezpiecznym i przyjaznym \u015brodowisku. Do\u0142\u0105cz i sta\u0144 si\u0119 cz\u0119\u015bci\u0105 tej rosn\u0105cej rodziny. Przyjd\u017a gra\u0107 z nami i poczuj si\u0119 jak w domu!<\/p>\n<p>\ud83c\udf89\ud83c\udfc6 <strong>PROMOCJA: <\/strong><\/p>\n<p>Skorzystaj z naszej ekskluzywnej promocji w Domu Graczy: WE\u0179D\u0179 UDZIA\u0141 I WYGRAJ DARMOW\u0104 GR\u0118 PRZY ZAKUPIE! Kliknij <a href=\"http:\/\/acasadosgamers.com\/produto\/detroit-become-human\/ofertas-imperdiveis-aproveite-agora-na-casa-dos-gamers\" target=\"_blank\" rel=\"noopener\">TUTAJ<\/a>, aby dowiedzie\u0107 si\u0119 wi\u0119cej.<\/p>\n","protected":false},"excerpt":{"rendered":"<table class=\"info-table\">\n<thead>\n<tr class=\"header-row\">\n<th>Status<\/th>\n<th>INFORMACJE<\/th>\n<\/tr>\n<\/thead>\n<tbody>\n<tr>\n<td class=\"status-cell\">\n<div class=\"status-title\">\ud83d\ude80 NATYCHMIASTOWA DOSTAWA<\/div>\n<div class=\"status-subtitle\">Uzyskaj natychmiastowy dost\u0119p<\/div>\n<\/td>\n<td class=\"info-cell\">\n<div class=\"info-box\">\n<div class=\"info-title\">UWAGA<\/div>\n<div class=\"info-content\">PRZECZYTAJ OPIS<\/div>\n<\/div>\n<\/td>\n<\/tr>\n<tr>\n<td class=\"status-cell\">\n<div class=\"status-title\">\ud83d\udcb0 Czy ta strona jest godna zaufania?<\/div>\n<div class=\"status-subtitle\">+ 4 lata sprzeda\u017cy gier<\/div>\n<\/td>\n<td class=\"info-cell\">\n<div class=\"info-box\">\n<div class=\"info-title\">Dost\u0119p:<\/div>\n<div class=\"info-content\">[trustindex data-widget-id=7fd81be38eb695098c8683dcf1c]<\/div>\n<\/div>\n<\/td>\n<\/tr>\n<\/tbody>\n<\/table>\n","protected":false},"featured_media":7103690,"comment_status":"open","ping_status":"closed","template":"","meta":[],"product_brand":[185],"product_cat":[746,651,747,770,734],"product_tag":[699,656,853,865,812],"class_list":{"0":"post-7106187","1":"product","2":"type-product","3":"status-publish","4":"has-post-thumbnail","6":"product_brand-shiro-games","7":"product_cat-akcja","8":"product_cat-pc","9":"product_cat-przygodowe","10":"product_cat-rpg","11":"product_cat-wojenne","12":"product_tag-fantasy","13":"product_tag-single-player","14":"product_tag-sredniowiecze","15":"product_tag-tactical","16":"product_tag-turowe","18":"first","19":"instock","20":"downloadable","21":"virtual","22":"purchasable","23":"product-type-simple"},"exclude_global_add_ons":[],"addons":[],"_links":{"self":[{"href":"https:\/\/gamesbestprices.com\/pl\/wp-json\/wp\/v2\/product\/7106187","targetHints":{"allow":["GET"]}}],"collection":[{"href":"https:\/\/gamesbestprices.com\/pl\/wp-json\/wp\/v2\/product"}],"about":[{"href":"https:\/\/gamesbestprices.com\/pl\/wp-json\/wp\/v2\/types\/product"}],"replies":[{"embeddable":true,"href":"https:\/\/gamesbestprices.com\/pl\/wp-json\/wp\/v2\/comments?post=7106187"}],"wp:featuredmedia":[{"embeddable":true,"href":"https:\/\/gamesbestprices.com\/pl\/wp-json\/wp\/v2\/media\/7103690"}],"wp:attachment":[{"href":"https:\/\/gamesbestprices.com\/pl\/wp-json\/wp\/v2\/media?parent=7106187"}],"wp:term":[{"taxonomy":"product_brand","embeddable":true,"href":"https:\/\/gamesbestprices.com\/pl\/wp-json\/wp\/v2\/product_brand?post=7106187"},{"taxonomy":"product_cat","embeddable":true,"href":"https:\/\/gamesbestprices.com\/pl\/wp-json\/wp\/v2\/product_cat?post=7106187"},{"taxonomy":"product_tag","embeddable":true,"href":"https:\/\/gamesbestprices.com\/pl\/wp-json\/wp\/v2\/product_tag?post=7106187"}],"curies":[{"name":"wp","href":"https:\/\/api.w.org\/{rel}","templated":true}]}}