{"id":7105927,"date":"2025-03-20T20:21:09","date_gmt":"2025-03-20T20:21:09","guid":{"rendered":"https:\/\/gamesbestprices.com\/product\/marvels-avengers-deluxe-edition-steam-pc\/"},"modified":"2025-03-20T20:21:09","modified_gmt":"2025-03-20T20:21:09","slug":"marvels-avengers-deluxe-edition-steam-pc","status":"publish","type":"product","link":"https:\/\/gamesbestprices.com\/pl\/produkt\/marvels-avengers-deluxe-edition-steam-pc\/","title":{"rendered":"Marvel\u2019s Avengers \u2013 Deluxe Edition Steam PC"},"content":{"rendered":"<p>\u26a0\ufe0f <strong>JAK TO DZIA\u0141A<\/strong> \u26a0\ufe0f<\/p>\n<p>Kupujesz od nas oryginaln\u0105 gr\u0119 Steam! Tryb gry to <strong>OFFLINE<\/strong>, czyli kampania. WY\u015aLEMY CI LOGIN I HAS\u0141O (JEDNO KONTO &#8211; GRASZ PRZEZ NIE) wraz z UPROSZCZONYM samouczkiem instalacji. Mo\u017cesz gra\u0107 bez problem\u00f3w i kiedy chcesz, oszcz\u0119dzaj\u0105c du\u017co i bawi\u0105c si\u0119 \u015bwietnie.<\/p>\n<p><strong>\ud83c\udfae\ud83e\uddd9\u200d\u2642\ufe0f O GRZE:<\/strong><\/p>\n<div id=\"attachment_302435\" style=\"width: 899px\" class=\"wp-caption aligncenter\"><img fetchpriority=\"high\" decoding=\"async\" aria-describedby=\"caption-attachment-302435\" class=\" wp-image-302435\" src=\"http:\/\/acasadosgamers.com\/wp-content\/uploads\/2024\/07\/SE-065_SCOTCH_Steam_In-Text_616x205_V2.jpg\" alt=\"Marvel's Avengers - Deluxe Edition Pc Digital\" width=\"889\" height=\"296\" \/><p id=\"caption-attachment-302435\" class=\"wp-caption-text\"><em>Marvel&#8217;s Avengers &#8211; Deluxe Edition Pc Digital<\/em><\/p><\/div>\n<p><i>Marvel&#8217;s Avengers<\/i> rozpoczyna si\u0119 w Dniu A, kiedy Kapitan Ameryka, Iron Man, Hulk, Czarna Wdowa i Thor inauguruj\u0105 now\u0105, zaawansowan\u0105 kwater\u0119 g\u0142\u00f3wn\u0105 Avengers\u00f3w w San Francisco. Uroczysto\u015b\u0107 ko\u0144czy si\u0119 tragicznie, gdy tajemniczy wr\u00f3g powoduje katastrofalny wypadek, skutkuj\u0105cy masowymi zniszczeniami. Obwiniani za tragedi\u0119, Avengersi si\u0119 rozwi\u0105zuj\u0105. Pi\u0119\u0107 lat p\u00f3\u017aniej, gdy wszyscy superbohaterowie s\u0105 wyj\u0119ci spod prawa, a \u015bwiat jest zagro\u017cony, rozpoczyna si\u0119 wielka przygoda, gdy zdeterminowana m\u0142oda dziewczyna o imieniu Kamala Khan postanawia ponownie zebra\u0107 i odbudowa\u0107 Avengers\u00f3w, aby powstrzyma\u0107 niekontrolowan\u0105 si\u0142\u0119 nowej tajnej organizacji znanej jako AIM.<\/p>\n<p><strong>\ud83d\udcbb\ud83d\udd27 WYMAGANIA MINIMALNE:<\/strong><\/p>\n<ul class=\"bb_ul\">\n<li><strong>System:<\/strong> Windows 10 64-bit<\/li>\n<li><strong>Procesor:<\/strong> i3-4160 or AMD equivalent<\/li>\n<li><strong>Pami\u0119\u0107:<\/strong> 8 GB RAM<\/li>\n<li><strong>Karta graficzna:<\/strong> NVIDIA GTX 950 \/ AMD 270 (min 2GB video RAM)<\/li>\n<li><strong>DirectX:<\/strong> Version 12<\/li>\n<li><strong>Miejsce na dysku:<\/strong> 75 GB wolnego miejsca<\/li>\n<\/ul>\n<p>&nbsp;<\/p>\n<p>\ud83e\udd1d\ud83c\udfae <strong><em>DO\u0141\u0104CZ DO NAS:<\/em><\/strong><\/p>\n<p>Witaj w Domu Graczy! Tutaj znajdziesz dom dla swojej pasji do gier. Do\u0142\u0105cz do naszej spo\u0142eczno\u015bci i odkrywaj \u015bwiat gier w wyj\u0105tkowy spos\u00f3b. Przyjd\u017a gra\u0107 z nami! W Domu Graczy nie jeste\u015bmy tylko spo\u0142eczno\u015bci\u0105 graczy, jeste\u015bmy rodzin\u0105. Tutaj mo\u017cesz nam zaufa\u0107 i cieszy\u0107 si\u0119 swoj\u0105 pasj\u0105 do gier w bezpiecznym i przyjaznym \u015brodowisku. Do\u0142\u0105cz do nas i sta\u0144 si\u0119 cz\u0119\u015bci\u0105 tej rosn\u0105cej rodziny. Przyjd\u017a gra\u0107 z nami i poczuj si\u0119 jak w domu!<\/p>\n<p>\ud83c\udf89\ud83c\udfc6 <strong>PROMOCJA:<\/strong><\/p>\n<p>Skorzystaj z naszej ekskluzywnej PROMOCJI w Domu Graczy: WE\u0179D\u0179 UDZIA\u0141 I WYGRAJ DARMOW\u0104 GR\u0118 PRZY ZAKUPIE! Kliknij <a href=\"http:\/\/acasadosgamers.com\/produto\/detroit-become-human\/ofertas-imperdiveis-aproveite-agora-na-casa-dos-gamers\" target=\"_blank\" rel=\"noopener\">TUTAJ<\/a>, aby dowiedzie\u0107 si\u0119 wi\u0119cej.<\/p>\n","protected":false},"excerpt":{"rendered":"<table class=\"info-table\">\n<thead>\n<tr class=\"header-row\">\n<th>Status<\/th>\n<th>INFORMACJE<\/th>\n<\/tr>\n<\/thead>\n<tbody>\n<tr>\n<td class=\"status-cell\">\n<div class=\"status-title\">\ud83d\ude80 NATYCHMIASTOWA DOSTAWA<\/div>\n<div class=\"status-subtitle\">Uzyskaj natychmiastowy dost\u0119p<\/div>\n<\/td>\n<td class=\"info-cell\">\n<div class=\"info-box\">\n<div class=\"info-title\">UWAGA<\/div>\n<div class=\"info-content\">PRZECZYTAJ OPIS<\/div>\n<\/div>\n<\/td>\n<\/tr>\n<tr>\n<td class=\"status-cell\">\n<div class=\"status-title\">\ud83d\udcb0 Czy ta strona jest godna zaufania?<\/div>\n<div class=\"status-subtitle\">+ 4 lata sprzeda\u017cy gier<\/div>\n<\/td>\n<td class=\"info-cell\">\n<div class=\"info-box\">\n<div class=\"info-title\">Dost\u0119p:<\/div>\n<div class=\"info-content\">[trustindex data-widget-id=7fd81be38eb695098c8683dcf1c]<\/div>\n<\/div>\n<\/td>\n<\/tr>\n<\/tbody>\n<\/table>\n","protected":false},"featured_media":7103656,"comment_status":"open","ping_status":"closed","template":"","meta":[],"product_brand":[148],"product_cat":[651,747,770],"product_tag":[798,873,774,720],"class_list":{"0":"post-7105927","1":"product","2":"type-product","3":"status-publish","4":"has-post-thumbnail","6":"product_brand-square-enix","7":"product_cat-pc","8":"product_cat-przygodowe","9":"product_cat-rpg","10":"product_tag-kooperacja","11":"product_tag-lupy","12":"product_tag-super-heroes","13":"product_tag-wieloosobowe","15":"first","16":"instock","17":"downloadable","18":"virtual","19":"purchasable","20":"product-type-simple"},"exclude_global_add_ons":[],"addons":[],"_links":{"self":[{"href":"https:\/\/gamesbestprices.com\/pl\/wp-json\/wp\/v2\/product\/7105927","targetHints":{"allow":["GET"]}}],"collection":[{"href":"https:\/\/gamesbestprices.com\/pl\/wp-json\/wp\/v2\/product"}],"about":[{"href":"https:\/\/gamesbestprices.com\/pl\/wp-json\/wp\/v2\/types\/product"}],"replies":[{"embeddable":true,"href":"https:\/\/gamesbestprices.com\/pl\/wp-json\/wp\/v2\/comments?post=7105927"}],"wp:featuredmedia":[{"embeddable":true,"href":"https:\/\/gamesbestprices.com\/pl\/wp-json\/wp\/v2\/media\/7103656"}],"wp:attachment":[{"href":"https:\/\/gamesbestprices.com\/pl\/wp-json\/wp\/v2\/media?parent=7105927"}],"wp:term":[{"taxonomy":"product_brand","embeddable":true,"href":"https:\/\/gamesbestprices.com\/pl\/wp-json\/wp\/v2\/product_brand?post=7105927"},{"taxonomy":"product_cat","embeddable":true,"href":"https:\/\/gamesbestprices.com\/pl\/wp-json\/wp\/v2\/product_cat?post=7105927"},{"taxonomy":"product_tag","embeddable":true,"href":"https:\/\/gamesbestprices.com\/pl\/wp-json\/wp\/v2\/product_tag?post=7105927"}],"curies":[{"name":"wp","href":"https:\/\/api.w.org\/{rel}","templated":true}]}}