{"id":7105782,"date":"2025-01-23T03:45:30","date_gmt":"2025-01-23T03:45:30","guid":{"rendered":"https:\/\/gamesbestprices.com\/product\/assetto-corsa-evo-digital-pc\/"},"modified":"2025-01-23T03:45:30","modified_gmt":"2025-01-23T03:45:30","slug":"assetto-corsa-evo-digital-pc","status":"publish","type":"product","link":"https:\/\/gamesbestprices.com\/pl\/produkt\/assetto-corsa-evo-digital-pc\/","title":{"rendered":"Assetto Corsa EVO Digital Steam Pc"},"content":{"rendered":"<p><strong>\u26a0\ufe0f<span style=\"color: #ff0000;\">ZDOB\u0104D\u0179 ORYGINALN\u0104 GR\u0118 STEAM!<\/span> \u26a0\ufe0f<\/strong><\/p>\n<p>Enjoy <strong>OFFLINE<\/strong> mode with complete flexibility. You will receive a <strong>LOGIN<\/strong>\u00a0and <strong>PASSWORD (ONE ACCOUNT)<\/strong> that we provide, allowing you to play.<br \/>\n<strong>KORZYSTAJ\u0104C Z DOSTARCZONEGO KONTA<\/strong>.<\/p>\n<p><strong><span style=\"color: #ff0000;\">IMPORTANT<\/span><\/strong>: Nie martw si\u0119, b\u0119dziesz mie\u0107 sw\u00f3j <strong>ekskluzywny zapis<\/strong> i nikt nie mo\u017ce usun\u0105\u0107 Ci\u0119 z naszego konta podczas gry.<br \/>\nGraj bez problem\u00f3w, kiedy chcesz, oszcz\u0119dzaj\u0105c du\u017co i bawi\u0105c si\u0119 \u015bwietnie!<\/p>\n<p>Informacje o koncie<strong> nie mog\u0105 by\u0107 zmieniane. <\/strong>Aby uzyska\u0107 wi\u0119cej szczeg\u00f3\u0142\u00f3w, prosz\u0119 <span style=\"color: #037c05;\"><strong><a style=\"color: #037c05;\" href=\"https:\/\/gamesbestprices.com\/pl\/faqs\/\">kliknij ten link.<\/a><\/strong><\/span><\/p>\n<p><strong>\ud83c\udfae\ud83e\uddd9\u200d\u2642\ufe0f O GRZE:\u00a0<\/strong><\/p>\n<table>\n<thead>\n<tr>\n<th class=\"cabecalho\" colspan=\"2\">Minimalne Wymagania Systemowe<\/th>\n<\/tr>\n<\/thead>\n<tbody>\n<tr>\n<td>Wymaga<\/td>\n<td>64-bitowy procesor i system operacyjny<\/td>\n<\/tr>\n<tr>\n<td>System Operacyjny<\/td>\n<td>Windows 10 64-bit<\/td>\n<\/tr>\n<tr>\n<td>Procesor<\/td>\n<td>Intel i7 8700k \/ AMD 1500X<\/td>\n<\/tr>\n<tr>\n<td>Pami\u0119\u0107<\/td>\n<td>16 GB RAM<\/td>\n<\/tr>\n<tr>\n<td>Grafika<\/td>\n<td>GTX 1070, RX 580<\/td>\n<\/tr>\n<tr>\n<td>DirectX<\/td>\n<td>Version 12<\/td>\n<\/tr>\n<tr>\n<td>Sie\u0107<\/td>\n<td>Szerokopasmowe po\u0142\u0105czenie internetowe<\/td>\n<\/tr>\n<tr>\n<td>Dysk<\/td>\n<td>100 GB available space<\/td>\n<\/tr>\n<tr>\n<td>Karta D\u017awi\u0119kowa<\/td>\n<td>Integrated<\/td>\n<\/tr>\n<tr>\n<td>Wsparcie VR<\/td>\n<td>SteamVR, Oculus VR, OpenXR<\/td>\n<\/tr>\n<tr>\n<td>Dodatkowe Uwagi<\/td>\n<td>Wymagany SSD<\/td>\n<\/tr>\n<\/tbody>\n<\/table>\n<p class=\"bb_paragraph\">Assetto Corsa EVO podnosi jeszcze wy\u017cej poprzeczk\u0119 realizmu, kt\u00f3ry uczyni\u0142 t\u0119 seri\u0119 jedn\u0105 z najpopularniejszych symulacji jazdy ostatniej dekady.<\/p>\n<p class=\"bb_paragraph\">Podobnie jak poprzednik, Assetto Corsa EVO b\u0119dzie zawiera\u0107 samochody z r\u00f3\u017cnych klas obejmuj\u0105cych lata historii motoryzacji. Od samochod\u00f3w drogowych, przez klasyki, hipercary, po samochody wy\u015bcigowe. Najbardziej ikoniczna reprezentacja \u015bwiata motoryzacji i sport\u00f3w samochodowych. Ka\u017cdy pojazd jest odtworzony za pomoc\u0105 wewn\u0119trznego silnika fizyki i grafiki Kunos, symuluj\u0105cego osi\u0105gi mechaniczne, elektroniczne i aerodynamiczne, w po\u0142\u0105czeniu z wierno\u015bci\u0105 tor\u00f3w stworzonych przy u\u017cyciu technologii Laserscan.<\/p>\n<p><img decoding=\"async\" class=\"bb_img aligncenter\" src=\"https:\/\/shared.cloudflare.steamstatic.com\/store_item_assets\/steam\/apps\/3058630\/extras\/acevogif.gif?t=1737128642\" \/><\/p>\n","protected":false},"excerpt":{"rendered":"<table class=\"info-table\">\n<thead>\n<tr class=\"header-row\">\n<th>Status<\/th>\n<th>INFORMACJE<\/th>\n<\/tr>\n<\/thead>\n<tbody>\n<tr>\n<td class=\"status-cell\">\n<div class=\"status-title\">\ud83d\ude80 NATYCHMIASTOWA DOSTAWA<\/div>\n<div class=\"status-subtitle\">Uzyskaj natychmiastowy dost\u0119p<\/div>\n<\/td>\n<td class=\"info-cell\">\n<div class=\"info-box\">\n<div class=\"info-title\">UWAGA<\/div>\n<div class=\"info-content\">PRZECZYTAJ OPIS<\/div>\n<\/div>\n<\/td>\n<\/tr>\n<tr>\n<td class=\"status-cell\">\n<div class=\"status-title\">\ud83d\udcb0 Czy ta strona jest godna zaufania?<\/div>\n<div class=\"status-subtitle\">+ 4 lata sprzeda\u017cy gier<\/div>\n<\/td>\n<td class=\"info-cell\">\n<div class=\"info-box\">\n<div class=\"info-title\">Dost\u0119p:<\/div>\n<div class=\"info-content\">[trustindex data-widget-id=7fd81be38eb695098c8683dcf1c]<\/div>\n<\/div>\n<\/td>\n<\/tr>\n<\/tbody>\n<\/table>\n","protected":false},"featured_media":7103547,"comment_status":"open","ping_status":"closed","template":"","meta":[],"product_brand":[136],"product_cat":[652,861,672,823,804,822],"product_tag":[825,692,720,824],"class_list":{"0":"post-7105782","1":"product","2":"type-product","3":"status-publish","4":"has-post-thumbnail","6":"product_brand-codemasters-ea-sports","7":"product_cat-gry-steam","8":"product_cat-nowosci","9":"product_cat-polecane-gry","10":"product_cat-sportowe","11":"product_cat-symulacje","12":"product_cat-wyscigi","13":"product_tag-sportowe","14":"product_tag-symulacje","15":"product_tag-wieloosobowe","16":"product_tag-wyscigi","18":"first","19":"instock","20":"downloadable","21":"virtual","22":"purchasable","23":"product-type-simple"},"exclude_global_add_ons":[],"addons":[],"_links":{"self":[{"href":"https:\/\/gamesbestprices.com\/pl\/wp-json\/wp\/v2\/product\/7105782","targetHints":{"allow":["GET"]}}],"collection":[{"href":"https:\/\/gamesbestprices.com\/pl\/wp-json\/wp\/v2\/product"}],"about":[{"href":"https:\/\/gamesbestprices.com\/pl\/wp-json\/wp\/v2\/types\/product"}],"replies":[{"embeddable":true,"href":"https:\/\/gamesbestprices.com\/pl\/wp-json\/wp\/v2\/comments?post=7105782"}],"wp:featuredmedia":[{"embeddable":true,"href":"https:\/\/gamesbestprices.com\/pl\/wp-json\/wp\/v2\/media\/7103547"}],"wp:attachment":[{"href":"https:\/\/gamesbestprices.com\/pl\/wp-json\/wp\/v2\/media?parent=7105782"}],"wp:term":[{"taxonomy":"product_brand","embeddable":true,"href":"https:\/\/gamesbestprices.com\/pl\/wp-json\/wp\/v2\/product_brand?post=7105782"},{"taxonomy":"product_cat","embeddable":true,"href":"https:\/\/gamesbestprices.com\/pl\/wp-json\/wp\/v2\/product_cat?post=7105782"},{"taxonomy":"product_tag","embeddable":true,"href":"https:\/\/gamesbestprices.com\/pl\/wp-json\/wp\/v2\/product_tag?post=7105782"}],"curies":[{"name":"wp","href":"https:\/\/api.w.org\/{rel}","templated":true}]}}