{"id":7105762,"date":"2025-01-02T18:42:27","date_gmt":"2025-01-02T18:42:27","guid":{"rendered":"https:\/\/gamesbestprices.com\/product\/nba-2k24-pc-digital\/"},"modified":"2025-01-02T18:42:27","modified_gmt":"2025-01-02T18:42:27","slug":"nba-2k24-pc-digital","status":"publish","type":"product","link":"https:\/\/gamesbestprices.com\/pl\/produkt\/nba-2k24-pc-digital\/","title":{"rendered":"NBA 2K24 Steam Pc"},"content":{"rendered":"<p><strong>\u26a0\ufe0f<span style=\"color: #ff0000;\">ZDOB\u0104D\u0179 ORYGINALN\u0104 GR\u0118 STEAM!<\/span> \u26a0\ufe0f<\/strong><\/p>\n<p>Enjoy <strong>OFFLINE<\/strong> mode with complete flexibility. You will receive a <strong>LOGIN<\/strong>\u00a0and <strong>PASSWORD (ONE ACCOUNT)<\/strong> that we provide, allowing you to play.<br \/>\n<strong>KORZYSTAJ\u0104C Z DOSTARCZONEGO KONTA<\/strong>.<\/p>\n<p><strong><span style=\"color: #ff0000;\">IMPORTANT<\/span><\/strong>: Nie martw si\u0119, b\u0119dziesz mie\u0107 sw\u00f3j <strong>ekskluzywny zapis<\/strong> i nikt nie mo\u017ce usun\u0105\u0107 Ci\u0119 z naszego konta podczas gry.<br \/>\nGraj bez problem\u00f3w, kiedy chcesz, oszcz\u0119dzaj\u0105c du\u017co i bawi\u0105c si\u0119 \u015bwietnie!<\/p>\n<p>Informacje o koncie<strong> nie mog\u0105 by\u0107 zmieniane. <\/strong>Aby uzyska\u0107 wi\u0119cej szczeg\u00f3\u0142\u00f3w, prosz\u0119 <span style=\"color: #037c05;\"><strong><a style=\"color: #037c05;\" href=\"https:\/\/gamesbestprices.com\/pl\/faqs\/\">kliknij ten link.<\/a><\/strong><\/span><\/p>\n<p><strong>\ud83c\udfae\ud83e\uddd9\u200d\u2642\ufe0f O GRZE:<\/strong><\/p>\n<table>\n<thead>\n<tr>\n<th class=\"cabecalho\" colspan=\"2\">Wymagania Systemowe<\/th>\n<\/tr>\n<\/thead>\n<tbody>\n<tr>\n<td>System Operacyjny<\/td>\n<td>Windows 10 64-bit or Windows 11 64-bit<\/td>\n<\/tr>\n<tr>\n<td>Procesor<\/td>\n<td>Intel\u00ae Core\u2122 i3-2100 @ 3.10 GHz\/ AMD FX-6200 @ 3.80 GHz or better<\/td>\n<\/tr>\n<tr>\n<td>RAM<\/td>\n<td>6 GB<\/td>\n<\/tr>\n<tr>\n<td>Grafika Card<\/td>\n<td>NVIDIA\u00ae GeForce\u00ae GT 450 1GB\/ ATI\u00ae Radeon\u2122 HD 7770 1 GB or better<\/td>\n<\/tr>\n<tr>\n<td>DirectX<\/td>\n<td>Version 11<\/td>\n<\/tr>\n<tr>\n<td>Sie\u0107<\/td>\n<td>Szerokopasmowe po\u0142\u0105czenie internetowe<\/td>\n<\/tr>\n<tr>\n<td>Dysk<\/td>\n<td>Wymaga 150 GB wolnego miejsca<\/td>\n<\/tr>\n<\/tbody>\n<\/table>\n<p class=\"bb_paragraph\">Zbierz swoj\u0105 dru\u017cyn\u0119 i poznaj przesz\u0142o\u015b\u0107, tera\u017aniejszo\u015b\u0107 i przysz\u0142o\u015b\u0107 kultury koszyk\u00f3wki w NBA 2K24 na PC. Ciesz si\u0119 czyst\u0105, niefiltrowan\u0105 akcj\u0105 i nieograniczonymi opcjami personalizacji MyPLAYER w MyCAREER. Zbieraj imponuj\u0105cy sk\u0142ad legend i zbuduj idealn\u0105 pierwsz\u0105 pi\u0105tk\u0119 w MyTEAM. Do\u015bwiadcz bardziej responsywnej rozgrywki i ulepszonej grafiki, graj\u0105c swoimi ulubionymi dru\u017cynami NBA i WNBA w PLAY NOW.<img decoding=\"async\" class=\"aligncenter\" src=\"https:\/\/media3.giphy.com\/media\/v1.Y2lkPTc5MGI3NjExd3BpdjZ5cDE3Zm8xeGV0Y3pkZ3Z1ZHB4eGhpeGVvOXk4czNwd2twdSZlcD12MV9pbnRlcm5hbF9naWZfYnlfaWQmY3Q9Zw\/aafRaA2KkVnq7oDVlz\/giphy.gif\" alt=\"2K Games Sport GIF by Xbox\" \/><\/p>\n","protected":false},"excerpt":{"rendered":"<table class=\"info-table\">\n<thead>\n<tr class=\"header-row\">\n<th>Status<\/th>\n<th>INFORMACJE<\/th>\n<\/tr>\n<\/thead>\n<tbody>\n<tr>\n<td class=\"status-cell\">\n<div class=\"status-title\">\ud83d\ude80 NATYCHMIASTOWA DOSTAWA<\/div>\n<div class=\"status-subtitle\">Uzyskaj natychmiastowy dost\u0119p<\/div>\n<\/td>\n<td class=\"info-cell\">\n<div class=\"info-box\">\n<div class=\"info-title\">UWAGA<\/div>\n<div class=\"info-content\">PRZECZYTAJ OPIS<\/div>\n<\/div>\n<\/td>\n<\/tr>\n<tr>\n<td class=\"status-cell\">\n<div class=\"status-title\">\ud83d\udcb0 Czy ta strona jest godna zaufania?<\/div>\n<div class=\"status-subtitle\">+ 4 lata sprzeda\u017cy gier<\/div>\n<\/td>\n<td class=\"info-cell\">\n<div class=\"info-box\">\n<div class=\"info-title\">Dost\u0119p:<\/div>\n<div class=\"info-content\">[trustindex data-widget-id=7fd81be38eb695098c8683dcf1c]<\/div>\n<\/div>\n<\/td>\n<\/tr>\n<\/tbody>\n<\/table>\n","protected":false},"featured_media":7103722,"comment_status":"open","ping_status":"closed","template":"","meta":[],"product_brand":[151],"product_cat":[652,823],"product_tag":[656,825,692,720],"class_list":{"0":"post-7105762","1":"product","2":"type-product","3":"status-publish","4":"has-post-thumbnail","6":"product_brand-2k-games","7":"product_cat-gry-steam","8":"product_cat-sportowe","9":"product_tag-single-player","10":"product_tag-sportowe","11":"product_tag-symulacje","12":"product_tag-wieloosobowe","14":"first","15":"instock","16":"downloadable","17":"virtual","18":"purchasable","19":"product-type-simple"},"exclude_global_add_ons":[],"addons":[],"_links":{"self":[{"href":"https:\/\/gamesbestprices.com\/pl\/wp-json\/wp\/v2\/product\/7105762","targetHints":{"allow":["GET"]}}],"collection":[{"href":"https:\/\/gamesbestprices.com\/pl\/wp-json\/wp\/v2\/product"}],"about":[{"href":"https:\/\/gamesbestprices.com\/pl\/wp-json\/wp\/v2\/types\/product"}],"replies":[{"embeddable":true,"href":"https:\/\/gamesbestprices.com\/pl\/wp-json\/wp\/v2\/comments?post=7105762"}],"wp:featuredmedia":[{"embeddable":true,"href":"https:\/\/gamesbestprices.com\/pl\/wp-json\/wp\/v2\/media\/7103722"}],"wp:attachment":[{"href":"https:\/\/gamesbestprices.com\/pl\/wp-json\/wp\/v2\/media?parent=7105762"}],"wp:term":[{"taxonomy":"product_brand","embeddable":true,"href":"https:\/\/gamesbestprices.com\/pl\/wp-json\/wp\/v2\/product_brand?post=7105762"},{"taxonomy":"product_cat","embeddable":true,"href":"https:\/\/gamesbestprices.com\/pl\/wp-json\/wp\/v2\/product_cat?post=7105762"},{"taxonomy":"product_tag","embeddable":true,"href":"https:\/\/gamesbestprices.com\/pl\/wp-json\/wp\/v2\/product_tag?post=7105762"}],"curies":[{"name":"wp","href":"https:\/\/api.w.org\/{rel}","templated":true}]}}