{"id":7105757,"date":"2025-01-22T18:42:06","date_gmt":"2025-01-22T18:42:06","guid":{"rendered":"https:\/\/gamesbestprices.com\/product\/spider-man-2-steam-pc\/"},"modified":"2025-01-22T18:42:06","modified_gmt":"2025-01-22T18:42:06","slug":"spider-man-2-steam-pc","status":"publish","type":"product","link":"https:\/\/gamesbestprices.com\/pl\/produkt\/spider-man-2-steam-pc\/","title":{"rendered":"Spider-Man 2 PC STEAM"},"content":{"rendered":"<p><strong>\u26a0\ufe0f<span style=\"color: #ff00ff;\">GET SPIDER-MAN 2 STEAM<\/span><\/strong><\/p>\n<p>Enjoy <strong>OFFLINE<\/strong> mode with complete flexibility. You will receive a <strong>LOGIN<\/strong>\u00a0and <strong>PASSWORD (ONE ACCOUNT)<\/strong> that we provide, allowing you to play.<br \/>\n<strong>KORZYSTAJ\u0104C Z DOSTARCZONEGO KONTA<\/strong>.<\/p>\n<p><span style=\"color: #ff00ff;\"><strong>IMPORTANT<\/strong><\/span>: Nie martw si\u0119, b\u0119dziesz mie\u0107 sw\u00f3j <strong>ekskluzywny zapis<\/strong> i nikt nie mo\u017ce usun\u0105\u0107 Ci\u0119 z naszego konta podczas gry.<br \/>\nGraj bez problem\u00f3w, kiedy chcesz, oszcz\u0119dzaj\u0105c du\u017co i bawi\u0105c si\u0119 \u015bwietnie!<\/p>\n<p>Informacje o koncie<strong> nie mog\u0105 by\u0107 zmieniane. <\/strong>Aby uzyska\u0107 wi\u0119cej szczeg\u00f3\u0142\u00f3w, prosz\u0119 <span style=\"color: #037c05;\"><strong><a style=\"color: #037c05;\" href=\"https:\/\/gamesbestprices.com\/pl\/faqs\/\">kliknij ten link.<\/a><\/strong><\/span><\/p>\n<p><strong>\ud83c\udfae\ud83e\uddd9\u200d\u2642\ufe0f O GRZE:\u00a0<\/strong><\/p>\n<h6 id=\"tw-target-text\" class=\"tw-data-text tw-text-large tw-ta\" dir=\"ltr\" data-placeholder=\"Translation\" data-ved=\"2ahUKEwjI_6Xbr4-LAxUckZUCHZOHBXsQ3ewLegQIDBAV\" aria-label=\"Translated text: Minimum requirements for The Last of Us\u2122 Part II Remastered Pc\"><span class=\"Y2IQFc\" lang=\"en\">Minimalne wymagania dla Spider-Man 2 PC<\/span><\/h6>\n<table>\n<thead>\n<tr>\n<th class=\"cabecalho\" colspan=\"2\">Minimalne Wymagania Systemowe<\/th>\n<\/tr>\n<\/thead>\n<tbody>\n<tr>\n<td>System Operacyjny<\/td>\n<td>TO BE ANNOUNCED<\/td>\n<\/tr>\n<tr>\n<td>Procesor<\/td>\n<td><\/td>\n<\/tr>\n<tr>\n<td>Pami\u0119\u0107<\/td>\n<td><\/td>\n<\/tr>\n<tr>\n<td>Grafika<\/td>\n<td><\/td>\n<\/tr>\n<tr>\n<td>DirectX<\/td>\n<td><\/td>\n<\/tr>\n<tr>\n<td>Sie\u0107<\/td>\n<td><\/td>\n<\/tr>\n<tr>\n<td>Dysk<\/td>\n<td><\/td>\n<\/tr>\n<\/tbody>\n<\/table>\n<h6 style=\"text-align: center;\"><iframe title=\"YouTube video player\" src=\"https:\/\/www.youtube.com\/embed\/wOJaeD0Si04?si=9n7-4-VfrBm1Z0IB\" width=\"50%\" height=\"315\" frameborder=\"0\" allowfullscreen=\"allowfullscreen\"><\/iframe><\/h6>\n<h6><strong>Spider-Man 2 Pc Digital<\/strong><\/h6>\n<p>Zam\u00f3w Spider-Man 2 Pc Digital w przedsprzeda\u017cy ju\u017c teraz! Przemierzaj miasto z niesamowit\u0105 grafik\u0105 i wci\u0105gaj\u0105c\u0105 fabu\u0142\u0105. Dost\u0119pne do pobrania na najlepszej platformie gier na PC!<\/p>\n<p>Graj w Spider-Man 2 na swoim PC i prze\u017cyj najlepsz\u0105 przygod\u0119 z superbohaterem. Idealne dla fan\u00f3w akcji i Marvela. Zam\u00f3w teraz w przedsprzeda\u017cy i uratuj \u015bwiat!<\/p>\n<p>Paj\u0119czy Zmys\u0142 si\u0119 w\u0142\u0105cza\u2026<\/p>\n<p>Za\u0142\u00f3\u017c mask\u0119 i wskocz do elektryzuj\u0105cych przyg\u00f3d wraz z premier\u0105 *Marvel&#8217;s Spider-Man 2* na PC.<\/p>\n<p>Opracowane przez Insomniac Games we wsp\u00f3\u0142pracy z Marvel i zoptymalizowane na PC przez Nixxes Software.<\/p>\n<p><img fetchpriority=\"high\" decoding=\"async\" class=\"wp-image-305916 aligncenter\" src=\"http:\/\/acasadosgamers.com\/wp-content\/uploads\/2024\/12\/giphy.webp\" alt=\"spider man 2 pc\" width=\"537\" height=\"302\" \/><\/p>\n","protected":false},"excerpt":{"rendered":"<table class=\"info-table\">\n<thead>\n<tr class=\"header-row\">\n<th>Status<\/th>\n<th>INFORMACJE<\/th>\n<\/tr>\n<\/thead>\n<tbody>\n<tr>\n<td class=\"status-cell\">\n<div class=\"status-title\">\ud83d\ude80 NATYCHMIASTOWA DOSTAWA<\/div>\n<div class=\"status-subtitle\">Uzyskaj natychmiastowy dost\u0119p<\/div>\n<\/td>\n<td class=\"info-cell\">\n<div class=\"info-box\">\n<div class=\"info-title\">UWAGA<\/div>\n<div class=\"info-content\">PRZECZYTAJ OPIS<\/div>\n<\/div>\n<\/td>\n<\/tr>\n<tr>\n<td class=\"status-cell\">\n<div class=\"status-title\">\ud83d\udcb0 Czy ta strona jest godna zaufania?<\/div>\n<div class=\"status-subtitle\">+ 4 lata sprzeda\u017cy gier<\/div>\n<\/td>\n<td class=\"info-cell\">\n<div class=\"info-box\">\n<div class=\"info-title\">Dost\u0119p:<\/div>\n<div class=\"info-content\">[trustindex data-widget-id=7fd81be38eb695098c8683dcf1c]<\/div>\n<\/div>\n<\/td>\n<\/tr>\n<\/tbody>\n<\/table>\n","protected":false},"featured_media":7103603,"comment_status":"open","ping_status":"closed","template":"","meta":[],"product_brand":[143],"product_cat":[746,652,747,754],"product_tag":[674,687,656,774],"class_list":{"0":"post-7105757","1":"product","2":"type-product","3":"status-publish","4":"has-post-thumbnail","6":"product_brand-playstation-studios","7":"product_cat-akcja","8":"product_cat-gry-steam","9":"product_cat-przygodowe","10":"product_cat-steam","11":"product_tag-bogata-fabula","12":"product_tag-otwarty-swiat","13":"product_tag-single-player","14":"product_tag-super-heroes","16":"first","17":"instock","18":"sale","19":"downloadable","20":"virtual","21":"purchasable","22":"product-type-simple"},"exclude_global_add_ons":[],"addons":[],"_links":{"self":[{"href":"https:\/\/gamesbestprices.com\/pl\/wp-json\/wp\/v2\/product\/7105757","targetHints":{"allow":["GET"]}}],"collection":[{"href":"https:\/\/gamesbestprices.com\/pl\/wp-json\/wp\/v2\/product"}],"about":[{"href":"https:\/\/gamesbestprices.com\/pl\/wp-json\/wp\/v2\/types\/product"}],"replies":[{"embeddable":true,"href":"https:\/\/gamesbestprices.com\/pl\/wp-json\/wp\/v2\/comments?post=7105757"}],"wp:featuredmedia":[{"embeddable":true,"href":"https:\/\/gamesbestprices.com\/pl\/wp-json\/wp\/v2\/media\/7103603"}],"wp:attachment":[{"href":"https:\/\/gamesbestprices.com\/pl\/wp-json\/wp\/v2\/media?parent=7105757"}],"wp:term":[{"taxonomy":"product_brand","embeddable":true,"href":"https:\/\/gamesbestprices.com\/pl\/wp-json\/wp\/v2\/product_brand?post=7105757"},{"taxonomy":"product_cat","embeddable":true,"href":"https:\/\/gamesbestprices.com\/pl\/wp-json\/wp\/v2\/product_cat?post=7105757"},{"taxonomy":"product_tag","embeddable":true,"href":"https:\/\/gamesbestprices.com\/pl\/wp-json\/wp\/v2\/product_tag?post=7105757"}],"curies":[{"name":"wp","href":"https:\/\/api.w.org\/{rel}","templated":true}]}}