{"id":7105752,"date":"2025-01-02T18:41:21","date_gmt":"2025-01-02T18:41:21","guid":{"rendered":"https:\/\/gamesbestprices.com\/product\/indiana-jones-and-the-great-circle-premium-edition-pc-digital\/"},"modified":"2025-01-02T18:41:21","modified_gmt":"2025-01-02T18:41:21","slug":"indiana-jones-and-the-great-circle-premium-edition-pc-digital","status":"publish","type":"product","link":"https:\/\/gamesbestprices.com\/pl\/produkt\/indiana-jones-and-the-great-circle-premium-edition-pc-digital\/","title":{"rendered":"Indiana Jones and the Great Circle: Premium Edition Steam Pc"},"content":{"rendered":"<p><strong>\u26a0\ufe0f<span style=\"color: #ff0000;\">ZDOB\u0104D\u0179 ORYGINALN\u0104 GR\u0118 STEAM!<\/span> \u26a0\ufe0f<\/strong><\/p>\n<p>Enjoy <strong>OFFLINE<\/strong> mode with complete flexibility. You will receive a <strong>LOGIN<\/strong>\u00a0and <strong>PASSWORD (ONE ACCOUNT)<\/strong> that we provide, allowing you to play.<br \/>\n<strong>KORZYSTAJ\u0104C Z DOSTARCZONEGO KONTA<\/strong>.<\/p>\n<p><strong><span style=\"color: #ff0000;\">IMPORTANT<\/span><\/strong>: Nie martw si\u0119, b\u0119dziesz mie\u0107 sw\u00f3j <strong>ekskluzywny zapis<\/strong> i nikt nie mo\u017ce usun\u0105\u0107 Ci\u0119 z naszego konta podczas gry.<br \/>\nGraj bez problem\u00f3w, kiedy chcesz, oszcz\u0119dzaj\u0105c du\u017co i bawi\u0105c si\u0119 \u015bwietnie!<\/p>\n<p>Informacje o koncie<strong> nie mog\u0105 by\u0107 zmieniane. <\/strong>Aby uzyska\u0107 wi\u0119cej szczeg\u00f3\u0142\u00f3w, prosz\u0119 <span style=\"color: #037c05;\"><strong><a style=\"color: #037c05;\" href=\"https:\/\/gamesbestprices.com\/pl\/faqs\/\">kliknij ten link.<\/a><\/strong><\/span><\/p>\n<p><strong>\ud83c\udfae\ud83e\uddd9\u200d\u2642\ufe0f O GRZE:\u00a0<\/strong><\/p>\n<p>Wciel si\u0119 w samotnego stalkera i eksploruj rozleg\u0142y, realistyczny otwarty \u015bwiat w tej radioaktywnej strefie o powierzchni 64 km\u00b2, z r\u00f3\u017cnorodnymi \u015brodowiskami, kt\u00f3re wzbogacaj\u0105 postapokaliptyczn\u0105 atmosfer\u0119 z r\u00f3\u017cnych perspektyw. Wyznacz swoj\u0105 \u015bcie\u017ck\u0119 przez Stref\u0119 i wybierz w\u0142asne przeznaczenie, kszta\u0142tuj\u0105c przysz\u0142o\u015b\u0107 ludzko\u015bci i podejmuj\u0105c decyzje w tej epickiej, rozga\u0142\u0119zionej fabule.<\/p>\n<table>\n<thead>\n<tr>\n<th class=\"cabecalho\" colspan=\"2\">Minimalne Wymagania Systemowe<\/th>\n<\/tr>\n<\/thead>\n<tbody>\n<tr>\n<td>System Operacyjny<\/td>\n<td>Windows 10, Windows 11<\/td>\n<\/tr>\n<tr>\n<td>Procesor<\/td>\n<td>AMD Ryzen 5 1600X \/ Intel Core i5-7600K<\/td>\n<\/tr>\n<tr>\n<td>Pami\u0119\u0107<\/td>\n<td>8 GB RAM<\/td>\n<\/tr>\n<tr>\n<td>Grafika<\/td>\n<td>AMD Radeon RX 580 8GB \/ NVIDIA GeForce GTX 1060 6GB<\/td>\n<\/tr>\n<tr>\n<td>Dysk<\/td>\n<td>150 GB available space<\/td>\n<\/tr>\n<\/tbody>\n<\/table>\n<p><img fetchpriority=\"high\" decoding=\"async\" class=\"aligncenter wp-image-303791\" src=\"http:\/\/acasadosgamers.com\/wp-content\/uploads\/2024\/10\/indiana-jones-and-the-great-circle-premium-edition-acesso-antecipado-premium-edition-pc-jogo-steam-cover.png\" alt=\"\" width=\"1278\" height=\"719\" \/><\/p>\n","protected":false},"excerpt":{"rendered":"<table class=\"info-table\">\n<thead>\n<tr class=\"header-row\">\n<th>Status<\/th>\n<th>INFORMACJE<\/th>\n<\/tr>\n<\/thead>\n<tbody>\n<tr>\n<td class=\"status-cell\">\n<div class=\"status-title\">\ud83d\ude80 NATYCHMIASTOWA DOSTAWA<\/div>\n<div class=\"status-subtitle\">Uzyskaj natychmiastowy dost\u0119p<\/div>\n<\/td>\n<td class=\"info-cell\">\n<div class=\"info-box\">\n<div class=\"info-title\">UWAGA<\/div>\n<div class=\"info-content\">PRZECZYTAJ OPIS<\/div>\n<\/div>\n<\/td>\n<\/tr>\n<tr>\n<td class=\"status-cell\">\n<div class=\"status-title\">\ud83d\udcb0 Czy ta strona jest godna zaufania?<\/div>\n<div class=\"status-subtitle\">+ 4 lata sprzeda\u017cy gier<\/div>\n<\/td>\n<td class=\"info-cell\">\n<div class=\"info-box\">\n<div class=\"info-title\">Dost\u0119p:<\/div>\n<div class=\"info-content\">[trustindex data-widget-id=7fd81be38eb695098c8683dcf1c]<\/div>\n<\/div>\n<\/td>\n<\/tr>\n<\/tbody>\n<\/table>\n","protected":false},"featured_media":7103584,"comment_status":"open","ping_status":"closed","template":"","meta":[],"product_brand":[154],"product_cat":[746,652,861,747,754],"product_tag":[674,686,656,782],"class_list":{"0":"post-7105752","1":"product","2":"type-product","3":"status-publish","4":"has-post-thumbnail","6":"product_brand-xbox-game-studios","7":"product_cat-akcja","8":"product_cat-gry-steam","9":"product_cat-nowosci","10":"product_cat-przygodowe","11":"product_cat-steam","12":"product_tag-bogata-fabula","13":"product_tag-eksploracja","14":"product_tag-single-player","15":"product_tag-skradanka","17":"first","18":"instock","19":"downloadable","20":"virtual","21":"purchasable","22":"product-type-simple"},"exclude_global_add_ons":[],"addons":[],"_links":{"self":[{"href":"https:\/\/gamesbestprices.com\/pl\/wp-json\/wp\/v2\/product\/7105752","targetHints":{"allow":["GET"]}}],"collection":[{"href":"https:\/\/gamesbestprices.com\/pl\/wp-json\/wp\/v2\/product"}],"about":[{"href":"https:\/\/gamesbestprices.com\/pl\/wp-json\/wp\/v2\/types\/product"}],"replies":[{"embeddable":true,"href":"https:\/\/gamesbestprices.com\/pl\/wp-json\/wp\/v2\/comments?post=7105752"}],"wp:featuredmedia":[{"embeddable":true,"href":"https:\/\/gamesbestprices.com\/pl\/wp-json\/wp\/v2\/media\/7103584"}],"wp:attachment":[{"href":"https:\/\/gamesbestprices.com\/pl\/wp-json\/wp\/v2\/media?parent=7105752"}],"wp:term":[{"taxonomy":"product_brand","embeddable":true,"href":"https:\/\/gamesbestprices.com\/pl\/wp-json\/wp\/v2\/product_brand?post=7105752"},{"taxonomy":"product_cat","embeddable":true,"href":"https:\/\/gamesbestprices.com\/pl\/wp-json\/wp\/v2\/product_cat?post=7105752"},{"taxonomy":"product_tag","embeddable":true,"href":"https:\/\/gamesbestprices.com\/pl\/wp-json\/wp\/v2\/product_tag?post=7105752"}],"curies":[{"name":"wp","href":"https:\/\/api.w.org\/{rel}","templated":true}]}}