{"id":7105732,"date":"2025-01-02T18:41:21","date_gmt":"2025-01-02T18:41:21","guid":{"rendered":"https:\/\/gamesbestprices.com\/product\/dead-rising-deluxe-remaster-pc-digital\/"},"modified":"2025-01-02T18:41:21","modified_gmt":"2025-01-02T18:41:21","slug":"dead-rising-deluxe-remaster-pc-digital","status":"publish","type":"product","link":"https:\/\/gamesbestprices.com\/pl\/produkt\/dead-rising-deluxe-remaster-pc-digital\/","title":{"rendered":"Dead Rising Deluxe Remaster Steam Pc"},"content":{"rendered":"<p><strong>\u26a0\ufe0f<span style=\"color: #ff0000;\">ZDOB\u0104D\u0179 ORYGINALN\u0104 GR\u0118 STEAM!<\/span> \u26a0\ufe0f<\/strong><\/p>\n<p>Enjoy <strong>OFFLINE<\/strong> mode with complete flexibility. You will receive a <strong>LOGIN<\/strong>\u00a0and <strong>PASSWORD (ONE ACCOUNT)<\/strong> that we provide, allowing you to play.<br \/>\n<strong>KORZYSTAJ\u0104C Z DOSTARCZONEGO KONTA<\/strong>.<\/p>\n<p><strong><span style=\"color: #ff0000;\">IMPORTANT<\/span><\/strong>: Nie martw si\u0119, b\u0119dziesz mie\u0107 sw\u00f3j <strong>ekskluzywny zapis<\/strong> i nikt nie mo\u017ce usun\u0105\u0107 Ci\u0119 z naszego konta podczas gry.<br \/>\nGraj bez problem\u00f3w, kiedy chcesz, oszcz\u0119dzaj\u0105c du\u017co i bawi\u0105c si\u0119 \u015bwietnie!<\/p>\n<p>Informacje o koncie<strong> nie mog\u0105 by\u0107 zmieniane. <\/strong>Aby uzyska\u0107 wi\u0119cej szczeg\u00f3\u0142\u00f3w, prosz\u0119 <span style=\"color: #037c05;\"><strong><a style=\"color: #037c05;\" href=\"https:\/\/gamesbestprices.com\/pl\/faqs\/\">kliknij ten link.<\/a><\/strong><\/span><\/p>\n<p><strong>\ud83c\udfae\ud83e\uddd9\u200d\u2642\ufe0f<\/strong><strong>\u00a0O GRZE:\u00a0<\/strong><\/p>\n<table>\n<thead>\n<tr>\n<th class=\"cabecalho\" colspan=\"2\">Minimalne Wymagania Systemowe<\/th>\n<\/tr>\n<\/thead>\n<tbody>\n<tr>\n<td>System Operacyjny<\/td>\n<td>Windows 10 (64-bit) \/ Windows 11 (64-bit)<\/td>\n<\/tr>\n<tr>\n<td>Procesor<\/td>\n<td>Intel Core i7-6700 \/ AMD Ryzen 5 3400G<\/td>\n<\/tr>\n<tr>\n<td>Pami\u0119\u0107<\/td>\n<td>16 GB RAM<\/td>\n<\/tr>\n<tr>\n<td>Grafika<\/td>\n<td>NVIDIA GeForce GTX 1060 (6GB) \/ AMD Radeon RX 580<\/td>\n<\/tr>\n<tr>\n<td>DirectX<\/td>\n<td>Version 11<\/td>\n<\/tr>\n<tr>\n<td>Sie\u0107<\/td>\n<td>Szerokopasmowe po\u0142\u0105czenie internetowe<\/td>\n<\/tr>\n<tr>\n<td>Dysk<\/td>\n<td>130 GB available space<\/td>\n<\/tr>\n<\/tbody>\n<\/table>\n<p><strong><em>Dead Rising Deluxe Remaster na PC<\/em><\/strong><\/p>\n<p>**MR\u00d3Z NIGDY SI\u0118 NIE KO\u0143CZY**<\/p>\n<p>**Dead Rising** powraca ze zmodernizowan\u0105 grafik\u0105!<\/p>\n<p>To wi\u0119cej ni\u017c zwyk\u0142y remaster \u2014 ten **Deluxe Remaster** to kompletna przebudowa graficzna pierwszej gry z serii *Dead Rising*, po\u015bwi\u0119conej eliminowaniu zombie.<\/p>\n<p>Ten remaster posiada pe\u0142ny dubbing, automatyczny zapis i kilka innych usprawnie\u0144, kt\u00f3re wzbogac\u0105 Twoje wra\u017cenia z rozgrywki.<\/p>\n<p>B\u0105d\u017a \u015bwiadkiem nieograniczonego chaosu i prze\u017cyj, by o tym opowiedzie\u0107!<\/p>\n<p><img fetchpriority=\"high\" decoding=\"async\" class=\"wp-image-303160 aligncenter\" src=\"http:\/\/acasadosgamers.com\/wp-content\/uploads\/2024\/08\/Keyart.png\" alt=\"Dead Rising Deluxe Remaster pc\" width=\"755\" height=\"428\" \/><\/p>\n","protected":false},"excerpt":{"rendered":"<table class=\"info-table\">\n<thead>\n<tr class=\"header-row\">\n<th>Status<\/th>\n<th>INFORMACJE<\/th>\n<\/tr>\n<\/thead>\n<tbody>\n<tr>\n<td class=\"status-cell\">\n<div class=\"status-title\">\ud83d\ude80 NATYCHMIASTOWA DOSTAWA<\/div>\n<div class=\"status-subtitle\">Uzyskaj natychmiastowy dost\u0119p<\/div>\n<\/td>\n<td class=\"info-cell\">\n<div class=\"info-box\">\n<div class=\"info-title\">UWAGA<\/div>\n<div class=\"info-content\">PRZECZYTAJ OPIS<\/div>\n<\/div>\n<\/td>\n<\/tr>\n<tr>\n<td class=\"status-cell\">\n<div class=\"status-title\">\ud83d\udcb0 Czy ta strona jest godna zaufania?<\/div>\n<div class=\"status-subtitle\">+ 4 lata sprzeda\u017cy gier<\/div>\n<\/td>\n<td class=\"info-cell\">\n<div class=\"info-box\">\n<div class=\"info-title\">Dost\u0119p:<\/div>\n<div class=\"info-content\">[trustindex data-widget-id=7fd81be38eb695098c8683dcf1c]<\/div>\n<\/div>\n<\/td>\n<\/tr>\n<\/tbody>\n<\/table>\n","protected":false},"featured_media":7103628,"comment_status":"open","ping_status":"closed","template":"","meta":[],"product_brand":[134],"product_cat":[746,652,778,747,754,805],"product_tag":[654,656,657,760],"class_list":{"0":"post-7105732","1":"product","2":"type-product","3":"status-publish","4":"has-post-thumbnail","6":"product_brand-capcom","7":"product_cat-akcja","8":"product_cat-gry-steam","9":"product_cat-horror","10":"product_cat-przygodowe","11":"product_cat-steam","12":"product_cat-strategiczne","13":"product_tag-horror","14":"product_tag-single-player","15":"product_tag-survivalowe","16":"product_tag-zombie","18":"first","19":"instock","20":"downloadable","21":"virtual","22":"purchasable","23":"product-type-simple"},"exclude_global_add_ons":[],"addons":[],"_links":{"self":[{"href":"https:\/\/gamesbestprices.com\/pl\/wp-json\/wp\/v2\/product\/7105732","targetHints":{"allow":["GET"]}}],"collection":[{"href":"https:\/\/gamesbestprices.com\/pl\/wp-json\/wp\/v2\/product"}],"about":[{"href":"https:\/\/gamesbestprices.com\/pl\/wp-json\/wp\/v2\/types\/product"}],"replies":[{"embeddable":true,"href":"https:\/\/gamesbestprices.com\/pl\/wp-json\/wp\/v2\/comments?post=7105732"}],"wp:featuredmedia":[{"embeddable":true,"href":"https:\/\/gamesbestprices.com\/pl\/wp-json\/wp\/v2\/media\/7103628"}],"wp:attachment":[{"href":"https:\/\/gamesbestprices.com\/pl\/wp-json\/wp\/v2\/media?parent=7105732"}],"wp:term":[{"taxonomy":"product_brand","embeddable":true,"href":"https:\/\/gamesbestprices.com\/pl\/wp-json\/wp\/v2\/product_brand?post=7105732"},{"taxonomy":"product_cat","embeddable":true,"href":"https:\/\/gamesbestprices.com\/pl\/wp-json\/wp\/v2\/product_cat?post=7105732"},{"taxonomy":"product_tag","embeddable":true,"href":"https:\/\/gamesbestprices.com\/pl\/wp-json\/wp\/v2\/product_tag?post=7105732"}],"curies":[{"name":"wp","href":"https:\/\/api.w.org\/{rel}","templated":true}]}}