{"id":7105727,"date":"2025-01-02T18:40:56","date_gmt":"2025-01-02T18:40:56","guid":{"rendered":"https:\/\/gamesbestprices.com\/product\/baldurs-gate-3-deluxe-pc-digital\/"},"modified":"2025-01-02T18:40:56","modified_gmt":"2025-01-02T18:40:56","slug":"baldurs-gate-3-deluxe-pc-digital","status":"publish","type":"product","link":"https:\/\/gamesbestprices.com\/pl\/produkt\/baldurs-gate-3-deluxe-pc-digital\/","title":{"rendered":"Baldur&#8217;s Gate 3 Deluxe Steam Pc"},"content":{"rendered":"<p><strong>\u26a0\ufe0f<span style=\"color: #ff0000;\">ZDOB\u0104D\u0179 ORYGINALN\u0104 GR\u0118 STEAM!<\/span> \u26a0\ufe0f<\/strong><\/p>\n<p>Enjoy <strong>OFFLINE<\/strong> mode with complete flexibility. You will receive a <strong>LOGIN<\/strong>\u00a0and <strong>PASSWORD (ONE ACCOUNT)<\/strong> that we provide, allowing you to play.<br \/>\n<strong>KORZYSTAJ\u0104C Z DOSTARCZONEGO KONTA<\/strong>.<\/p>\n<p><strong><span style=\"color: #ff0000;\">IMPORTANT<\/span><\/strong>: Nie martw si\u0119, b\u0119dziesz mie\u0107 sw\u00f3j <strong>ekskluzywny zapis<\/strong> i nikt nie mo\u017ce usun\u0105\u0107 Ci\u0119 z naszego konta podczas gry.<br \/>\nGraj bez problem\u00f3w, kiedy chcesz, oszcz\u0119dzaj\u0105c du\u017co i bawi\u0105c si\u0119 \u015bwietnie!<\/p>\n<p>Informacje o koncie<strong> nie mog\u0105 by\u0107 zmieniane. <\/strong>Aby uzyska\u0107 wi\u0119cej szczeg\u00f3\u0142\u00f3w, prosz\u0119 <span style=\"color: #037c05;\"><strong><a style=\"color: #037c05;\" href=\"https:\/\/gamesbestprices.com\/pl\/faqs\/\">kliknij ten link.<\/a><\/strong><\/span><\/p>\n<p><strong>\ud83c\udfae\ud83e\uddd9\u200d\u2642\ufe0f O GRZE:<\/strong><\/p>\n<table>\n<thead>\n<tr>\n<th class=\"cabecalho\" colspan=\"2\">Minimalne Wymagania Systemowe<\/th>\n<\/tr>\n<\/thead>\n<tbody>\n<tr>\n<td>System Operacyjny<\/td>\n<td>Windows 10 64-bit<\/td>\n<\/tr>\n<tr>\n<td>Procesor<\/td>\n<td>Intel I5 4690 \/ AMD FX 8350<\/td>\n<\/tr>\n<tr>\n<td>Pami\u0119\u0107<\/td>\n<td>8 GB RAM<\/td>\n<\/tr>\n<tr>\n<td>Grafika<\/td>\n<td>Nvidia GTX 970 \/ RX 480 (4GB+ of VRAM)<\/td>\n<\/tr>\n<tr>\n<td>DirectX<\/td>\n<td>Version 11<\/td>\n<\/tr>\n<tr>\n<td>Dysk<\/td>\n<td>150 GB available space<\/td>\n<\/tr>\n<\/tbody>\n<\/table>\n<p>**Baldur&#8217;s Gate 3**<\/p>\n<p>Zbierz swoj\u0105 dru\u017cyn\u0119 i wr\u00f3\u0107 do Forgotten Realms w opowie\u015bci o przyja\u017ani i zdradzie, po\u015bwi\u0119ceniu i przetrwaniu oraz pokusie najwy\u017cszej mocy.<\/p>\n<p>Tajemnicze zdolno\u015bci budz\u0105 si\u0119 w tobie, zasiane przez paso\u017cyta mind flayer osadzonego w twoim m\u00f3zgu. Oprzyj si\u0119 i pozw\u00f3l, by ciemno\u015b\u0107 zniszczy\u0142a sam\u0105 siebie, lub przyjmij korupcj\u0119 i sta\u0144 si\u0119 ostatecznym z\u0142em.<\/p>\n<p>Od tw\u00f3rc\u00f3w *Divinity: Original Sin 2*, to RPG nowej generacji osadzony w \u015bwiecie *Dungeons and Dragons*.<\/p>\n<p><img fetchpriority=\"high\" decoding=\"async\" class=\"size-full wp-image-302543 aligncenter\" src=\"http:\/\/acasadosgamers.com\/wp-content\/uploads\/2024\/07\/Baldurs-Gate-3-2-900x503-1.jpg\" alt=\"Baldur's Gate 3\" width=\"900\" height=\"503\" \/><\/p>\n","protected":false},"excerpt":{"rendered":"<table class=\"info-table\">\n<thead>\n<tr class=\"header-row\">\n<th>Status<\/th>\n<th>INFORMACJE<\/th>\n<\/tr>\n<\/thead>\n<tbody>\n<tr>\n<td class=\"status-cell\">\n<div class=\"status-title\">\ud83d\ude80 NATYCHMIASTOWA DOSTAWA<\/div>\n<div class=\"status-subtitle\">Uzyskaj natychmiastowy dost\u0119p<\/div>\n<\/td>\n<td class=\"info-cell\">\n<div class=\"info-box\">\n<div class=\"info-title\">UWAGA<\/div>\n<div class=\"info-content\">PRZECZYTAJ OPIS<\/div>\n<\/div>\n<\/td>\n<\/tr>\n<tr>\n<td class=\"status-cell\">\n<div class=\"status-title\">\ud83d\udcb0 Czy ta strona jest godna zaufania?<\/div>\n<div class=\"status-subtitle\">+ 4 lata sprzeda\u017cy gier<\/div>\n<\/td>\n<td class=\"info-cell\">\n<div class=\"info-box\">\n<div class=\"info-title\">Dost\u0119p:<\/div>\n<div class=\"info-content\">[trustindex data-widget-id=7fd81be38eb695098c8683dcf1c]<\/div>\n<\/div>\n<\/td>\n<\/tr>\n<\/tbody>\n<\/table>\n","protected":false},"featured_media":7103549,"comment_status":"open","ping_status":"closed","template":"","meta":[],"product_brand":[141],"product_cat":[652,747,770,754,805],"product_tag":[674,728,699,798,857,656,812],"class_list":{"0":"post-7105727","1":"product","2":"type-product","3":"status-publish","4":"has-post-thumbnail","6":"product_brand-larian","7":"product_cat-gry-steam","8":"product_cat-przygodowe","9":"product_cat-rpg","10":"product_cat-steam","11":"product_cat-strategiczne","12":"product_tag-bogata-fabula","13":"product_tag-decyzje-maja-znaczenie","14":"product_tag-fantasy","15":"product_tag-kooperacja","16":"product_tag-personalizacja-postaci","17":"product_tag-single-player","18":"product_tag-turowe","20":"first","21":"instock","22":"downloadable","23":"virtual","24":"purchasable","25":"product-type-simple"},"exclude_global_add_ons":[],"addons":[],"_links":{"self":[{"href":"https:\/\/gamesbestprices.com\/pl\/wp-json\/wp\/v2\/product\/7105727","targetHints":{"allow":["GET"]}}],"collection":[{"href":"https:\/\/gamesbestprices.com\/pl\/wp-json\/wp\/v2\/product"}],"about":[{"href":"https:\/\/gamesbestprices.com\/pl\/wp-json\/wp\/v2\/types\/product"}],"replies":[{"embeddable":true,"href":"https:\/\/gamesbestprices.com\/pl\/wp-json\/wp\/v2\/comments?post=7105727"}],"wp:featuredmedia":[{"embeddable":true,"href":"https:\/\/gamesbestprices.com\/pl\/wp-json\/wp\/v2\/media\/7103549"}],"wp:attachment":[{"href":"https:\/\/gamesbestprices.com\/pl\/wp-json\/wp\/v2\/media?parent=7105727"}],"wp:term":[{"taxonomy":"product_brand","embeddable":true,"href":"https:\/\/gamesbestprices.com\/pl\/wp-json\/wp\/v2\/product_brand?post=7105727"},{"taxonomy":"product_cat","embeddable":true,"href":"https:\/\/gamesbestprices.com\/pl\/wp-json\/wp\/v2\/product_cat?post=7105727"},{"taxonomy":"product_tag","embeddable":true,"href":"https:\/\/gamesbestprices.com\/pl\/wp-json\/wp\/v2\/product_tag?post=7105727"}],"curies":[{"name":"wp","href":"https:\/\/api.w.org\/{rel}","templated":true}]}}