{"id":7105717,"date":"2025-01-02T18:39:48","date_gmt":"2025-01-02T18:39:48","guid":{"rendered":"https:\/\/gamesbestprices.com\/product\/mortal-kombat-xl-pc-digital\/"},"modified":"2025-01-02T18:39:48","modified_gmt":"2025-01-02T18:39:48","slug":"mortal-kombat-xl-pc-digital","status":"publish","type":"product","link":"https:\/\/gamesbestprices.com\/pl\/produkt\/mortal-kombat-xl-pc-digital\/","title":{"rendered":"Mortal Kombat XL Steam Pc"},"content":{"rendered":"<p><strong>\u26a0\ufe0f<span style=\"color: #ff0000;\">ZDOB\u0104D\u0179 ORYGINALN\u0104 GR\u0118 STEAM!<\/span> \u26a0\ufe0f<\/strong><\/p>\n<p>Enjoy <strong>OFFLINE<\/strong> mode with complete flexibility. You will receive a <strong>LOGIN<\/strong>\u00a0and <strong>PASSWORD (ONE ACCOUNT)<\/strong> that we provide, allowing you to play.<br \/>\n<strong>KORZYSTAJ\u0104C Z DOSTARCZONEGO KONTA<\/strong>.<\/p>\n<p><strong><span style=\"color: #ff0000;\">IMPORTANT<\/span><\/strong>: Nie martw si\u0119, b\u0119dziesz mie\u0107 sw\u00f3j <strong>ekskluzywny zapis<\/strong> i nikt nie mo\u017ce usun\u0105\u0107 Ci\u0119 z naszego konta podczas gry.<br \/>\nGraj bez problem\u00f3w, kiedy chcesz, oszcz\u0119dzaj\u0105c du\u017co i bawi\u0105c si\u0119 \u015bwietnie!<\/p>\n<p>Informacje o koncie<strong> nie mog\u0105 by\u0107 zmieniane. <\/strong>Aby uzyska\u0107 wi\u0119cej szczeg\u00f3\u0142\u00f3w, prosz\u0119 <span style=\"color: #037c05;\"><strong><a style=\"color: #037c05;\" href=\"https:\/\/gamesbestprices.com\/pl\/faqs\/\">kliknij ten link.<\/a><\/strong><\/span><\/p>\n<p><strong>\ud83c\udfae\ud83e\uddd9\u200d\u2642\ufe0f<\/strong><strong>\u00a0O GRZE:\u00a0<\/strong><\/p>\n<table>\n<thead>\n<tr>\n<th class=\"cabecalho\" colspan=\"2\">Minimalne Wymagania Systemowe<\/th>\n<\/tr>\n<\/thead>\n<tbody>\n<tr>\n<td>System Operacyjny*<\/td>\n<td>64-bit: Vista, Win 7, Win 8, Win 10<\/td>\n<\/tr>\n<tr>\n<td>Procesor<\/td>\n<td>Intel Core i5-750, 2.67 GHz | AMD Phenom II X4 965, 3.4 GHz<\/td>\n<\/tr>\n<tr>\n<td>Pami\u0119\u0107<\/td>\n<td>3 GB RAM<\/td>\n<\/tr>\n<tr>\n<td>Grafika<\/td>\n<td>NVIDIA GeForce GTX 460 | AMD Radeon HD 5850<\/td>\n<\/tr>\n<tr>\n<td>DirectX<\/td>\n<td>Version 11<\/td>\n<\/tr>\n<tr>\n<td>Sie\u0107<\/td>\n<td>Szerokopasmowe po\u0142\u0105czenie internetowe<\/td>\n<\/tr>\n<tr>\n<td>Dysk<\/td>\n<td>36 GB available space<\/td>\n<\/tr>\n<\/tbody>\n<\/table>\n<div>**Kto nast\u0119pny? Do\u015bwiadcz nowej generacji najwi\u0119kszej serii gier walki.**<\/div>\n<div>\n<p>**Mortal Kombat XL** oferuje niezr\u00f3wnan\u0105 prezentacj\u0119 kinow\u0105 po\u0142\u0105czon\u0105 z zupe\u0142nie now\u0105 rozgrywk\u0105, tworz\u0105c najbardziej brutalny Kombat w historii.<\/p>\n<p>Po raz pierwszy **Mortal Kombat X** pozwala graczom wybiera\u0107 spo\u015br\u00f3d wielu wariant\u00f3w ka\u017cdej postaci, wp\u0142ywaj\u0105c zar\u00f3wno na strategi\u0119, jak i styl walki.<\/p>\n<p>**Goro**, legendarny wojownik, jest dost\u0119pny jako bonus w przedsprzeda\u017cy.<\/p>\n<\/div>\n<div id=\"attachment_302445\" style=\"width: 1930px\" class=\"wp-caption alignnone\"><img fetchpriority=\"high\" decoding=\"async\" aria-describedby=\"caption-attachment-302445\" class=\"size-full wp-image-302445\" src=\"http:\/\/acasadosgamers.com\/wp-content\/uploads\/2024\/07\/346949-MKXLHeader.webp\" alt=\"Mortal Kombat XL\" width=\"1920\" height=\"928\" \/><p id=\"caption-attachment-302445\" class=\"wp-caption-text\"><em>Mortal Kombat XL<\/em><\/p><\/div>\n","protected":false},"excerpt":{"rendered":"<table class=\"info-table\">\n<thead>\n<tr class=\"header-row\">\n<th>Status<\/th>\n<th>INFORMACJE<\/th>\n<\/tr>\n<\/thead>\n<tbody>\n<tr>\n<td class=\"status-cell\">\n<div class=\"status-title\">\ud83d\ude80 NATYCHMIASTOWA DOSTAWA<\/div>\n<div class=\"status-subtitle\">Uzyskaj natychmiastowy dost\u0119p<\/div>\n<\/td>\n<td class=\"info-cell\">\n<div class=\"info-box\">\n<div class=\"info-title\">UWAGA<\/div>\n<div class=\"info-content\">PRZECZYTAJ OPIS<\/div>\n<\/div>\n<\/td>\n<\/tr>\n<tr>\n<td class=\"status-cell\">\n<div class=\"status-title\">\ud83d\udcb0 Czy ta strona jest godna zaufania?<\/div>\n<div class=\"status-subtitle\">+ 4 lata sprzeda\u017cy gier<\/div>\n<\/td>\n<td class=\"info-cell\">\n<div class=\"info-box\">\n<div class=\"info-title\">Dost\u0119p:<\/div>\n<div class=\"info-content\">[trustindex data-widget-id=7fd81be38eb695098c8683dcf1c]<\/div>\n<\/div>\n<\/td>\n<\/tr>\n<\/tbody>\n<\/table>\n","protected":false},"featured_media":7103757,"comment_status":"open","ping_status":"closed","template":"","meta":[],"product_brand":[153],"product_cat":[746,652,754,808],"product_tag":[719,721,720],"class_list":{"0":"post-7105717","1":"product","2":"type-product","3":"status-publish","4":"has-post-thumbnail","6":"product_brand-warner-bros-games","7":"product_cat-akcja","8":"product_cat-gry-steam","9":"product_cat-steam","10":"product_cat-walki","11":"product_tag-fighting","12":"product_tag-pvp","13":"product_tag-wieloosobowe","15":"first","16":"instock","17":"downloadable","18":"virtual","19":"purchasable","20":"product-type-simple"},"exclude_global_add_ons":[],"addons":[],"_links":{"self":[{"href":"https:\/\/gamesbestprices.com\/pl\/wp-json\/wp\/v2\/product\/7105717","targetHints":{"allow":["GET"]}}],"collection":[{"href":"https:\/\/gamesbestprices.com\/pl\/wp-json\/wp\/v2\/product"}],"about":[{"href":"https:\/\/gamesbestprices.com\/pl\/wp-json\/wp\/v2\/types\/product"}],"replies":[{"embeddable":true,"href":"https:\/\/gamesbestprices.com\/pl\/wp-json\/wp\/v2\/comments?post=7105717"}],"wp:featuredmedia":[{"embeddable":true,"href":"https:\/\/gamesbestprices.com\/pl\/wp-json\/wp\/v2\/media\/7103757"}],"wp:attachment":[{"href":"https:\/\/gamesbestprices.com\/pl\/wp-json\/wp\/v2\/media?parent=7105717"}],"wp:term":[{"taxonomy":"product_brand","embeddable":true,"href":"https:\/\/gamesbestprices.com\/pl\/wp-json\/wp\/v2\/product_brand?post=7105717"},{"taxonomy":"product_cat","embeddable":true,"href":"https:\/\/gamesbestprices.com\/pl\/wp-json\/wp\/v2\/product_cat?post=7105717"},{"taxonomy":"product_tag","embeddable":true,"href":"https:\/\/gamesbestprices.com\/pl\/wp-json\/wp\/v2\/product_tag?post=7105717"}],"curies":[{"name":"wp","href":"https:\/\/api.w.org\/{rel}","templated":true}]}}