{"id":7105702,"date":"2025-01-02T18:39:20","date_gmt":"2025-01-02T18:39:20","guid":{"rendered":"https:\/\/gamesbestprices.com\/product\/f1-manager-24-deluxe-edition-pc-digital\/"},"modified":"2025-01-02T18:39:20","modified_gmt":"2025-01-02T18:39:20","slug":"f1-manager-24-deluxe-edition-pc-digital","status":"publish","type":"product","link":"https:\/\/gamesbestprices.com\/pl\/produkt\/f1-manager-24-deluxe-edition-pc-digital\/","title":{"rendered":"F1 Manager 24 \u2013 Deluxe Edition Steam Pc"},"content":{"rendered":"<p><strong>\u26a0\ufe0f<span style=\"color: #ff0000;\">ZDOB\u0104D\u0179 ORYGINALN\u0104 GR\u0118 STEAM!<\/span> \u26a0\ufe0f<\/strong><\/p>\n<p>Enjoy <strong>OFFLINE<\/strong> mode with complete flexibility. You will receive a <strong>LOGIN<\/strong>\u00a0and <strong>PASSWORD (ONE ACCOUNT)<\/strong> that we provide, allowing you to play.<br \/>\n<strong>KORZYSTAJ\u0104C Z DOSTARCZONEGO KONTA<\/strong>.<\/p>\n<p><strong><span style=\"color: #ff0000;\">IMPORTANT<\/span><\/strong>: Nie martw si\u0119, b\u0119dziesz mie\u0107 sw\u00f3j <strong>ekskluzywny zapis<\/strong> i nikt nie mo\u017ce usun\u0105\u0107 Ci\u0119 z naszego konta podczas gry.<br \/>\nGraj bez problem\u00f3w, kiedy chcesz, oszcz\u0119dzaj\u0105c du\u017co i bawi\u0105c si\u0119 \u015bwietnie!<\/p>\n<p>Informacje o koncie<strong> nie mog\u0105 by\u0107 zmieniane. <\/strong>Aby uzyska\u0107 wi\u0119cej szczeg\u00f3\u0142\u00f3w, prosz\u0119 <span style=\"color: #037c05;\"><strong><a style=\"color: #037c05;\" href=\"https:\/\/gamesbestprices.com\/pl\/faqs\/\">kliknij ten link.<\/a><\/strong><\/span><\/p>\n<p><strong>\ud83c\udfae\ud83e\uddd9\u200d\u2642\ufe0f<\/strong><strong>\u00a0O GRZE:\u00a0<\/strong><\/p>\n<table>\n<thead>\n<tr>\n<th class=\"cabecalho\" colspan=\"2\">Minimalne Wymagania Systemowe<\/th>\n<\/tr>\n<\/thead>\n<tbody>\n<tr>\n<td>Wymagania<\/td>\n<td>Wymaga 64-bitowego procesora i systemu operacyjnego<\/td>\n<\/tr>\n<tr>\n<td>System Operacyjny<\/td>\n<td>Windows\u00ae 10 Home 64 Bit<\/td>\n<\/tr>\n<tr>\n<td>Procesor<\/td>\n<td>Intel\u00ae Core\u2122 i7-6700K | AMD\u00ae Ryzen\u2122 5 2600X<\/td>\n<\/tr>\n<tr>\n<td>Pami\u0119\u0107<\/td>\n<td>8 GB RAM<\/td>\n<\/tr>\n<tr>\n<td>Grafika<\/td>\n<td>Nvidia\u00ae GeForce\u2122 GTX 970 (4 GB) | AMD\u00ae Radeon\u2122 RX 480 (8 GB)<\/td>\n<\/tr>\n<tr>\n<td>Dysk<\/td>\n<td>60 GB available space<\/td>\n<\/tr>\n<\/tbody>\n<\/table>\n<p>Poprowad\u017a sw\u00f3j zesp\u00f3\u0142 do chwa\u0142y w **F1\u00ae Manager 2024**. Nadszed\u0142 nowy sezon Formula 1\u00ae, przynosz\u0105c najobszerniejsze do\u015bwiadczenie zarz\u0105dzania F1\u00ae w historii. Zostaw swoje dziedzictwo z jednym z 10 oficjalnych konstruktor\u00f3w F1\u00ae lub stw\u00f3rz w\u0142asny zesp\u00f3\u0142 po raz pierwszy.<\/p>\n<p style=\"text-align: center;\"><img fetchpriority=\"high\" decoding=\"async\" class=\"alignnone wp-image-302394\" src=\"http:\/\/acasadosgamers.com\/wp-content\/uploads\/2024\/07\/F1MANAGER24.jpg\" alt=\"\" width=\"1179\" height=\"664\" \/><\/p>\n<p>&nbsp;<\/p>\n<p>&nbsp;<\/p>\n","protected":false},"excerpt":{"rendered":"<table class=\"info-table\">\n<thead>\n<tr class=\"header-row\">\n<th>Status<\/th>\n<th>INFORMACJE<\/th>\n<\/tr>\n<\/thead>\n<tbody>\n<tr>\n<td class=\"status-cell\">\n<div class=\"status-title\">\ud83d\ude80 NATYCHMIASTOWA DOSTAWA<\/div>\n<div class=\"status-subtitle\">Uzyskaj natychmiastowy dost\u0119p<\/div>\n<\/td>\n<td class=\"info-cell\">\n<div class=\"info-box\">\n<div class=\"info-title\">UWAGA<\/div>\n<div class=\"info-content\">PRZECZYTAJ OPIS<\/div>\n<\/div>\n<\/td>\n<\/tr>\n<tr>\n<td class=\"status-cell\">\n<div class=\"status-title\">\ud83d\udcb0 Czy ta strona jest godna zaufania?<\/div>\n<div class=\"status-subtitle\">+ 4 lata sprzeda\u017cy gier<\/div>\n<\/td>\n<td class=\"info-cell\">\n<div class=\"info-box\">\n<div class=\"info-title\">Dost\u0119p:<\/div>\n<div class=\"info-content\">[trustindex data-widget-id=7fd81be38eb695098c8683dcf1c]<\/div>\n<\/div>\n<\/td>\n<\/tr>\n<\/tbody>\n<\/table>\n","protected":false},"featured_media":7103762,"comment_status":"open","ping_status":"closed","template":"","meta":[],"product_brand":[158],"product_cat":[652,849,823,754,822],"product_tag":[656,825,692,707],"class_list":{"0":"post-7105702","1":"product","2":"type-product","3":"status-publish","4":"has-post-thumbnail","6":"product_brand-frontier","7":"product_cat-gry-steam","8":"product_cat-sem-categoria","9":"product_cat-sportowe","10":"product_cat-steam","11":"product_cat-wyscigi","12":"product_tag-single-player","13":"product_tag-sportowe","14":"product_tag-symulacje","15":"product_tag-zarzadzanie","17":"first","18":"instock","19":"downloadable","20":"virtual","21":"purchasable","22":"product-type-simple"},"exclude_global_add_ons":[],"addons":[],"_links":{"self":[{"href":"https:\/\/gamesbestprices.com\/pl\/wp-json\/wp\/v2\/product\/7105702","targetHints":{"allow":["GET"]}}],"collection":[{"href":"https:\/\/gamesbestprices.com\/pl\/wp-json\/wp\/v2\/product"}],"about":[{"href":"https:\/\/gamesbestprices.com\/pl\/wp-json\/wp\/v2\/types\/product"}],"replies":[{"embeddable":true,"href":"https:\/\/gamesbestprices.com\/pl\/wp-json\/wp\/v2\/comments?post=7105702"}],"wp:featuredmedia":[{"embeddable":true,"href":"https:\/\/gamesbestprices.com\/pl\/wp-json\/wp\/v2\/media\/7103762"}],"wp:attachment":[{"href":"https:\/\/gamesbestprices.com\/pl\/wp-json\/wp\/v2\/media?parent=7105702"}],"wp:term":[{"taxonomy":"product_brand","embeddable":true,"href":"https:\/\/gamesbestprices.com\/pl\/wp-json\/wp\/v2\/product_brand?post=7105702"},{"taxonomy":"product_cat","embeddable":true,"href":"https:\/\/gamesbestprices.com\/pl\/wp-json\/wp\/v2\/product_cat?post=7105702"},{"taxonomy":"product_tag","embeddable":true,"href":"https:\/\/gamesbestprices.com\/pl\/wp-json\/wp\/v2\/product_tag?post=7105702"}],"curies":[{"name":"wp","href":"https:\/\/api.w.org\/{rel}","templated":true}]}}