{"id":7105697,"date":"2025-01-02T18:38:57","date_gmt":"2025-01-02T18:38:57","guid":{"rendered":"https:\/\/gamesbestprices.com\/product\/cities-skylines-2-ultimate-edition-steam-pc\/"},"modified":"2025-01-02T18:38:57","modified_gmt":"2025-01-02T18:38:57","slug":"cities-skylines-2-ultimate-edition-steam-pc","status":"publish","type":"product","link":"https:\/\/gamesbestprices.com\/pl\/produkt\/cities-skylines-2-ultimate-edition-steam-pc\/","title":{"rendered":"Cities: Skylines 2 Ultimate Edition Steam Pc"},"content":{"rendered":"<p><strong>\u26a0\ufe0f<span style=\"color: #ff00ff;\">ZDOB\u0104D\u0179 THE LAST OF US PARTE II REMASTERED PC STEAM<\/span><\/strong><\/p>\n<p>Enjoy <strong>OFFLINE<\/strong> mode with complete flexibility. You will receive a <strong>LOGIN<\/strong>\u00a0and <strong>PASSWORD (ONE ACCOUNT)<\/strong> that we provide, allowing you to play.<br \/>\n<strong>KORZYSTAJ\u0104C Z DOSTARCZONEGO KONTA<\/strong>.<\/p>\n<p><span style=\"color: #ff00ff;\"><strong>WA\u017bNE<\/strong>:<\/span> Nie martw si\u0119, b\u0119dziesz mie\u0107 sw\u00f3j <strong>ekskluzywny zapis<\/strong> i nikt nie mo\u017ce usun\u0105\u0107 Ci\u0119 z naszego konta podczas gry.<br \/>\nGraj bez problem\u00f3w, kiedy chcesz, oszcz\u0119dzaj\u0105c du\u017co i bawi\u0105c si\u0119 \u015bwietnie!<\/p>\n<p>Informacje o koncie<strong> nie mog\u0105 by\u0107 zmieniane. <\/strong>Aby uzyska\u0107 wi\u0119cej szczeg\u00f3\u0142\u00f3w, prosz\u0119 <span style=\"color: #037c05;\"><strong><a style=\"color: #037c05;\" href=\"https:\/\/gamesbestprices.com\/pl\/faqs\/\">kliknij ten link.<\/a><\/strong><\/span><\/p>\n<p>&nbsp;<\/p>\n<p><strong>\ud83c\udfae\ud83e\uddd9\u200d\u2642\ufe0f<\/strong><strong>\u00a0O GRZE:\u00a0<\/strong><\/p>\n<h6 id=\"tw-target-text\" class=\"tw-data-text tw-text-large tw-ta\" dir=\"ltr\" data-placeholder=\"Translation\" data-ved=\"2ahUKEwjI_6Xbr4-LAxUckZUCHZOHBXsQ3ewLegQIDBAV\" aria-label=\"Translated text: Minimum requirements for The Last of Us\u2122 Part II Remastered Pc\"><span class=\"Y2IQFc\" lang=\"en\">Minimalne wymagania dla Cities: Skylines 2 Ultimate Edition<\/span><\/h6>\n<table>\n<thead>\n<tr>\n<th class=\"cabecalho\" colspan=\"2\">Minimalne Wymagania Systemowe<\/th>\n<\/tr>\n<\/thead>\n<tbody>\n<tr>\n<td>64-bit Procesor and OS Required<\/td>\n<td>Yes<\/td>\n<\/tr>\n<tr>\n<td>System Operacyjny<\/td>\n<td>Windows\u00ae 10 Home 64 Bit<\/td>\n<\/tr>\n<tr>\n<td>Procesor<\/td>\n<td>Intel\u00ae Core\u2122 i7-6700K | AMD\u00ae Ryzen\u2122 5 2600X<\/td>\n<\/tr>\n<tr>\n<td>Pami\u0119\u0107<\/td>\n<td>8 GB RAM<\/td>\n<\/tr>\n<tr>\n<td>Grafika<\/td>\n<td>Nvidia\u00ae GeForce\u2122 GTX 970 (4 GB) | AMD\u00ae Radeon\u2122 RX 480 (8 GB)<\/td>\n<\/tr>\n<tr>\n<td>Dysk<\/td>\n<td>60 GB available space<\/td>\n<\/tr>\n<\/tbody>\n<\/table>\n<p>Zbuduj miasto od podstaw i przekszta\u0142\u0107 je w t\u0119tni\u0105c\u0105 \u017cyciem metropoli\u0119, jak\u0105 tylko Ty mo\u017cesz sobie wyobrazi\u0107.<\/p>\n<p>You\u2019ve never built on this scale before. With deep simulation and a living economy, *Cities: Skylines II* offers limitless world-building possibilities.<\/p>\n<p style=\"text-align: center;\"><iframe title=\"YouTube video player\" src=\"https:\/\/www.youtube.com\/embed\/7vlKoMi4Qr0?si=MteB00zfep-NSQok\" width=\"560\" height=\"315\" frameborder=\"0\" allowfullscreen=\"allowfullscreen\"><\/iframe><\/p>\n<h6><strong>Cities: Skylines 2 Ultimate Edition Pc Digital<\/strong><\/h6>\n<p>Zdob\u0105d\u017a Cities: Skylines 2 Ultimate Edition Pc Digital teraz! Zbuduj miasto swoich marze\u0144 z niezr\u00f3wnan\u0105 szczeg\u00f3\u0142owo\u015bci\u0105 i realizmem. Dost\u0119pne do pobrania na najlepszej platformie gier na PC!<\/p>\n<p>Graj w Cities: Skylines 2 na swoim PC i zarz\u0105dzaj ka\u017cdym aspektem swojego miasta, od infrastruktury po szcz\u0119\u015bcie obywateli. Idealny dla fan\u00f3w gier symulacyjnych i strategicznych. Pobierz teraz i zacznij budowa\u0107 swoj\u0105 spu\u015bcizn\u0119!<\/p>\n","protected":false},"excerpt":{"rendered":"<table class=\"info-table\">\n<thead>\n<tr class=\"header-row\">\n<th>Status<\/th>\n<th>INFORMACJE<\/th>\n<\/tr>\n<\/thead>\n<tbody>\n<tr>\n<td class=\"status-cell\">\n<div class=\"status-title\">\ud83d\ude80 NATYCHMIASTOWA DOSTAWA<\/div>\n<div class=\"status-subtitle\">Uzyskaj natychmiastowy dost\u0119p<\/div>\n<\/td>\n<td class=\"info-cell\">\n<div class=\"info-box\">\n<div class=\"info-title\">UWAGA<\/div>\n<div class=\"info-content\">PRZECZYTAJ OPIS<\/div>\n<\/div>\n<\/td>\n<\/tr>\n<tr>\n<td class=\"status-cell\">\n<div class=\"status-title\">\ud83d\udcb0 Czy ta strona jest godna zaufania?<\/div>\n<div class=\"status-subtitle\">+ 4 lata sprzeda\u017cy gier<\/div>\n<\/td>\n<td class=\"info-cell\">\n<div class=\"info-box\">\n<div class=\"info-title\">Dost\u0119p:<\/div>\n<div class=\"info-content\">[trustindex data-widget-id=7fd81be38eb695098c8683dcf1c]<\/div>\n<\/div>\n<\/td>\n<\/tr>\n<\/tbody>\n<\/table>\n","protected":false},"featured_media":7103706,"comment_status":"open","ping_status":"closed","template":"","meta":[],"product_brand":[155],"product_cat":[652,754,805,804],"product_tag":[842,843,656,692,707],"class_list":{"0":"post-7105697","1":"product","2":"type-product","3":"status-publish","4":"has-post-thumbnail","6":"product_brand-paradox","7":"product_cat-gry-steam","8":"product_cat-steam","9":"product_cat-strategiczne","10":"product_cat-symulacje","11":"product_tag-budowanie-miast","12":"product_tag-sandbox","13":"product_tag-single-player","14":"product_tag-symulacje","15":"product_tag-zarzadzanie","17":"first","18":"instock","19":"downloadable","20":"virtual","21":"purchasable","22":"product-type-simple"},"exclude_global_add_ons":[],"addons":[],"_links":{"self":[{"href":"https:\/\/gamesbestprices.com\/pl\/wp-json\/wp\/v2\/product\/7105697","targetHints":{"allow":["GET"]}}],"collection":[{"href":"https:\/\/gamesbestprices.com\/pl\/wp-json\/wp\/v2\/product"}],"about":[{"href":"https:\/\/gamesbestprices.com\/pl\/wp-json\/wp\/v2\/types\/product"}],"replies":[{"embeddable":true,"href":"https:\/\/gamesbestprices.com\/pl\/wp-json\/wp\/v2\/comments?post=7105697"}],"wp:featuredmedia":[{"embeddable":true,"href":"https:\/\/gamesbestprices.com\/pl\/wp-json\/wp\/v2\/media\/7103706"}],"wp:attachment":[{"href":"https:\/\/gamesbestprices.com\/pl\/wp-json\/wp\/v2\/media?parent=7105697"}],"wp:term":[{"taxonomy":"product_brand","embeddable":true,"href":"https:\/\/gamesbestprices.com\/pl\/wp-json\/wp\/v2\/product_brand?post=7105697"},{"taxonomy":"product_cat","embeddable":true,"href":"https:\/\/gamesbestprices.com\/pl\/wp-json\/wp\/v2\/product_cat?post=7105697"},{"taxonomy":"product_tag","embeddable":true,"href":"https:\/\/gamesbestprices.com\/pl\/wp-json\/wp\/v2\/product_tag?post=7105697"}],"curies":[{"name":"wp","href":"https:\/\/api.w.org\/{rel}","templated":true}]}}