{"id":7105657,"date":"2025-01-02T18:38:13","date_gmt":"2025-01-02T18:38:13","guid":{"rendered":"https:\/\/gamesbestprices.com\/product\/alone-in-the-dark-pc-digital\/"},"modified":"2025-01-02T18:38:13","modified_gmt":"2025-01-02T18:38:13","slug":"alone-in-the-dark-pc-digital","status":"publish","type":"product","link":"https:\/\/gamesbestprices.com\/pl\/produkt\/alone-in-the-dark-pc-digital\/","title":{"rendered":"Alone in the Dark Steam Pc"},"content":{"rendered":"<p><strong>\u26a0\ufe0f<span style=\"color: #ff0000;\">ZDOB\u0104D\u0179 ORYGINALN\u0104 GR\u0118 STEAM!<\/span> \u26a0\ufe0f<\/strong><\/p>\n<p>Enjoy <strong>OFFLINE<\/strong> mode with complete flexibility. You will receive a <strong>LOGIN<\/strong>\u00a0and <strong>PASSWORD (ONE ACCOUNT)<\/strong> that we provide, allowing you to play.<br \/>\n<strong>KORZYSTAJ\u0104C Z DOSTARCZONEGO KONTA<\/strong>.<\/p>\n<p><strong><span style=\"color: #ff0000;\">IMPORTANT<\/span><\/strong>: Nie martw si\u0119, b\u0119dziesz mie\u0107 sw\u00f3j <strong>wy\u0142\u0105czny zapis<\/strong> i nikt nie mo\u017ce Ci\u0119 usun\u0105\u0107 z naszego konta podczas gry.<br \/>\nGraj bez \u017cadnych problem\u00f3w, kiedy chcesz, oszcz\u0119dzaj\u0105c du\u017co i \u015bwietnie si\u0119 bawi\u0105c!<\/p>\n<p>Informacje o koncie<strong> nie mog\u0105 by\u0107 zmieniane. <\/strong>Aby uzyska\u0107 wi\u0119cej szczeg\u00f3\u0142\u00f3w, prosz\u0119 <span style=\"color: #037c05;\"><strong><a style=\"color: #037c05;\" href=\"https:\/\/gamesbestprices.com\/pl\/faqs\/\">kliknij ten link.<\/a><\/strong><\/span><\/p>\n<p><strong>\ud83c\udfae\ud83e\uddd9\u200d\u2642\ufe0f<\/strong><strong>\u00a0O GRZE:\u00a0<\/strong><\/p>\n<table>\n<thead>\n<tr>\n<th class=\"cabecalho\" colspan=\"2\">Minimalne Wymagania Systemowe<\/th>\n<\/tr>\n<\/thead>\n<tbody>\n<tr>\n<td>System Operacyjny<\/td>\n<td>Windows 10, 64 Bit<\/td>\n<\/tr>\n<tr>\n<td>Procesor<\/td>\n<td>Ryzen 3 3100 \/ Core i3-8300<\/td>\n<\/tr>\n<tr>\n<td>Pami\u0119\u0107<\/td>\n<td>8 GB RAM<\/td>\n<\/tr>\n<tr>\n<td>Grafika<\/td>\n<td>GeForce GTX 1050 Ti \/ Radeon RX 570<\/td>\n<\/tr>\n<tr>\n<td>DirectX<\/td>\n<td>Version 12<\/td>\n<\/tr>\n<tr>\n<td>Dysk<\/td>\n<td>50 GB available space<\/td>\n<\/tr>\n<\/tbody>\n<\/table>\n<p>**Alone in the Dark** splata mro\u017c\u0105cy krew w \u017cy\u0142ach obraz psychologicznego horroru i po\u0142udniowog\u00f3tyckiego uroku, na nowo wyobra\u017caj\u0105c sobie kultow\u0105 gr\u0119, kt\u00f3ra po\u0142o\u017cy\u0142a fundamenty tego gatunku.<\/p>\n<p>Do\u0142\u0105cz do nas w podr\u00f3\u017cy w szale\u0144stwo, gdzie ka\u017cdy konflikt mo\u017ce by\u0107 Twoim ostatnim. Im bli\u017cej jeste\u015b rozwik\u0142ania tajemnicy Derceto, tym g\u0142odniejsze staj\u0105 si\u0119 oczy czaj\u0105ce si\u0119 w ciemno\u015bci. Ka\u017cdy pocisk mo\u017ce oznacza\u0107 r\u00f3\u017cnic\u0119 mi\u0119dzy przetrwaniem a makabrycznym ko\u0144cem. Kolejne odblokowane drzwi mog\u0105 prowadzi\u0107 do koszmaru, wype\u0142nionego wy\u0142\u0105cznie ostrymi szponami, mackami i utrat\u0105 zmys\u0142\u00f3w.<\/p>\n","protected":false},"excerpt":{"rendered":"<table class=\"info-table\">\n<thead>\n<tr class=\"header-row\">\n<th>Status<\/th>\n<th>INFORMACJE<\/th>\n<\/tr>\n<\/thead>\n<tbody>\n<tr>\n<td class=\"status-cell\">\n<div class=\"status-title\">\ud83d\ude80 NATYCHMIASTOWA DOSTAWA<\/div>\n<div class=\"status-subtitle\">Uzyskaj natychmiastowy dost\u0119p<\/div>\n<\/td>\n<td class=\"info-cell\">\n<div class=\"info-box\">\n<div class=\"info-title\">UWAGA<\/div>\n<div class=\"info-content\">PRZECZYTAJ OPIS<\/div>\n<\/div>\n<\/td>\n<\/tr>\n<tr>\n<td class=\"status-cell\">\n<div class=\"status-title\">\ud83d\udcb0 Czy ta strona jest godna zaufania?<\/div>\n<div class=\"status-subtitle\">+ 4 lata sprzeda\u017cy gier<\/div>\n<\/td>\n<td class=\"info-cell\">\n<div class=\"info-box\">\n<div class=\"info-title\">Dost\u0119p:<\/div>\n<div class=\"info-content\">[trustindex data-widget-id=7fd81be38eb695098c8683dcf1c]<\/div>\n<\/div>\n<\/td>\n<\/tr>\n<\/tbody>\n<\/table>\n","protected":false},"featured_media":7103619,"comment_status":"open","ping_status":"closed","template":"","meta":[],"product_brand":[150],"product_cat":[746,652,747,754],"product_tag":[686,654,673,656,657],"class_list":{"0":"post-7105657","1":"product","2":"type-product","3":"status-publish","4":"has-post-thumbnail","6":"product_brand-thq-nordic","7":"product_cat-akcja","8":"product_cat-gry-steam","9":"product_cat-przygodowe","10":"product_cat-steam","11":"product_tag-eksploracja","12":"product_tag-horror","13":"product_tag-klimatyczne","14":"product_tag-single-player","15":"product_tag-survivalowe","17":"first","18":"instock","19":"downloadable","20":"virtual","21":"purchasable","22":"product-type-simple"},"exclude_global_add_ons":[],"addons":[],"_links":{"self":[{"href":"https:\/\/gamesbestprices.com\/pl\/wp-json\/wp\/v2\/product\/7105657","targetHints":{"allow":["GET"]}}],"collection":[{"href":"https:\/\/gamesbestprices.com\/pl\/wp-json\/wp\/v2\/product"}],"about":[{"href":"https:\/\/gamesbestprices.com\/pl\/wp-json\/wp\/v2\/types\/product"}],"replies":[{"embeddable":true,"href":"https:\/\/gamesbestprices.com\/pl\/wp-json\/wp\/v2\/comments?post=7105657"}],"wp:featuredmedia":[{"embeddable":true,"href":"https:\/\/gamesbestprices.com\/pl\/wp-json\/wp\/v2\/media\/7103619"}],"wp:attachment":[{"href":"https:\/\/gamesbestprices.com\/pl\/wp-json\/wp\/v2\/media?parent=7105657"}],"wp:term":[{"taxonomy":"product_brand","embeddable":true,"href":"https:\/\/gamesbestprices.com\/pl\/wp-json\/wp\/v2\/product_brand?post=7105657"},{"taxonomy":"product_cat","embeddable":true,"href":"https:\/\/gamesbestprices.com\/pl\/wp-json\/wp\/v2\/product_cat?post=7105657"},{"taxonomy":"product_tag","embeddable":true,"href":"https:\/\/gamesbestprices.com\/pl\/wp-json\/wp\/v2\/product_tag?post=7105657"}],"curies":[{"name":"wp","href":"https:\/\/api.w.org\/{rel}","templated":true}]}}