{"id":7105647,"date":"2025-01-02T18:37:52","date_gmt":"2025-01-02T18:37:52","guid":{"rendered":"https:\/\/gamesbestprices.com\/product\/grand-theft-auto-the-trilogy-the-definitive-edition-pc-digital\/"},"modified":"2025-01-02T18:37:52","modified_gmt":"2025-01-02T18:37:52","slug":"grand-theft-auto-the-trilogy-the-definitive-edition-pc-digital","status":"publish","type":"product","link":"https:\/\/gamesbestprices.com\/pl\/produkt\/grand-theft-auto-the-trilogy-the-definitive-edition-pc-digital\/","title":{"rendered":"Grand Theft Auto: The Trilogy \u2013 The Definitive Edition Steam Pc"},"content":{"rendered":"<p><strong>\u26a0\ufe0f<span style=\"color: #ff0000;\">GET A ORIGINAL STEAM GAME!<\/span> \u26a0\ufe0f<\/strong><\/p>\n<p>Enjoy <strong>OFFLINE<\/strong> mode with complete flexibility. You will receive a <strong>LOGIN<\/strong>\u00a0and <strong>PASSWORD (ONE ACCOUNT)<\/strong> that we provide, allowing you to play.<br \/>\n<strong>USING THE PROVIDED ACCOUNT<\/strong>.<\/p>\n<p><strong><span style=\"color: #ff0000;\">IMPORTANT<\/span><\/strong>: Don&#8217;t worry, you will have your <strong>exclusive save<\/strong> and no one can remove you from our account while playing.<br \/>\nPlay without any hassle, whenever you want, saving a lot and having tons of fun!<\/p>\n<p>The account information<strong> cannot be changed. <\/strong>For more details, please <span style=\"color: #037c05;\"><strong><a style=\"color: #037c05;\" href=\"https:\/\/gamesbestprices.com\/faqs\/\">click this link.<\/a><\/strong><\/span><\/p>\n<p><strong>\ud83c\udfae\ud83e\uddd9\u200d\u2642\ufe0f<\/strong><strong>\u00a0ABOUT THE GAME:\u00a0<\/strong><\/p>\n<table>\n<thead>\n<tr>\n<th class=\"cabecalho\" colspan=\"2\">Minimum Wymagania Systemowe<\/th>\n<\/tr>\n<\/thead>\n<tbody>\n<tr>\n<td>System Operacyjny<\/td>\n<td>Windows 10<\/td>\n<\/tr>\n<tr>\n<td>Procesor<\/td>\n<td>Intel\u00ae Core\u2122 i5-6600K \/ AMD FX-6300<\/td>\n<\/tr>\n<tr>\n<td>Pami\u0119\u0107<\/td>\n<td>8 GB RAM<\/td>\n<\/tr>\n<tr>\n<td>Grafika<\/td>\n<td>Nvidia GeForce GTX 760 2GB \/ AMD Radeon R9 280 3GB<\/td>\n<\/tr>\n<tr>\n<td>Przestrze\u0144 Dyskowa<\/td>\n<td>19 GB dost\u0119pnego miejsca<\/td>\n<\/tr>\n<\/tbody>\n<\/table>\n<p>**GTA SAN ANDREAS, VICE CITY, I GTA III (3-W-1)**<\/p>\n<p>Trzy kultowe miasta, trzy epickie historie. Zagraj w klasyczn\u0105 oryginaln\u0105 trylogi\u0119 **Grand Theft Auto**, kt\u00f3ra zdefiniowa\u0142a gatunek \u2013 **Grand Theft Auto III**, **Grand Theft Auto: Vice City** i **Grand Theft Auto: San Andreas** \u2013 zaktualizowan\u0105 dla nowej generacji z r\u00f3\u017cnymi ulepszeniami, w tym niesamowitymi poprawkami o\u015bwietlenia i otoczenia, teksturami w wysokiej rozdzielczo\u015bci, zwi\u0119kszonymi odleg\u0142o\u015bciami renderowania, sterowaniem i celowaniem w stylu Grand Theft Auto V i wieloma innymi, o\u017cywiaj\u0105c te uznane \u015bwiaty z bezprecedensowym poziomem szczeg\u00f3\u0142owo\u015bci.<\/p>\n<p>**Grand Theft Auto: The Trilogy \u2013 The Definitive Edition** zawiera:<\/p>\n<p>\u2022 **Grand Theft Auto III**: Wszystko zaczyna si\u0119 w Liberty City. Z rewolucyjn\u0105 wolno\u015bci\u0105 chodzenia wsz\u0119dzie i kradzenia wszystkiego, **Grand Theft Auto III** umieszcza ci\u0119 w sercu kryminalnego podziemia \u2013 je\u015bli masz odwag\u0119, by si\u0119 z nim zmierzy\u0107.<\/p>\n<p>\u2022 **Grand Theft Auto: Vice City**: Welcome to the 80s. From the decade of big hair and pastel suits comes the story of one man\u2019s rise to the top of the criminal chain. **Grand Theft Auto** returns with Tommy Vercetti and his tale of betrayal and revenge in a neon-lit tropical city brimming with possibilities.<\/p>\n<p>\u2022 **Grand Theft Auto: San Andreas**: Five years ago, Carl &#8222;CJ&#8221; Johnson escaped the chaos of Los Santos, San Andreas&#8230; a city tearing itself apart with gangs, drugs, and corruption. Now, it\u2019s the early 90s. CJ returns home. His mother has been murdered, his family has fallen apart, and his childhood friends are all heading for disaster. To make matters worse, two corrupt cops frame him for murder, forcing CJ on a journey across the state of San Andreas to save his family and take control of the streets in the game that changed everything.<\/p>\n","protected":false},"excerpt":{"rendered":"<table class=\"info-table\">\n<thead>\n<tr class=\"header-row\">\n<th>Status<\/th>\n<th>INFORMACJE<\/th>\n<\/tr>\n<\/thead>\n<tbody>\n<tr>\n<td class=\"status-cell\">\n<div class=\"status-title\">\ud83d\ude80 NATYCHMIASTOWA DOSTAWA<\/div>\n<div class=\"status-subtitle\">Uzyskaj natychmiastowy dost\u0119p<\/div>\n<\/td>\n<td class=\"info-cell\">\n<div class=\"info-box\">\n<div class=\"info-title\">UWAGA<\/div>\n<div class=\"info-content\">PRZECZYTAJ OPIS<\/div>\n<\/div>\n<\/td>\n<\/tr>\n<tr>\n<td class=\"status-cell\">\n<div class=\"status-title\">\ud83d\udcb0 Czy ta strona jest godna zaufania?<\/div>\n<div class=\"status-subtitle\">+ 4 lata sprzeda\u017cy gier<\/div>\n<\/td>\n<td class=\"info-cell\">\n<div class=\"info-box\">\n<div class=\"info-title\">Dost\u0119p:<\/div>\n<div class=\"info-content\">[trustindex data-widget-id=7fd81be38eb695098c8683dcf1c]<\/div>\n<\/div>\n<\/td>\n<\/tr>\n<\/tbody>\n<\/table>\n","protected":false},"featured_media":7103579,"comment_status":"open","ping_status":"closed","template":"","meta":[],"product_brand":[146],"product_cat":[746,652,747,754],"product_tag":[674,687,656,680],"class_list":{"0":"post-7105647","1":"product","2":"type-product","3":"status-publish","4":"has-post-thumbnail","6":"product_brand-rockstar-games","7":"product_cat-akcja","8":"product_cat-gry-steam","9":"product_cat-przygodowe","10":"product_cat-steam","11":"product_tag-bogata-fabula","12":"product_tag-otwarty-swiat","13":"product_tag-single-player","14":"product_tag-tps","16":"first","17":"instock","18":"downloadable","19":"virtual","20":"purchasable","21":"product-type-simple"},"exclude_global_add_ons":[],"addons":[],"_links":{"self":[{"href":"https:\/\/gamesbestprices.com\/pl\/wp-json\/wp\/v2\/product\/7105647","targetHints":{"allow":["GET"]}}],"collection":[{"href":"https:\/\/gamesbestprices.com\/pl\/wp-json\/wp\/v2\/product"}],"about":[{"href":"https:\/\/gamesbestprices.com\/pl\/wp-json\/wp\/v2\/types\/product"}],"replies":[{"embeddable":true,"href":"https:\/\/gamesbestprices.com\/pl\/wp-json\/wp\/v2\/comments?post=7105647"}],"wp:featuredmedia":[{"embeddable":true,"href":"https:\/\/gamesbestprices.com\/pl\/wp-json\/wp\/v2\/media\/7103579"}],"wp:attachment":[{"href":"https:\/\/gamesbestprices.com\/pl\/wp-json\/wp\/v2\/media?parent=7105647"}],"wp:term":[{"taxonomy":"product_brand","embeddable":true,"href":"https:\/\/gamesbestprices.com\/pl\/wp-json\/wp\/v2\/product_brand?post=7105647"},{"taxonomy":"product_cat","embeddable":true,"href":"https:\/\/gamesbestprices.com\/pl\/wp-json\/wp\/v2\/product_cat?post=7105647"},{"taxonomy":"product_tag","embeddable":true,"href":"https:\/\/gamesbestprices.com\/pl\/wp-json\/wp\/v2\/product_tag?post=7105647"}],"curies":[{"name":"wp","href":"https:\/\/api.w.org\/{rel}","templated":true}]}}