{"id":7105557,"date":"2025-01-02T18:35:40","date_gmt":"2025-01-02T18:35:40","guid":{"rendered":"https:\/\/gamesbestprices.com\/product\/dragon-ball-xenoverse-pc-digital\/"},"modified":"2025-01-02T18:35:40","modified_gmt":"2025-01-02T18:35:40","slug":"dragon-ball-xenoverse-pc-digital","status":"publish","type":"product","link":"https:\/\/gamesbestprices.com\/pl\/produkt\/dragon-ball-xenoverse-pc-digital\/","title":{"rendered":"Dragon Ball Xenoverse STEAM PC"},"content":{"rendered":"<p><strong>\u26a0\ufe0f<span style=\"color: #ff0000;\">ZDOB\u0104D\u0179 ORYGINALN\u0104 GR\u0118 STEAM!<\/span> \u26a0\ufe0f<\/strong><\/p>\n<p>Ciesz si\u0119 trybem <strong>OFFLINE<\/strong> z pe\u0142n\u0105 elastyczno\u015bci\u0105. You will receive a <strong>LOGIN<\/strong>\u00a0and <strong>PASSWORD (ONE ACCOUNT)<\/strong> that we provide, allowing you to play.<br \/>\n<strong>KORZYSTAJ\u0104C Z DOSTARCZONEGO KONTA<\/strong>.<\/p>\n<p><strong><span style=\"color: #ff0000;\">IMPORTANT<\/span><\/strong>: Nie martw si\u0119, b\u0119dziesz mie\u0107 sw\u00f3j <strong>ekskluzywny zapis<\/strong> i nikt nie mo\u017ce usun\u0105\u0107 Ci\u0119 z naszego konta podczas gry.<br \/>\nGraj bez k\u0142opot\u00f3w, kiedy chcesz, oszcz\u0119dzaj\u0105c du\u017co i \u015bwietnie si\u0119 bawi\u0105c!<\/p>\n<p>Informacje o koncie<strong> nie mog\u0105 by\u0107 zmieniane. <\/strong>Aby uzyska\u0107 wi\u0119cej szczeg\u00f3\u0142\u00f3w, prosz\u0119 <span style=\"color: #037c05;\"><strong><a style=\"color: #037c05;\" href=\"https:\/\/gamesbestprices.com\/pl\/faqs\/\">kliknij ten link.<\/a><\/strong><\/span><\/p>\n<p><strong>\ud83c\udfae\ud83e\uddd9\u200d\u2642\ufe0f<\/strong><strong>\u00a0O GRZE:\u00a0<\/strong><\/p>\n<table>\n<thead>\n<tr>\n<th class=\"cabecalho\" colspan=\"2\">Minimalne Wymagania Systemowe<\/th>\n<\/tr>\n<\/thead>\n<tbody>\n<tr>\n<td>System Operacyjny *<\/td>\n<td>Windows Vista (x64) \/ Windows 7 (x64)<\/td>\n<\/tr>\n<tr>\n<td>Processor<\/td>\n<td>Intel Core 2 Duo 2.4GHz \/ AMD Athlon 64 X2 5200+, 2.6GHz<\/td>\n<\/tr>\n<tr>\n<td>Memory<\/td>\n<td>2 GB RAM<\/td>\n<\/tr>\n<tr>\n<td>Graphics<\/td>\n<td>512 MB Nvidia GeForce 8800 \/ ATI Radeon HD 3870<\/td>\n<\/tr>\n<tr>\n<td>DirectX<\/td>\n<td>Version 9.0c<\/td>\n<\/tr>\n<tr>\n<td>Network<\/td>\n<td>Szerokopasmowe po\u0142\u0105czenie internetowe<\/td>\n<\/tr>\n<tr>\n<td>Storage<\/td>\n<td>10 GB dost\u0119pnego miejsca<\/td>\n<\/tr>\n<\/tbody>\n<\/table>\n<p>PO RAZ PIERWSZY W HISTORII UNIWERSUM DRAGON BALL TRAFIA NA STEAM!<\/p>\n<p>**DRAGON BALL XENOVERSE** przywraca epickie bitwy sagi za po\u015brednictwem Twojego spersonalizowanego Avatara, kt\u00f3ry walczy u boku Trunksa i wielu innych postaci. Czy si\u0142a tego partnerstwa wystarczy, aby interweniowa\u0107 w bitwach i przywr\u00f3ci\u0107 histori\u0119 Dragon Ball, kt\u00f3r\u0105 wszyscy znamy?<\/p>\n<p>Gra oferuje tajemnicze Toki Toki City, nowy system rozgrywki, nowe animowane postacie i wiele innych funkcji, kt\u00f3re zostan\u0105 wkr\u00f3tce ujawnione!<\/p>\n<p>&nbsp;<\/p>\n","protected":false},"excerpt":{"rendered":"<table class=\"info-table\">\n<thead>\n<tr class=\"header-row\">\n<th>Status<\/th>\n<th>INFORMACJE<\/th>\n<\/tr>\n<\/thead>\n<tbody>\n<tr>\n<td class=\"status-cell\">\n<div class=\"status-title\">\ud83d\ude80 NATYCHMIASTOWA DOSTAWA<\/div>\n<div class=\"status-subtitle\">Uzyskaj natychmiastowy dost\u0119p<\/div>\n<\/td>\n<td class=\"info-cell\">\n<div class=\"info-box\">\n<div class=\"info-title\">UWAGA<\/div>\n<div class=\"info-content\">PRZECZYTAJ OPIS<\/div>\n<\/div>\n<\/td>\n<\/tr>\n<tr>\n<td class=\"status-cell\">\n<div class=\"status-title\">\ud83d\udcb0 Czy ta strona jest godna zaufania?<\/div>\n<div class=\"status-subtitle\">+ 4 lata sprzeda\u017cy gier<\/div>\n<\/td>\n<td class=\"info-cell\">\n<div class=\"info-box\">\n<div class=\"info-title\">Dost\u0119p:<\/div>\n<div class=\"info-content\">[trustindex data-widget-id=7fd81be38eb695098c8683dcf1c]<\/div>\n<\/div>\n<\/td>\n<\/tr>\n<\/tbody>\n<\/table>\n","protected":false},"featured_media":7103711,"comment_status":"open","ping_status":"closed","template":"","meta":[],"product_brand":[132],"product_cat":[746,652,754],"product_tag":[718,719,656,720],"class_list":{"0":"post-7105557","1":"product","2":"type-product","3":"status-publish","4":"has-post-thumbnail","6":"product_brand-bandai-namco","7":"product_cat-akcja","8":"product_cat-gry-steam","9":"product_cat-steam","10":"product_tag-anime","11":"product_tag-fighting","12":"product_tag-single-player","13":"product_tag-wieloosobowe","15":"first","16":"instock","17":"downloadable","18":"virtual","19":"purchasable","20":"product-type-simple"},"exclude_global_add_ons":[],"addons":[],"_links":{"self":[{"href":"https:\/\/gamesbestprices.com\/pl\/wp-json\/wp\/v2\/product\/7105557","targetHints":{"allow":["GET"]}}],"collection":[{"href":"https:\/\/gamesbestprices.com\/pl\/wp-json\/wp\/v2\/product"}],"about":[{"href":"https:\/\/gamesbestprices.com\/pl\/wp-json\/wp\/v2\/types\/product"}],"replies":[{"embeddable":true,"href":"https:\/\/gamesbestprices.com\/pl\/wp-json\/wp\/v2\/comments?post=7105557"}],"wp:featuredmedia":[{"embeddable":true,"href":"https:\/\/gamesbestprices.com\/pl\/wp-json\/wp\/v2\/media\/7103711"}],"wp:attachment":[{"href":"https:\/\/gamesbestprices.com\/pl\/wp-json\/wp\/v2\/media?parent=7105557"}],"wp:term":[{"taxonomy":"product_brand","embeddable":true,"href":"https:\/\/gamesbestprices.com\/pl\/wp-json\/wp\/v2\/product_brand?post=7105557"},{"taxonomy":"product_cat","embeddable":true,"href":"https:\/\/gamesbestprices.com\/pl\/wp-json\/wp\/v2\/product_cat?post=7105557"},{"taxonomy":"product_tag","embeddable":true,"href":"https:\/\/gamesbestprices.com\/pl\/wp-json\/wp\/v2\/product_tag?post=7105557"}],"curies":[{"name":"wp","href":"https:\/\/api.w.org\/{rel}","templated":true}]}}