{"id":7105547,"date":"2025-01-02T18:35:39","date_gmt":"2025-01-02T18:35:39","guid":{"rendered":"https:\/\/gamesbestprices.com\/product\/one-piece-pirate-warriors-4-pc-digital\/"},"modified":"2025-01-02T18:35:39","modified_gmt":"2025-01-02T18:35:39","slug":"one-piece-pirate-warriors-4-pc-digital","status":"publish","type":"product","link":"https:\/\/gamesbestprices.com\/pl\/produkt\/one-piece-pirate-warriors-4-pc-digital\/","title":{"rendered":"One Piece: Pirate Warriors 4 Steam Pc"},"content":{"rendered":"<p><strong>\u26a0\ufe0f<span style=\"color: #ff0000;\">OTRZYMAJ ORYGINALN\u0104 GR\u0118 STEAM!<\/span> \u26a0\ufe0f<\/strong><\/p>\n<p>Ciesz si\u0119 trybem <strong>OFFLINE<\/strong> z pe\u0142n\u0105 elastyczno\u015bci\u0105. Otrzymasz <strong>LOGIN<\/strong> i <strong>HAS\u0141O (JEDNO KONTO)<\/strong>, kt\u00f3re zapewniamy, umo\u017cliwiaj\u0105c Ci gr\u0119.<br \/>\n<strong>KORZYSTAJ\u0104C Z DOSTARCZONEGO KONTA<\/strong>.<\/p>\n<p><strong><span style=\"color: #ff0000;\">WA\u017bNE<\/span><\/strong>: Nie martw si\u0119, b\u0119dziesz mie\u0107 sw\u00f3j <strong>ekskluzywny zapis gry<\/strong> i nikt nie mo\u017ce Ci\u0119 usun\u0105\u0107 z naszego konta podczas gry.<br \/>\nGraj bez problem\u00f3w, kiedy chcesz, oszcz\u0119dzaj\u0105c du\u017co i \u015bwietnie si\u0119 bawi\u0105c!<\/p>\n<p>Informacje o koncie<strong> nie mog\u0105 by\u0107 zmieniane. <\/strong>Aby uzyska\u0107 wi\u0119cej informacji, <span style=\"color: #037c05;\"><strong><a style=\"color: #037c05;\" href=\"https:\/\/gamesbestprices.com\/pl\/faqs\/\">kliknij ten link.<\/a><\/strong><\/span><\/p>\n<p><strong>\ud83c\udfae\ud83e\uddd9\u200d\u2642\ufe0f<\/strong><strong> O GRZE: <\/strong><\/p>\n<table>\n<thead>\n<tr>\n<th class=\"cabecalho\" colspan=\"2\">Minimalne Wymagania Systemowe<\/th>\n<\/tr>\n<\/thead>\n<tbody>\n<tr>\n<td>System Operacyjny<\/td>\n<td>Windows 10, 64-bit<\/td>\n<\/tr>\n<tr>\n<td>Procesor<\/td>\n<td>Intel Core i5 3450 \/ AMD Ryzen 3 1300X<\/td>\n<\/tr>\n<tr>\n<td>Pami\u0119\u0107<\/td>\n<td>8 GB RAM<\/td>\n<\/tr>\n<tr>\n<td>Grafika<\/td>\n<td>NVIDIA GeForce GTX 660 (2GB) \/ AMD Radeon HD 7870 (2GB)<\/td>\n<\/tr>\n<tr>\n<td>DirectX<\/td>\n<td>Version 11<\/td>\n<\/tr>\n<tr>\n<td>Sie\u0107<\/td>\n<td>Broadband Internet connection<\/td>\n<\/tr>\n<tr>\n<td>Dysk<\/td>\n<td>25 GB available space<\/td>\n<\/tr>\n<\/tbody>\n<\/table>\n<p>Seria PIRATE WARRIORS po\u0142\u0105czy\u0142a popularny anime ONE PIECE z ekscytuj\u0105c\u0105 akcj\u0105 serii WARRIORS, tworz\u0105c \u015bwiatowy fenomen, kt\u00f3ry sprzeda\u0142 ponad cztery miliony kopii! Oparta na koncepcji &#8222;walki z t\u0142umami wrog\u00f3w podczas przyg\u00f3d z zaufanymi sojusznikami&#8221;, do\u015bwiadcz niesamowitej akcji ONE PIECE zaczerpni\u0119tej prosto z anime!<\/p>\n<p>ONE PIECE: PIRATE WARRIORS 4 to najnowsza ewolucja akcji PIRATE WARRIORS! Oparta na koncepcji &#8222;do\u015bwiadczania prawdziwego pola bitwy ONE PIECE&#8221;, w trakcie akcji i atak\u00f3w budynki b\u0119d\u0105 si\u0119 wali\u0107, wyrzucaj\u0105c dym i kurz, przenosz\u0105c Ci\u0119 do \u015bwiata ONE PIECE! Wprowadzenie nowych element\u00f3w, kt\u00f3re nie mog\u0142y zosta\u0107 osi\u0105gni\u0119te w poprzednich ods\u0142onach, zapewni\u0142o jeszcze bardziej ekscytuj\u0105cy poziom akcji PIRATE WARRIORS!<\/p>\n<p>&nbsp;<\/p>\n","protected":false},"excerpt":{"rendered":"<table class=\"info-table\">\n<thead>\n<tr class=\"header-row\">\n<th>Status<\/th>\n<th>INFORMACJE<\/th>\n<\/tr>\n<\/thead>\n<tbody>\n<tr>\n<td class=\"status-cell\">\n<div class=\"status-title\">\ud83d\ude80 NATYCHMIASTOWA DOSTAWA<\/div>\n<div class=\"status-subtitle\">Uzyskaj natychmiastowy dost\u0119p<\/div>\n<\/td>\n<td class=\"info-cell\">\n<div class=\"info-box\">\n<div class=\"info-title\">UWAGA<\/div>\n<div class=\"info-content\">PRZECZYTAJ OPIS<\/div>\n<\/div>\n<\/td>\n<\/tr>\n<tr>\n<td class=\"status-cell\">\n<div class=\"status-title\">\ud83d\udcb0 Czy ta strona jest godna zaufania?<\/div>\n<div class=\"status-subtitle\">+ 4 lata sprzeda\u017cy gier<\/div>\n<\/td>\n<td class=\"info-cell\">\n<div class=\"info-box\">\n<div class=\"info-title\">Dost\u0119p:<\/div>\n<div class=\"info-content\">[trustindex data-widget-id=7fd81be38eb695098c8683dcf1c]<\/div>\n<\/div>\n<\/td>\n<\/tr>\n<\/tbody>\n<\/table>\n","protected":false},"featured_media":7103671,"comment_status":"open","ping_status":"closed","template":"","meta":[],"product_brand":[132],"product_cat":[746,652,747,754],"product_tag":[718,740,798,720],"class_list":{"0":"post-7105547","1":"product","2":"type-product","3":"status-publish","4":"has-post-thumbnail","6":"product_brand-bandai-namco","7":"product_cat-akcja","8":"product_cat-gry-steam","9":"product_cat-przygodowe","10":"product_cat-steam","11":"product_tag-anime","12":"product_tag-hack-and-slash","13":"product_tag-kooperacja","14":"product_tag-wieloosobowe","16":"first","17":"instock","18":"downloadable","19":"virtual","20":"purchasable","21":"product-type-simple"},"exclude_global_add_ons":[],"addons":[],"_links":{"self":[{"href":"https:\/\/gamesbestprices.com\/pl\/wp-json\/wp\/v2\/product\/7105547","targetHints":{"allow":["GET"]}}],"collection":[{"href":"https:\/\/gamesbestprices.com\/pl\/wp-json\/wp\/v2\/product"}],"about":[{"href":"https:\/\/gamesbestprices.com\/pl\/wp-json\/wp\/v2\/types\/product"}],"replies":[{"embeddable":true,"href":"https:\/\/gamesbestprices.com\/pl\/wp-json\/wp\/v2\/comments?post=7105547"}],"wp:featuredmedia":[{"embeddable":true,"href":"https:\/\/gamesbestprices.com\/pl\/wp-json\/wp\/v2\/media\/7103671"}],"wp:attachment":[{"href":"https:\/\/gamesbestprices.com\/pl\/wp-json\/wp\/v2\/media?parent=7105547"}],"wp:term":[{"taxonomy":"product_brand","embeddable":true,"href":"https:\/\/gamesbestprices.com\/pl\/wp-json\/wp\/v2\/product_brand?post=7105547"},{"taxonomy":"product_cat","embeddable":true,"href":"https:\/\/gamesbestprices.com\/pl\/wp-json\/wp\/v2\/product_cat?post=7105547"},{"taxonomy":"product_tag","embeddable":true,"href":"https:\/\/gamesbestprices.com\/pl\/wp-json\/wp\/v2\/product_tag?post=7105547"}],"curies":[{"name":"wp","href":"https:\/\/api.w.org\/{rel}","templated":true}]}}