{"id":7105537,"date":"2025-01-02T18:35:16","date_gmt":"2025-01-02T18:35:16","guid":{"rendered":"https:\/\/gamesbestprices.com\/product\/quantum-break-pc-digital\/"},"modified":"2025-01-02T18:35:16","modified_gmt":"2025-01-02T18:35:16","slug":"quantum-break-pc-digital","status":"publish","type":"product","link":"https:\/\/gamesbestprices.com\/pl\/produkt\/quantum-break-pc-digital\/","title":{"rendered":"Quantum Break Steam Pc"},"content":{"rendered":"<p><strong>\u26a0\ufe0f<span style=\"color: #ff0000;\">ZDOB\u0104D\u0179 ORYGINALN\u0104 GR\u0118 STEAM!<\/span> \u26a0\ufe0f<\/strong><\/p>\n<p>Ciesz si\u0119 trybem <strong>OFFLINE<\/strong> z pe\u0142n\u0105 elastyczno\u015bci\u0105. Otrzymasz <strong>LOGIN<\/strong> i <strong>HAS\u0141O (JEDNO KONTO)<\/strong>, kt\u00f3re zapewniamy, umo\u017cliwiaj\u0105c gr\u0119.<br \/>\n<strong>KORZYSTAJ\u0104C Z DOSTARCZONEGO KONTA<\/strong>.<\/p>\n<p><strong><span style=\"color: #ff0000;\">WA\u017bNE<\/span><\/strong>: Nie martw si\u0119, b\u0119dziesz mie\u0107 sw\u00f3j <strong>wy\u0142\u0105czny zapis gry<\/strong> i nikt nie mo\u017ce usun\u0105\u0107 Ci\u0119 z naszego konta podczas gry.<br \/>\nGraj bez \u017cadnych problem\u00f3w, kiedy chcesz, oszcz\u0119dzaj\u0105c du\u017co i \u015bwietnie si\u0119 bawi\u0105c!<\/p>\n<p>Informacje o koncie<strong> nie mog\u0105 by\u0107 zmieniane. <\/strong>Aby uzyska\u0107 wi\u0119cej informacji, prosz\u0119 <span style=\"color: #037c05;\"><strong><a style=\"color: #037c05;\" href=\"https:\/\/gamesbestprices.com\/pl\/faqs\/\">kliknij ten link.<\/a><\/strong><\/span><\/p>\n<p><strong>\ud83c\udfae\ud83e\uddd9\u200d\u2642\ufe0f<\/strong><strong> O GRZE: <\/strong><\/p>\n<table>\n<thead>\n<tr>\n<th class=\"cabecalho\" colspan=\"2\">Minimalne Wymagania Systemowe<\/th>\n<\/tr>\n<\/thead>\n<tbody>\n<tr>\n<td>System Operacyjny*<\/td>\n<td>Windows 7 &#8211; 64 bit<\/td>\n<\/tr>\n<tr>\n<td>Procesor<\/td>\n<td>Intel Core i5-4460, 2.70GHz or AMD FX-6300<\/td>\n<\/tr>\n<tr>\n<td>Pami\u0119\u0107<\/td>\n<td>8 GB RAM<\/td>\n<\/tr>\n<tr>\n<td>Grafika<\/td>\n<td>NVIDIA GeForce GTX 760 or AMD Radeon R7 260x<\/td>\n<\/tr>\n<tr>\n<td>DirectX<\/td>\n<td>Wersja 11<\/td>\n<\/tr>\n<tr>\n<td>Miejsce na dysku<\/td>\n<td>68 GB dost\u0119pnego miejsca<\/td>\n<\/tr>\n<\/tbody>\n<\/table>\n<p>W wyniku katastrofy, kt\u00f3ra w u\u0142amku sekundy rozbija sam czas, dwie osoby odkrywaj\u0105, \u017ce zyska\u0142y niezwyk\u0142e zdolno\u015bci. Jedna, zdeterminowana, by kontrolowa\u0107 t\u0119 moc, podr\u00f3\u017cuje w czasie, podczas gdy druga wykorzystuje swoje nowo odkryte umiej\u0119tno\u015bci, aby pr\u00f3bowa\u0107 j\u0105 powstrzyma\u0107 i przywr\u00f3ci\u0107 o\u015b czasu, zanim zostanie nieodwracalnie zniszczona. Obaj staj\u0105 przed wielkimi wyzwaniami i podejmuj\u0105 dramatyczne decyzje, kt\u00f3re ukszta\u0142tuj\u0105 przysz\u0142o\u015b\u0107.<\/p>\n<p><strong>Quantum Break<\/strong> to niezr\u00f3wnane do\u015bwiadczenie: cz\u0119\u015bciowo hardcorowa gra, cz\u0119\u015bciowo ekscytuj\u0105cy serial aktorski, z gwiazdorsk\u0105 obsad\u0105, w tym <strong>Shawn Ashmore<\/strong> jako bohater Jack Joyce, <strong>Aidan Gillen<\/strong> jako jego arcywr\u00f3g Paul Serene i <strong>Dominic Monaghan<\/strong> jako William, genialny brat Jacka.<\/p>\n<p><strong>Quantum Break<\/strong> dostarcza \u017cyw\u0105 narracj\u0119, g\u0142\u0119bokie postacie i dramatyczne zwroty akcji, z kt\u00f3rych Remedy Entertainment jest znane. Wybory, kt\u00f3rych dokonujesz w grze, wp\u0142ywaj\u0105 na wyniki tej intensywnej fuzji rozgrywki i serialu, oferuj\u0105c graczom naprawd\u0119 wyj\u0105tkowe do\u015bwiadczenie rozrywkowe.<\/p>\n","protected":false},"excerpt":{"rendered":"<table class=\"info-table\">\n<thead>\n<tr class=\"header-row\">\n<th>Status<\/th>\n<th>INFORMACJE<\/th>\n<\/tr>\n<\/thead>\n<tbody>\n<tr>\n<td class=\"status-cell\">\n<div class=\"status-title\">\ud83d\ude80 NATYCHMIASTOWA DOSTAWA<\/div>\n<div class=\"status-subtitle\">Uzyskaj natychmiastowy dost\u0119p<\/div>\n<\/td>\n<td class=\"info-cell\">\n<div class=\"info-box\">\n<div class=\"info-title\">UWAGA<\/div>\n<div class=\"info-content\">PRZECZYTAJ OPIS<\/div>\n<\/div>\n<\/td>\n<\/tr>\n<tr>\n<td class=\"status-cell\">\n<div class=\"status-title\">\ud83d\udcb0 Czy ta strona jest godna zaufania?<\/div>\n<div class=\"status-subtitle\">+ 4 lata sprzeda\u017cy gier<\/div>\n<\/td>\n<td class=\"info-cell\">\n<div class=\"info-box\">\n<div class=\"info-title\">Dost\u0119p:<\/div>\n<div class=\"info-content\">[trustindex data-widget-id=7fd81be38eb695098c8683dcf1c]<\/div>\n<\/div>\n<\/td>\n<\/tr>\n<\/tbody>\n<\/table>\n","protected":false},"featured_media":7103666,"comment_status":"open","ping_status":"closed","template":"","meta":[],"product_brand":[145],"product_cat":[746,652,754],"product_tag":[674,764,656,680],"class_list":{"0":"post-7105537","1":"product","2":"type-product","3":"status-publish","4":"has-post-thumbnail","6":"product_brand-remedy-entertainment","7":"product_cat-akcja","8":"product_cat-gry-steam","9":"product_cat-steam","10":"product_tag-bogata-fabula","11":"product_tag-sci-fi","12":"product_tag-single-player","13":"product_tag-tps","15":"first","16":"instock","17":"downloadable","18":"virtual","19":"purchasable","20":"product-type-simple"},"exclude_global_add_ons":[],"addons":[],"_links":{"self":[{"href":"https:\/\/gamesbestprices.com\/pl\/wp-json\/wp\/v2\/product\/7105537","targetHints":{"allow":["GET"]}}],"collection":[{"href":"https:\/\/gamesbestprices.com\/pl\/wp-json\/wp\/v2\/product"}],"about":[{"href":"https:\/\/gamesbestprices.com\/pl\/wp-json\/wp\/v2\/types\/product"}],"replies":[{"embeddable":true,"href":"https:\/\/gamesbestprices.com\/pl\/wp-json\/wp\/v2\/comments?post=7105537"}],"wp:featuredmedia":[{"embeddable":true,"href":"https:\/\/gamesbestprices.com\/pl\/wp-json\/wp\/v2\/media\/7103666"}],"wp:attachment":[{"href":"https:\/\/gamesbestprices.com\/pl\/wp-json\/wp\/v2\/media?parent=7105537"}],"wp:term":[{"taxonomy":"product_brand","embeddable":true,"href":"https:\/\/gamesbestprices.com\/pl\/wp-json\/wp\/v2\/product_brand?post=7105537"},{"taxonomy":"product_cat","embeddable":true,"href":"https:\/\/gamesbestprices.com\/pl\/wp-json\/wp\/v2\/product_cat?post=7105537"},{"taxonomy":"product_tag","embeddable":true,"href":"https:\/\/gamesbestprices.com\/pl\/wp-json\/wp\/v2\/product_tag?post=7105537"}],"curies":[{"name":"wp","href":"https:\/\/api.w.org\/{rel}","templated":true}]}}