{"id":7105532,"date":"2025-01-02T18:35:16","date_gmt":"2025-01-02T18:35:16","guid":{"rendered":"https:\/\/gamesbestprices.com\/product\/elden-ring-shadow-of-the-erdtree-deluxe-edition-steam-pc\/"},"modified":"2025-01-02T18:35:16","modified_gmt":"2025-01-02T18:35:16","slug":"elden-ring-shadow-of-the-erdtree-deluxe-edition-steam-pc","status":"publish","type":"product","link":"https:\/\/gamesbestprices.com\/pl\/produkt\/elden-ring-shadow-of-the-erdtree-deluxe-edition-steam-pc\/","title":{"rendered":"ELDEN RING Shadow of the Erdtree Deluxe Edition Steam Pc"},"content":{"rendered":"<p><strong>\u26a0\ufe0f<span style=\"color: #ff0000;\">ZDOB\u0104D\u0179 ORYGINALN\u0104 GR\u0118 STEAM!<\/span> \u26a0\ufe0f<\/strong><\/p>\n<p>Ciesz si\u0119 trybem <strong>OFFLINE<\/strong> z pe\u0142n\u0105 elastyczno\u015bci\u0105. Otrzymasz <strong>LOGIN<\/strong> i <strong>HAS\u0141O (JEDNO KONTO)<\/strong>, kt\u00f3re zapewniamy, umo\u017cliwiaj\u0105c gr\u0119.<br \/>\n<strong>KORZYSTAJ\u0104C Z DOSTARCZONEGO KONTA<\/strong>.<\/p>\n<p><strong><span style=\"color: #ff0000;\">WA\u017bNE<\/span><\/strong>: Nie martw si\u0119, b\u0119dziesz mie\u0107 sw\u00f3j <strong>wy\u0142\u0105czny zapis gry<\/strong> i nikt nie mo\u017ce usun\u0105\u0107 Ci\u0119 z naszego konta podczas gry.<br \/>\nGraj bez \u017cadnych problem\u00f3w, kiedy chcesz, oszcz\u0119dzaj\u0105c du\u017co i \u015bwietnie si\u0119 bawi\u0105c!<\/p>\n<p>Informacje o koncie<strong> nie mog\u0105 by\u0107 zmieniane. <\/strong>Aby uzyska\u0107 wi\u0119cej informacji, prosz\u0119 <span style=\"color: #037c05;\"><strong><a style=\"color: #037c05;\" href=\"https:\/\/gamesbestprices.com\/pl\/faqs\/\">kliknij ten link.<\/a><\/strong><\/span><\/p>\n<p><strong>\ud83c\udfae\ud83e\uddd9\u200d\u2642\ufe0f O GRZE: <\/strong><\/p>\n<p>ELDEN RING Shadow of the Erdtree Deluxe Edition zawiera:<br \/>\n&#8211; ELDEN RING<br \/>\n&#8211; ELDEN RING Shadow of the Erdtree Rozszerzenie<br \/>\n&#8211; ELDEN RING Cyfrowy Artbook i Oryginaln\u0105 \u015acie\u017ck\u0119 D\u017awi\u0119kow\u0105<br \/>\n&#8211; ELDEN RING Shadow of the Erdtree Artbook i \u015acie\u017ck\u0119 D\u017awi\u0119kow\u0105<\/p>\n<p>NOWA GRA RPG AKCJI I FANTASY.<br \/>\nPowsta\u0144, Tarnished, i pozw\u00f3l si\u0119 prowadzi\u0107 \u0142asce, by dzier\u017cy\u0107 moc Elden Ring i zosta\u0107 Elden Lord w Lands Between.<\/p>\n<table>\n<thead>\n<tr>\n<th class=\"cabecalho\" colspan=\"2\">Wymagania Systemowe<\/th>\n<\/tr>\n<\/thead>\n<tbody>\n<tr>\n<td>System Operacyjny<\/td>\n<td>Windows 10<\/td>\n<\/tr>\n<tr>\n<td>Procesor<\/td>\n<td>INTEL CORE I5-8400 or AMD RYZEN 3 3300X<\/td>\n<\/tr>\n<tr>\n<td>Pami\u0119\u0107<\/td>\n<td>12 GB RAM<\/td>\n<\/tr>\n<tr>\n<td>Grafika<\/td>\n<td>NVIDIA GEFORCE GTX 1060 3 GB or AMD RADEON RX 580 4 GB<\/td>\n<\/tr>\n<tr>\n<td>DirectX<\/td>\n<td>Wersja 12<\/td>\n<\/tr>\n<tr>\n<td>Miejsce na dysku<\/td>\n<td>60 GB dost\u0119pnego miejsca<\/td>\n<\/tr>\n<\/tbody>\n<\/table>\n<p><img decoding=\"async\" class=\"aligncenter\" src=\"https:\/\/media1.giphy.com\/media\/v1.Y2lkPTc5MGI3NjExaWx5bXZkcjBuOHphMDY4bDJvOWtiemx3bzBpMzl2bTgzMTQycDlraCZlcD12MV9pbnRlcm5hbF9naWZfYnlfaWQmY3Q9Zw\/Ysto3HUxXOhGgKDIaJ\/giphy.gif\" alt=\"Fire Flying GIF by BANDAI NAMCO\" \/><\/p>\n","protected":false},"excerpt":{"rendered":"<table class=\"info-table\">\n<thead>\n<tr class=\"header-row\">\n<th>Status<\/th>\n<th>INFORMACJE<\/th>\n<\/tr>\n<\/thead>\n<tbody>\n<tr>\n<td class=\"status-cell\">\n<div class=\"status-title\">\ud83d\ude80 NATYCHMIASTOWA DOSTAWA<\/div>\n<div class=\"status-subtitle\">Uzyskaj natychmiastowy dost\u0119p<\/div>\n<\/td>\n<td class=\"info-cell\">\n<div class=\"info-box\">\n<div class=\"info-title\">UWAGA<\/div>\n<div class=\"info-content\">PRZECZYTAJ OPIS<\/div>\n<\/div>\n<\/td>\n<\/tr>\n<tr>\n<td class=\"status-cell\">\n<div class=\"status-title\">\ud83d\udcb0 Czy ta strona jest godna zaufania?<\/div>\n<div class=\"status-subtitle\">+ 4 lata sprzeda\u017cy gier<\/div>\n<\/td>\n<td class=\"info-cell\">\n<div class=\"info-box\">\n<div class=\"info-title\">Dost\u0119p:<\/div>\n<div class=\"info-content\">[trustindex data-widget-id=7fd81be38eb695098c8683dcf1c]<\/div>\n<\/div>\n<\/td>\n<\/tr>\n<\/tbody>\n<\/table>\n","protected":false},"featured_media":7103569,"comment_status":"open","ping_status":"closed","template":"","meta":[],"product_brand":[138],"product_cat":[746,652,770,754],"product_tag":[686,699,687,656,793,792],"class_list":{"0":"post-7105532","1":"product","2":"type-product","3":"status-publish","4":"has-post-thumbnail","6":"product_brand-from-software","7":"product_cat-akcja","8":"product_cat-gry-steam","9":"product_cat-rpg","10":"product_cat-steam","11":"product_tag-eksploracja","12":"product_tag-fantasy","13":"product_tag-otwarty-swiat","14":"product_tag-single-player","15":"product_tag-souls-like","16":"product_tag-trudne","18":"first","19":"instock","20":"downloadable","21":"virtual","22":"purchasable","23":"product-type-simple"},"exclude_global_add_ons":[],"addons":[],"_links":{"self":[{"href":"https:\/\/gamesbestprices.com\/pl\/wp-json\/wp\/v2\/product\/7105532","targetHints":{"allow":["GET"]}}],"collection":[{"href":"https:\/\/gamesbestprices.com\/pl\/wp-json\/wp\/v2\/product"}],"about":[{"href":"https:\/\/gamesbestprices.com\/pl\/wp-json\/wp\/v2\/types\/product"}],"replies":[{"embeddable":true,"href":"https:\/\/gamesbestprices.com\/pl\/wp-json\/wp\/v2\/comments?post=7105532"}],"wp:featuredmedia":[{"embeddable":true,"href":"https:\/\/gamesbestprices.com\/pl\/wp-json\/wp\/v2\/media\/7103569"}],"wp:attachment":[{"href":"https:\/\/gamesbestprices.com\/pl\/wp-json\/wp\/v2\/media?parent=7105532"}],"wp:term":[{"taxonomy":"product_brand","embeddable":true,"href":"https:\/\/gamesbestprices.com\/pl\/wp-json\/wp\/v2\/product_brand?post=7105532"},{"taxonomy":"product_cat","embeddable":true,"href":"https:\/\/gamesbestprices.com\/pl\/wp-json\/wp\/v2\/product_cat?post=7105532"},{"taxonomy":"product_tag","embeddable":true,"href":"https:\/\/gamesbestprices.com\/pl\/wp-json\/wp\/v2\/product_tag?post=7105532"}],"curies":[{"name":"wp","href":"https:\/\/api.w.org\/{rel}","templated":true}]}}