{"id":7105517,"date":"2025-01-02T18:34:33","date_gmt":"2025-01-02T18:34:33","guid":{"rendered":"https:\/\/gamesbestprices.com\/product\/mafia-trilogy-pc-digital\/"},"modified":"2025-01-02T18:34:33","modified_gmt":"2025-01-02T18:34:33","slug":"mafia-trilogy-pc-digital","status":"publish","type":"product","link":"https:\/\/gamesbestprices.com\/pl\/produkt\/mafia-trilogy-pc-digital\/","title":{"rendered":"Mafia Trilogy Steam Pc"},"content":{"rendered":"<p><strong>\u26a0\ufe0f<span style=\"color: #ff0000;\">ZDOB\u0104D\u0179 ORYGINALN\u0104 GR\u0118 STEAM!<\/span> \u26a0\ufe0f<\/strong><\/p>\n<p>Ciesz si\u0119 trybem <strong>OFFLINE<\/strong> z pe\u0142n\u0105 elastyczno\u015bci\u0105. You will receive a <strong>LOGIN<\/strong>\u00a0and <strong>PASSWORD (ONE ACCOUNT)<\/strong> that we provide, allowing you to play.<br \/>\n<strong>KORZYSTAJ\u0104C Z DOSTARCZONEGO KONTA<\/strong>.<\/p>\n<p><strong><span style=\"color: #ff0000;\">WA\u017bNE<\/span><\/strong>: Nie martw si\u0119, b\u0119dziesz mie\u0107 sw\u00f3j <strong>ekskluzywny zapis gry<\/strong> i nikt nie mo\u017ce Ci\u0119 usun\u0105\u0107 z naszego konta podczas gry.<br \/>\nGraj bez problem\u00f3w, kiedy chcesz, oszcz\u0119dzaj\u0105c du\u017co i bawi\u0105c si\u0119 \u015bwietnie!<\/p>\n<p>Informacje o koncie<strong> nie mog\u0105 by\u0107 zmienione. <\/strong>Aby uzyska\u0107 wi\u0119cej informacji, <span style=\"color: #037c05;\"><strong><a style=\"color: #037c05;\" href=\"https:\/\/gamesbestprices.com\/pl\/faqs\/\">kliknij ten link.<\/a><\/strong><\/span><\/p>\n<p><strong>\ud83c\udfae\ud83e\uddd9\u200d\u2642\ufe0f<\/strong><strong>\u00a0O GRZE:\u00a0<\/strong><\/p>\n<table>\n<thead>\n<tr>\n<th class=\"cabecalho\" colspan=\"2\">Minimalne Wymagania Systemowe<\/th>\n<\/tr>\n<\/thead>\n<tbody>\n<tr>\n<td>System Operacyjny*<\/td>\n<td>Windows 7 64-bit<\/td>\n<\/tr>\n<tr>\n<td>Procesor<\/td>\n<td>Intel I5-2500K, AMD FX-8120<\/td>\n<\/tr>\n<tr>\n<td>Pami\u0119\u0107<\/td>\n<td>6 GB RAM<\/td>\n<\/tr>\n<tr>\n<td>Grafika<\/td>\n<td>2GB of Video Pami\u0119\u0107 &amp; NVIDIA GeForce GTX 660, AMD Radeon HD7870<\/td>\n<\/tr>\n<tr>\n<td>Dysk<\/td>\n<td>50 GB dost\u0119pnego miejsca<\/td>\n<\/tr>\n<\/tbody>\n<\/table>\n<p>### **Zawiera g\u0142\u00f3wne gry i wszystkie DLC:**<\/p>\n<p>#### **Mafia: Definitive Edition**<br \/>\nKompletny remake oryginalnego klasyka. Wspinaj si\u0119 po szczeblach mafii w czasach prohibicji w Stanach Zjednoczonych. Po przypadkowym spotkaniu z mafi\u0105 taks\u00f3wkarz **Tommy Angelo** zostaje wci\u0105gni\u0119ty w \u015bwiat zorganizowanej przest\u0119pczo\u015bci. Pomimo wahania przed zaanga\u017cowaniem si\u0119 w dzia\u0142alno\u015b\u0107 **rodziny Salieri**, mo\u017cliwo\u015bci wkr\u00f3tce staj\u0105 si\u0119 zbyt du\u017ce, by je ignorowa\u0107.<\/p>\n<p>#### **Mafia II: Definitive Edition**<br \/>\nRemaster HD uznanej gry. Prze\u017cyj \u017cycie gangstera w z\u0142otej erze zorganizowanej przest\u0119pczo\u015bci. **Vito Scaletta**, bohater wojenny, anga\u017cuje si\u0119 w mafi\u0119, aby sp\u0142aci\u0107 d\u0142ugi ojca. U boku swojego najlepszego przyjaciela **Joe**, Vito wyrusza w podr\u00f3\u017c coraz \u015bmielszych i niebezpieczniejszych przest\u0119pstw, aby udowodni\u0107 swoj\u0105 warto\u015b\u0107.<\/p>\n<p>#### **Mafia III: Definitive Edition**<br \/>\nPo latach s\u0142u\u017cby w Wietnamie adopcyjna rodzina **Lincoln Clay**, znana jako czarna mafia, zostaje zdradzona i zniszczona przez w\u0142osk\u0105 mafi\u0119. W swojej vendecie Lincoln buduje now\u0105 rodzin\u0119 z popio\u0142\u00f3w starej i wyrusza, aby pokona\u0107 gangstera odpowiedzialnego za zdrad\u0119.<\/p>\n<p>### **Ostateczna trylogia Mafia. Do\u015bwiadcz zorganizowanej przest\u0119pczo\u015bci w r\u00f3\u017cnych epokach i niezapomnianych historiach.**<\/p>\n<p>&nbsp;<\/p>\n","protected":false},"excerpt":{"rendered":"<table class=\"info-table\">\n<thead>\n<tr class=\"header-row\">\n<th>Status<\/th>\n<th>INFORMACJE<\/th>\n<\/tr>\n<\/thead>\n<tbody>\n<tr>\n<td class=\"status-cell\">\n<div class=\"status-title\">\ud83d\ude80 NATYCHMIASTOWA DOSTAWA<\/div>\n<div class=\"status-subtitle\">Uzyskaj natychmiastowy dost\u0119p<\/div>\n<\/td>\n<td class=\"info-cell\">\n<div class=\"info-box\">\n<div class=\"info-title\">UWAGA<\/div>\n<div class=\"info-content\">PRZECZYTAJ OPIS<\/div>\n<\/div>\n<\/td>\n<\/tr>\n<tr>\n<td class=\"status-cell\">\n<div class=\"status-title\">\ud83d\udcb0 Czy ta strona jest godna zaufania?<\/div>\n<div class=\"status-subtitle\">+ 4 lata sprzeda\u017cy gier<\/div>\n<\/td>\n<td class=\"info-cell\">\n<div class=\"info-box\">\n<div class=\"info-title\">Dost\u0119p:<\/div>\n<div class=\"info-content\">[trustindex data-widget-id=7fd81be38eb695098c8683dcf1c]<\/div>\n<\/div>\n<\/td>\n<\/tr>\n<\/tbody>\n<\/table>\n","protected":false},"featured_media":7103719,"comment_status":"open","ping_status":"closed","template":"","meta":[],"product_brand":[151],"product_cat":[746,652,747,754],"product_tag":[674,656,782,680],"class_list":{"0":"post-7105517","1":"product","2":"type-product","3":"status-publish","4":"has-post-thumbnail","6":"product_brand-2k-games","7":"product_cat-akcja","8":"product_cat-gry-steam","9":"product_cat-przygodowe","10":"product_cat-steam","11":"product_tag-bogata-fabula","12":"product_tag-single-player","13":"product_tag-skradanka","14":"product_tag-tps","16":"first","17":"instock","18":"downloadable","19":"virtual","20":"purchasable","21":"product-type-simple"},"exclude_global_add_ons":[],"addons":[],"_links":{"self":[{"href":"https:\/\/gamesbestprices.com\/pl\/wp-json\/wp\/v2\/product\/7105517","targetHints":{"allow":["GET"]}}],"collection":[{"href":"https:\/\/gamesbestprices.com\/pl\/wp-json\/wp\/v2\/product"}],"about":[{"href":"https:\/\/gamesbestprices.com\/pl\/wp-json\/wp\/v2\/types\/product"}],"replies":[{"embeddable":true,"href":"https:\/\/gamesbestprices.com\/pl\/wp-json\/wp\/v2\/comments?post=7105517"}],"wp:featuredmedia":[{"embeddable":true,"href":"https:\/\/gamesbestprices.com\/pl\/wp-json\/wp\/v2\/media\/7103719"}],"wp:attachment":[{"href":"https:\/\/gamesbestprices.com\/pl\/wp-json\/wp\/v2\/media?parent=7105517"}],"wp:term":[{"taxonomy":"product_brand","embeddable":true,"href":"https:\/\/gamesbestprices.com\/pl\/wp-json\/wp\/v2\/product_brand?post=7105517"},{"taxonomy":"product_cat","embeddable":true,"href":"https:\/\/gamesbestprices.com\/pl\/wp-json\/wp\/v2\/product_cat?post=7105517"},{"taxonomy":"product_tag","embeddable":true,"href":"https:\/\/gamesbestprices.com\/pl\/wp-json\/wp\/v2\/product_tag?post=7105517"}],"curies":[{"name":"wp","href":"https:\/\/api.w.org\/{rel}","templated":true}]}}