{"id":7105502,"date":"2025-01-02T18:33:21","date_gmt":"2025-01-02T18:33:21","guid":{"rendered":"https:\/\/gamesbestprices.com\/product\/horizon-zero-dawn-complete-edition-pc-digital\/"},"modified":"2025-01-02T18:33:21","modified_gmt":"2025-01-02T18:33:21","slug":"horizon-zero-dawn-complete-edition-pc-digital","status":"publish","type":"product","link":"https:\/\/gamesbestprices.com\/pl\/produkt\/horizon-zero-dawn-complete-edition-pc-digital\/","title":{"rendered":"Horizon Zero Dawn Complete Edition Steam Pc"},"content":{"rendered":"<p><strong>\u26a0\ufe0f<span style=\"color: #ff0000;\">ZDOB\u0104D\u0179 ORYGINALN\u0104 GR\u0118 STEAM!<\/span> \u26a0\ufe0f<\/strong><\/p>\n<p>Ciesz si\u0119 trybem <strong>OFFLINE<\/strong> z pe\u0142n\u0105 elastyczno\u015bci\u0105. You will receive a <strong>LOGIN<\/strong>\u00a0and <strong>PASSWORD (ONE ACCOUNT)<\/strong> that we provide, allowing you to play.<br \/>\n<strong>KORZYSTAJ\u0104C Z DOSTARCZONEGO KONTA<\/strong>.<\/p>\n<p><strong><span style=\"color: #ff0000;\">WA\u017bNE<\/span><\/strong>: Nie martw si\u0119, b\u0119dziesz mie\u0107 sw\u00f3j <strong>ekskluzywny zapis gry<\/strong> i nikt nie mo\u017ce Ci\u0119 usun\u0105\u0107 z naszego konta podczas gry.<br \/>\nGraj bez problem\u00f3w, kiedy chcesz, oszcz\u0119dzaj\u0105c du\u017co i bawi\u0105c si\u0119 \u015bwietnie!<\/p>\n<p>Informacje o koncie<strong> nie mog\u0105 by\u0107 zmienione. <\/strong>Aby uzyska\u0107 wi\u0119cej informacji, <span style=\"color: #037c05;\"><strong><a style=\"color: #037c05;\" href=\"https:\/\/gamesbestprices.com\/pl\/faqs\/\">kliknij ten link.<\/a><\/strong><\/span><\/p>\n<p><strong>\ud83c\udfae\ud83e\uddd9\u200d\u2642\ufe0f O GRZE:\u00a0<\/strong><\/p>\n<table>\n<thead>\n<tr>\n<th class=\"cabecalho\" colspan=\"2\">Minimalne Wymagania Systemowe<\/th>\n<\/tr>\n<\/thead>\n<tbody>\n<tr>\n<td>Wymagany 64-bitowy procesor i system operacyjny<\/td>\n<td>Tak<\/td>\n<\/tr>\n<tr>\n<td>System Operacyjny<\/td>\n<td>Windows 10 64-bit<\/td>\n<\/tr>\n<tr>\n<td>Procesor<\/td>\n<td>Intel Core i5-2500K @ 3.3GHz or AMD FX 6300 @ 3.5GHz<\/td>\n<\/tr>\n<tr>\n<td>Pami\u0119\u0107<\/td>\n<td>8 GB RAM<\/td>\n<\/tr>\n<tr>\n<td>Grafika<\/td>\n<td>Nvidia GeForce GTX 780 (3 GB) or AMD Radeon R9 290 (4 GB)<\/td>\n<\/tr>\n<tr>\n<td>DirectX<\/td>\n<td>Version 12<\/td>\n<\/tr>\n<tr>\n<td>Dysk<\/td>\n<td>100 GB dost\u0119pnego miejsca<\/td>\n<\/tr>\n<\/tbody>\n<\/table>\n<p>Prze\u017cyj podr\u00f3\u017c Aloy z plemienia Nora w jej legendarnej misji odkrycia tajemnic \u015bwiata rz\u0105dzonego przez \u015bmierciono\u015bne Maszyny.<\/p>\n<p>Wygnana ze swojego plemienia, ta m\u0142oda \u0142owczyni walczy o odkrycie swojej przesz\u0142o\u015bci, poznanie swojego przeznaczenia&#8230; i zapobie\u017cenie przysz\u0142ej katastrofie.<\/p>\n","protected":false},"excerpt":{"rendered":"<table class=\"info-table\">\n<thead>\n<tr class=\"header-row\">\n<th>Status<\/th>\n<th>INFORMACJE<\/th>\n<\/tr>\n<\/thead>\n<tbody>\n<tr>\n<td class=\"status-cell\">\n<div class=\"status-title\">\ud83d\ude80 NATYCHMIASTOWA DOSTAWA<\/div>\n<div class=\"status-subtitle\">Uzyskaj natychmiastowy dost\u0119p<\/div>\n<\/td>\n<td class=\"info-cell\">\n<div class=\"info-box\">\n<div class=\"info-title\">UWAGA<\/div>\n<div class=\"info-content\">PRZECZYTAJ OPIS<\/div>\n<\/div>\n<\/td>\n<\/tr>\n<tr>\n<td class=\"status-cell\">\n<div class=\"status-title\">\ud83d\udcb0 Czy ta strona jest godna zaufania?<\/div>\n<div class=\"status-subtitle\">+ 4 lata sprzeda\u017cy gier<\/div>\n<\/td>\n<td class=\"info-cell\">\n<div class=\"info-box\">\n<div class=\"info-title\">Dost\u0119p:<\/div>\n<div class=\"info-content\">[trustindex data-widget-id=7fd81be38eb695098c8683dcf1c]<\/div>\n<\/div>\n<\/td>\n<\/tr>\n<\/tbody>\n<\/table>\n","protected":false},"featured_media":7103583,"comment_status":"open","ping_status":"closed","template":"","meta":[],"product_brand":[143],"product_cat":[746,652,747,770,754],"product_tag":[674,686,687,655,656],"class_list":{"0":"post-7105502","1":"product","2":"type-product","3":"status-publish","4":"has-post-thumbnail","6":"product_brand-playstation-studios","7":"product_cat-akcja","8":"product_cat-gry-steam","9":"product_cat-przygodowe","10":"product_cat-rpg","11":"product_cat-steam","12":"product_tag-bogata-fabula","13":"product_tag-eksploracja","14":"product_tag-otwarty-swiat","15":"product_tag-postapokaliptyczne","16":"product_tag-single-player","18":"first","19":"instock","20":"downloadable","21":"virtual","22":"purchasable","23":"product-type-simple"},"exclude_global_add_ons":[],"addons":[],"_links":{"self":[{"href":"https:\/\/gamesbestprices.com\/pl\/wp-json\/wp\/v2\/product\/7105502","targetHints":{"allow":["GET"]}}],"collection":[{"href":"https:\/\/gamesbestprices.com\/pl\/wp-json\/wp\/v2\/product"}],"about":[{"href":"https:\/\/gamesbestprices.com\/pl\/wp-json\/wp\/v2\/types\/product"}],"replies":[{"embeddable":true,"href":"https:\/\/gamesbestprices.com\/pl\/wp-json\/wp\/v2\/comments?post=7105502"}],"wp:featuredmedia":[{"embeddable":true,"href":"https:\/\/gamesbestprices.com\/pl\/wp-json\/wp\/v2\/media\/7103583"}],"wp:attachment":[{"href":"https:\/\/gamesbestprices.com\/pl\/wp-json\/wp\/v2\/media?parent=7105502"}],"wp:term":[{"taxonomy":"product_brand","embeddable":true,"href":"https:\/\/gamesbestprices.com\/pl\/wp-json\/wp\/v2\/product_brand?post=7105502"},{"taxonomy":"product_cat","embeddable":true,"href":"https:\/\/gamesbestprices.com\/pl\/wp-json\/wp\/v2\/product_cat?post=7105502"},{"taxonomy":"product_tag","embeddable":true,"href":"https:\/\/gamesbestprices.com\/pl\/wp-json\/wp\/v2\/product_tag?post=7105502"}],"curies":[{"name":"wp","href":"https:\/\/api.w.org\/{rel}","templated":true}]}}