{"id":7105484,"date":"2025-01-02T18:33:21","date_gmt":"2025-01-02T18:33:21","guid":{"rendered":"https:\/\/gamesbestprices.com\/product\/cyberpunk-2077-phantom-edition-pc-digital\/"},"modified":"2025-01-02T18:33:21","modified_gmt":"2025-01-02T18:33:21","slug":"cyberpunk-2077-phantom-edition-pc-digital","status":"publish","type":"product","link":"https:\/\/gamesbestprices.com\/pl\/produkt\/cyberpunk-2077-phantom-edition-pc-digital\/","title":{"rendered":"Cyberpunk 2077 Phantom Edition Steam Pc"},"content":{"rendered":"<p><strong>\u26a0\ufe0f<span style=\"color: #ff0000;\">ZDOB\u0104D\u0179 ORYGINALN\u0104 GR\u0118 STEAM!<\/span> \u26a0\ufe0f<\/strong><\/p>\n<p>Ciesz si\u0119 trybem <strong>OFFLINE<\/strong> z pe\u0142n\u0105 elastyczno\u015bci\u0105. Otrzymasz <strong>LOGIN<\/strong> i <strong>HAS\u0141O (JEDNO KONTO)<\/strong>, kt\u00f3re zapewniamy, umo\u017cliwiaj\u0105c Ci gr\u0119.<br \/>\n<strong>KORZYSTAJ\u0104C Z DOSTARCZONEGO KONTA<\/strong>.<\/p>\n<p><strong><span style=\"color: #ff0000;\">WA\u017bNE<\/span><\/strong>: Nie martw si\u0119, b\u0119dziesz mie\u0107 sw\u00f3j <strong>ekskluzywny zapis gry<\/strong> i nikt nie mo\u017ce Ci\u0119 usun\u0105\u0107 z naszego konta podczas gry.<br \/>\nGraj bez problem\u00f3w, kiedy chcesz, oszcz\u0119dzaj\u0105c du\u017co i bawi\u0105c si\u0119 \u015bwietnie!<\/p>\n<p>Informacje o koncie<strong> nie mog\u0105 by\u0107 zmienione. <\/strong>Aby uzyska\u0107 wi\u0119cej informacji, <span style=\"color: #037c05;\"><strong><a style=\"color: #037c05;\" href=\"https:\/\/gamesbestprices.com\/pl\/faqs\/\">kliknij ten link.<\/a><\/strong><\/span><\/p>\n<p><strong>\ud83c\udfae\ud83e\uddd9\u200d\u2642\ufe0f O GRZE: <\/strong><\/p>\n<table>\n<thead>\n<tr>\n<th class=\"cabecalho\" colspan=\"2\">Wymagania Systemowe<\/th>\n<\/tr>\n<\/thead>\n<tbody>\n<tr>\n<td>System Operacyjny<\/td>\n<td>Windows 10 64-bit (version 1909 or higher)<\/td>\n<\/tr>\n<tr>\n<td>Procesor<\/td>\n<td>Intel Core i5-3570K or AMD FX-8310<\/td>\n<\/tr>\n<tr>\n<td>Pami\u0119\u0107<\/td>\n<td>16 GB RAM<\/td>\n<\/tr>\n<tr>\n<td>Grafika<\/td>\n<td>NVIDIA GeForce GTX 970 or AMD Radeon RX 470<\/td>\n<\/tr>\n<tr>\n<td>DirectX<\/td>\n<td>Wersja 12<\/td>\n<\/tr>\n<tr>\n<td>Miejsce na dysku<\/td>\n<td>70 GB available space<\/td>\n<\/tr>\n<\/tbody>\n<\/table>\n<pre id=\"tw-target-text\" class=\"tw-data-text tw-text-large tw-ta\" dir=\"ltr\" data-placeholder=\"Tradu\u00e7\u00e3o\" data-ved=\"2ahUKEwjCl7Oqjd-KAxVEJrkGHbDPDMsQ3ewLegQICRAU\" aria-label=\"Texto traduzido: Cyberpunk 2077 is an open-world action-adventure RPG set in the megalopolis of Night City, where you are a cyberpunk mercenary engaged in an intense fight for survival.\"><span class=\"Y2IQFc\" lang=\"en\">Cyberpunk 2077 to RPG akcji i przygody w otwartym \u015bwiecie, osadzone w megalopolis Night City, gdzie jeste\u015b najemnikiem cyberpunk zaanga\u017cowanym w intensywn\u0105 walk\u0119 o przetrwanie.\r\n<img decoding=\"async\" class=\"aligncenter\" src=\"https:\/\/shared.fastly.steamstatic.com\/store_item_assets\/steam\/apps\/1091500\/extras\/Copy_of_ABOUT_THE_GAME_EN.png?t=1734434803\" \/>\r\n<\/span><\/pre>\n","protected":false},"excerpt":{"rendered":"<table class=\"info-table\">\n<thead>\n<tr class=\"header-row\">\n<th>Status<\/th>\n<th>INFORMACJE<\/th>\n<\/tr>\n<\/thead>\n<tbody>\n<tr>\n<td class=\"status-cell\">\n<div class=\"status-title\">\ud83d\ude80 NATYCHMIASTOWA DOSTAWA<\/div>\n<div class=\"status-subtitle\">Uzyskaj natychmiastowy dost\u0119p<\/div>\n<\/td>\n<td class=\"info-cell\">\n<div class=\"info-box\">\n<div class=\"info-title\">UWAGA<\/div>\n<div class=\"info-content\">PRZECZYTAJ OPIS<\/div>\n<\/div>\n<\/td>\n<\/tr>\n<tr>\n<td class=\"status-cell\">\n<div class=\"status-title\">\ud83d\udcb0 Czy ta strona jest godna zaufania?<\/div>\n<div class=\"status-subtitle\">+ 4 lata sprzeda\u017cy gier<\/div>\n<\/td>\n<td class=\"info-cell\">\n<div class=\"info-box\">\n<div class=\"info-title\">Dost\u0119p:<\/div>\n<div class=\"info-content\">[trustindex data-widget-id=7fd81be38eb695098c8683dcf1c]<\/div>\n<\/div>\n<\/td>\n<\/tr>\n<\/tbody>\n<\/table>\n","protected":false},"featured_media":7103559,"comment_status":"open","ping_status":"closed","template":"","meta":[],"product_brand":[135],"product_cat":[746,652,747,754],"product_tag":[674,755,653,687,656,680],"class_list":{"0":"post-7105484","1":"product","2":"type-product","3":"status-publish","4":"has-post-thumbnail","6":"product_brand-cd-projekt-red","7":"product_cat-akcja","8":"product_cat-gry-steam","9":"product_cat-przygodowe","10":"product_cat-steam","11":"product_tag-bogata-fabula","12":"product_tag-cyberpunk","13":"product_tag-fps","14":"product_tag-otwarty-swiat","15":"product_tag-single-player","16":"product_tag-tps","18":"first","19":"instock","20":"downloadable","21":"virtual","22":"purchasable","23":"product-type-simple"},"exclude_global_add_ons":[],"addons":[],"_links":{"self":[{"href":"https:\/\/gamesbestprices.com\/pl\/wp-json\/wp\/v2\/product\/7105484","targetHints":{"allow":["GET"]}}],"collection":[{"href":"https:\/\/gamesbestprices.com\/pl\/wp-json\/wp\/v2\/product"}],"about":[{"href":"https:\/\/gamesbestprices.com\/pl\/wp-json\/wp\/v2\/types\/product"}],"replies":[{"embeddable":true,"href":"https:\/\/gamesbestprices.com\/pl\/wp-json\/wp\/v2\/comments?post=7105484"}],"wp:featuredmedia":[{"embeddable":true,"href":"https:\/\/gamesbestprices.com\/pl\/wp-json\/wp\/v2\/media\/7103559"}],"wp:attachment":[{"href":"https:\/\/gamesbestprices.com\/pl\/wp-json\/wp\/v2\/media?parent=7105484"}],"wp:term":[{"taxonomy":"product_brand","embeddable":true,"href":"https:\/\/gamesbestprices.com\/pl\/wp-json\/wp\/v2\/product_brand?post=7105484"},{"taxonomy":"product_cat","embeddable":true,"href":"https:\/\/gamesbestprices.com\/pl\/wp-json\/wp\/v2\/product_cat?post=7105484"},{"taxonomy":"product_tag","embeddable":true,"href":"https:\/\/gamesbestprices.com\/pl\/wp-json\/wp\/v2\/product_tag?post=7105484"}],"curies":[{"name":"wp","href":"https:\/\/api.w.org\/{rel}","templated":true}]}}