{"id":7105454,"date":"2024-11-23T22:34:14","date_gmt":"2024-11-23T22:34:14","guid":{"rendered":"https:\/\/gamesbestprices.com\/product\/farming-simulator-25-pc-digital\/"},"modified":"2024-11-23T22:34:14","modified_gmt":"2024-11-23T22:34:14","slug":"farming-simulator-25-pc-digital","status":"publish","type":"product","link":"https:\/\/gamesbestprices.com\/pl\/produkt\/farming-simulator-25-pc-digital\/","title":{"rendered":"Farming Simulator 25 Steam Pc"},"content":{"rendered":"<p><strong>\u26a0\ufe0f<span style=\"color: #ff00ff;\">ZDOB\u0104D\u0179 Farming Simulator 25 PC Steam<\/span><\/strong><\/p>\n<p>Ciesz si\u0119 trybem <strong>OFFLINE<\/strong> z pe\u0142n\u0105 elastyczno\u015bci\u0105. Otrzymasz <strong>LOGIN<\/strong> i <strong>HAS\u0141O (JEDNO KONTO)<\/strong>, kt\u00f3re zapewniamy, umo\u017cliwiaj\u0105c Ci gr\u0119.<br \/>\n<strong>KORZYSTAJ\u0104C Z DOSTARCZONEGO KONTA<\/strong>.<\/p>\n<p><span style=\"color: #ff00ff;\"><strong>WA\u017bNE<\/strong>:<\/span> Nie martw si\u0119, b\u0119dziesz mie\u0107 sw\u00f3j <strong>ekskluzywny zapis gry<\/strong> i nikt nie mo\u017ce Ci\u0119 usun\u0105\u0107 z naszego konta podczas gry.<br \/>\nGraj bez problem\u00f3w, kiedy chcesz, oszcz\u0119dzaj\u0105c du\u017co i bawi\u0105c si\u0119 \u015bwietnie!<\/p>\n<p>Informacje o koncie<strong> nie mog\u0105 by\u0107 zmienione. <\/strong>Aby uzyska\u0107 wi\u0119cej informacji, <span style=\"color: #037c05;\"><strong><a style=\"color: #037c05;\" href=\"https:\/\/gamesbestprices.com\/pl\/faqs\/\">kliknij ten link.<\/a><\/strong><\/span><\/p>\n<p><strong>\ud83c\udfae\ud83e\uddd9\u200d\u2642\ufe0f O GRZE: <\/strong><\/p>\n<h6 id=\"tw-target-text\" class=\"tw-data-text tw-text-large tw-ta\" dir=\"ltr\" data-placeholder=\"Translation\" data-ved=\"2ahUKEwjI_6Xbr4-LAxUckZUCHZOHBXsQ3ewLegQIDBAV\" aria-label=\"Translated text: Minimum requirements for The Last of Us\u2122 Part II Remastered Pc\"><span class=\"Y2IQFc\" lang=\"pl\">Minimalne wymagania dla Farming Simulator 25 <\/span><\/h6>\n<table>\n<thead>\n<tr>\n<th class=\"cabecalho\" colspan=\"2\">Wymagania Systemowe<\/th>\n<\/tr>\n<\/thead>\n<tbody>\n<tr>\n<td>System Operacyjny<\/td>\n<td>Windows 10 64bit<\/td>\n<\/tr>\n<tr>\n<td>Procesor<\/td>\n<td>Intel Core i5-6400, AMD Ryzen 5 1400, or better<\/td>\n<\/tr>\n<tr>\n<td>Pami\u0119\u0107 RAM<\/td>\n<td>8 GB RAM<\/td>\n<\/tr>\n<tr>\n<td>Karta Graficzna<\/td>\n<td>Nvidia GeForce GTX 1050Ti, AMD Radeon RX 470 graphics card or better (min 3GB VRAM, DX12 support)<\/td>\n<\/tr>\n<tr>\n<td>DirectX<\/td>\n<td>Wersja 12<\/td>\n<\/tr>\n<tr>\n<td>Sie\u0107<\/td>\n<td>Szerokopasmowe po\u0142\u0105czenie internetowe<\/td>\n<\/tr>\n<tr>\n<td>Miejsce na dysku<\/td>\n<td>45 GB dost\u0119pnego miejsca<\/td>\n<\/tr>\n<\/tbody>\n<\/table>\n<p style=\"text-align: center;\"><iframe title=\"YouTube video player\" src=\"https:\/\/www.youtube.com\/embed\/lW2JOU-EYQA?si=pA1nP6m_AEV9HrHC\" width=\"50%\" height=\"315\" frameborder=\"0\" allowfullscreen=\"allowfullscreen\"><span data-mce-type=\"bookmark\" style=\"display: inline-block; width: 0px; overflow: hidden; line-height: 0;\" class=\"mce_SELRES_start\">\ufeff<\/span><\/iframe><\/p>\n<h6><strong>Farming Simulator 25<\/strong><\/h6>\n<p>Zdob\u0105d\u017a Farming Simulator 25 teraz! Do\u015bwiadcz \u017cycia nowoczesnego rolnika z realistycznymi mechanikami i rozleg\u0142ym otwartym \u015bwiatem. Dost\u0119pne do pobrania na najlepszej platformie gier na PC!<\/p>\n<p>Graj w Farming Simulator 25 na swoim PC i uprawiaj pola, zarz\u0105dzaj hodowl\u0105 i rozwijaj swoje imperium rolnicze. Idealne dla fan\u00f3w gier symulacyjnych i strategicznych. Pobierz teraz i rozpocznij swoj\u0105 przygod\u0119 rolnicz\u0105!<\/p>\n<p><img fetchpriority=\"high\" decoding=\"async\" class=\"bb_img aligncenter\" src=\"https:\/\/shared.cloudflare.steamstatic.com\/store_item_assets\/steam\/apps\/2300320\/extras\/FS25_Steam.gif?t=1731923626\" width=\"743\" height=\"217\" \/><\/p>\n","protected":false},"excerpt":{"rendered":"<table class=\"info-table\">\n<thead>\n<tr class=\"header-row\">\n<th>Status<\/th>\n<th>INFORMACJE<\/th>\n<\/tr>\n<\/thead>\n<tbody>\n<tr>\n<td class=\"status-cell\">\n<div class=\"status-title\">\ud83d\ude80 NATYCHMIASTOWA DOSTAWA<\/div>\n<div class=\"status-subtitle\">Uzyskaj natychmiastowy dost\u0119p<\/div>\n<\/td>\n<td class=\"info-cell\">\n<div class=\"info-box\">\n<div class=\"info-title\">UWAGA<\/div>\n<div class=\"info-content\">PRZECZYTAJ OPIS<\/div>\n<\/div>\n<\/td>\n<\/tr>\n<tr>\n<td class=\"status-cell\">\n<div class=\"status-title\">\ud83d\udcb0 Czy ta strona jest godna zaufania?<\/div>\n<div class=\"status-subtitle\">+ 4 lata sprzeda\u017cy gier<\/div>\n<\/td>\n<td class=\"info-cell\">\n<div class=\"info-box\">\n<div class=\"info-title\">Dost\u0119p:<\/div>\n<div class=\"info-content\">[trustindex data-widget-id=7fd81be38eb695098c8683dcf1c]<\/div>\n<\/div>\n<\/td>\n<\/tr>\n<\/tbody>\n<\/table>\n","protected":false},"featured_media":7103570,"comment_status":"open","ping_status":"closed","template":"","meta":[],"product_brand":[159],"product_cat":[650,651,672],"product_tag":[706,656,692,707],"class_list":{"0":"post-7105454","1":"product","2":"type-product","3":"status-publish","4":"has-post-thumbnail","6":"product_brand-giants","7":"product_cat-gry","8":"product_cat-pc","9":"product_cat-polecane-gry","10":"product_tag-casualowe","11":"product_tag-single-player","12":"product_tag-symulacje","13":"product_tag-zarzadzanie","15":"first","16":"instock","17":"virtual","18":"purchasable","19":"product-type-simple"},"exclude_global_add_ons":[],"addons":[],"_links":{"self":[{"href":"https:\/\/gamesbestprices.com\/pl\/wp-json\/wp\/v2\/product\/7105454","targetHints":{"allow":["GET"]}}],"collection":[{"href":"https:\/\/gamesbestprices.com\/pl\/wp-json\/wp\/v2\/product"}],"about":[{"href":"https:\/\/gamesbestprices.com\/pl\/wp-json\/wp\/v2\/types\/product"}],"replies":[{"embeddable":true,"href":"https:\/\/gamesbestprices.com\/pl\/wp-json\/wp\/v2\/comments?post=7105454"}],"wp:featuredmedia":[{"embeddable":true,"href":"https:\/\/gamesbestprices.com\/pl\/wp-json\/wp\/v2\/media\/7103570"}],"wp:attachment":[{"href":"https:\/\/gamesbestprices.com\/pl\/wp-json\/wp\/v2\/media?parent=7105454"}],"wp:term":[{"taxonomy":"product_brand","embeddable":true,"href":"https:\/\/gamesbestprices.com\/pl\/wp-json\/wp\/v2\/product_brand?post=7105454"},{"taxonomy":"product_cat","embeddable":true,"href":"https:\/\/gamesbestprices.com\/pl\/wp-json\/wp\/v2\/product_cat?post=7105454"},{"taxonomy":"product_tag","embeddable":true,"href":"https:\/\/gamesbestprices.com\/pl\/wp-json\/wp\/v2\/product_tag?post=7105454"}],"curies":[{"name":"wp","href":"https:\/\/api.w.org\/{rel}","templated":true}]}}