{"id":7106527,"date":"2024-11-23T21:47:46","date_gmt":"2024-11-23T21:47:46","guid":{"rendered":"https:\/\/gamesbestprices.com\/polityka-zwrotow-i-reklamacji\/"},"modified":"2026-03-06T17:40:15","modified_gmt":"2026-03-06T17:40:15","slug":"polityka-zwrotow-i-reklamacji","status":"publish","type":"page","link":"https:\/\/gamesbestprices.com\/pl\/polityka-zwrotow-i-reklamacji\/","title":{"rendered":"Polityka zwrot\u00f3w i reklamacji"},"content":{"rendered":"\t\t<div data-elementor-type=\"wp-page\" data-elementor-id=\"7106527\" class=\"elementor elementor-7106527 elementor-17\" data-elementor-post-type=\"page\">\n\t\t\t\t<div class=\"elementor-element elementor-element-692293b8 e-flex e-con-boxed e-con e-parent\" data-id=\"692293b8\" data-element_type=\"container\" data-e-type=\"container\">\n\t\t\t\t\t<div class=\"e-con-inner\">\n\t\t\t\t<div class=\"elementor-element elementor-element-4e861678 elementor-widget elementor-widget-text-editor\" data-id=\"4e861678\" data-element_type=\"widget\" data-e-type=\"widget\" data-widget_type=\"text-editor.default\">\n\t\t\t\t<div class=\"elementor-widget-container\">\n\t\t\t\t\t\t\t\t\t\n<p><strong>Weryfikacja przed zakupem<\/strong><\/p>\n<p>Przed zakupem jakiegokolwiek produktu cyfrowego z naszego sklepu, prosimy o dok\u0142adne sprawdzenie wszystkich wymaga\u0144 systemowych i specyfikacji kompatybilno\u015bci. Klient jest odpowiedzialny za upewnienie si\u0119, \u017ce jego urz\u0105dzenie i oprogramowanie spe\u0142niaj\u0105 wszystkie niezb\u0119dne wymagania dla produktu cyfrowego, kt\u00f3ry zamierza kupi\u0107.<\/p>\n<p><strong>Wyja\u015bnianie zapyta\u0144<\/strong><\/p>\n<p>Zdecydowanie zach\u0119camy klient\u00f3w do zadawania wszelkich pyta\u0144 lub zg\u0142aszania w\u0105tpliwo\u015bci przed dokonaniem zakupu. Nasz zesp\u00f3\u0142 wsparcia jest zawsze gotowy, aby udzieli\u0107 wyczerpuj\u0105cych informacji, kt\u00f3re pomog\u0105 Ci podj\u0105\u0107 \u015bwiadom\u0105 decyzj\u0119 o zakupie.<\/p>\n<p>Aby uzyska\u0107 szczeg\u00f3\u0142owe informacje, odwied\u017a nasz\u0105 dedykowan\u0105 stron\u0119 zasob\u00f3w: <a href=\"https:\/\/gamesbestprices.com\/pl\/faq\/\" target=\"_blank\" rel=\"noopener\">FAQ \u2013 GAMES BEST PRICES<\/a>.<\/p>\n<p><strong>Polityka zwrot\u00f3w<\/strong><\/p>\n<p>Ze wzgl\u0119du na charakter produkt\u00f3w cyfrowych i w celu zapobiegania nieautoryzowanemu powielaniu, wszystkie transakcje s\u0105 uznawane za ostateczne po dostarczeniu produktu. Kontynuuj\u0105c zakup, potwierdzasz i zgadzasz si\u0119, \u017ce zwroty nie b\u0119d\u0105 realizowane po dostarczeniu produktu cyfrowego, z wyj\u0105tkiem szczeg\u00f3lnych okoliczno\u015bci opisanych poni\u017cej.<\/p>\n<p><strong>Ograniczone wyj\u0105tki<\/strong><\/p>\n<p>Zwroty mog\u0105 by\u0107 rozpatrywane wy\u0142\u0105cznie w przypadkach, gdy weryfikowalne problemy techniczne uniemo\u017cliwiaj\u0105 prawid\u0142owe funkcjonowanie produktu, a nasz zesp\u00f3\u0142 wsparcia technicznego nie by\u0142 w stanie rozwi\u0105za\u0107 problemu. W takich zweryfikowanych przypadkach klienci mog\u0105 za\u017c\u0105da\u0107 zwrotu pieni\u0119dzy w ci\u0105gu 7 dni kalendarzowych od daty zakupu. Nale\u017cy pami\u0119ta\u0107, \u017ce op\u0142aty za przetwarzanie p\u0142atno\u015bci nie podlegaj\u0105 zwrotowi w \u017cadnych okoliczno\u015bciach.<\/p>\n<p><strong>Obs\u0142uga klienta<\/strong><\/p>\n<p>W przypadku jakichkolwiek pyta\u0144 dotycz\u0105cych naszej polityki zwrot\u00f3w i reklamacji, prosimy o zapoznanie si\u0119 z nasz\u0105 obszern\u0105 <a href=\"https:\/\/gamesbestprices.com\/pl\/faq\/\" target=\"_blank\" rel=\"noopener\">stron\u0105 FAQ<\/a> w The Gamers&#8217; House lub o bezpo\u015bredni kontakt z naszym zespo\u0142em obs\u0142ugi klienta za po\u015brednictwem WhatsApp w celu uzyskania szybkiej pomocy.<\/p>\n\n<p> <\/p>\t\t\t\t\t\t\t\t<\/div>\n\t\t\t\t<\/div>\n\t\t\t\t\t<\/div>\n\t\t\t\t<\/div>\n\t\t\t\t<\/div>\n\t\t","protected":false},"excerpt":{"rendered":"<p>Weryfikacja przed zakupem Przed zakupem jakiegokolwiek produktu cyfrowego z naszego sklepu, prosimy o dok\u0142adne sprawdzenie wszystkich wymaga\u0144 systemowych i specyfikacji kompatybilno\u015bci. Klient jest odpowiedzialny za upewnienie si\u0119, \u017ce jego urz\u0105dzenie i oprogramowanie spe\u0142niaj\u0105 wszystkie niezb\u0119dne wymagania dla produktu cyfrowego, kt\u00f3ry zamierza kupi\u0107. Wyja\u015bnianie zapyta\u0144 Zdecydowanie zach\u0119camy klient\u00f3w do zadawania wszelkich pyta\u0144 lub zg\u0142aszania w\u0105tpliwo\u015bci przed [&hellip;]<\/p>\n","protected":false},"author":1,"featured_media":0,"parent":0,"menu_order":0,"comment_status":"closed","ping_status":"closed","template":"","meta":{"footnotes":""},"class_list":["post-7106527","page","type-page","status-publish","hentry"],"_links":{"self":[{"href":"https:\/\/gamesbestprices.com\/pl\/wp-json\/wp\/v2\/pages\/7106527","targetHints":{"allow":["GET"]}}],"collection":[{"href":"https:\/\/gamesbestprices.com\/pl\/wp-json\/wp\/v2\/pages"}],"about":[{"href":"https:\/\/gamesbestprices.com\/pl\/wp-json\/wp\/v2\/types\/page"}],"author":[{"embeddable":true,"href":"https:\/\/gamesbestprices.com\/pl\/wp-json\/wp\/v2\/users\/1"}],"replies":[{"embeddable":true,"href":"https:\/\/gamesbestprices.com\/pl\/wp-json\/wp\/v2\/comments?post=7106527"}],"version-history":[{"count":3,"href":"https:\/\/gamesbestprices.com\/pl\/wp-json\/wp\/v2\/pages\/7106527\/revisions"}],"predecessor-version":[{"id":7106530,"href":"https:\/\/gamesbestprices.com\/pl\/wp-json\/wp\/v2\/pages\/7106527\/revisions\/7106530"}],"wp:attachment":[{"href":"https:\/\/gamesbestprices.com\/pl\/wp-json\/wp\/v2\/media?parent=7106527"}],"curies":[{"name":"wp","href":"https:\/\/api.w.org\/{rel}","templated":true}]}}