{"id":7106493,"date":"2016-03-18T18:33:06","date_gmt":"2016-03-18T18:33:06","guid":{"rendered":"https:\/\/gamesbestprices.com\/faq\/"},"modified":"2026-03-06T17:34:06","modified_gmt":"2026-03-06T17:34:06","slug":"faq","status":"publish","type":"page","link":"https:\/\/gamesbestprices.com\/pl\/faq\/","title":{"rendered":"FAQ"},"content":{"rendered":"\t\t<div data-elementor-type=\"wp-page\" data-elementor-id=\"7106493\" class=\"elementor elementor-7106493 elementor-300654\" data-elementor-post-type=\"page\">\n\t\t\t\t\t\t<section class=\"elementor-section elementor-top-section elementor-element elementor-element-305f458 elementor-section-boxed elementor-section-height-default elementor-section-height-default\" data-id=\"305f458\" data-element_type=\"section\" data-e-type=\"section\" data-settings=\"{&quot;background_background&quot;:&quot;classic&quot;}\">\n\t\t\t\t\t\t<div class=\"elementor-container elementor-column-gap-default\">\n\t\t\t\t\t<div class=\"elementor-column elementor-col-100 elementor-top-column elementor-element elementor-element-ff2acd8\" data-id=\"ff2acd8\" data-element_type=\"column\" data-e-type=\"column\">\n\t\t\t<div class=\"elementor-widget-wrap elementor-element-populated\">\n\t\t\t\t\t\t<div class=\"elementor-element elementor-element-75804a5 elementor-widget elementor-widget-heading\" data-id=\"75804a5\" data-element_type=\"widget\" data-e-type=\"widget\" data-widget_type=\"heading.default\">\n\t\t\t\t<div class=\"elementor-widget-container\">\n\t\t\t\t\t<h2 class=\"elementor-heading-title elementor-size-default\">FAQ Druga Wersja<\/h2>\t\t\t\t<\/div>\n\t\t\t\t<\/div>\n\t\t\t\t<div class=\"elementor-element elementor-element-1a5d21a elementor-widget elementor-widget-accordion\" data-id=\"1a5d21a\" data-element_type=\"widget\" data-e-type=\"widget\" data-widget_type=\"accordion.default\">\n\t\t\t\t<div class=\"elementor-widget-container\">\n\t\t\t\t\t\t\t<div class=\"elementor-accordion\">\n\t\t\t\t\t\t\t<div class=\"elementor-accordion-item\">\n\t\t\t\t\t<h4 id=\"elementor-tab-title-2761\" class=\"elementor-tab-title\" data-tab=\"1\" role=\"button\" aria-controls=\"elementor-tab-content-2761\" aria-expanded=\"false\">\n\t\t\t\t\t\t\t\t\t\t\t\t\t<span class=\"elementor-accordion-icon elementor-accordion-icon-right\" aria-hidden=\"true\">\n\t\t\t\t\t\t\t\t\t\t\t\t\t\t\t<span class=\"elementor-accordion-icon-closed\"><svg class=\"e-font-icon-svg e-fas-plus\" viewBox=\"0 0 448 512\" xmlns=\"http:\/\/www.w3.org\/2000\/svg\"><path d=\"M416 208H272V64c0-17.67-14.33-32-32-32h-32c-17.67 0-32 14.33-32 32v144H32c-17.67 0-32 14.33-32 32v32c0 17.67 14.33 32 32 32h144v144c0 17.67 14.33 32 32 32h32c17.67 0 32-14.33 32-32V304h144c17.67 0 32-14.33 32-32v-32c0-17.67-14.33-32-32-32z\"><\/path><\/svg><\/span>\n\t\t\t\t\t\t\t\t<span class=\"elementor-accordion-icon-opened\"><svg class=\"e-font-icon-svg e-fas-minus\" viewBox=\"0 0 448 512\" xmlns=\"http:\/\/www.w3.org\/2000\/svg\"><path d=\"M416 208H32c-17.67 0-32 14.33-32 32v32c0 17.67 14.33 32 32 32h384c17.67 0 32-14.33 32-32v-32c0-17.67-14.33-32-32-32z\"><\/path><\/svg><\/span>\n\t\t\t\t\t\t\t\t\t\t\t\t\t\t<\/span>\n\t\t\t\t\t\t\t\t\t\t\t\t<a class=\"elementor-accordion-title\" tabindex=\"0\">Jakie s\u0105 metody dostawy (jak to dzia\u0142a)?<\/a>\n\t\t\t\t\t<\/h4>\n\t\t\t\t\t<div id=\"elementor-tab-content-2761\" class=\"elementor-tab-content elementor-clearfix\" data-tab=\"1\" role=\"region\" aria-labelledby=\"elementor-tab-title-2761\"><div class=\"vc_toggle_content\">\n<div class=\"vc_toggle_content\">\n<p>Do wszystkich gier udost\u0119pniam konto (LOGIN I HAS\u0141O). Niekt\u00f3re platformy, takie jak Ubisoft i Steam, wymagaj\u0105 metod offline, a Ty b\u0119dziesz gra\u0107, u\u017cywaj\u0105c udost\u0119pnionego konta. W przypadku gier z Microsoft Store otrzymasz konto, ale mo\u017cesz gra\u0107 online, u\u017cywaj\u0105c w\u0142asnego konta, zdobywaj\u0105c osi\u0105gni\u0119cia jak zwykle. Ka\u017cdy opis gry okre\u015bla platform\u0119, do kt\u00f3rej nale\u017cy.<\/p>\n<\/div>\n<\/div>\n<\/div>\n\t\t\t\t<\/div>\n\t\t\t\t\t\t\t<div class=\"elementor-accordion-item\">\n\t\t\t\t\t<h4 id=\"elementor-tab-title-2762\" class=\"elementor-tab-title\" data-tab=\"2\" role=\"button\" aria-controls=\"elementor-tab-content-2762\" aria-expanded=\"false\">\n\t\t\t\t\t\t\t\t\t\t\t\t\t<span class=\"elementor-accordion-icon elementor-accordion-icon-right\" aria-hidden=\"true\">\n\t\t\t\t\t\t\t\t\t\t\t\t\t\t\t<span class=\"elementor-accordion-icon-closed\"><svg class=\"e-font-icon-svg e-fas-plus\" viewBox=\"0 0 448 512\" xmlns=\"http:\/\/www.w3.org\/2000\/svg\"><path d=\"M416 208H272V64c0-17.67-14.33-32-32-32h-32c-17.67 0-32 14.33-32 32v144H32c-17.67 0-32 14.33-32 32v32c0 17.67 14.33 32 32 32h144v144c0 17.67 14.33 32 32 32h32c17.67 0 32-14.33 32-32V304h144c17.67 0 32-14.33 32-32v-32c0-17.67-14.33-32-32-32z\"><\/path><\/svg><\/span>\n\t\t\t\t\t\t\t\t<span class=\"elementor-accordion-icon-opened\"><svg class=\"e-font-icon-svg e-fas-minus\" viewBox=\"0 0 448 512\" xmlns=\"http:\/\/www.w3.org\/2000\/svg\"><path d=\"M416 208H32c-17.67 0-32 14.33-32 32v32c0 17.67 14.33 32 32 32h384c17.67 0 32-14.33 32-32v-32c0-17.67-14.33-32-32-32z\"><\/path><\/svg><\/span>\n\t\t\t\t\t\t\t\t\t\t\t\t\t\t<\/span>\n\t\t\t\t\t\t\t\t\t\t\t\t<a class=\"elementor-accordion-title\" tabindex=\"0\">Czy dost\u0119p jest do\u017cywotni?<\/a>\n\t\t\t\t\t<\/h4>\n\t\t\t\t\t<div id=\"elementor-tab-content-2762\" class=\"elementor-tab-content elementor-clearfix\" data-tab=\"2\" role=\"region\" aria-labelledby=\"elementor-tab-title-2762\"><div class=\"vc_toggle_content\">\n<div class=\"vc_toggle_content\">\n<p>W naszym centrum dla graczy priorytetem jest uczciwo\u015b\u0107 i niezawodno\u015b\u0107. Nasze produkty zapewniaj\u0105 DO\u017bYWOTNI dost\u0119p! Dop\u00f3ki nasz sklep b\u0119dzie dzia\u0142a\u0142, zapewnimy wszelkie niezb\u0119dne wsparcie, aby zapewni\u0107 Twoje zadowolenie.<\/p>\n<\/div>\n<\/div>\n<\/div>\n\t\t\t\t<\/div>\n\t\t\t\t\t\t\t<div class=\"elementor-accordion-item\">\n\t\t\t\t\t<h4 id=\"elementor-tab-title-2763\" class=\"elementor-tab-title\" data-tab=\"3\" role=\"button\" aria-controls=\"elementor-tab-content-2763\" aria-expanded=\"false\">\n\t\t\t\t\t\t\t\t\t\t\t\t\t<span class=\"elementor-accordion-icon elementor-accordion-icon-right\" aria-hidden=\"true\">\n\t\t\t\t\t\t\t\t\t\t\t\t\t\t\t<span class=\"elementor-accordion-icon-closed\"><svg class=\"e-font-icon-svg e-fas-plus\" viewBox=\"0 0 448 512\" xmlns=\"http:\/\/www.w3.org\/2000\/svg\"><path d=\"M416 208H272V64c0-17.67-14.33-32-32-32h-32c-17.67 0-32 14.33-32 32v144H32c-17.67 0-32 14.33-32 32v32c0 17.67 14.33 32 32 32h144v144c0 17.67 14.33 32 32 32h32c17.67 0 32-14.33 32-32V304h144c17.67 0 32-14.33 32-32v-32c0-17.67-14.33-32-32-32z\"><\/path><\/svg><\/span>\n\t\t\t\t\t\t\t\t<span class=\"elementor-accordion-icon-opened\"><svg class=\"e-font-icon-svg e-fas-minus\" viewBox=\"0 0 448 512\" xmlns=\"http:\/\/www.w3.org\/2000\/svg\"><path d=\"M416 208H32c-17.67 0-32 14.33-32 32v32c0 17.67 14.33 32 32 32h384c17.67 0 32-14.33 32-32v-32c0-17.67-14.33-32-32-32z\"><\/path><\/svg><\/span>\n\t\t\t\t\t\t\t\t\t\t\t\t\t\t<\/span>\n\t\t\t\t\t\t\t\t\t\t\t\t<a class=\"elementor-accordion-title\" tabindex=\"0\">Czy dostawa jest natychmiastowa?<\/a>\n\t\t\t\t\t<\/h4>\n\t\t\t\t\t<div id=\"elementor-tab-content-2763\" class=\"elementor-tab-content elementor-clearfix\" data-tab=\"3\" role=\"region\" aria-labelledby=\"elementor-tab-title-2763\"><div class=\"vc_toggle_content\">\n<div class=\"vc_toggle_content\">\n<div class=\"vc_toggle_content\">\n<p>Je\u015bli masz pytania lub w\u0105tpliwo\u015bci, skontaktuj si\u0119 z nami mailowo lub przez WhatsApp. WhatsApp zazwyczaj oferuje szybsze odpowiedzi. Zobowi\u0105zujemy si\u0119 odpowiada\u0107 w ci\u0105gu 30 minut do 1 godziny w godzinach pracy.<\/p>\n<p>Nie wahaj si\u0119 z nami skontaktowa\u0107. Jeste\u015bmy tutaj, aby zapewni\u0107 Ci p\u0142ynne i satysfakcjonuj\u0105ce do\u015bwiadczenie.<\/p>\n<\/div>\n<\/div>\n<\/div>\n<\/div>\n\t\t\t\t<\/div>\n\t\t\t\t\t\t\t<div class=\"elementor-accordion-item\">\n\t\t\t\t\t<h4 id=\"elementor-tab-title-2764\" class=\"elementor-tab-title\" data-tab=\"4\" role=\"button\" aria-controls=\"elementor-tab-content-2764\" aria-expanded=\"false\">\n\t\t\t\t\t\t\t\t\t\t\t\t\t<span class=\"elementor-accordion-icon elementor-accordion-icon-right\" aria-hidden=\"true\">\n\t\t\t\t\t\t\t\t\t\t\t\t\t\t\t<span class=\"elementor-accordion-icon-closed\"><svg class=\"e-font-icon-svg e-fas-plus\" viewBox=\"0 0 448 512\" xmlns=\"http:\/\/www.w3.org\/2000\/svg\"><path d=\"M416 208H272V64c0-17.67-14.33-32-32-32h-32c-17.67 0-32 14.33-32 32v144H32c-17.67 0-32 14.33-32 32v32c0 17.67 14.33 32 32 32h144v144c0 17.67 14.33 32 32 32h32c17.67 0 32-14.33 32-32V304h144c17.67 0 32-14.33 32-32v-32c0-17.67-14.33-32-32-32z\"><\/path><\/svg><\/span>\n\t\t\t\t\t\t\t\t<span class=\"elementor-accordion-icon-opened\"><svg class=\"e-font-icon-svg e-fas-minus\" viewBox=\"0 0 448 512\" xmlns=\"http:\/\/www.w3.org\/2000\/svg\"><path d=\"M416 208H32c-17.67 0-32 14.33-32 32v32c0 17.67 14.33 32 32 32h384c17.67 0 32-14.33 32-32v-32c0-17.67-14.33-32-32-32z\"><\/path><\/svg><\/span>\n\t\t\t\t\t\t\t\t\t\t\t\t\t\t<\/span>\n\t\t\t\t\t\t\t\t\t\t\t\t<a class=\"elementor-accordion-title\" tabindex=\"0\">Jak mam si\u0119 z Wami skontaktowa\u0107, je\u015bli mam pytania?<\/a>\n\t\t\t\t\t<\/h4>\n\t\t\t\t\t<div id=\"elementor-tab-content-2764\" class=\"elementor-tab-content elementor-clearfix\" data-tab=\"4\" role=\"region\" aria-labelledby=\"elementor-tab-title-2764\"><div class=\"vc_toggle_content\">\n<div class=\"vc_toggle_content\">\n<p>Je\u015bli masz pytania lub w\u0105tpliwo\u015bci, skontaktuj si\u0119 z nami mailowo lub przez WhatsApp. WhatsApp zazwyczaj oferuje szybsze odpowiedzi. Zobowi\u0105zujemy si\u0119 odpowiada\u0107 w ci\u0105gu 30 minut do 1 godziny w godzinach pracy.<\/p>\n<p>Nie wahaj si\u0119 z nami skontaktowa\u0107. Jeste\u015bmy tutaj, aby zapewni\u0107 Ci p\u0142ynne i satysfakcjonuj\u0105ce do\u015bwiadczenie.<\/p>\n<\/div>\n<\/div>\n<\/div>\n\t\t\t\t<\/div>\n\t\t\t\t\t\t\t<div class=\"elementor-accordion-item\">\n\t\t\t\t\t<h4 id=\"elementor-tab-title-2765\" class=\"elementor-tab-title\" data-tab=\"5\" role=\"button\" aria-controls=\"elementor-tab-content-2765\" aria-expanded=\"false\">\n\t\t\t\t\t\t\t\t\t\t\t\t\t<span class=\"elementor-accordion-icon elementor-accordion-icon-right\" aria-hidden=\"true\">\n\t\t\t\t\t\t\t\t\t\t\t\t\t\t\t<span class=\"elementor-accordion-icon-closed\"><svg class=\"e-font-icon-svg e-fas-plus\" viewBox=\"0 0 448 512\" xmlns=\"http:\/\/www.w3.org\/2000\/svg\"><path d=\"M416 208H272V64c0-17.67-14.33-32-32-32h-32c-17.67 0-32 14.33-32 32v144H32c-17.67 0-32 14.33-32 32v32c0 17.67 14.33 32 32 32h144v144c0 17.67 14.33 32 32 32h32c17.67 0 32-14.33 32-32V304h144c17.67 0 32-14.33 32-32v-32c0-17.67-14.33-32-32-32z\"><\/path><\/svg><\/span>\n\t\t\t\t\t\t\t\t<span class=\"elementor-accordion-icon-opened\"><svg class=\"e-font-icon-svg e-fas-minus\" viewBox=\"0 0 448 512\" xmlns=\"http:\/\/www.w3.org\/2000\/svg\"><path d=\"M416 208H32c-17.67 0-32 14.33-32 32v32c0 17.67 14.33 32 32 32h384c17.67 0 32-14.33 32-32v-32c0-17.67-14.33-32-32-32z\"><\/path><\/svg><\/span>\n\t\t\t\t\t\t\t\t\t\t\t\t\t\t<\/span>\n\t\t\t\t\t\t\t\t\t\t\t\t<a class=\"elementor-accordion-title\" tabindex=\"0\">Czy mog\u0119 bezpiecznie kupowa\u0107?<\/a>\n\t\t\t\t\t<\/h4>\n\t\t\t\t\t<div id=\"elementor-tab-content-2765\" class=\"elementor-tab-content elementor-clearfix\" data-tab=\"5\" role=\"region\" aria-labelledby=\"elementor-tab-title-2765\"><div class=\"vc_toggle_content\">\n<div class=\"vc_toggle_content\">\n<p>Jeste\u015bmy zaufanym sklepem, pasjonuj\u0105cym si\u0119 grami i oddanym dostarczaniu wyj\u0105tkowych wra\u017ce\u0144. Z ponad dwuletnim do\u015bwiadczeniem na rynku, s\u0142u\u017cymy spo\u0142eczno\u015bci graczy szerok\u0105 gam\u0105 wysokiej jako\u015bci produkt\u00f3w i us\u0142ug.<\/p>\n<p>Przez lata zbudowali\u015bmy lojaln\u0105 baz\u0119 tysi\u0119cy zadowolonych graczy, kt\u00f3rzy ufaj\u0105 nam w dostarczaniu najlepszych gier. Nasze zaanga\u017cowanie w doskona\u0142o\u015b\u0107 wida\u0107 w ka\u017cdej interakcji, od przegl\u0105dania naszej strony internetowej po otrzymanie zam\u00f3wienia.<\/p>\n<p>W naszym sklepie znajdziesz najnowsze premiery, ponadczasowe klasyki oraz wyselekcjonowany wyb\u00f3r ekskluzywnych produkt\u00f3w, aby sprosta\u0107 potrzebom nawet najbardziej wymagaj\u0105cych graczy.<\/p>\n<p>Do\u0142\u0105cz do naszej spo\u0142eczno\u015bci zadowolonych klient\u00f3w i odkryj, dlaczego jeste\u015bmy najlepszym wyborem dla tak wielu entuzjast\u00f3w gier. Dzi\u0119kujemy za wybranie naszego sklepu \u2013 jeste\u015bmy tutaj, aby Twoja podr\u00f3\u017c gamingowa by\u0142a ekscytuj\u0105ca i satysfakcjonuj\u0105ca, dzi\u015b i zawsze.<\/p>\n<\/div>\n<\/div>\n<\/div>\n\t\t\t\t<\/div>\n\t\t\t\t\t\t\t<div class=\"elementor-accordion-item\">\n\t\t\t\t\t<h4 id=\"elementor-tab-title-2766\" class=\"elementor-tab-title\" data-tab=\"6\" role=\"button\" aria-controls=\"elementor-tab-content-2766\" aria-expanded=\"false\">\n\t\t\t\t\t\t\t\t\t\t\t\t\t<span class=\"elementor-accordion-icon elementor-accordion-icon-right\" aria-hidden=\"true\">\n\t\t\t\t\t\t\t\t\t\t\t\t\t\t\t<span class=\"elementor-accordion-icon-closed\"><svg class=\"e-font-icon-svg e-fas-plus\" viewBox=\"0 0 448 512\" xmlns=\"http:\/\/www.w3.org\/2000\/svg\"><path d=\"M416 208H272V64c0-17.67-14.33-32-32-32h-32c-17.67 0-32 14.33-32 32v144H32c-17.67 0-32 14.33-32 32v32c0 17.67 14.33 32 32 32h144v144c0 17.67 14.33 32 32 32h32c17.67 0 32-14.33 32-32V304h144c17.67 0 32-14.33 32-32v-32c0-17.67-14.33-32-32-32z\"><\/path><\/svg><\/span>\n\t\t\t\t\t\t\t\t<span class=\"elementor-accordion-icon-opened\"><svg class=\"e-font-icon-svg e-fas-minus\" viewBox=\"0 0 448 512\" xmlns=\"http:\/\/www.w3.org\/2000\/svg\"><path d=\"M416 208H32c-17.67 0-32 14.33-32 32v32c0 17.67 14.33 32 32 32h384c17.67 0 32-14.33 32-32v-32c0-17.67-14.33-32-32-32z\"><\/path><\/svg><\/span>\n\t\t\t\t\t\t\t\t\t\t\t\t\t\t<\/span>\n\t\t\t\t\t\t\t\t\t\t\t\t<a class=\"elementor-accordion-title\" tabindex=\"0\">Jak otrzymam produkt?<\/a>\n\t\t\t\t\t<\/h4>\n\t\t\t\t\t<div id=\"elementor-tab-content-2766\" class=\"elementor-tab-content elementor-clearfix\" data-tab=\"6\" role=\"region\" aria-labelledby=\"elementor-tab-title-2766\"><div class=\"vc_toggle_content\">\n<p>Aby Twoje do\u015bwiadczenie by\u0142o szybsze i wygodniejsze, pocz\u0105tkowo jeste\u015bmy dost\u0119pni, aby odpowiedzie\u0107 na wszelkie pytania lub w\u0105tpliwo\u015bci dotycz\u0105ce dostawy produktu przez WhatsApp. Po pierwszym kontakcie otrzymasz dost\u0119p do zakupionego produktu e-mailem, wraz ze szczeg\u00f3\u0142owym samouczkiem dotycz\u0105cym procesu instalacji.<\/p>\n<p>Zobowi\u0105zujemy si\u0119 oferowa\u0107 wydajn\u0105 i przejrzyst\u0105 obs\u0142ug\u0119, aby zapewni\u0107 Twoje zadowolenie. Nie wahaj si\u0119 skontaktowa\u0107 z nami na WhatsApp w celu uzyskania natychmiastowej pomocy.<\/p>\n<\/div>\n<\/div>\n\t\t\t\t<\/div>\n\t\t\t\t\t\t\t\t\t\t<script type=\"application\/ld+json\">{\"@context\":\"https:\\\/\\\/schema.org\",\"@type\":\"FAQPage\",\"mainEntity\":[{\"@type\":\"Question\",\"name\":\"Jakie s\\u0105 metody dostawy (jak to dzia\\u0142a)?\",\"acceptedAnswer\":{\"@type\":\"Answer\",\"text\":\"<div class=\\\"vc_toggle_content\\\">\\n<div class=\\\"vc_toggle_content\\\">\\n<p>Do wszystkich gier udost\\u0119pniam konto (LOGIN I HAS\\u0141O). Niekt\\u00f3re platformy, takie jak Ubisoft i Steam, wymagaj\\u0105 metod offline, a Ty b\\u0119dziesz gra\\u0107, u\\u017cywaj\\u0105c udost\\u0119pnionego konta. W przypadku gier z Microsoft Store otrzymasz konto, ale mo\\u017cesz gra\\u0107 online, u\\u017cywaj\\u0105c w\\u0142asnego konta, zdobywaj\\u0105c osi\\u0105gni\\u0119cia jak zwykle. Ka\\u017cdy opis gry okre\\u015bla platform\\u0119, do kt\\u00f3rej nale\\u017cy.<\\\/p>\\n<\\\/div>\\n<\\\/div>\\n\"}},{\"@type\":\"Question\",\"name\":\"Czy dost\\u0119p jest do\\u017cywotni?\",\"acceptedAnswer\":{\"@type\":\"Answer\",\"text\":\"<div class=\\\"vc_toggle_content\\\">\\n<div class=\\\"vc_toggle_content\\\">\\n<p>W naszym centrum dla graczy priorytetem jest uczciwo\\u015b\\u0107 i niezawodno\\u015b\\u0107. Nasze produkty zapewniaj\\u0105 DO\\u017bYWOTNI dost\\u0119p! Dop\\u00f3ki nasz sklep b\\u0119dzie dzia\\u0142a\\u0142, zapewnimy wszelkie niezb\\u0119dne wsparcie, aby zapewni\\u0107 Twoje zadowolenie.<\\\/p>\\n<\\\/div>\\n<\\\/div>\\n\"}},{\"@type\":\"Question\",\"name\":\"Czy dostawa jest natychmiastowa?\",\"acceptedAnswer\":{\"@type\":\"Answer\",\"text\":\"<div class=\\\"vc_toggle_content\\\">\\n<div class=\\\"vc_toggle_content\\\">\\n<div class=\\\"vc_toggle_content\\\">\\n<p>Je\\u015bli masz pytania lub w\\u0105tpliwo\\u015bci, skontaktuj si\\u0119 z nami mailowo lub przez WhatsApp. WhatsApp zazwyczaj oferuje szybsze odpowiedzi. Zobowi\\u0105zujemy si\\u0119 odpowiada\\u0107 w ci\\u0105gu 30 minut do 1 godziny w godzinach pracy.<\\\/p>\\n<p>Nie wahaj si\\u0119 z nami skontaktowa\\u0107. Jeste\\u015bmy tutaj, aby zapewni\\u0107 Ci p\\u0142ynne i satysfakcjonuj\\u0105ce do\\u015bwiadczenie.<\\\/p>\\n<\\\/div>\\n<\\\/div>\\n<\\\/div>\\n\"}},{\"@type\":\"Question\",\"name\":\"Jak mam si\\u0119 z Wami skontaktowa\\u0107, je\\u015bli mam pytania?\",\"acceptedAnswer\":{\"@type\":\"Answer\",\"text\":\"<div class=\\\"vc_toggle_content\\\">\\n<div class=\\\"vc_toggle_content\\\">\\n<p>Je\\u015bli masz pytania lub w\\u0105tpliwo\\u015bci, skontaktuj si\\u0119 z nami mailowo lub przez WhatsApp. WhatsApp zazwyczaj oferuje szybsze odpowiedzi. Zobowi\\u0105zujemy si\\u0119 odpowiada\\u0107 w ci\\u0105gu 30 minut do 1 godziny w godzinach pracy.<\\\/p>\\n<p>Nie wahaj si\\u0119 z nami skontaktowa\\u0107. Jeste\\u015bmy tutaj, aby zapewni\\u0107 Ci p\\u0142ynne i satysfakcjonuj\\u0105ce do\\u015bwiadczenie.<\\\/p>\\n<\\\/div>\\n<\\\/div>\\n\"}},{\"@type\":\"Question\",\"name\":\"Czy mog\\u0119 bezpiecznie kupowa\\u0107?\",\"acceptedAnswer\":{\"@type\":\"Answer\",\"text\":\"<div class=\\\"vc_toggle_content\\\">\\n<div class=\\\"vc_toggle_content\\\">\\n<p>Jeste\\u015bmy zaufanym sklepem, pasjonuj\\u0105cym si\\u0119 grami i oddanym dostarczaniu wyj\\u0105tkowych wra\\u017ce\\u0144. Z ponad dwuletnim do\\u015bwiadczeniem na rynku, s\\u0142u\\u017cymy spo\\u0142eczno\\u015bci graczy szerok\\u0105 gam\\u0105 wysokiej jako\\u015bci produkt\\u00f3w i us\\u0142ug.<\\\/p>\\n<p>Przez lata zbudowali\\u015bmy lojaln\\u0105 baz\\u0119 tysi\\u0119cy zadowolonych graczy, kt\\u00f3rzy ufaj\\u0105 nam w dostarczaniu najlepszych gier. Nasze zaanga\\u017cowanie w doskona\\u0142o\\u015b\\u0107 wida\\u0107 w ka\\u017cdej interakcji, od przegl\\u0105dania naszej strony internetowej po otrzymanie zam\\u00f3wienia.<\\\/p>\\n<p>W naszym sklepie znajdziesz najnowsze premiery, ponadczasowe klasyki oraz wyselekcjonowany wyb\\u00f3r ekskluzywnych produkt\\u00f3w, aby sprosta\\u0107 potrzebom nawet najbardziej wymagaj\\u0105cych graczy.<\\\/p>\\n<p>Do\\u0142\\u0105cz do naszej spo\\u0142eczno\\u015bci zadowolonych klient\\u00f3w i odkryj, dlaczego jeste\\u015bmy najlepszym wyborem dla tak wielu entuzjast\\u00f3w gier. Dzi\\u0119kujemy za wybranie naszego sklepu \\u2013 jeste\\u015bmy tutaj, aby Twoja podr\\u00f3\\u017c gamingowa by\\u0142a ekscytuj\\u0105ca i satysfakcjonuj\\u0105ca, dzi\\u015b i zawsze.<\\\/p>\\n<\\\/div>\\n<\\\/div>\\n\"}},{\"@type\":\"Question\",\"name\":\"Jak otrzymam produkt?\",\"acceptedAnswer\":{\"@type\":\"Answer\",\"text\":\"<div class=\\\"vc_toggle_content\\\">\\n<p>Aby Twoje do\\u015bwiadczenie by\\u0142o szybsze i wygodniejsze, pocz\\u0105tkowo jeste\\u015bmy dost\\u0119pni, aby odpowiedzie\\u0107 na wszelkie pytania lub w\\u0105tpliwo\\u015bci dotycz\\u0105ce dostawy produktu przez WhatsApp. Po pierwszym kontakcie otrzymasz dost\\u0119p do zakupionego produktu e-mailem, wraz ze szczeg\\u00f3\\u0142owym samouczkiem dotycz\\u0105cym procesu instalacji.<\\\/p>\\n<p>Zobowi\\u0105zujemy si\\u0119 oferowa\\u0107 wydajn\\u0105 i przejrzyst\\u0105 obs\\u0142ug\\u0119, aby zapewni\\u0107 Twoje zadowolenie. Nie wahaj si\\u0119 skontaktowa\\u0107 z nami na WhatsApp w celu uzyskania natychmiastowej pomocy.<\\\/p>\\n<\\\/div>\\n\"}}]}<\/script>\n\t\t\t\t\t<\/div>\n\t\t\t\t\t\t<\/div>\n\t\t\t\t<\/div>\n\t\t\t\t\t<\/div>\n\t\t<\/div>\n\t\t\t\t\t<\/div>\n\t\t<\/section>\n\t\t\t\t<\/div>\n\t\t","protected":false},"excerpt":{"rendered":"<p>FAQ Druga Wersja Jakie s\u0105 metody dostawy (jak to dzia\u0142a)? Do wszystkich gier udost\u0119pniam konto (LOGIN I HAS\u0141O). Niekt\u00f3re platformy, takie jak Ubisoft i Steam, wymagaj\u0105 metod offline, a Ty b\u0119dziesz gra\u0107, u\u017cywaj\u0105c udost\u0119pnionego konta. W przypadku gier z Microsoft Store otrzymasz konto, ale mo\u017cesz gra\u0107 online, u\u017cywaj\u0105c w\u0142asnego konta, zdobywaj\u0105c osi\u0105gni\u0119cia jak zwykle. Ka\u017cdy [&hellip;]<\/p>\n","protected":false},"author":1,"featured_media":0,"parent":0,"menu_order":0,"comment_status":"closed","ping_status":"closed","template":"template-archive.php","meta":{"footnotes":""},"class_list":["post-7106493","page","type-page","status-publish","hentry"],"_links":{"self":[{"href":"https:\/\/gamesbestprices.com\/pl\/wp-json\/wp\/v2\/pages\/7106493","targetHints":{"allow":["GET"]}}],"collection":[{"href":"https:\/\/gamesbestprices.com\/pl\/wp-json\/wp\/v2\/pages"}],"about":[{"href":"https:\/\/gamesbestprices.com\/pl\/wp-json\/wp\/v2\/types\/page"}],"author":[{"embeddable":true,"href":"https:\/\/gamesbestprices.com\/pl\/wp-json\/wp\/v2\/users\/1"}],"replies":[{"embeddable":true,"href":"https:\/\/gamesbestprices.com\/pl\/wp-json\/wp\/v2\/comments?post=7106493"}],"version-history":[{"count":1,"href":"https:\/\/gamesbestprices.com\/pl\/wp-json\/wp\/v2\/pages\/7106493\/revisions"}],"predecessor-version":[{"id":7106497,"href":"https:\/\/gamesbestprices.com\/pl\/wp-json\/wp\/v2\/pages\/7106493\/revisions\/7106497"}],"wp:attachment":[{"href":"https:\/\/gamesbestprices.com\/pl\/wp-json\/wp\/v2\/media?parent=7106493"}],"curies":[{"name":"wp","href":"https:\/\/api.w.org\/{rel}","templated":true}]}}