{"id":7107195,"date":"2026-04-09T10:15:24","date_gmt":"2026-04-09T10:15:24","guid":{"rendered":""},"modified":"2026-04-09T10:16:38","modified_gmt":"2026-04-09T10:16:38","slug":"resonance-a-plague-tale-legacy-pc-steam-offline-it","status":"publish","type":"product","link":"https:\/\/gamesbestprices.com\/it\/prodotto\/resonance-a-plague-tale-legacy-pc-steam-offline-it\/","title":{"rendered":"Resonance A Plague Tale Legacy PC Steam Offline"},"content":{"rendered":"<div class=\"lies-of-p-container\">\n<p><!-- Main Banner --><\/p>\n<div class=\"lies-of-p-banner\">\n<h1>RESONANCE A PLAGUE TALE LEGACY PC STEAM OFFLINE<\/h1>\n<p>Un nuovo capitolo in una straziante storia di sopravvivenza, eredit\u00e0 e speranza.<\/p>\n<\/div>\n<p><!-- Purchase Alert --><\/p>\n<div class=\"lies-of-p-alerta\">\u26a0\ufe0f ABBRACCIA L&#8217;EREDIT\u00c0 &#8211; UNA NUOVA AVVENTURA AVVINCENTE! \u26a0\ufe0f<\/div>\n<p><!-- Offline Mode --><\/p>\n<div class=\"lies-of-p-offline\">\n<h3>\ud83c\udfae DIVERTITI OFFLINE CON IL MASSIMO RISPARMIO! \ud83c\udfae<\/h3>\n<p>Goditi la modalit\u00e0 <strong>OFFLINE<\/strong> con assoluta libert\u00e0!<\/p>\n<div class=\"lies-of-p-beneficios\">\n<p>\u2705 Utilizzerai le <strong>CREDENZIALI DI ACCESSO (ACCOUNT UNICO)<\/strong> che ti forniremo<\/p>\n<p>\u2705 <strong>GIOCA TRAMITE L&#8217;ACCOUNT FORNITO<\/strong> senza ostacoli<\/p>\n<p>\u2705 Accesso completo al titolo e a tutte le patch<\/p>\n<\/div>\n<p class=\"lies-of-p-economia\">Potrai giocare senza problemi ogni volta che vorrai<\/p>\n<p class=\"lies-of-p-economia-destaque\">\ud83d\udcb0 RISPARMIANDO UN SACCO e \ud83c\udfaf DIVERTENDOTI UN MONDO!<\/p>\n<\/div>\n<p><!-- Promotional Video --><\/p>\n<div class=\"lies-of-p-video\">\n<h2>Guarda il Trailer di Resonance A Plague Tale Legacy<\/h2>\n<div class=\"lies-of-p-video-container\">\n<div class=\"lies-of-p-video-responsive\"><iframe title=\"Lettore video di YouTube\" src=\"https:\/\/www.youtube-nocookie.com\/embed\/6lCzpRkoFjw\" frameborder=\"0\" allowfullscreen=\"allowfullscreen\"><\/iframe><\/div>\n<\/div>\n<\/div>\n<p><!-- System Requirements --><\/p>\n<div class=\"lies-of-p-requisitos\">\n<h2>Specifiche di Sistema<\/h2>\n<div class=\"lies-of-p-requisitos-grid\">\n<p><!-- Minimum Requirements --><\/p>\n<div class=\"lies-of-p-requisitos-box\">\n<h3>Minimi<\/h3>\n<ul class=\"lies-of-p-requisitos-lista\">\n<li>\u25b9<strong>Sistema Operativo:<\/strong> Da annunciare<\/li>\n<li>\u25b9<strong>Processore:<\/strong> Da annunciare<\/li>\n<li>\u25b9<strong>Memoria:<\/strong> Da annunciare<\/li>\n<li>\u25b9<strong>Scheda Grafica:<\/strong> Da annunciare<\/li>\n<li>\u25b9<strong>DirectX:<\/strong> Da annunciare<\/li>\n<li>\u25b9<strong>Archiviazione:<\/strong> Da annunciare<\/li>\n<\/ul>\n<\/div>\n<p><!-- Recommended Requirements --><\/p>\n<div class=\"lies-of-p-requisitos-box\">\n<h3>Consigliati<\/h3>\n<ul class=\"lies-of-p-requisitos-lista\">\n<li>\u25b9<strong>Sistema Operativo:<\/strong> Da annunciare<\/li>\n<li>\u25b9<strong>Processore:<\/strong> Da annunciare<\/li>\n<li>\u25b9<strong>Memoria:<\/strong> Da annunciare<\/li>\n<li>\u25b9<strong>Scheda Grafica:<\/strong> Da annunciare<\/li>\n<li>\u25b9<strong>DirectX:<\/strong> Da annunciare<\/li>\n<li>\u25b9<strong>Archiviazione:<\/strong> Da annunciare<\/li>\n<\/ul>\n<\/div>\n<\/div>\n<\/div>\n<p><!-- About the Game --><\/p>\n<div class=\"lies-of-p-sobre\">\n<h2>Informazioni su Resonance A Plague Tale Legacy<\/h2>\n<p><strong>La piaga persiste. L&#8217;eredit\u00e0 ha inizio.<\/strong><\/p>\n<p>Acquistare <strong>Resonance A Plague Tale Legacy PC<\/strong> ti immerge in un nuovo capitolo, carico di emozioni, dell&#8217;acclamata serie. Segui nuovi protagonisti o rivisita volti familiari mentre navigano in un brutale mondo medievale devastato dalla piaga, lottando per la sopravvivenza contro probabilit\u00e0 schiaccianti.<\/p>\n<p><strong>Resonance A Plague Tale Legacy Steam<\/strong> offre una narrazione mozzafiato, mescolando furtivit\u00e0, combattimenti disperati ed enigmi ambientali. Vivi la cruda bellezza e l&#8217;orrore di un mondo sull&#8217;orlo del baratro, dove il legame tra i personaggi \u00e8 la tua pi\u00f9 grande forza contro minacce umane e di ratti.<\/p>\n<p>Preparati per un viaggio che metter\u00e0 alla prova il tuo coraggio e ridefinir\u00e0 cosa significa portare un&#8217;eredit\u00e0 in <strong>Resonance A Plague Tale Legacy per PC<\/strong>.<\/p>\n<\/div>\n<p><!-- Features in Cards --><\/p>\n<div class=\"lies-of-p-destaques\">\n<h2>Caratteristiche del Gioco<\/h2>\n<div class=\"lies-of-p-cards-grid\">\n<p><!-- Card 1: Emotional Narrative --><\/p>\n<div class=\"lies-of-p-card\">\n<p><img decoding=\"async\" title=\"Resonance A Plague Tale Legacy PC - Storia Emozionante\" src=\"https:\/\/shared.cloudflare.steamstatic.com\/store_item_assets\/steam\/apps\/1449670\/ss_49e8a71994b29215d2a912643a6d713361287955.1920x1080.jpg?t=1708611848\" alt=\"Resonance A Plague Tale Legacy PC Steam Offline - Narrativa Emozionale Profonda\" \/><\/p>\n<div class=\"lies-of-p-card-content\">\n<h3>NARRATIVA EMOZIONALE PROFONDA<\/h3>\n<p>Intraprendi un viaggio toccante attraverso un mondo splendidamente cupo, guidato da una potente storia di famiglia, sacrificio e resilienza.<\/p>\n<\/div>\n<\/div>\n<p><!-- Card 2: Stealth & Survival --><\/p>\n<div class=\"lies-of-p-card\">\n<p><img decoding=\"async\" title=\"Resonance A Plague Tale Legacy Steam - Gameplay Furtivo\" src=\"https:\/\/shared.cloudflare.steamstatic.com\/store_item_assets\/steam\/apps\/1449670\/ss_91152a5531b2505586618d36006f0e6c5517173e.1920x1080.jpg?t=1708611848\" alt=\"Acquista Resonance A Plague Tale Legacy PC - Furtivit\u00e0 e Sopravvivenza\" \/><\/p>\n<div class=\"lies-of-p-card-content\">\n<h3>PADRONEGGIA FURTIVIT\u00c0 E SOPRAVVIVENZA<\/h3>\n<p>Utilizza astuzia, manipolazione ambientale e risorse limitate per superare in astuzia i nemici e navigare tra orde di ratti letali.<\/p>\n<\/div>\n<\/div>\n<p><!-- Card 3: A World Ravaged by Plague --><\/p>\n<div class=\"lies-of-p-card\">\n<p><img decoding=\"async\" title=\"Resonance A Plague Tale Legacy - Mondo Devastato dalla Piaga\" src=\"https:\/\/shared.cloudflare.steamstatic.com\/store_item_assets\/steam\/apps\/1449670\/ss_868512592518e3295964894676644f2e519c286e.1920x1080.jpg?t=1708611848\" alt=\"Resonance A Plague Tale Legacy per PC - Ambientazione Medievale Cupa\" \/><\/p>\n<div class=\"lies-of-p-card-content\">\n<h3>AMBIENTAZIONE MEDIEVALE CUPA<\/h3>\n<p>Esplora paesaggi mozzafiato ma terrificanti, dai villaggi devastati alle grandi cattedrali, il tutto sotto l&#8217;ombra della Peste Nera.<\/p>\n<\/div>\n<\/div>\n<\/div>\n<\/div>\n<\/div>\n","protected":false},"excerpt":{"rendered":"<table class=\"info-table\">\n<thead>\n<tr class=\"header-row\">\n<th>Status<\/th>\n<th>INFORMATION<\/th>\n<\/tr>\n<\/thead>\n<tbody>\n<tr>\n<td class=\"status-cell\">\n<div class=\"status-title\">\ud83d\ude80 IMMEDIATE DELIVERY<\/div>\n<div class=\"status-subtitle\">Get instant access<\/div>\n<\/td>\n<td class=\"info-cell\">\n<div class=\"info-box\">\n<div class=\"info-title\">ATTENTION<\/div>\n<div class=\"info-content\">READ THE DESCRIPTION<\/div>\n<\/div>\n<\/td>\n<\/tr>\n<tr>\n<td class=\"status-cell\">\n<div class=\"status-title\">\ud83d\udcb0 Is this site trustworthy?<\/div>\n<div class=\"status-subtitle\">+ 4 years selling games<\/div>\n<\/td>\n<td class=\"info-cell\">\n<div class=\"info-box\">\n<div class=\"info-title\">Acess:<\/div>\n<div class=\"info-content\">\n<div data-src=\"https:\/\/cdn.trustindex.io\/loader.js?7fd81be38eb695098c8683dcf1c\"><\/div>\n<\/div>\n<\/div>\n<\/td>\n<\/tr>\n<\/tbody>\n<\/table>\n","protected":false},"featured_media":7107189,"comment_status":"open","ping_status":"closed","template":"","meta":[],"product_brand":[],"product_cat":[745,744,642,888],"product_tag":[],"class_list":{"0":"post-7107195","1":"product","2":"type-product","3":"status-publish","4":"has-post-thumbnail","6":"product_cat-avventura","7":"product_cat-azione","8":"product_cat-giochi","9":"product_cat-pre-vendita","11":"first","12":"instock","13":"downloadable","14":"virtual","15":"purchasable","16":"product-type-simple"},"exclude_global_add_ons":[],"addons":[],"_links":{"self":[{"href":"https:\/\/gamesbestprices.com\/it\/wp-json\/wp\/v2\/product\/7107195","targetHints":{"allow":["GET"]}}],"collection":[{"href":"https:\/\/gamesbestprices.com\/it\/wp-json\/wp\/v2\/product"}],"about":[{"href":"https:\/\/gamesbestprices.com\/it\/wp-json\/wp\/v2\/types\/product"}],"replies":[{"embeddable":true,"href":"https:\/\/gamesbestprices.com\/it\/wp-json\/wp\/v2\/comments?post=7107195"}],"wp:featuredmedia":[{"embeddable":true,"href":"https:\/\/gamesbestprices.com\/it\/wp-json\/wp\/v2\/media\/7107189"}],"wp:attachment":[{"href":"https:\/\/gamesbestprices.com\/it\/wp-json\/wp\/v2\/media?parent=7107195"}],"wp:term":[{"taxonomy":"product_brand","embeddable":true,"href":"https:\/\/gamesbestprices.com\/it\/wp-json\/wp\/v2\/product_brand?post=7107195"},{"taxonomy":"product_cat","embeddable":true,"href":"https:\/\/gamesbestprices.com\/it\/wp-json\/wp\/v2\/product_cat?post=7107195"},{"taxonomy":"product_tag","embeddable":true,"href":"https:\/\/gamesbestprices.com\/it\/wp-json\/wp\/v2\/product_tag?post=7107195"}],"curies":[{"name":"wp","href":"https:\/\/api.w.org\/{rel}","templated":true}]}}