{"id":7106291,"date":"2025-09-14T02:35:29","date_gmt":"2025-09-14T02:35:29","guid":{"rendered":"https:\/\/gamesbestprices.com\/product\/f1-2021-steam-offline-pc\/"},"modified":"2025-09-14T02:35:29","modified_gmt":"2025-09-14T02:35:29","slug":"f1-2021-steam-offline-pc","status":"publish","type":"product","link":"https:\/\/gamesbestprices.com\/it\/prodotto\/f1-2021-steam-offline-pc\/","title":{"rendered":"F1 2021 Steam Offline Pc"},"content":{"rendered":"<div class=\"lies-of-p-container\">\n<p><!-- Main Banner --><\/p>\n<div class=\"lies-of-p-banner\">\n<h1>F1\u00ae 2021<\/h1>\n<p>Il videogioco ufficiale del CAMPIONATO DEL MONDO FIA FORMULA ONE\u2122 2021. Ogni storia ha un inizio in F1\u00ae 2021.<\/p>\n<\/div>\n<p><!-- Offline Mode --><\/p>\n<div class=\"lies-of-p-offline\">\n<h3>\ud83c\udfae GIOCA OFFLINE CON IL MASSIMO RISPARMIO! \ud83c\udfae<\/h3>\n<p>Goditi la modalit\u00e0 <strong>OFFLINE<\/strong> con totale flessibilit\u00e0!<\/p>\n<div class=\"lies-of-p-beneficios\">\n<p>\u2705 Utilizzerai <strong>LOGIN e PASSWORD<\/strong> che ti forniremo<\/p>\n<p>\u2705 <strong>GIOCA CON L&#8217;ACCOUNT INVIATO<\/strong> senza complicazioni<\/p>\n<p>\u2705 Accesso completo al gioco e a tutti gli aggiornamenti<\/p>\n<\/div>\n<p class=\"lies-of-p-economia\">Potrai giocare senza problemi e quando vorrai<\/p>\n<p class=\"lies-of-p-economia-destaque\">\ud83d\udcb0 RISPARMIANDO TANTO e \ud83c\udfaf DIVERTENDOTI MOLTO!<\/p>\n<\/div>\n<p><!-- System Requirements --><\/p>\n<div class=\"lies-of-p-requisitos\">\n<h2><strong>REQUISITI DI SISTEMA<\/strong><\/h2>\n<div class=\"lies-of-p-requisitos-grid\">\n<p><!-- Minimum Requirements --><\/p>\n<div class=\"lies-of-p-requisitos-box\">\n<h3><strong>MINIMI<\/strong><\/h3>\n<ul class=\"lies-of-p-requisitos-lista\">\n<li>\u25b9<strong>SO:<\/strong> Windows 10 64-bit (Versione 1709)<\/li>\n<li>\u25b9<strong>Processore:<\/strong> Intel Core i3-2130 o AMD FX 4300<\/li>\n<li>\u25b9<strong>Memoria:<\/strong> 8 GB RAM<\/li>\n<li>\u25b9<strong>Grafica:<\/strong> NVIDIA GTX 950 o AMD R9 280<\/li>\n<li>\u25b9<strong>DirectX:<\/strong> Versione 12<\/li>\n<li>\u25b9<strong>Archiviazione:<\/strong> 80 GB di spazio disponibile<\/li>\n<li>\u25b9<strong>Scheda Audio:<\/strong> Compatibile DirectX<\/li>\n<\/ul>\n<\/div>\n<p><!-- Recommended Requirements --><\/p>\n<div class=\"lies-of-p-requisitos-box\">\n<h3><strong>CONSIGLIATI<\/strong><\/h3>\n<ul class=\"lies-of-p-requisitos-lista\">\n<li>\u25b9<strong>SO:<\/strong> Windows 10 64-bit (Versione 1709)<\/li>\n<li>\u25b9<strong>Processore:<\/strong> Intel Core i5 9600K o AMD Ryzen 5 2600X<\/li>\n<li>\u25b9<strong>Memoria:<\/strong> 16 GB RAM<\/li>\n<li>\u25b9<strong>Grafica:<\/strong> NVIDIA GTX 1660 Ti o AMD RX 590<\/li>\n<li>\u25b9<strong>DirectX:<\/strong> Versione 12<\/li>\n<li>\u25b9<strong>Archiviazione:<\/strong> 80 GB di spazio disponibile<\/li>\n<li>\u25b9<strong>Scheda Audio:<\/strong> Compatibile DirectX<\/li>\n<\/ul>\n<\/div>\n<\/div>\n<\/div>\n<p><!-- Available Editions --><\/p>\n<div class=\"lies-of-p-edicoes\">\n<h2><strong>EDIZIONI E BONUS<\/strong><\/h2>\n<p><!-- Digital Deluxe Edition --><\/p>\n<div class=\"lies-of-p-bundle\">\n<h3><strong>EDIZIONE DIGITAL DELUXE<\/strong><\/h3>\n<div class=\"lies-of-p-bundle-content\">\n<p><!-- Bundle Image --><\/p>\n<div class=\"lies-of-p-bundle-image\"><img decoding=\"async\" src=\"https:\/\/shared.fastly.steamstatic.com\/store_item_assets\/steam\/apps\/1134570\/extras\/F12021_DLX_DLC_Content_600x600.jpg?t=1683125705\" alt=\"F1 2021 Digital Deluxe Edition\" \/><\/div>\n<p><!-- Bundle Text --><\/p>\n<div class=\"lies-of-p-bundle-text\">\n<p><strong>L&#8217;Edizione Digital Deluxe include:<\/strong><\/p>\n<ul class=\"lies-of-p-bundle-lista\">\n<li>\u2713Il gioco completo F1\u00ae 2021<\/li>\n<li>\u2713Pacchetto &#8220;My Team Icons&#8221; &#8211; Sette piloti iconici<\/li>\n<li>\u2713Oggetti di personalizzazione esclusivi nel gioco<\/li>\n<li>\u2713Pacchetto contenuti &#8220;Braking Point&#8221;<\/li>\n<li>\u271318.000 PitCoins (valuta virtuale) da utilizzare nel gioco<\/li>\n<\/ul>\n<p class=\"lies-of-p-bundle-nota\">*Vivi l&#8217;emozionante nuova storia &#8220;Braking Point&#8221; e i contenuti esclusivi.<\/p>\n<\/div>\n<\/div>\n<\/div>\n<\/div>\n<p><!-- About the Game --><\/p>\n<div class=\"lies-of-p-sobre\">\n<h2>Informazioni sul Gioco F1\u00ae 2021<\/h2>\n<p><strong>Il videogioco ufficiale del Campionato del Mondo Formula One\u2122 2021<\/strong><\/p>\n<p>Ogni storia ha un inizio in F1\u00ae 2021, il videogioco ufficiale del CAMPIONATO DEL MONDO FIA FORMULA ONE\u2122 2021. Goditi le straordinarie nuove funzionalit\u00e0 di F1\u00ae 2021, inclusa l&#8217;emozionante esperienza narrativa &#8220;Braking Point&#8221;, la Carriera a Due Giocatori e avvicinati alla griglia con il &#8220;Real-Season Start&#8221;.<\/p>\n<p>Porta la tua squadra in cima nella pluripremiata modalit\u00e0 Carriera &#8220;My Team&#8221; di dieci stagioni o gareggia testa a testa in modalit\u00e0 multiplayer e schermo diviso. Immergiti nel pi\u00f9 grande spettacolo automobilistico del mondo e gareggia con la formazione reale di venti eroici piloti e dieci iconiche squadre della stagione 2021.<\/p>\n<p><strong>&#8220;F1\u00ae 2021 per PC offre grafica ray tracing disponibile in Gara per un&#8217;esperienza ancora pi\u00f9 immersiva.&#8221;<\/strong><\/p>\n<\/div>\n<p><!-- Features in Cards --><\/p>\n<div class=\"lies-of-p-destaques\">\n<h2>Caratteristiche Principali<\/h2>\n<div class=\"lies-of-p-cards-grid\">\n<p><!-- Card 1: Braking Point --><\/p>\n<div class=\"lies-of-p-card\">\n<div class=\"lies-of-p-card-content\">\n<h3><strong>&#8220;BRAKING POINT&#8221; &#8211; NUOVA STORIA<\/strong><\/h3>\n<p>L&#8217;emozionante nuova esperienza narrativa che ti mette al centro dell&#8217;azione della Formula 1. Vivi momenti drammatici e decisivi nella carriera di un pilota.<\/p>\n<\/div>\n<\/div>\n<p><!-- Card 2: My Team --><\/p>\n<div class=\"lies-of-p-card\">\n<div class=\"lies-of-p-card-content\">\n<h3>MODALIT\u00c0 MY TEAM<\/h3>\n<p>Crea un pilota, scegli uno sponsor, un fornitore di motori, assumi un compagno di squadra e competi come l&#8217;undicesima squadra in griglia. Porta la tua squadra in cima!<\/p>\n<\/div>\n<\/div>\n<p><!-- Card 3: Two-Player Career --><\/p>\n<div class=\"lies-of-p-card\">\n<div class=\"lies-of-p-card-content\">\n<h3>CARRIERA A DUE GIOCATORI<\/h3>\n<p>Nuovo modo di giocare: Carriera a Due Giocatori e &#8220;Real-Season Start&#8221;. Competi fianco a fianco con un amico o rivale nella stessa carriera.<\/p>\n<\/div>\n<\/div>\n<p><!-- Card 4: Ray Tracing and PC Features --><\/p>\n<div class=\"lies-of-p-card\">\n<div class=\"lies-of-p-card-content\">\n<h3>FUNZIONALIT\u00c0 ESCLUSIVE PC<\/h3>\n<p>Grafica ray tracing disponibile in Gara, supporto eye tracking, esportazione highlight in file video e supporto hardware personalizzato.<\/p>\n<\/div>\n<\/div>\n<p><!-- Card 5: Formula 2 --><\/p>\n<div class=\"lies-of-p-card\">\n<div class=\"lies-of-p-card-content\">\n<h3>FORMULA 2\u2122 INCLUSA<\/h3>\n<p>Formula 2\u2122, il terreno di formazione definitivo per la F1\u00ae, \u00e8 inclusa con opzioni di stagione breve, media o completa e contenuti delle stagioni 2020 e 2021.<\/p>\n<\/div>\n<\/div>\n<p><!-- Card 6: Multiplayer and eSports --><\/p>\n<div class=\"lies-of-p-card\">\n<div class=\"lies-of-p-card-content\">\n<h3>MULTIPLAYER ED ESPORTS<\/h3>\n<p>Competi online in modalit\u00e0 Multiplayer: gare Social e Classificate, nuovo formato Quick Join, Leghe e area nel gioco per eventi eSports.<\/p>\n<\/div>\n<\/div>\n<\/div>\n<\/div>\n<\/div>\n","protected":false},"excerpt":{"rendered":"<table class=\"info-table\">\n<thead>\n<tr class=\"header-row\">\n<th>Stato<\/th>\n<th>INFORMAZIONI<\/th>\n<\/tr>\n<\/thead>\n<tbody>\n<tr>\n<td class=\"status-cell\">\n<div class=\"status-title\">\ud83d\ude80 CONSEGNA IMMEDIATA<\/div>\n<div class=\"status-subtitle\">Ottieni accesso istantaneo<\/div>\n<\/td>\n<td class=\"info-cell\">\n<div class=\"info-box\">\n<div class=\"info-title\">ATTENZIONE<\/div>\n<div class=\"info-content\">LEGGI LA DESCRIZIONE<\/div>\n<\/div>\n<\/td>\n<\/tr>\n<tr>\n<td class=\"status-cell\">\n<div class=\"status-title\">\ud83d\udcb0 Questo sito \u00e8 affidabile?<\/div>\n<div class=\"status-subtitle\">+ 4 anni di vendita giochi<\/div>\n<\/td>\n<td class=\"info-cell\">\n<div class=\"info-box\">\n<div class=\"info-title\">Accesso:<\/div>\n<div class=\"info-content\">[trustindex data-widget-id=7fd81be38eb695098c8683dcf1c]<\/div>\n<\/div>\n<\/td>\n<\/tr>\n<\/tbody>\n<\/table>\n","protected":false},"featured_media":7103760,"comment_status":"open","ping_status":"closed","template":"","meta":[],"product_brand":[136],"product_cat":[818,669,644,819,752],"product_tag":[820,716,691,821],"class_list":{"0":"post-7106291","1":"product","2":"type-product","3":"status-publish","4":"has-post-thumbnail","6":"product_brand-codemasters-ea-sports","7":"product_cat-corsa","8":"product_cat-giochi-in-evidenza","9":"product_cat-giochi-steam","10":"product_cat-sport","11":"product_cat-steam","12":"product_tag-corsa","13":"product_tag-multigiocatore","14":"product_tag-simulazione","15":"product_tag-sport","17":"first","18":"instock","19":"shipping-taxable","20":"purchasable","21":"product-type-simple"},"exclude_global_add_ons":[],"addons":[],"_links":{"self":[{"href":"https:\/\/gamesbestprices.com\/it\/wp-json\/wp\/v2\/product\/7106291","targetHints":{"allow":["GET"]}}],"collection":[{"href":"https:\/\/gamesbestprices.com\/it\/wp-json\/wp\/v2\/product"}],"about":[{"href":"https:\/\/gamesbestprices.com\/it\/wp-json\/wp\/v2\/types\/product"}],"replies":[{"embeddable":true,"href":"https:\/\/gamesbestprices.com\/it\/wp-json\/wp\/v2\/comments?post=7106291"}],"wp:featuredmedia":[{"embeddable":true,"href":"https:\/\/gamesbestprices.com\/it\/wp-json\/wp\/v2\/media\/7103760"}],"wp:attachment":[{"href":"https:\/\/gamesbestprices.com\/it\/wp-json\/wp\/v2\/media?parent=7106291"}],"wp:term":[{"taxonomy":"product_brand","embeddable":true,"href":"https:\/\/gamesbestprices.com\/it\/wp-json\/wp\/v2\/product_brand?post=7106291"},{"taxonomy":"product_cat","embeddable":true,"href":"https:\/\/gamesbestprices.com\/it\/wp-json\/wp\/v2\/product_cat?post=7106291"},{"taxonomy":"product_tag","embeddable":true,"href":"https:\/\/gamesbestprices.com\/it\/wp-json\/wp\/v2\/product_tag?post=7106291"}],"curies":[{"name":"wp","href":"https:\/\/api.w.org\/{rel}","templated":true}]}}